{"id":1098,"date":"2022-10-25T17:08:17","date_gmt":"2022-10-25T20:08:17","guid":{"rendered":"https:\/\/cpaa.careercolleges.ca\/fr\/?page_id=1098"},"modified":"2026-02-06T09:36:25","modified_gmt":"2026-02-06T13:36:25","slug":"promoting-cpa-in-high-schools","status":"publish","type":"page","link":"https:\/\/cpaatlantic.ca\/fr\/promoting-cpa-in-high-schools\/","title":{"rendered":"Promotion des CPA dans les \u00e9coles secondaires"},"content":{"rendered":"\n<div class=\"wp-block-group page-small-section-bottom\"><div class=\"wp-block-group__inner-container is-layout-flow wp-block-group-is-layout-flow\">\n<p>La profession comptable canadienne aide depuis longtemps les \u00e9l\u00e8ves du secondaire \u00e0 identifier des parcours d&#8217;\u00e9tudes et des carri\u00e8res qui correspondent \u00e0 leurs int\u00e9r\u00eats, leurs r\u00eaves et leurs attentes. Et les membres CPA qui se portent volontaires pour parler en classe d&#8217;histoires, d&#8217;exp\u00e9riences et de points de vue constituent une part importante de cette d\u00e9marche.<\/p>\n\n\n\n<p>Dans les provinces de l&#8217;Atlantique et aux Bermudes, L\u2019\u00c9cole de gestion CPA Atlantique fournit du mat\u00e9riel de pr\u00e9sentation pour s&#8217;assurer que les membres CPA peuvent se concentrer sur la narration de leur histoire gr\u00e2ce \u00e0 des options de pr\u00e9sentation qui garantissent une pr\u00e9sentation professionnelle et des d\u00e9tails \u00e0 jour.<\/p>\n\n\n\n<p>Les ressources suivantes sont disponibles gratuitement pour tout membre CPA. Il est fortement encourag\u00e9 \u00e0 s&#8217;orienter avec les mat\u00e9riaux et \u00e0 s&#8217;adapter \u00e0 leur style de pr\u00e9sentation et aux circonstances. De plus, la profession appr\u00e9cie les commentaires sur la fa\u00e7on dont le mat\u00e9riel vous sert ou pourrait \u00eatre am\u00e9lior\u00e9.<\/p>\n\n\n\n<p>Pour des questions ou des conseils sur ces documents, les membres sont encourag\u00e9s \u00e0 communiquer avec <a href=\"#cpaa-form-tabs\">l&#8217;\u00c9cole de gestion CPA Atlantique.<\/a><\/p>\n<\/div><\/div>\n\n\n\n<a href=\"\/fr\/wp-content\/uploads\/sites\/3\/2022\/10\/Orientation-letter-for-volunteers-v.-2022-03-01-FR.pdf\" target=\"_blank\" rel=\"noreferrer noopener\" class=\"cpaa-btn cpaa-btn-border-small\" style=\"display:block;margin-bottom:.5rem\">Lettre d&#8217;orientation pour les nouveaux b\u00e9n\u00e9voles CPA<\/a>\n<a href=\"\/fr\/wp-content\/uploads\/sites\/3\/2022\/10\/One-page-handout-for-students-v2-FR.pdf\" target=\"_blank\" rel=\"noreferrer noopener\" class=\"cpaa-btn cpaa-btn-border-small\" style=\"display:block;margin-bottom:.75rem;text-align-center\">Feuillet \/ brochure imprimable<\/a>\n<a href=\"https:\/\/drive.google.com\/drive\/folders\/1L5Rq7VphUJgrpjJcEjXHG9B40iUzoMGC?usp=share_link\" target=\"_blank\" rel=\"noreferrer noopener\" class=\"cpaa-btn cpaa-btn-border-small\" style=\"display:block;margin-bottom:.5rem\">T\u00e9l\u00e9chargez la pr\u00e9sentation Powerpoint modifiable<\/a>\n\n\n\n<p>Qu\u2019est que vous aimez le plus dans votre travail? Est-ce que vous travaillez seulement avec des chiffres? Pourquoi devrais-je devenir CPA? Trois CPA inspirants de diff\u00e9rents horizons et une candidate au titre r\u00e9pondent sans d\u00e9tour \u00e0 ces questions.<\/p>\n\n\n\n<figure class=\"wp-block-embed is-type-video is-provider-youtube wp-block-embed-youtube wp-embed-aspect-16-9 wp-has-aspect-ratio\"><div class=\"wp-block-embed__wrapper\">\n<iframe loading=\"lazy\" title=\"Trois questions que les aspirants CPA nous posent souvent\" width=\"500\" height=\"281\" src=\"https:\/\/www.youtube.com\/embed\/PsS8udCF8KM?feature=oembed\" frameborder=\"0\" allow=\"accelerometer; autoplay; clipboard-write; encrypted-media; gyroscope; picture-in-picture; web-share\" referrerpolicy=\"strict-origin-when-cross-origin\" allowfullscreen><\/iframe>\n<\/div><\/figure>\n\n\n\n<h2 class=\"small-hl wp-block-heading\"><strong>Qu&#8217;est-ce qu&#8217;un CPA ?<\/strong><\/h2>\n\n\n\n<ul class=\"wp-block-list\">\n<li>\u00c0 l&#8217;\u00e9chelle mondiale, il existe de nombreuses d\u00e9signations comptables reconnues par la F\u00e9d\u00e9ration internationale des comptables (IFAC).<\/li>\n\n\n\n<li>CPA Bermuda est affili\u00e9 au titre canadien de CPA.<\/li>\n\n\n\n<li>Plus de 900 membres aux Bermudes et plus de 210 000 membres \u00e0 l&#8217;\u00e9chelle internationale avec le titre canadien de CPA.<\/li>\n\n\n\n<li>Les CPA sont l\u2019une des rares professions \u00abr\u00e9glement\u00e9es\u00bb, comme les m\u00e9decins, les avocats, les ing\u00e9nieurs, etc<\/li>\n\n\n\n<li>Un CPA n&#8217;est pas un dipl\u00f4me, c&#8217;est un titre commercial &#8211; et il est parmi les plus importants et les plus prestigieux au monde.<\/li>\n\n\n\n<li>En son nom, l\u2019\u00c9cole de gestion CPA Atlantique fait la promotion et offre le programme au Canada atlantique et aux Bermudes.<\/li>\n<\/ul>\n\n\n\n<h2 class=\"small-hl wp-block-heading\"><strong>Que faire au lyc\u00e9e?<\/strong><\/h2>\n\n\n\n<ul class=\"wp-block-list\">\n<li>Suivez les cours de commerce propos\u00e9s par votre \u00e9cole.<\/li>\n\n\n\n<li>Votre \u00e9cole a-t-elle un club d&#8217;affaires? Rejoins-le!<\/li>\n\n\n\n<li>Rejoignez un club d&#8217;entrepreneurs juniors ou des jeunes performants.<\/li>\n\n\n\n<li>Choisissez un programme universitaire ou coll\u00e9gial qui couvre la plupart, voire la totalit\u00e9, de vos pr\u00e9requis CPA dans&nbsp;le cadre de votre dipl\u00f4me ou dipl\u00f4me.<\/li>\n<\/ul>\n\n\n\n<h2 class=\"small-hl wp-block-heading\"><strong>Et pendant mes \u00e9tudes universitaires?<\/strong><\/h2>\n\n\n\n<ul class=\"wp-block-list\">\n<li>Rejoignez les soci\u00e9t\u00e9s de commerce et d&#8217;affaires.<\/li>\n\n\n\n<li>Profitez d&#8217;un programme coop\u00e9ratif.<\/li>\n\n\n\n<li>Apprenez \u00e0 conna\u00eetre vos profs CPA (il y en a plein!)<\/li>\n\n\n\n<li>Commencez vos \u00e9tudes professionnelles CPA apr\u00e8s l&#8217;obtention de votre dipl\u00f4me et devenez membre CPA avant m\u00eame d&#8217;avoir 25 ans.<\/li>\n<\/ul>\n","protected":false},"excerpt":{"rendered":"<p>Information sur l&#8217;\u00c9cole de gestion CPA Atlantique pour les enseignants du secondaire et les b\u00e9n\u00e9voles CPA.<\/p>\n","protected":false},"author":4,"featured_media":1114,"parent":0,"menu_order":0,"comment_status":"closed","ping_status":"closed","template":"","meta":{"_acf_changed":false,"footnotes":""},"class_list":["post-1098","page","type-page","status-publish","has-post-thumbnail","hentry"],"acf":[],"yoast_head":"<!-- This site is optimized with the Yoast SEO plugin v27.4 - https:\/\/yoast.com\/product\/yoast-seo-wordpress\/ -->\n<title>Promotion des CPA dans les \u00e9coles secondaires - CPA Atlantique<\/title>\n<meta name=\"description\" content=\"Commencez votre parcours vers le titre de CPA d\u00e8s le lyc\u00e9e. Devenir CPA offre de nombreux avantages et peut vous aider \u00e0 atteindre vos objectifs professionnels et \u00e0 augmenter votre potentiel de revenus.\" \/>\n<meta name=\"robots\" content=\"index, follow, max-snippet:-1, max-image-preview:large, max-video-preview:-1\" \/>\n<link rel=\"canonical\" href=\"https:\/\/cpaatlantic.ca\/fr\/promoting-cpa-in-high-schools\/\" \/>\n<meta property=\"og:locale\" content=\"en_US\" \/>\n<meta property=\"og:type\" content=\"article\" \/>\n<meta property=\"og:title\" content=\"Promotion des CPA dans les \u00e9coles secondaires - CPA Atlantique\" \/>\n<meta property=\"og:description\" content=\"Commencez votre parcours vers le titre de CPA d\u00e8s le lyc\u00e9e. Devenir CPA offre de nombreux avantages et peut vous aider \u00e0 atteindre vos objectifs professionnels et \u00e0 augmenter votre potentiel de revenus.\" \/>\n<meta property=\"og:url\" content=\"https:\/\/cpaatlantic.ca\/fr\/promoting-cpa-in-high-schools\/\" \/>\n<meta property=\"og:site_name\" content=\"CPA Atlantique\" \/>\n<meta property=\"article:modified_time\" content=\"2026-02-06T13:36:25+00:00\" \/>\n<meta property=\"og:image\" content=\"https:\/\/cpaatlantic.ca\/fr\/wp-content\/uploads\/sites\/3\/2022\/10\/CPAs-in-high-schools.jpg\" \/>\n\t<meta property=\"og:image:width\" content=\"926\" \/>\n\t<meta property=\"og:image:height\" content=\"600\" \/>\n\t<meta property=\"og:image:type\" content=\"image\/jpeg\" \/>\n<meta name=\"twitter:card\" content=\"summary_large_image\" \/>\n<meta name=\"twitter:label1\" content=\"Est. reading time\" \/>\n\t<meta name=\"twitter:data1\" content=\"3 minutes\" \/>\n<script type=\"application\/ld+json\" class=\"yoast-schema-graph\">{\"@context\":\"https:\\\/\\\/schema.org\",\"@graph\":[{\"@type\":\"WebPage\",\"@id\":\"https:\\\/\\\/cpaatlantic.ca\\\/fr\\\/promoting-cpa-in-high-schools\\\/\",\"url\":\"https:\\\/\\\/cpaatlantic.ca\\\/fr\\\/promoting-cpa-in-high-schools\\\/\",\"name\":\"Promotion des CPA dans les \u00e9coles secondaires - CPA Atlantique\",\"isPartOf\":{\"@id\":\"https:\\\/\\\/cpaatlantic.ca\\\/fr\\\/#website\"},\"primaryImageOfPage\":{\"@id\":\"https:\\\/\\\/cpaatlantic.ca\\\/fr\\\/promoting-cpa-in-high-schools\\\/#primaryimage\"},\"image\":{\"@id\":\"https:\\\/\\\/cpaatlantic.ca\\\/fr\\\/promoting-cpa-in-high-schools\\\/#primaryimage\"},\"thumbnailUrl\":\"https:\\\/\\\/cpaatlantic.ca\\\/fr\\\/wp-content\\\/uploads\\\/sites\\\/3\\\/2022\\\/10\\\/CPAs-in-high-schools.jpg\",\"datePublished\":\"2022-10-25T20:08:17+00:00\",\"dateModified\":\"2026-02-06T13:36:25+00:00\",\"description\":\"Commencez votre parcours vers le titre de CPA d\u00e8s le lyc\u00e9e. Devenir CPA offre de nombreux avantages et peut vous aider \u00e0 atteindre vos objectifs professionnels et \u00e0 augmenter votre potentiel de revenus.\",\"breadcrumb\":{\"@id\":\"https:\\\/\\\/cpaatlantic.ca\\\/fr\\\/promoting-cpa-in-high-schools\\\/#breadcrumb\"},\"inLanguage\":\"en-US\",\"potentialAction\":[{\"@type\":\"ReadAction\",\"target\":[\"https:\\\/\\\/cpaatlantic.ca\\\/fr\\\/promoting-cpa-in-high-schools\\\/\"]}]},{\"@type\":\"ImageObject\",\"inLanguage\":\"en-US\",\"@id\":\"https:\\\/\\\/cpaatlantic.ca\\\/fr\\\/promoting-cpa-in-high-schools\\\/#primaryimage\",\"url\":\"https:\\\/\\\/cpaatlantic.ca\\\/fr\\\/wp-content\\\/uploads\\\/sites\\\/3\\\/2022\\\/10\\\/CPAs-in-high-schools.jpg\",\"contentUrl\":\"https:\\\/\\\/cpaatlantic.ca\\\/fr\\\/wp-content\\\/uploads\\\/sites\\\/3\\\/2022\\\/10\\\/CPAs-in-high-schools.jpg\",\"width\":926,\"height\":600},{\"@type\":\"BreadcrumbList\",\"@id\":\"https:\\\/\\\/cpaatlantic.ca\\\/fr\\\/promoting-cpa-in-high-schools\\\/#breadcrumb\",\"itemListElement\":[{\"@type\":\"ListItem\",\"position\":1,\"name\":\"Home\",\"item\":\"https:\\\/\\\/cpaatlantic.ca\\\/fr\\\/\"},{\"@type\":\"ListItem\",\"position\":2,\"name\":\"Promotion des CPA dans les \u00e9coles secondaires\"}]},{\"@type\":\"WebSite\",\"@id\":\"https:\\\/\\\/cpaatlantic.ca\\\/fr\\\/#website\",\"url\":\"https:\\\/\\\/cpaatlantic.ca\\\/fr\\\/\",\"name\":\"CPA Atlantique\",\"description\":\"Devenir CPA\",\"potentialAction\":[{\"@type\":\"SearchAction\",\"target\":{\"@type\":\"EntryPoint\",\"urlTemplate\":\"https:\\\/\\\/cpaatlantic.ca\\\/fr\\\/?s={search_term_string}\"},\"query-input\":{\"@type\":\"PropertyValueSpecification\",\"valueRequired\":true,\"valueName\":\"search_term_string\"}}],\"inLanguage\":\"en-US\"}]}<\/script>\n<!-- \/ Yoast SEO plugin. -->","yoast_head_json":{"title":"Promotion des CPA dans les \u00e9coles secondaires - CPA Atlantique","description":"Commencez votre parcours vers le titre de CPA d\u00e8s le lyc\u00e9e. Devenir CPA offre de nombreux avantages et peut vous aider \u00e0 atteindre vos objectifs professionnels et \u00e0 augmenter votre potentiel de revenus.","robots":{"index":"index","follow":"follow","max-snippet":"max-snippet:-1","max-image-preview":"max-image-preview:large","max-video-preview":"max-video-preview:-1"},"canonical":"https:\/\/cpaatlantic.ca\/fr\/promoting-cpa-in-high-schools\/","og_locale":"en_US","og_type":"article","og_title":"Promotion des CPA dans les \u00e9coles secondaires - CPA Atlantique","og_description":"Commencez votre parcours vers le titre de CPA d\u00e8s le lyc\u00e9e. Devenir CPA offre de nombreux avantages et peut vous aider \u00e0 atteindre vos objectifs professionnels et \u00e0 augmenter votre potentiel de revenus.","og_url":"https:\/\/cpaatlantic.ca\/fr\/promoting-cpa-in-high-schools\/","og_site_name":"CPA Atlantique","article_modified_time":"2026-02-06T13:36:25+00:00","og_image":[{"width":926,"height":600,"url":"https:\/\/cpaatlantic.ca\/fr\/wp-content\/uploads\/sites\/3\/2022\/10\/CPAs-in-high-schools.jpg","type":"image\/jpeg"}],"twitter_card":"summary_large_image","twitter_misc":{"Est. reading time":"3 minutes"},"schema":{"@context":"https:\/\/schema.org","@graph":[{"@type":"WebPage","@id":"https:\/\/cpaatlantic.ca\/fr\/promoting-cpa-in-high-schools\/","url":"https:\/\/cpaatlantic.ca\/fr\/promoting-cpa-in-high-schools\/","name":"Promotion des CPA dans les \u00e9coles secondaires - CPA Atlantique","isPartOf":{"@id":"https:\/\/cpaatlantic.ca\/fr\/#website"},"primaryImageOfPage":{"@id":"https:\/\/cpaatlantic.ca\/fr\/promoting-cpa-in-high-schools\/#primaryimage"},"image":{"@id":"https:\/\/cpaatlantic.ca\/fr\/promoting-cpa-in-high-schools\/#primaryimage"},"thumbnailUrl":"https:\/\/cpaatlantic.ca\/fr\/wp-content\/uploads\/sites\/3\/2022\/10\/CPAs-in-high-schools.jpg","datePublished":"2022-10-25T20:08:17+00:00","dateModified":"2026-02-06T13:36:25+00:00","description":"Commencez votre parcours vers le titre de CPA d\u00e8s le lyc\u00e9e. Devenir CPA offre de nombreux avantages et peut vous aider \u00e0 atteindre vos objectifs professionnels et \u00e0 augmenter votre potentiel de revenus.","breadcrumb":{"@id":"https:\/\/cpaatlantic.ca\/fr\/promoting-cpa-in-high-schools\/#breadcrumb"},"inLanguage":"en-US","potentialAction":[{"@type":"ReadAction","target":["https:\/\/cpaatlantic.ca\/fr\/promoting-cpa-in-high-schools\/"]}]},{"@type":"ImageObject","inLanguage":"en-US","@id":"https:\/\/cpaatlantic.ca\/fr\/promoting-cpa-in-high-schools\/#primaryimage","url":"https:\/\/cpaatlantic.ca\/fr\/wp-content\/uploads\/sites\/3\/2022\/10\/CPAs-in-high-schools.jpg","contentUrl":"https:\/\/cpaatlantic.ca\/fr\/wp-content\/uploads\/sites\/3\/2022\/10\/CPAs-in-high-schools.jpg","width":926,"height":600},{"@type":"BreadcrumbList","@id":"https:\/\/cpaatlantic.ca\/fr\/promoting-cpa-in-high-schools\/#breadcrumb","itemListElement":[{"@type":"ListItem","position":1,"name":"Home","item":"https:\/\/cpaatlantic.ca\/fr\/"},{"@type":"ListItem","position":2,"name":"Promotion des CPA dans les \u00e9coles secondaires"}]},{"@type":"WebSite","@id":"https:\/\/cpaatlantic.ca\/fr\/#website","url":"https:\/\/cpaatlantic.ca\/fr\/","name":"CPA Atlantique","description":"Devenir CPA","potentialAction":[{"@type":"SearchAction","target":{"@type":"EntryPoint","urlTemplate":"https:\/\/cpaatlantic.ca\/fr\/?s={search_term_string}"},"query-input":{"@type":"PropertyValueSpecification","valueRequired":true,"valueName":"search_term_string"}}],"inLanguage":"en-US"}]}},"_links":{"self":[{"href":"https:\/\/cpaatlantic.ca\/fr\/wp-json\/wp\/v2\/pages\/1098","targetHints":{"allow":["GET"]}}],"collection":[{"href":"https:\/\/cpaatlantic.ca\/fr\/wp-json\/wp\/v2\/pages"}],"about":[{"href":"https:\/\/cpaatlantic.ca\/fr\/wp-json\/wp\/v2\/types\/page"}],"author":[{"embeddable":true,"href":"https:\/\/cpaatlantic.ca\/fr\/wp-json\/wp\/v2\/users\/4"}],"replies":[{"embeddable":true,"href":"https:\/\/cpaatlantic.ca\/fr\/wp-json\/wp\/v2\/comments?post=1098"}],"version-history":[{"count":18,"href":"https:\/\/cpaatlantic.ca\/fr\/wp-json\/wp\/v2\/pages\/1098\/revisions"}],"predecessor-version":[{"id":1458,"href":"https:\/\/cpaatlantic.ca\/fr\/wp-json\/wp\/v2\/pages\/1098\/revisions\/1458"}],"wp:featuredmedia":[{"embeddable":true,"href":"https:\/\/cpaatlantic.ca\/fr\/wp-json\/wp\/v2\/media\/1114"}],"wp:attachment":[{"href":"https:\/\/cpaatlantic.ca\/fr\/wp-json\/wp\/v2\/media?parent=1098"}],"curies":[{"name":"wp","href":"https:\/\/api.w.org\/{rel}","templated":true}]}}