{"id":1175,"date":"2022-10-31T15:35:51","date_gmt":"2022-10-31T18:35:51","guid":{"rendered":"https:\/\/cpaa.careercolleges.ca\/fr\/?page_id=1175"},"modified":"2024-01-02T10:24:05","modified_gmt":"2024-01-02T14:24:05","slug":"practical-experience-employer-requirements","status":"publish","type":"page","link":"https:\/\/cpaatlantic.ca\/fr\/practical-experience-employer-requirements\/","title":{"rendered":"Exigences en mati\u00e8re d\u2019exp\u00e9rience pratique"},"content":{"rendered":"\n<p>En tant qu\u2019employeur de futurs CPA, vous devez leur permettre d\u2019acqu\u00e9rir l\u2019exp\u00e9rience pratique requise aux fins de l\u2019agr\u00e9ment CPA. Les documents suivants comportent de pr\u00e9cieux renseignements \u00e0 propos des exigences en mati\u00e8re d\u2019exp\u00e9rience pratique et sur le r\u00f4le des employeurs.<\/p>\n\n\n\n<h3 class=\"wp-block-heading\">RESSOURCES POUR LES EMPLOYEURS AU SUJET DE L\u2019EXP\u00c9RIENCE PRATIQUE DES CPA<\/h3>\n\n\n\n<p>Cet aper\u00e7u pr\u00e9sente les grandes lignes des exigences en mati\u00e8re d\u2019exp\u00e9rience pratique des CPA.<\/p>\n\n\n\n<a href=\"\/fr\/wp-content\/uploads\/sites\/3\/2022\/10\/1-Exigences-en-matiere-dexperience-pratique-des-CPA-Ce-que-lemployeur-doit-savoir_21020.pdf\" target=\"_blank\" rel=\"noreferrer noopener\" class=\"cpaa-btn cpaa-btn-border-small\" style=\"display:block;margin-bottom:.75rem;text-align-center\">Exigences en mati\u00e8re d\u2019exp\u00e9rience pratique des CPA \u2013 Ce que l\u2019employeur doit savoir<\/a>\n\n\n\n<p>Ce document pr\u00e9sente plus de d\u00e9tails sur les exigences en mati\u00e8re d\u2019exp\u00e9rience pratique des CPA.<\/p>\n\n\n\n<a href=\"\/fr\/wp-content\/uploads\/sites\/3\/2022\/10\/CPA-PER-2017-FR.pdf\" target=\"_blank\" rel=\"noreferrer noopener\" class=\"cpaa-btn cpaa-btn-border-small\" style=\"display:block;margin-bottom:.75rem;text-align-center\">Exigences en mati\u00e8re d\u2019exp\u00e9rience pratique des CPA<\/a>\n\n\n\n<p>Ce document pr\u00e9sente les exigences en mati\u00e8re d\u2019exp\u00e9rience pratique des CPA relatives \u00e0 l\u2019expertise comptable \/ la comptabilit\u00e9 publique.<\/p>\n\n\n\n<a href=\"\/fr\/wp-content\/uploads\/sites\/3\/2022\/10\/CPA-PER-for-Public-Accounting-employers-FR.pdf\" target=\"_blank\" rel=\"noreferrer noopener\" class=\"cpaa-btn cpaa-btn-border-small\" style=\"display:block;margin-bottom:.75rem;text-align-center\">Exigences en mati\u00e8re d\u2019exp\u00e9rience pratique des CPA relatives \u00e0 l\u2019expertise comptable \/ la comptabilit\u00e9 publique<\/a>\n\n\n\n<p>\u00c9tant donn\u00e9 que les comp\u00e9tences acquises au moyen de l\u2019exp\u00e9rience pratique diff\u00e8rent de celles qu\u2019on obtient par la formation, le document suivant d\u00e9crit les types d\u2019exp\u00e9rience et d\u2019habilet\u00e9s que devront acqu\u00e9rir les futurs CPA au cours de leur stage.<\/p>\n\n\n\n<a href=\"\/fr\/wp-content\/uploads\/sites\/3\/2022\/10\/Exigences-en-matire-dexprrience-pratiqueFRcomptences-acqurir.pdf\" target=\"_blank\" rel=\"noreferrer noopener\" class=\"cpaa-btn cpaa-btn-border-small\" style=\"display:block;margin-bottom:.75rem;text-align-center\">Exigences en mati\u00e8re d\u2019exp\u00e9rience pratique des CPA \u2013 Les comp\u00e9tences \u00e0 acqu\u00e9rir<\/a>\n\n\n\n<p>Les rapports de stage font partie int\u00e9grante des exigences en mati\u00e8re d\u2019exp\u00e9rience pratique. Le document suivant aide l\u2019employeur \u00e0 comprendre ses responsabilit\u00e9s \u00e0 cet \u00e9gard, que le futur CPA fasse un stage avec cheminement pr\u00e9approuv\u00e9 (anciennement appel\u00e9 les bureaux d\u2019experts-comptables approuv\u00e9s) ou un stage avec v\u00e9rification de l\u2019exp\u00e9rience.&nbsp;<\/p>\n\n\n\n<a href=\"\/fr\/wp-content\/uploads\/sites\/3\/2022\/10\/Exigences-en-matiere-dexperience-pratique-des-CPA-Les-rapports-de-stage-et-les-evaluations_21024.pdf\" target=\"_blank\" rel=\"noreferrer noopener\" class=\"cpaa-btn cpaa-btn-border-small\" style=\"display:block;margin-bottom:.75rem;text-align-center\">Exigences par rapport aux rapports de stage<\/a>\n\n\n\n<p>Voici un recueil de directives relatives aux exigences en mati\u00e8re d\u2019exp\u00e9rience pratique des CPA<\/p>\n\n\n\n<a href=\"\/fr\/wp-content\/uploads\/sites\/3\/2022\/10\/CPA-PE-Policies-2015-FR.pdf\" target=\"_blank\" rel=\"noreferrer noopener\" class=\"cpaa-btn cpaa-btn-border-small\" style=\"display:block;margin-bottom:.75rem;text-align-center\">Politiques harmonis\u00e9es en mati\u00e8re d\u2019exp\u00e9rience pratique des CPA\u200b<\/a>\n\n\n\n<p>\u200bPour plus de renseignements au sujet des exigences en mati\u00e8re d\u2019exp\u00e9rience pratique et de rapports de stage pour les employeurs, veuillez communiquer avec la Gestionnaire, exp\u00e9rience pratique.<\/p>\n\n\n\n<a href=\"mailto:practicalexperience@cpaatlantic.ca\" class=\"cpaa-btn cpaa-btn-border-small\" style=\"display:block;margin-bottom:.75rem;text-align-center\">Contactez l&#8217;\u00e9quipe d&#8217;exp\u00e9rience pratique<\/a>\n","protected":false},"excerpt":{"rendered":"<p>Exigences en mati\u00e8re d\u2019exp\u00e9rience pratique pour les employeurs des candidats CPA.<\/p>\n","protected":false},"author":4,"featured_media":643,"parent":0,"menu_order":0,"comment_status":"closed","ping_status":"closed","template":"","meta":{"_acf_changed":false,"footnotes":""},"class_list":["post-1175","page","type-page","status-publish","has-post-thumbnail","hentry"],"acf":[],"yoast_head":"<!-- This site is optimized with the Yoast SEO plugin v27.4 - https:\/\/yoast.com\/product\/yoast-seo-wordpress\/ -->\n<title>Exigences en mati\u00e8re d\u2019exp\u00e9rience pratique - CPA Atlantique<\/title>\n<meta name=\"description\" content=\"Exigences en mati\u00e8re d\u2019exp\u00e9rience pratique pour les employeurs des candidats CPA.\" \/>\n<meta name=\"robots\" content=\"index, follow, max-snippet:-1, max-image-preview:large, max-video-preview:-1\" \/>\n<link rel=\"canonical\" href=\"https:\/\/cpaatlantic.ca\/fr\/practical-experience-employer-requirements\/\" \/>\n<meta property=\"og:locale\" content=\"en_US\" \/>\n<meta property=\"og:type\" content=\"article\" \/>\n<meta property=\"og:title\" content=\"Exigences en mati\u00e8re d\u2019exp\u00e9rience pratique - CPA Atlantique\" \/>\n<meta property=\"og:description\" content=\"Exigences en mati\u00e8re d\u2019exp\u00e9rience pratique pour les employeurs des candidats CPA.\" \/>\n<meta property=\"og:url\" content=\"https:\/\/cpaatlantic.ca\/fr\/practical-experience-employer-requirements\/\" \/>\n<meta property=\"og:site_name\" content=\"CPA Atlantique\" \/>\n<meta property=\"article:modified_time\" content=\"2024-01-02T14:24:05+00:00\" \/>\n<meta property=\"og:image\" content=\"https:\/\/cpaatlantic.ca\/fr\/wp-content\/uploads\/sites\/3\/2022\/08\/practical-experience.jpg\" \/>\n\t<meta property=\"og:image:width\" content=\"925\" \/>\n\t<meta property=\"og:image:height\" content=\"600\" \/>\n\t<meta property=\"og:image:type\" content=\"image\/jpeg\" \/>\n<meta name=\"twitter:card\" content=\"summary_large_image\" \/>\n<meta name=\"twitter:label1\" content=\"Est. reading time\" \/>\n\t<meta name=\"twitter:data1\" content=\"2 minutes\" \/>\n<script type=\"application\/ld+json\" class=\"yoast-schema-graph\">{\"@context\":\"https:\\\/\\\/schema.org\",\"@graph\":[{\"@type\":\"WebPage\",\"@id\":\"https:\\\/\\\/cpaatlantic.ca\\\/fr\\\/practical-experience-employer-requirements\\\/\",\"url\":\"https:\\\/\\\/cpaatlantic.ca\\\/fr\\\/practical-experience-employer-requirements\\\/\",\"name\":\"Exigences en mati\u00e8re d\u2019exp\u00e9rience pratique - CPA Atlantique\",\"isPartOf\":{\"@id\":\"https:\\\/\\\/cpaatlantic.ca\\\/fr\\\/#website\"},\"primaryImageOfPage\":{\"@id\":\"https:\\\/\\\/cpaatlantic.ca\\\/fr\\\/practical-experience-employer-requirements\\\/#primaryimage\"},\"image\":{\"@id\":\"https:\\\/\\\/cpaatlantic.ca\\\/fr\\\/practical-experience-employer-requirements\\\/#primaryimage\"},\"thumbnailUrl\":\"https:\\\/\\\/cpaatlantic.ca\\\/fr\\\/wp-content\\\/uploads\\\/sites\\\/3\\\/2022\\\/08\\\/practical-experience.jpg\",\"datePublished\":\"2022-10-31T18:35:51+00:00\",\"dateModified\":\"2024-01-02T14:24:05+00:00\",\"description\":\"Exigences en mati\u00e8re d\u2019exp\u00e9rience pratique pour les employeurs des candidats CPA.\",\"breadcrumb\":{\"@id\":\"https:\\\/\\\/cpaatlantic.ca\\\/fr\\\/practical-experience-employer-requirements\\\/#breadcrumb\"},\"inLanguage\":\"en-US\",\"potentialAction\":[{\"@type\":\"ReadAction\",\"target\":[\"https:\\\/\\\/cpaatlantic.ca\\\/fr\\\/practical-experience-employer-requirements\\\/\"]}]},{\"@type\":\"ImageObject\",\"inLanguage\":\"en-US\",\"@id\":\"https:\\\/\\\/cpaatlantic.ca\\\/fr\\\/practical-experience-employer-requirements\\\/#primaryimage\",\"url\":\"https:\\\/\\\/cpaatlantic.ca\\\/fr\\\/wp-content\\\/uploads\\\/sites\\\/3\\\/2022\\\/08\\\/practical-experience.jpg\",\"contentUrl\":\"https:\\\/\\\/cpaatlantic.ca\\\/fr\\\/wp-content\\\/uploads\\\/sites\\\/3\\\/2022\\\/08\\\/practical-experience.jpg\",\"width\":925,\"height\":600},{\"@type\":\"BreadcrumbList\",\"@id\":\"https:\\\/\\\/cpaatlantic.ca\\\/fr\\\/practical-experience-employer-requirements\\\/#breadcrumb\",\"itemListElement\":[{\"@type\":\"ListItem\",\"position\":1,\"name\":\"Home\",\"item\":\"https:\\\/\\\/cpaatlantic.ca\\\/fr\\\/\"},{\"@type\":\"ListItem\",\"position\":2,\"name\":\"Exigences en mati\u00e8re d\u2019exp\u00e9rience pratique\"}]},{\"@type\":\"WebSite\",\"@id\":\"https:\\\/\\\/cpaatlantic.ca\\\/fr\\\/#website\",\"url\":\"https:\\\/\\\/cpaatlantic.ca\\\/fr\\\/\",\"name\":\"CPA Atlantique\",\"description\":\"Devenir CPA\",\"potentialAction\":[{\"@type\":\"SearchAction\",\"target\":{\"@type\":\"EntryPoint\",\"urlTemplate\":\"https:\\\/\\\/cpaatlantic.ca\\\/fr\\\/?s={search_term_string}\"},\"query-input\":{\"@type\":\"PropertyValueSpecification\",\"valueRequired\":true,\"valueName\":\"search_term_string\"}}],\"inLanguage\":\"en-US\"}]}<\/script>\n<!-- \/ Yoast SEO plugin. -->","yoast_head_json":{"title":"Exigences en mati\u00e8re d\u2019exp\u00e9rience pratique - CPA Atlantique","description":"Exigences en mati\u00e8re d\u2019exp\u00e9rience pratique pour les employeurs des candidats CPA.","robots":{"index":"index","follow":"follow","max-snippet":"max-snippet:-1","max-image-preview":"max-image-preview:large","max-video-preview":"max-video-preview:-1"},"canonical":"https:\/\/cpaatlantic.ca\/fr\/practical-experience-employer-requirements\/","og_locale":"en_US","og_type":"article","og_title":"Exigences en mati\u00e8re d\u2019exp\u00e9rience pratique - CPA Atlantique","og_description":"Exigences en mati\u00e8re d\u2019exp\u00e9rience pratique pour les employeurs des candidats CPA.","og_url":"https:\/\/cpaatlantic.ca\/fr\/practical-experience-employer-requirements\/","og_site_name":"CPA Atlantique","article_modified_time":"2024-01-02T14:24:05+00:00","og_image":[{"width":925,"height":600,"url":"https:\/\/cpaatlantic.ca\/fr\/wp-content\/uploads\/sites\/3\/2022\/08\/practical-experience.jpg","type":"image\/jpeg"}],"twitter_card":"summary_large_image","twitter_misc":{"Est. reading time":"2 minutes"},"schema":{"@context":"https:\/\/schema.org","@graph":[{"@type":"WebPage","@id":"https:\/\/cpaatlantic.ca\/fr\/practical-experience-employer-requirements\/","url":"https:\/\/cpaatlantic.ca\/fr\/practical-experience-employer-requirements\/","name":"Exigences en mati\u00e8re d\u2019exp\u00e9rience pratique - CPA Atlantique","isPartOf":{"@id":"https:\/\/cpaatlantic.ca\/fr\/#website"},"primaryImageOfPage":{"@id":"https:\/\/cpaatlantic.ca\/fr\/practical-experience-employer-requirements\/#primaryimage"},"image":{"@id":"https:\/\/cpaatlantic.ca\/fr\/practical-experience-employer-requirements\/#primaryimage"},"thumbnailUrl":"https:\/\/cpaatlantic.ca\/fr\/wp-content\/uploads\/sites\/3\/2022\/08\/practical-experience.jpg","datePublished":"2022-10-31T18:35:51+00:00","dateModified":"2024-01-02T14:24:05+00:00","description":"Exigences en mati\u00e8re d\u2019exp\u00e9rience pratique pour les employeurs des candidats CPA.","breadcrumb":{"@id":"https:\/\/cpaatlantic.ca\/fr\/practical-experience-employer-requirements\/#breadcrumb"},"inLanguage":"en-US","potentialAction":[{"@type":"ReadAction","target":["https:\/\/cpaatlantic.ca\/fr\/practical-experience-employer-requirements\/"]}]},{"@type":"ImageObject","inLanguage":"en-US","@id":"https:\/\/cpaatlantic.ca\/fr\/practical-experience-employer-requirements\/#primaryimage","url":"https:\/\/cpaatlantic.ca\/fr\/wp-content\/uploads\/sites\/3\/2022\/08\/practical-experience.jpg","contentUrl":"https:\/\/cpaatlantic.ca\/fr\/wp-content\/uploads\/sites\/3\/2022\/08\/practical-experience.jpg","width":925,"height":600},{"@type":"BreadcrumbList","@id":"https:\/\/cpaatlantic.ca\/fr\/practical-experience-employer-requirements\/#breadcrumb","itemListElement":[{"@type":"ListItem","position":1,"name":"Home","item":"https:\/\/cpaatlantic.ca\/fr\/"},{"@type":"ListItem","position":2,"name":"Exigences en mati\u00e8re d\u2019exp\u00e9rience pratique"}]},{"@type":"WebSite","@id":"https:\/\/cpaatlantic.ca\/fr\/#website","url":"https:\/\/cpaatlantic.ca\/fr\/","name":"CPA Atlantique","description":"Devenir CPA","potentialAction":[{"@type":"SearchAction","target":{"@type":"EntryPoint","urlTemplate":"https:\/\/cpaatlantic.ca\/fr\/?s={search_term_string}"},"query-input":{"@type":"PropertyValueSpecification","valueRequired":true,"valueName":"search_term_string"}}],"inLanguage":"en-US"}]}},"_links":{"self":[{"href":"https:\/\/cpaatlantic.ca\/fr\/wp-json\/wp\/v2\/pages\/1175","targetHints":{"allow":["GET"]}}],"collection":[{"href":"https:\/\/cpaatlantic.ca\/fr\/wp-json\/wp\/v2\/pages"}],"about":[{"href":"https:\/\/cpaatlantic.ca\/fr\/wp-json\/wp\/v2\/types\/page"}],"author":[{"embeddable":true,"href":"https:\/\/cpaatlantic.ca\/fr\/wp-json\/wp\/v2\/users\/4"}],"replies":[{"embeddable":true,"href":"https:\/\/cpaatlantic.ca\/fr\/wp-json\/wp\/v2\/comments?post=1175"}],"version-history":[{"count":12,"href":"https:\/\/cpaatlantic.ca\/fr\/wp-json\/wp\/v2\/pages\/1175\/revisions"}],"predecessor-version":[{"id":2069,"href":"https:\/\/cpaatlantic.ca\/fr\/wp-json\/wp\/v2\/pages\/1175\/revisions\/2069"}],"wp:featuredmedia":[{"embeddable":true,"href":"https:\/\/cpaatlantic.ca\/fr\/wp-json\/wp\/v2\/media\/643"}],"wp:attachment":[{"href":"https:\/\/cpaatlantic.ca\/fr\/wp-json\/wp\/v2\/media?parent=1175"}],"curies":[{"name":"wp","href":"https:\/\/api.w.org\/{rel}","templated":true}]}}