{"id":1368,"date":"2023-01-26T13:29:03","date_gmt":"2023-01-26T17:29:03","guid":{"rendered":"https:\/\/cpaatlantic.ca\/fr\/?page_id=1368"},"modified":"2023-02-16T11:05:10","modified_gmt":"2023-02-16T15:05:10","slug":"cpa-career-fair-for-atlantic-canada-and-bermuda","status":"publish","type":"page","link":"https:\/\/cpaatlantic.ca\/fr\/cpa-career-fair-for-atlantic-canada-and-bermuda\/","title":{"rendered":"Salon de l\u2019emploi des CPA pour le Canada atlantique et les Bermudes"},"content":{"rendered":"\n<p>Pour mettre en relation les candidats s\u2019appr\u00eatant \u00e0 devenir CPA avec des employeurs de CPA au Canada atlantique et aux Bermudes<\/p>\n\n\n\n<ul class=\"wp-block-list\">\n<li>exploration de postes \u00e0 temps plein, en alternance \u00e9tudes-travail et en poste d\u2019\u00e9t\u00e9 dans la comptabilit\u00e9, la finance et la gestion<\/li>\n\n\n\n<li>envoi de <em>curriculum vit\u00e6<\/em> et d\u00e9couverte de votre parcours de CPA aupr\u00e8s des meilleures organisations de la r\u00e9gion<\/li>\n\n\n\n<li>format r\u00e9gional en ligne pour \u00e9largir votre recherche d\u2019emploi, en gagnant du temps et en \u00e9conomisant des ressources<\/li>\n\n\n\n<li>participation sans frais<\/li>\n<\/ul>\n\n\n\n<p>Que vous soyez \u00e0 la recherche d\u2019activit\u00e9s de perfectionnement professionnel, de possibilit\u00e9s de r\u00e9seautage ou de la premi\u00e8re \u00e9tape dans votre carri\u00e8re de CPA, le salon de l\u2019emploi des CPA pour le Canada atlantique et les Bermudes a quelque chose \u00e0 offrir \u00e0 tout le monde.<\/p>\n\n\n\n<h3 class=\"wp-block-heading\">D\u00e9tails sur l\u2019\u00e9v\u00e9nement<\/h3>\n\n\n\n<p>Date : le mardi 14 mars 2023<\/p>\n\n\n\n<p>Heure : de 12 h \u00e0 15 h<\/p>\n\n\n\n<p>Lieu : sur Careers4Canada, en mode virtuel <br><em>Veuillez noter que la plateforme Careers4Canada est en anglais seulement.<\/em><\/p>\n\n\n\n<h3 class=\"wp-block-heading\">\u200bInscription<\/h3>\n\n\n\n<p>Inscrivez-vous avant le 3&nbsp;mars 2023 pour participer \u00e0 un tirage au sort vous permettant de gagner l&#8217;une des trois cartes-cadeaux d\u2019Amazon d\u2019une valeur de 100&nbsp;dollars. Les gagnants seront annonc\u00e9 au d\u00e9but du salon, le 14&nbsp;mars, \u00e0 12&nbsp;h.<\/p>\n\n\n\n<p>Une fois que vous serez inscrit, vous recevrez un lien vers le salon virtuel. Dans ce salon virtuel, vous pourrez consulter les ressources fournies par les diff\u00e9rents employeurs et les liens vers les offres d\u2019emploi.<\/p>\n\n\n\n<a href=\"https:\/\/www.careers4canada.com\/events\/CPAAtlantic2023\" target=\"_blank\" rel=\"noreferrer noopener\" class=\"cpaa-btn cpaa-btn-border-small\" style=\"display:block;margin-bottom:.75rem;text-align-center\">Candidats s\u2019appr\u00eatant \u00e0 devenir CPA \u2013 inscrivez-vous ici<\/a>\n\n\n\n<p><\/p>\n\n\n\n<h2 class=\"wp-block-heading\">Employeurs<\/h2>\n\n\n\n<p>Entrez directement en relation avec des candidats s\u2019appr\u00eatant \u00e0 devenir CPA<\/p>\n\n\n\n<ul class=\"wp-block-list\">\n<li>D\u00e9couvrez votre prochain employ\u00e9 \u00e0 un salon de l\u2019emploi o\u00f9 tous les candidats s\u2019appr\u00eatent \u00e0 devenir CPA<\/li>\n\n\n\n<li>Solution cl\u00e9 en main \u00e0 la p\u00e9nurie de CPA<\/li>\n\n\n\n<li>Acc\u00e8s pr\u00e9coce \u00e0 des candidats s\u2019appr\u00eatant \u00e0 devenir CPA pour des emplois \u00e0 temps plein, en alternance \u00e9tudes-travail ou en poste d\u2019\u00e9t\u00e9<\/li>\n\n\n\n<li>Exposez votre organisation gratuitement<\/li>\n<\/ul>\n\n\n\n<p>Excellente occasion pour les employeurs de recruter des candidats s\u2019appr\u00eatant \u00e0 devenir CPA pour des emplois \u00e0 temps plein, en alternance \u00e9tudes-travail ou en poste d\u2019\u00e9t\u00e9 dans la comptabilit\u00e9, la finance et la gestion. Rencontrez des personnes qui sont \u00e9tudiants \u00e0 l\u2019heure actuelle ou qui viennent de finir leur formation. R\u00e9cup\u00e9rez leurs curriculum vit\u00e6. Et embauchez les candidats les plus brillants au Canada atlantique et aux Bermudes. Ce format r\u00e9gional en ligne vous permettra d\u2019\u00e9largir votre recrutement, tout en vous permettant de faire des \u00e9conomies et de gagner du temps.<\/p>\n\n\n\n<a href=\"https:\/\/www.careers4canada.com\/Fair\/RenderPage?fairPageId=f2e4eacd-df41-49a9-8f6f-af85016005fa\" target=\"_blank\" rel=\"noreferrer noopener\" class=\"cpaa-btn cpaa-btn-border-small\" style=\"display:block;margin-bottom:.75rem;text-align-center\">Employeurs \u00e0 la recherche d\u2019un CPA \u2013 inscrivez-vous ici<\/a>\n\n\n\n<p>Une fois que vous serez inscrit, nous vous fournirons des d\u00e9tails pour ouvrir la session et des instructions pour configurer votre kiosque virtuel. Nous vous fournirons des tutoriels pour l\u2019utilisation de la plateforme&nbsp;Careers4Canada.<\/p>\n\n\n\n<h2 class=\"wp-block-heading\">Liste des employeurs<\/h2>\n\n\n\n<p>Les organisations participantes proviennent de nombreuses industries. On y trouve entre-autre&nbsp;:<\/p>\n\n\n\n<ul class=\"wp-block-list\">\n<li>J.D. Irving, Limited<\/li>\n\n\n\n<li>Bureau du v\u00e9rificateur g\u00e9n\u00e9ral du Nouveau-Brunswick<\/li>\n\n\n\n<li>Agence du revenu du Canada (ARC)<\/li>\n\n\n\n<li>Les autres firmes du Groupe AC<\/li>\n\n\n\n<li>Bruce &amp; Monahan Comptables professionnels agr\u00e9\u00e9s<\/li>\n\n\n\n<li>Gouvernement de la province de l&#8217;\u00cele-du-Prince-\u00c9douard<\/li>\n\n\n\n<li>MNP<\/li>\n\n\n\n<li>KBRS<\/li>\n\n\n\n<li>MNP<\/li>\n\n\n\n<li>Et beaucoup plus!<\/li>\n<\/ul>\n","protected":false},"excerpt":{"rendered":"<p>le mardi 14 mars 2023 | de 12 h \u00e0 15 h | Careers4Canada<\/p>\n","protected":false},"author":4,"featured_media":643,"parent":0,"menu_order":0,"comment_status":"closed","ping_status":"closed","template":"","meta":{"_acf_changed":false,"footnotes":""},"class_list":["post-1368","page","type-page","status-publish","has-post-thumbnail","hentry"],"acf":[],"yoast_head":"<!-- This site is optimized with the Yoast SEO plugin v27.4 - https:\/\/yoast.com\/product\/yoast-seo-wordpress\/ -->\n<title>Salon de l\u2019emploi des CPA pour le Canada atlantique et les Bermudes - CPA Atlantique<\/title>\n<meta name=\"robots\" content=\"index, follow, max-snippet:-1, max-image-preview:large, max-video-preview:-1\" \/>\n<link rel=\"canonical\" href=\"https:\/\/cpaatlantic.ca\/fr\/cpa-career-fair-for-atlantic-canada-and-bermuda\/\" \/>\n<meta property=\"og:locale\" content=\"en_US\" \/>\n<meta property=\"og:type\" content=\"article\" \/>\n<meta property=\"og:title\" content=\"Salon de l\u2019emploi des CPA pour le Canada atlantique et les Bermudes - CPA Atlantique\" \/>\n<meta property=\"og:description\" content=\"le mardi 14 mars 2023 | de 12 h \u00e0 15 h | Careers4Canada\" \/>\n<meta property=\"og:url\" content=\"https:\/\/cpaatlantic.ca\/fr\/cpa-career-fair-for-atlantic-canada-and-bermuda\/\" \/>\n<meta property=\"og:site_name\" content=\"CPA Atlantique\" \/>\n<meta property=\"article:modified_time\" content=\"2023-02-16T15:05:10+00:00\" \/>\n<meta property=\"og:image\" content=\"https:\/\/cpaatlantic.ca\/fr\/wp-content\/uploads\/sites\/3\/2022\/08\/practical-experience.jpg\" \/>\n\t<meta property=\"og:image:width\" content=\"925\" \/>\n\t<meta property=\"og:image:height\" content=\"600\" \/>\n\t<meta property=\"og:image:type\" content=\"image\/jpeg\" \/>\n<meta name=\"twitter:card\" content=\"summary_large_image\" \/>\n<meta name=\"twitter:label1\" content=\"Est. reading time\" \/>\n\t<meta name=\"twitter:data1\" content=\"3 minutes\" \/>\n<script type=\"application\/ld+json\" class=\"yoast-schema-graph\">{\"@context\":\"https:\\\/\\\/schema.org\",\"@graph\":[{\"@type\":\"WebPage\",\"@id\":\"https:\\\/\\\/cpaatlantic.ca\\\/fr\\\/cpa-career-fair-for-atlantic-canada-and-bermuda\\\/\",\"url\":\"https:\\\/\\\/cpaatlantic.ca\\\/fr\\\/cpa-career-fair-for-atlantic-canada-and-bermuda\\\/\",\"name\":\"Salon de l\u2019emploi des CPA pour le Canada atlantique et les Bermudes - CPA Atlantique\",\"isPartOf\":{\"@id\":\"https:\\\/\\\/cpaatlantic.ca\\\/fr\\\/#website\"},\"primaryImageOfPage\":{\"@id\":\"https:\\\/\\\/cpaatlantic.ca\\\/fr\\\/cpa-career-fair-for-atlantic-canada-and-bermuda\\\/#primaryimage\"},\"image\":{\"@id\":\"https:\\\/\\\/cpaatlantic.ca\\\/fr\\\/cpa-career-fair-for-atlantic-canada-and-bermuda\\\/#primaryimage\"},\"thumbnailUrl\":\"https:\\\/\\\/cpaatlantic.ca\\\/fr\\\/wp-content\\\/uploads\\\/sites\\\/3\\\/2022\\\/08\\\/practical-experience.jpg\",\"datePublished\":\"2023-01-26T17:29:03+00:00\",\"dateModified\":\"2023-02-16T15:05:10+00:00\",\"breadcrumb\":{\"@id\":\"https:\\\/\\\/cpaatlantic.ca\\\/fr\\\/cpa-career-fair-for-atlantic-canada-and-bermuda\\\/#breadcrumb\"},\"inLanguage\":\"en-US\",\"potentialAction\":[{\"@type\":\"ReadAction\",\"target\":[\"https:\\\/\\\/cpaatlantic.ca\\\/fr\\\/cpa-career-fair-for-atlantic-canada-and-bermuda\\\/\"]}]},{\"@type\":\"ImageObject\",\"inLanguage\":\"en-US\",\"@id\":\"https:\\\/\\\/cpaatlantic.ca\\\/fr\\\/cpa-career-fair-for-atlantic-canada-and-bermuda\\\/#primaryimage\",\"url\":\"https:\\\/\\\/cpaatlantic.ca\\\/fr\\\/wp-content\\\/uploads\\\/sites\\\/3\\\/2022\\\/08\\\/practical-experience.jpg\",\"contentUrl\":\"https:\\\/\\\/cpaatlantic.ca\\\/fr\\\/wp-content\\\/uploads\\\/sites\\\/3\\\/2022\\\/08\\\/practical-experience.jpg\",\"width\":925,\"height\":600},{\"@type\":\"BreadcrumbList\",\"@id\":\"https:\\\/\\\/cpaatlantic.ca\\\/fr\\\/cpa-career-fair-for-atlantic-canada-and-bermuda\\\/#breadcrumb\",\"itemListElement\":[{\"@type\":\"ListItem\",\"position\":1,\"name\":\"Home\",\"item\":\"https:\\\/\\\/cpaatlantic.ca\\\/fr\\\/\"},{\"@type\":\"ListItem\",\"position\":2,\"name\":\"Salon de l\u2019emploi des CPA pour le Canada atlantique et les Bermudes\"}]},{\"@type\":\"WebSite\",\"@id\":\"https:\\\/\\\/cpaatlantic.ca\\\/fr\\\/#website\",\"url\":\"https:\\\/\\\/cpaatlantic.ca\\\/fr\\\/\",\"name\":\"CPA Atlantique\",\"description\":\"Devenir CPA\",\"potentialAction\":[{\"@type\":\"SearchAction\",\"target\":{\"@type\":\"EntryPoint\",\"urlTemplate\":\"https:\\\/\\\/cpaatlantic.ca\\\/fr\\\/?s={search_term_string}\"},\"query-input\":{\"@type\":\"PropertyValueSpecification\",\"valueRequired\":true,\"valueName\":\"search_term_string\"}}],\"inLanguage\":\"en-US\"}]}<\/script>\n<!-- \/ Yoast SEO plugin. -->","yoast_head_json":{"title":"Salon de l\u2019emploi des CPA pour le Canada atlantique et les Bermudes - CPA Atlantique","robots":{"index":"index","follow":"follow","max-snippet":"max-snippet:-1","max-image-preview":"max-image-preview:large","max-video-preview":"max-video-preview:-1"},"canonical":"https:\/\/cpaatlantic.ca\/fr\/cpa-career-fair-for-atlantic-canada-and-bermuda\/","og_locale":"en_US","og_type":"article","og_title":"Salon de l\u2019emploi des CPA pour le Canada atlantique et les Bermudes - CPA Atlantique","og_description":"le mardi 14 mars 2023 | de 12 h \u00e0 15 h | Careers4Canada","og_url":"https:\/\/cpaatlantic.ca\/fr\/cpa-career-fair-for-atlantic-canada-and-bermuda\/","og_site_name":"CPA Atlantique","article_modified_time":"2023-02-16T15:05:10+00:00","og_image":[{"width":925,"height":600,"url":"https:\/\/cpaatlantic.ca\/fr\/wp-content\/uploads\/sites\/3\/2022\/08\/practical-experience.jpg","type":"image\/jpeg"}],"twitter_card":"summary_large_image","twitter_misc":{"Est. reading time":"3 minutes"},"schema":{"@context":"https:\/\/schema.org","@graph":[{"@type":"WebPage","@id":"https:\/\/cpaatlantic.ca\/fr\/cpa-career-fair-for-atlantic-canada-and-bermuda\/","url":"https:\/\/cpaatlantic.ca\/fr\/cpa-career-fair-for-atlantic-canada-and-bermuda\/","name":"Salon de l\u2019emploi des CPA pour le Canada atlantique et les Bermudes - CPA Atlantique","isPartOf":{"@id":"https:\/\/cpaatlantic.ca\/fr\/#website"},"primaryImageOfPage":{"@id":"https:\/\/cpaatlantic.ca\/fr\/cpa-career-fair-for-atlantic-canada-and-bermuda\/#primaryimage"},"image":{"@id":"https:\/\/cpaatlantic.ca\/fr\/cpa-career-fair-for-atlantic-canada-and-bermuda\/#primaryimage"},"thumbnailUrl":"https:\/\/cpaatlantic.ca\/fr\/wp-content\/uploads\/sites\/3\/2022\/08\/practical-experience.jpg","datePublished":"2023-01-26T17:29:03+00:00","dateModified":"2023-02-16T15:05:10+00:00","breadcrumb":{"@id":"https:\/\/cpaatlantic.ca\/fr\/cpa-career-fair-for-atlantic-canada-and-bermuda\/#breadcrumb"},"inLanguage":"en-US","potentialAction":[{"@type":"ReadAction","target":["https:\/\/cpaatlantic.ca\/fr\/cpa-career-fair-for-atlantic-canada-and-bermuda\/"]}]},{"@type":"ImageObject","inLanguage":"en-US","@id":"https:\/\/cpaatlantic.ca\/fr\/cpa-career-fair-for-atlantic-canada-and-bermuda\/#primaryimage","url":"https:\/\/cpaatlantic.ca\/fr\/wp-content\/uploads\/sites\/3\/2022\/08\/practical-experience.jpg","contentUrl":"https:\/\/cpaatlantic.ca\/fr\/wp-content\/uploads\/sites\/3\/2022\/08\/practical-experience.jpg","width":925,"height":600},{"@type":"BreadcrumbList","@id":"https:\/\/cpaatlantic.ca\/fr\/cpa-career-fair-for-atlantic-canada-and-bermuda\/#breadcrumb","itemListElement":[{"@type":"ListItem","position":1,"name":"Home","item":"https:\/\/cpaatlantic.ca\/fr\/"},{"@type":"ListItem","position":2,"name":"Salon de l\u2019emploi des CPA pour le Canada atlantique et les Bermudes"}]},{"@type":"WebSite","@id":"https:\/\/cpaatlantic.ca\/fr\/#website","url":"https:\/\/cpaatlantic.ca\/fr\/","name":"CPA Atlantique","description":"Devenir CPA","potentialAction":[{"@type":"SearchAction","target":{"@type":"EntryPoint","urlTemplate":"https:\/\/cpaatlantic.ca\/fr\/?s={search_term_string}"},"query-input":{"@type":"PropertyValueSpecification","valueRequired":true,"valueName":"search_term_string"}}],"inLanguage":"en-US"}]}},"_links":{"self":[{"href":"https:\/\/cpaatlantic.ca\/fr\/wp-json\/wp\/v2\/pages\/1368","targetHints":{"allow":["GET"]}}],"collection":[{"href":"https:\/\/cpaatlantic.ca\/fr\/wp-json\/wp\/v2\/pages"}],"about":[{"href":"https:\/\/cpaatlantic.ca\/fr\/wp-json\/wp\/v2\/types\/page"}],"author":[{"embeddable":true,"href":"https:\/\/cpaatlantic.ca\/fr\/wp-json\/wp\/v2\/users\/4"}],"replies":[{"embeddable":true,"href":"https:\/\/cpaatlantic.ca\/fr\/wp-json\/wp\/v2\/comments?post=1368"}],"version-history":[{"count":13,"href":"https:\/\/cpaatlantic.ca\/fr\/wp-json\/wp\/v2\/pages\/1368\/revisions"}],"predecessor-version":[{"id":1450,"href":"https:\/\/cpaatlantic.ca\/fr\/wp-json\/wp\/v2\/pages\/1368\/revisions\/1450"}],"wp:featuredmedia":[{"embeddable":true,"href":"https:\/\/cpaatlantic.ca\/fr\/wp-json\/wp\/v2\/media\/643"}],"wp:attachment":[{"href":"https:\/\/cpaatlantic.ca\/fr\/wp-json\/wp\/v2\/media?parent=1368"}],"curies":[{"name":"wp","href":"https:\/\/api.w.org\/{rel}","templated":true}]}}