{"id":1467,"date":"2023-03-09T16:53:40","date_gmt":"2023-03-09T20:53:40","guid":{"rendered":"https:\/\/cpaatlantic.ca\/fr\/?page_id=1467"},"modified":"2023-08-18T11:50:18","modified_gmt":"2023-08-18T14:50:18","slug":"cours-prealables-exiges","status":"publish","type":"page","link":"https:\/\/cpaatlantic.ca\/fr\/cours-prealables-exiges\/","title":{"rendered":"Cours pr\u00e9alables"},"content":{"rendered":"\n<h2 class=\"wp-block-heading\">Cours pr\u00e9alables exig\u00e9s pour le programme de CPA<\/h2>\n\n\n\n<h2 class=\"wp-block-heading small-hl\"><strong>Aper\u00e7u<\/strong><\/h2>\n\n\n\n<p>Pour devenir CPA, il faut commencer par suivre les 14&nbsp;cours pr\u00e9alables exig\u00e9s pour l\u2019admission au <a href=\"https:\/\/cpaatlantic.ca\/fr\/program\/cpa-pep\/\" target=\"_blank\" rel=\"noreferrer noopener\"><strong>programme de formation professionnelle (PFP) des CPA<\/strong><\/a>. Selon le parcours que vous avez suivi \u00e0 l\u2019universit\u00e9, il est possible que vous ayez d\u00e9j\u00e0 suivi un grand nombre ou un certain nombre de ces cours, par exemple si vous avez fait des \u00e9tudes de premier cycle universitaire en comptabilit\u00e9. Dans la plupart des cas, les \u00e9tudes de premier cycle universitaire avec majeure en gestion comprennent la moiti\u00e9 environ de ces cours pr\u00e9alables. Si vous avez obtenu un dipl\u00f4me de premier cycle dans une autre discipline, il est probable que vous aurez encore \u00e0 suivre la grande majorit\u00e9 de ces cours.<\/p>\n\n\n\n<p>Comme nous n\u2019offrons pas les cours pr\u00e9alables en fran\u00e7ais \u00e0 l\u2019\u00c9cole de gestion CPA Atlantique, les \u00e9tudiants ont l\u2019option de suivre ces cours pr\u00e9alables de fa\u00e7on externe, par l\u2019interm\u00e9diaire d\u2019un \u00e9tablissement francophone, une fois qu\u2019ils ont re\u00e7u les r\u00e9sultats de l\u2019\u00e9valuation de leur admissibilit\u00e9 fournie par notre \u00e9tablissement.<\/p>\n\n\n\n<p><strong>Est-ce qu\u2019il est n\u00e9cessaire que je suive ces cours?<\/strong><\/p>\n\n\n\n<p>Pour obtenir une estimation du nombre de cours pr\u00e9alables dont vous avez besoin, veuillez consulter nos&nbsp;<a href=\"https:\/\/cpaatlantic.ca\/fr\/transfer-credit-guides\/\" target=\"_blank\" rel=\"noreferrer noopener\"><strong>guides sur les transferts de cr\u00e9dits<\/strong><\/a>, qui \u00e9num\u00e8rent les cours reconnus dans presque toutes les universit\u00e9s et tous les coll\u00e8ges du Canada (ainsi qu\u2019au Coll\u00e8ge des Bermudes).<\/p>\n\n\n\n<p>Si vous souhaitez \u00eatre dispens\u00e9 de certains&nbsp;cours autres que de base, il vous faut r\u00e9pondre \u00e0 l\u2019exigence suivante&nbsp;:<\/p>\n\n\n\n<ul class=\"wp-block-list\">\n<li>Il faut que vous ayez une note finale de 50&nbsp;p. 100 au minimum dans chacun des cours.<\/li>\n<\/ul>\n\n\n\n<p>Si vous souhaitez \u00eatre dispens\u00e9 de certains&nbsp;cours de base, il vous faut r\u00e9pondre aux exigences suivantes&nbsp;:<\/p>\n\n\n\n<ul class=\"wp-block-list\">\n<li>Il faut que vous ayez une note finale de 60&nbsp;p. 100 au minimum dans chacun des cours.<\/li>\n\n\n\n<li>Il faut que vous ayez une moyenne globale de 65&nbsp;p. 100 (sur l\u2019ensemble des cours de base).<\/li>\n\n\n\n<li>Il faut que vous ayez achev\u00e9 ces cours au cours des 10&nbsp;ann\u00e9es pr\u00e9c\u00e9dant la date de votre \u00e9valuation officielle d\u2019admissibilit\u00e9 au programme de CPA.<\/li>\n<\/ul>\n\n\n\n<h2 class=\"wp-block-heading small-hl\">Options \u00e0 votre disposition pour suivre les cours pr\u00e9alables aux \u00e9tudes de CPA<\/h2>\n\n\n\n<p>S\u2019il vous faut suivre certains cours pr\u00e9alables pour pouvoir \u00eatre admissible au PFP des CPA, vous avez \u00e0 votre disposition plusieurs options. La premi\u00e8re \u00e9tape est de faire faire une \u00e9valuation de votre admissibilit\u00e9, afin que nous puissions d\u00e9terminer les cours dont vous \u00eates dispens\u00e9 et les cours que vous avez encore \u00e0 suivre. Une fois que vous saurez de quels cours vous avez besoin, vous serez en mesure de faire votre choix parmi les options suivantes.<\/p>\n\n\n\n<p>Si vous choisissez de suivre des cours dans un \u00e9tablissement autre que l\u2019\u00c9cole de gestion CPA Atlantique avec une dur\u00e9e de plus de 12&nbsp;mois, le r\u00e9sultat de votre \u00e9valuation sera valide jusqu\u2019\u00e0 un mois \u00e0 compter de la date \u00e0 laquelle vous aurez termin\u00e9 votre dernier cours pr\u00e9paratoire. Si cela s\u2019applique \u00e0 vous, lorsque vous serez pr\u00eat \u00e0 commencer vos \u00e9tudes \u00e0 l\u2019\u00c9cole de gestion CPA Atlantique, vous devrez fournir un relev\u00e9 de notes officiel afin de confirmer vos \u00e9tudes externes ininterrompues en fran\u00e7ais \u00e0 partir de la date de votre \u00e9valuation initiale.<\/p>\n\n\n\n<h2 class=\"wp-block-heading small-hl\">\u00c9tudes en fran\u00e7ais<\/h2>\n\n\n\n<h5 class=\"wp-block-heading\"><strong>Option&nbsp;1&nbsp;: cours en ligne avec T\u00c9LUQ<\/strong><\/h5>\n\n\n\n<p>Vous pouvez <a href=\"https:\/\/www.teluq.ca\/site\/etudes\/offre\/prog\/TELUQ\/4445\/#conditions\" target=\"_blank\" rel=\"noreferrer noopener\">voir ici<\/a> les d\u00e9tails sur le certificat de pr\u00e9paration chez T\u00c9LUQ ici. Ce certificat est destin\u00e9 aux personnes qui ont fait des \u00e9tudes de premier cycle universitaire dans un domaine autre que les sciences comptables ou l\u2019\u00e9quivalent. T\u00c9LUQ offre \u00e9galement <a href=\"https:\/\/www.teluq.ca\/site\/etudes\/offre\/prog\/TELUQ\/0674\/#conditions\" target=\"_blank\" rel=\"noreferrer noopener\">le programme suivant<\/a> pour les gens qui ont fait des \u00e9tudes de premier cycle universitaire dans les sciences comptables ou dans un domaine \u00e9quivalent. Avec T\u00c9LUQ, il est possible de commencer vos \u00e9tudes en ligne \u00e0 l\u2019\u00e9tranger. Voici les personnes chez T\u00c9LUQ qui pourront r\u00e9pondre \u00e0 vos questions&nbsp;:<\/p>\n\n\n\n<div class=\"wp-block-columns is-layout-flex wp-container-core-columns-is-layout-9d6595d7 wp-block-columns-is-layout-flex\">\n<div class=\"wp-block-column is-layout-flow wp-block-column-is-layout-flow\">\n<p>Cathy Aubin <br><a href=\"mailto:mesetudes.2@teluq.ca\" target=\"_blank\" rel=\"noreferrer noopener\">mesetudes.2@teluq.ca<\/a> <br>1-844-842-8942<\/p>\n<\/div>\n\n\n\n<div class=\"wp-block-column is-layout-flow wp-block-column-is-layout-flow\">\n<p>Sonia Trudel, Coordinatrice \u00e0 l\u2019encadrement <a href=\"mailto:sonia.trudel@teluq.ca\" target=\"_blank\" rel=\"noreferrer noopener\">sonia.trudel@teluq.ca<\/a> <br>1-800-665-4333 x5121<\/p>\n<\/div>\n<\/div>\n\n\n\n<h5 class=\"wp-block-heading\"><strong><strong>Option&nbsp;2&nbsp;: autre \u00e9tablissement postsecondaire francophone reconnu au Canada<\/strong><\/strong><\/h5>\n\n\n\n<p>Vous pouvez tr\u00e8s bien suivre les cours qu\u2019il vous reste \u00e0 suivre de fa\u00e7on externe, dans un \u00e9tablissement postsecondaire francophone. Au Canada atlantique, les options sont l\u2019Universit\u00e9 de Moncton, le Coll\u00e8ge communautaire du Nouveau-Brunswick et l\u2019Universit\u00e9 Sainte-Anne. Vous trouverez sur notre site Web la liste des cours offerts par ces \u00e9tablissements qui sont \u00e9quivalents aux cours pr\u00e9alables au programme de CPA, dans les <a href=\"\/fr\/transfer-credit-guides\/\" target=\"_blank\" rel=\"noreferrer noopener\">guides sur les transferts de cr\u00e9dits<\/a> pour le Nouveau-Brunswick et la Nouvelle-\u00c9cosse. Vous pouvez aussi <a href=\"https:\/\/cpaquebec.ca\/fr\/etudiants-et-futurs-cpa\/comment-devenir-cpa\/prealables-universitaires\/\" target=\"_blank\" rel=\"noreferrer noopener\">consulter ici<\/a> le site Web de CPA Qu\u00e9bec, qui fournit la liste des cours reconnus qui sont offerts au Qu\u00e9bec.<\/p>\n\n\n\n<h2 class=\"wp-block-heading small-hl\">\u00c9tudes en anglais<\/h2>\n\n\n\n<h5 class=\"wp-block-heading\"><strong><strong><strong>Option&nbsp;3&nbsp;: cours pr\u00e9paratoires au programme de CPA en anglais<\/strong><\/strong><\/strong><\/h5>\n\n\n\n<p><strong>Crit\u00e8res g\u00e9n\u00e9raux d\u2019admissibilit\u00e9 pour les cours pr\u00e9paratoires des CPA<\/strong><\/p>\n\n\n\n<p>Pour \u00eatre admissible aux <a href=\"https:\/\/cpaatlantic.ca\/program\/cpa-preparatory-courses\/\" target=\"_blank\" rel=\"noreferrer noopener\">cours pr\u00e9paratoires des CPA<\/a>, il faut avoir obtenu 30&nbsp;heures-cr\u00e9dits (c\u2019est-\u00e0-dire l\u2019\u00e9quivalent d\u2019une ann\u00e9e normale d\u2019\u00e9tudes \u00e0 temps plein) dans un \u00e9tablissement postsecondaire reconnu. Vous pouvez \u00e9galement \u00eatre admissible avec trois ann\u00e9es d\u2019exp\u00e9rience de travail pertinente. Veuillez noter que les cours pr\u00e9paratoires des CPA sont organis\u00e9s selon une s\u00e9quence interne qu\u2019il est obligatoire de respecter.<\/p>\n\n\n\n<p>\u00c0 l\u2019\u00c9cole de gestion CPA Atlantique, nous n\u2019imposons pas de test sur les comp\u00e9tences linguistiques. Veuillez cependant noter le niveau linguistique recommand\u00e9 sur le <a href=\"https:\/\/www.cpacanada.ca\/fr\/devenir-cpa\/pfp-des-cpa-devenir-cpa\" target=\"_blank\" rel=\"noreferrer noopener\">site Web de CPA Canada<\/a>&nbsp;:<\/p>\n\n\n\n<p><em>Pour suivre le Programme de formation professionnelle des CPA, un programme universitaire de deuxi\u00e8me cycle, le candidat doit poss\u00e9der un niveau de connaissance \u00e9lev\u00e9 de la langue fran\u00e7aise. Il doit en effet \u00eatre en mesure de comprendre et de formuler des id\u00e9es, autant \u00e0 l\u2019oral qu\u2019\u00e0 l\u2019\u00e9crit, c\u2019est-\u00e0-dire de fournir des descriptions et des explications d\u00e9taill\u00e9es et d\u2019\u00e9mettre des opinions. Il est fortement recommand\u00e9 que le candidat se situe, au minimum, au niveau 8 des Niveaux de comp\u00e9tence linguistique canadiens en compr\u00e9hension de l\u2019oral et de l\u2019\u00e9crit et en expression orale et \u00e9crite au moment de son inscription au programme, et au minimum au niveau 10 \u00e0 la fin du programme.<\/em><\/p>\n\n\n\n<p><\/p>\n\n\n\n<h3 class=\"wp-block-heading\">COURS <\/h3>\n\n\n\n<p>Les <a href=\"https:\/\/cpaatlantic.ca\/program\/cpa-preparatory-courses\/\" target=\"_blank\" rel=\"noreferrer noopener\">cours pr\u00e9paratoires des CPA<\/a> ne sont offerts qu\u2019en anglais \u00e0 l\u2019heure actuelle<\/p>\n\n\n\n<h5 class=\"wp-block-heading\"><strong>Cours autres que communs<\/strong><strong><\/strong><\/h5>\n\n\n\n<p>Cette cat\u00e9gorie comprend cinq cours g\u00e9n\u00e9raux de gestion&nbsp;:<\/p>\n\n\n\n<ul class=\"wp-block-list\">\n<li>introduction \u00e0 la comptabilit\u00e9 g\u00e9n\u00e9rale (IFA)<\/li>\n\n\n\n<li>introduction \u00e0 la comptabilit\u00e9 de gestion (IMA)<\/li>\n\n\n\n<li>\u00e9conomie (ECO)<\/li>\n\n\n\n<li>statistique (STA)<\/li>\n\n\n\n<li>droit des affaires (BUL)<\/li>\n<\/ul>\n\n\n\n<p>Les cours pr\u00e9paratoires autres que communs sont offerts par l\u2019\u00c9cole de gestion CPA Atlantique sous la forme de programmes d\u2019\u00e9tudes autonomes, avec inscription libre. L\u2019\u00e9tudiant peut s\u2019inscrire \u00e0 tout moment dans l\u2019ann\u00e9e, parce que ces cours ne commencent pas \u00e0 une date fixe.<\/p>\n\n\n\n<p>L\u2019\u00e9tudiant a jusqu\u2019\u00e0 12\u00a0mois pour faire l\u2019examen du cours et il peut faire son choix parmi les quatre dates d\u2019examen pr\u00e9vues chaque ann\u00e9e, selon ce qui correspond le mieux \u00e0 ses besoins et \u00e0 son calendrier.<\/p>\n\n\n\n<p>Chaque cours est con\u00e7u pour exiger au total 200&nbsp;heures d\u2019\u00e9tudes et comprend les \u00e9l\u00e9ments suivants&nbsp;:<\/p>\n\n\n\n<ul class=\"wp-block-list\">\n<li>des ressources en ligne pour le cours;<\/li>\n\n\n\n<li>des exercices et des interrogations.<\/li>\n<\/ul>\n\n\n\n<p>La note du cours sera bas\u00e9e \u00e0 100&nbsp;p. sur l\u2019examen final. La note de passage est de 50&nbsp;p. 100.<\/p>\n\n\n\n<h5 class=\"wp-block-heading\"><strong>Cours communs<\/strong><strong><\/strong><\/h5>\n\n\n\n<p>\u200bCette cat\u00e9gorie comprend neuf cours de niveau sup\u00e9rieur en gestion et en comptabilit\u00e9&nbsp;:<\/p>\n\n\n\n<ul class=\"wp-block-list\">\n<li>technologies de l\u2019information (ITE)<\/li>\n\n\n\n<li>comptabilit\u00e9 g\u00e9n\u00e9rale interm\u00e9diaire&nbsp;1 (IF1)<\/li>\n\n\n\n<li>comptabilit\u00e9 g\u00e9n\u00e9rale interm\u00e9diaire&nbsp;2 (IF2)<\/li>\n\n\n\n<li>comptabilit\u00e9 g\u00e9n\u00e9rale avanc\u00e9e (AFR)<\/li>\n\n\n\n<li>finance d\u2019entreprise (COF)<\/li>\n\n\n\n<li>audit et certification (AUA)<\/li>\n\n\n\n<li>fiscalit\u00e9 (TAX)<\/li>\n\n\n\n<li>comptabilit\u00e9 de gestion interm\u00e9diaire (MAA)<\/li>\n\n\n\n<li>gestion de la performance (PMA)<\/li>\n<\/ul>\n\n\n\n<p>Les cours communs sont offerts par l\u2019\u00c9cole de gestion CPA Atlantique. L\u2019ensemble des cours sont offerts cinq fois par ann\u00e9e, pendant un semestre de sept&nbsp;semaines, dont six semaines d\u00e9di\u00e9es \u00e0 l\u2019enseignement de la mati\u00e8re et un examen final \u00e0 date fixe la septi\u00e8me semaine. Le temps d\u2019\u00e9tude requis par semaine est estim\u00e9 \u00e0 15 \u00e0 20&nbsp;heures.<\/p>\n\n\n\n<div style=\"height:0px\" aria-hidden=\"true\" class=\"wp-block-spacer\"><\/div>\n\n\n\n<a href=\"https:\/\/cpaatlantic.ca\/program\/cpa-preparatory-courses\/\" target=\"_blank\" rel=\"noreferrer noopener\" class=\"cpaa-btn cpaa-btn-border-small\" style=\"display:block;margin-bottom:.5rem\">Pour en savoir plus sur l\u2019offre des cours pr\u00e9paratoires en anglais et sur notre calendrier et nos frais, veuillez cliquer ici.<\/a>\n","protected":false},"excerpt":{"rendered":"<p>Pour devenir CPA, il faut commencer par suivre les 14 cours pr\u00e9alables exig\u00e9s pour l\u2019admission au programme de formation professionnelle (PFP) des CPA. <\/p>\n","protected":false},"author":4,"featured_media":641,"parent":0,"menu_order":0,"comment_status":"closed","ping_status":"closed","template":"","meta":{"_acf_changed":false,"footnotes":""},"class_list":["post-1467","page","type-page","status-publish","has-post-thumbnail","hentry"],"acf":[],"yoast_head":"<!-- This site is optimized with the Yoast SEO plugin v27.4 - https:\/\/yoast.com\/product\/yoast-seo-wordpress\/ -->\n<title>Cours pr\u00e9alables - CPA Atlantique<\/title>\n<meta name=\"description\" content=\"S\u2019il vous faut suivre certains cours pr\u00e9alables pour pouvoir \u00eatre admissible au PFP des CPA, vous avez \u00e0 votre disposition plusieurs options.\" \/>\n<meta name=\"robots\" content=\"index, follow, max-snippet:-1, max-image-preview:large, max-video-preview:-1\" \/>\n<link rel=\"canonical\" href=\"https:\/\/cpaatlantic.ca\/fr\/cours-prealables-exiges\/\" \/>\n<meta property=\"og:locale\" content=\"en_US\" \/>\n<meta property=\"og:type\" content=\"article\" \/>\n<meta property=\"og:title\" content=\"Cours pr\u00e9alables - CPA Atlantique\" \/>\n<meta property=\"og:description\" content=\"S\u2019il vous faut suivre certains cours pr\u00e9alables pour pouvoir \u00eatre admissible au PFP des CPA, vous avez \u00e0 votre disposition plusieurs options.\" \/>\n<meta property=\"og:url\" content=\"https:\/\/cpaatlantic.ca\/fr\/cours-prealables-exiges\/\" \/>\n<meta property=\"og:site_name\" content=\"CPA Atlantique\" \/>\n<meta property=\"article:modified_time\" content=\"2023-08-18T14:50:18+00:00\" \/>\n<meta property=\"og:image\" content=\"https:\/\/cpaatlantic.ca\/fr\/wp-content\/uploads\/sites\/3\/2022\/07\/prep.jpg\" \/>\n\t<meta property=\"og:image:width\" content=\"925\" \/>\n\t<meta property=\"og:image:height\" content=\"600\" \/>\n\t<meta property=\"og:image:type\" content=\"image\/jpeg\" \/>\n<meta name=\"twitter:card\" content=\"summary_large_image\" \/>\n<meta name=\"twitter:label1\" content=\"Est. reading time\" \/>\n\t<meta name=\"twitter:data1\" content=\"6 minutes\" \/>\n<script type=\"application\/ld+json\" class=\"yoast-schema-graph\">{\"@context\":\"https:\\\/\\\/schema.org\",\"@graph\":[{\"@type\":\"WebPage\",\"@id\":\"https:\\\/\\\/cpaatlantic.ca\\\/fr\\\/cours-prealables-exiges\\\/\",\"url\":\"https:\\\/\\\/cpaatlantic.ca\\\/fr\\\/cours-prealables-exiges\\\/\",\"name\":\"Cours pr\u00e9alables - CPA Atlantique\",\"isPartOf\":{\"@id\":\"https:\\\/\\\/cpaatlantic.ca\\\/fr\\\/#website\"},\"primaryImageOfPage\":{\"@id\":\"https:\\\/\\\/cpaatlantic.ca\\\/fr\\\/cours-prealables-exiges\\\/#primaryimage\"},\"image\":{\"@id\":\"https:\\\/\\\/cpaatlantic.ca\\\/fr\\\/cours-prealables-exiges\\\/#primaryimage\"},\"thumbnailUrl\":\"https:\\\/\\\/cpaatlantic.ca\\\/fr\\\/wp-content\\\/uploads\\\/sites\\\/3\\\/2022\\\/07\\\/prep.jpg\",\"datePublished\":\"2023-03-09T20:53:40+00:00\",\"dateModified\":\"2023-08-18T14:50:18+00:00\",\"description\":\"S\u2019il vous faut suivre certains cours pr\u00e9alables pour pouvoir \u00eatre admissible au PFP des CPA, vous avez \u00e0 votre disposition plusieurs options.\",\"breadcrumb\":{\"@id\":\"https:\\\/\\\/cpaatlantic.ca\\\/fr\\\/cours-prealables-exiges\\\/#breadcrumb\"},\"inLanguage\":\"en-US\",\"potentialAction\":[{\"@type\":\"ReadAction\",\"target\":[\"https:\\\/\\\/cpaatlantic.ca\\\/fr\\\/cours-prealables-exiges\\\/\"]}]},{\"@type\":\"ImageObject\",\"inLanguage\":\"en-US\",\"@id\":\"https:\\\/\\\/cpaatlantic.ca\\\/fr\\\/cours-prealables-exiges\\\/#primaryimage\",\"url\":\"https:\\\/\\\/cpaatlantic.ca\\\/fr\\\/wp-content\\\/uploads\\\/sites\\\/3\\\/2022\\\/07\\\/prep.jpg\",\"contentUrl\":\"https:\\\/\\\/cpaatlantic.ca\\\/fr\\\/wp-content\\\/uploads\\\/sites\\\/3\\\/2022\\\/07\\\/prep.jpg\",\"width\":925,\"height\":600},{\"@type\":\"BreadcrumbList\",\"@id\":\"https:\\\/\\\/cpaatlantic.ca\\\/fr\\\/cours-prealables-exiges\\\/#breadcrumb\",\"itemListElement\":[{\"@type\":\"ListItem\",\"position\":1,\"name\":\"Home\",\"item\":\"https:\\\/\\\/cpaatlantic.ca\\\/fr\\\/\"},{\"@type\":\"ListItem\",\"position\":2,\"name\":\"Cours pr\u00e9alables\"}]},{\"@type\":\"WebSite\",\"@id\":\"https:\\\/\\\/cpaatlantic.ca\\\/fr\\\/#website\",\"url\":\"https:\\\/\\\/cpaatlantic.ca\\\/fr\\\/\",\"name\":\"CPA Atlantique\",\"description\":\"Devenir CPA\",\"potentialAction\":[{\"@type\":\"SearchAction\",\"target\":{\"@type\":\"EntryPoint\",\"urlTemplate\":\"https:\\\/\\\/cpaatlantic.ca\\\/fr\\\/?s={search_term_string}\"},\"query-input\":{\"@type\":\"PropertyValueSpecification\",\"valueRequired\":true,\"valueName\":\"search_term_string\"}}],\"inLanguage\":\"en-US\"}]}<\/script>\n<!-- \/ Yoast SEO plugin. -->","yoast_head_json":{"title":"Cours pr\u00e9alables - CPA Atlantique","description":"S\u2019il vous faut suivre certains cours pr\u00e9alables pour pouvoir \u00eatre admissible au PFP des CPA, vous avez \u00e0 votre disposition plusieurs options.","robots":{"index":"index","follow":"follow","max-snippet":"max-snippet:-1","max-image-preview":"max-image-preview:large","max-video-preview":"max-video-preview:-1"},"canonical":"https:\/\/cpaatlantic.ca\/fr\/cours-prealables-exiges\/","og_locale":"en_US","og_type":"article","og_title":"Cours pr\u00e9alables - CPA Atlantique","og_description":"S\u2019il vous faut suivre certains cours pr\u00e9alables pour pouvoir \u00eatre admissible au PFP des CPA, vous avez \u00e0 votre disposition plusieurs options.","og_url":"https:\/\/cpaatlantic.ca\/fr\/cours-prealables-exiges\/","og_site_name":"CPA Atlantique","article_modified_time":"2023-08-18T14:50:18+00:00","og_image":[{"width":925,"height":600,"url":"https:\/\/cpaatlantic.ca\/fr\/wp-content\/uploads\/sites\/3\/2022\/07\/prep.jpg","type":"image\/jpeg"}],"twitter_card":"summary_large_image","twitter_misc":{"Est. reading time":"6 minutes"},"schema":{"@context":"https:\/\/schema.org","@graph":[{"@type":"WebPage","@id":"https:\/\/cpaatlantic.ca\/fr\/cours-prealables-exiges\/","url":"https:\/\/cpaatlantic.ca\/fr\/cours-prealables-exiges\/","name":"Cours pr\u00e9alables - CPA Atlantique","isPartOf":{"@id":"https:\/\/cpaatlantic.ca\/fr\/#website"},"primaryImageOfPage":{"@id":"https:\/\/cpaatlantic.ca\/fr\/cours-prealables-exiges\/#primaryimage"},"image":{"@id":"https:\/\/cpaatlantic.ca\/fr\/cours-prealables-exiges\/#primaryimage"},"thumbnailUrl":"https:\/\/cpaatlantic.ca\/fr\/wp-content\/uploads\/sites\/3\/2022\/07\/prep.jpg","datePublished":"2023-03-09T20:53:40+00:00","dateModified":"2023-08-18T14:50:18+00:00","description":"S\u2019il vous faut suivre certains cours pr\u00e9alables pour pouvoir \u00eatre admissible au PFP des CPA, vous avez \u00e0 votre disposition plusieurs options.","breadcrumb":{"@id":"https:\/\/cpaatlantic.ca\/fr\/cours-prealables-exiges\/#breadcrumb"},"inLanguage":"en-US","potentialAction":[{"@type":"ReadAction","target":["https:\/\/cpaatlantic.ca\/fr\/cours-prealables-exiges\/"]}]},{"@type":"ImageObject","inLanguage":"en-US","@id":"https:\/\/cpaatlantic.ca\/fr\/cours-prealables-exiges\/#primaryimage","url":"https:\/\/cpaatlantic.ca\/fr\/wp-content\/uploads\/sites\/3\/2022\/07\/prep.jpg","contentUrl":"https:\/\/cpaatlantic.ca\/fr\/wp-content\/uploads\/sites\/3\/2022\/07\/prep.jpg","width":925,"height":600},{"@type":"BreadcrumbList","@id":"https:\/\/cpaatlantic.ca\/fr\/cours-prealables-exiges\/#breadcrumb","itemListElement":[{"@type":"ListItem","position":1,"name":"Home","item":"https:\/\/cpaatlantic.ca\/fr\/"},{"@type":"ListItem","position":2,"name":"Cours pr\u00e9alables"}]},{"@type":"WebSite","@id":"https:\/\/cpaatlantic.ca\/fr\/#website","url":"https:\/\/cpaatlantic.ca\/fr\/","name":"CPA Atlantique","description":"Devenir CPA","potentialAction":[{"@type":"SearchAction","target":{"@type":"EntryPoint","urlTemplate":"https:\/\/cpaatlantic.ca\/fr\/?s={search_term_string}"},"query-input":{"@type":"PropertyValueSpecification","valueRequired":true,"valueName":"search_term_string"}}],"inLanguage":"en-US"}]}},"_links":{"self":[{"href":"https:\/\/cpaatlantic.ca\/fr\/wp-json\/wp\/v2\/pages\/1467","targetHints":{"allow":["GET"]}}],"collection":[{"href":"https:\/\/cpaatlantic.ca\/fr\/wp-json\/wp\/v2\/pages"}],"about":[{"href":"https:\/\/cpaatlantic.ca\/fr\/wp-json\/wp\/v2\/types\/page"}],"author":[{"embeddable":true,"href":"https:\/\/cpaatlantic.ca\/fr\/wp-json\/wp\/v2\/users\/4"}],"replies":[{"embeddable":true,"href":"https:\/\/cpaatlantic.ca\/fr\/wp-json\/wp\/v2\/comments?post=1467"}],"version-history":[{"count":34,"href":"https:\/\/cpaatlantic.ca\/fr\/wp-json\/wp\/v2\/pages\/1467\/revisions"}],"predecessor-version":[{"id":1826,"href":"https:\/\/cpaatlantic.ca\/fr\/wp-json\/wp\/v2\/pages\/1467\/revisions\/1826"}],"wp:featuredmedia":[{"embeddable":true,"href":"https:\/\/cpaatlantic.ca\/fr\/wp-json\/wp\/v2\/media\/641"}],"wp:attachment":[{"href":"https:\/\/cpaatlantic.ca\/fr\/wp-json\/wp\/v2\/media?parent=1467"}],"curies":[{"name":"wp","href":"https:\/\/api.w.org\/{rel}","templated":true}]}}