{"id":1675,"date":"2023-05-24T15:11:56","date_gmt":"2023-05-24T18:11:56","guid":{"rendered":"https:\/\/cpaatlantic.ca\/fr\/?page_id=1675"},"modified":"2023-05-24T15:16:45","modified_gmt":"2023-05-24T18:16:45","slug":"erf-submission-thank-you","status":"publish","type":"page","link":"https:\/\/cpaatlantic.ca\/fr\/erf-submission-thank-you\/","title":{"rendered":"Merci"},"content":{"rendered":"\n<p><strong>Un conseiller en recrutement d&#8217;\u00e9tudiants vous contactera sous 2 jours ouvrables avec vos prochaines \u00e9tapes.<\/strong> Ils vous fourniront un num\u00e9ro d&#8217;identification CPA, des informations sur la soumission de vos documents et les options de paiement une fois que votre formulaire de demande d&#8217;admissibilit\u00e9 aura \u00e9t\u00e9 re\u00e7u et trait\u00e9.<\/p>\n\n\n\n<p>L\u2019\u00e9valuation de votre dossier ne d\u00e9butera que lorsque nous aurons re\u00e7u tous les documents pertinents et trait\u00e9 les droits d\u2019\u00e9valuation (sachez que des droits additionnels sont exig\u00e9s pour les titres de comp\u00e9tence obtenus \u00e0 l\u2019ext\u00e9rieur du Canada, des \u00c9tats-Unis ou des Bermudes).<br><br>Il est de la responsabilit\u00e9 du demandeur de fournir toutes les pi\u00e8ces justificatives requises pour cet examen d&#8217;admissibilit\u00e9. Les candidats avec des relev\u00e9s de notes internationaux sont tenus de soumettre une \u00e9valuation WES officielle dans le cadre de leur dossier d&#8217;\u00e9valuation.<\/p>\n\n\n\n<p><strong>Veuillez noter qu\u2019il faut 4 \u00e0 6 semaines pour traiter les demandes nationales et 6 \u00e0 8 semaines pour les demandes internationales.<\/strong><br><br>Toute question concernant le formulaire de demande d&#8217;admissibilit\u00e9 et tous les documents requis peuvent \u00eatre envoy\u00e9s \u00e0 renseignements@cpaatlantique.ca.<\/p>\n","protected":false},"excerpt":{"rendered":"<p>Merci d&#8217;avoir rempli le formulaire de demande d&#8217;admissibilit\u00e9 !<\/p>\n","protected":false},"author":4,"featured_media":640,"parent":0,"menu_order":0,"comment_status":"closed","ping_status":"closed","template":"","meta":{"_acf_changed":false,"footnotes":""},"class_list":["post-1675","page","type-page","status-publish","has-post-thumbnail","hentry"],"acf":[],"yoast_head":"<!-- This site is optimized with the Yoast SEO plugin v27.5 - https:\/\/yoast.com\/product\/yoast-seo-wordpress\/ -->\n<title>Merci - CPA Atlantique<\/title>\n<meta name=\"robots\" content=\"index, follow, max-snippet:-1, max-image-preview:large, max-video-preview:-1\" \/>\n<link rel=\"canonical\" href=\"https:\/\/cpaatlantic.ca\/fr\/erf-submission-thank-you\/\" \/>\n<meta property=\"og:locale\" content=\"en_US\" \/>\n<meta property=\"og:type\" content=\"article\" \/>\n<meta property=\"og:title\" content=\"Merci - CPA Atlantique\" \/>\n<meta property=\"og:description\" content=\"Merci d&#039;avoir rempli le formulaire de demande d&#039;admissibilit\u00e9 !\" \/>\n<meta property=\"og:url\" content=\"https:\/\/cpaatlantic.ca\/fr\/erf-submission-thank-you\/\" \/>\n<meta property=\"og:site_name\" content=\"CPA Atlantique\" \/>\n<meta property=\"article:modified_time\" content=\"2023-05-24T18:16:45+00:00\" \/>\n<meta property=\"og:image\" content=\"https:\/\/cpaatlantic.ca\/fr\/wp-content\/uploads\/sites\/3\/2022\/08\/cpa-path.jpg\" \/>\n\t<meta property=\"og:image:width\" content=\"925\" \/>\n\t<meta property=\"og:image:height\" content=\"600\" \/>\n\t<meta property=\"og:image:type\" content=\"image\/jpeg\" \/>\n<meta name=\"twitter:card\" content=\"summary_large_image\" \/>\n<meta name=\"twitter:label1\" content=\"Est. reading time\" \/>\n\t<meta name=\"twitter:data1\" content=\"1 minute\" \/>\n<script type=\"application\/ld+json\" class=\"yoast-schema-graph\">{\"@context\":\"https:\\\/\\\/schema.org\",\"@graph\":[{\"@type\":\"WebPage\",\"@id\":\"https:\\\/\\\/cpaatlantic.ca\\\/fr\\\/erf-submission-thank-you\\\/\",\"url\":\"https:\\\/\\\/cpaatlantic.ca\\\/fr\\\/erf-submission-thank-you\\\/\",\"name\":\"Merci - CPA Atlantique\",\"isPartOf\":{\"@id\":\"https:\\\/\\\/cpaatlantic.ca\\\/fr\\\/#website\"},\"primaryImageOfPage\":{\"@id\":\"https:\\\/\\\/cpaatlantic.ca\\\/fr\\\/erf-submission-thank-you\\\/#primaryimage\"},\"image\":{\"@id\":\"https:\\\/\\\/cpaatlantic.ca\\\/fr\\\/erf-submission-thank-you\\\/#primaryimage\"},\"thumbnailUrl\":\"https:\\\/\\\/cpaatlantic.ca\\\/fr\\\/wp-content\\\/uploads\\\/sites\\\/3\\\/2022\\\/08\\\/cpa-path.jpg\",\"datePublished\":\"2023-05-24T18:11:56+00:00\",\"dateModified\":\"2023-05-24T18:16:45+00:00\",\"breadcrumb\":{\"@id\":\"https:\\\/\\\/cpaatlantic.ca\\\/fr\\\/erf-submission-thank-you\\\/#breadcrumb\"},\"inLanguage\":\"en-US\",\"potentialAction\":[{\"@type\":\"ReadAction\",\"target\":[\"https:\\\/\\\/cpaatlantic.ca\\\/fr\\\/erf-submission-thank-you\\\/\"]}]},{\"@type\":\"ImageObject\",\"inLanguage\":\"en-US\",\"@id\":\"https:\\\/\\\/cpaatlantic.ca\\\/fr\\\/erf-submission-thank-you\\\/#primaryimage\",\"url\":\"https:\\\/\\\/cpaatlantic.ca\\\/fr\\\/wp-content\\\/uploads\\\/sites\\\/3\\\/2022\\\/08\\\/cpa-path.jpg\",\"contentUrl\":\"https:\\\/\\\/cpaatlantic.ca\\\/fr\\\/wp-content\\\/uploads\\\/sites\\\/3\\\/2022\\\/08\\\/cpa-path.jpg\",\"width\":925,\"height\":600},{\"@type\":\"BreadcrumbList\",\"@id\":\"https:\\\/\\\/cpaatlantic.ca\\\/fr\\\/erf-submission-thank-you\\\/#breadcrumb\",\"itemListElement\":[{\"@type\":\"ListItem\",\"position\":1,\"name\":\"Home\",\"item\":\"https:\\\/\\\/cpaatlantic.ca\\\/fr\\\/\"},{\"@type\":\"ListItem\",\"position\":2,\"name\":\"Merci\"}]},{\"@type\":\"WebSite\",\"@id\":\"https:\\\/\\\/cpaatlantic.ca\\\/fr\\\/#website\",\"url\":\"https:\\\/\\\/cpaatlantic.ca\\\/fr\\\/\",\"name\":\"CPA Atlantique\",\"description\":\"Devenir CPA\",\"potentialAction\":[{\"@type\":\"SearchAction\",\"target\":{\"@type\":\"EntryPoint\",\"urlTemplate\":\"https:\\\/\\\/cpaatlantic.ca\\\/fr\\\/?s={search_term_string}\"},\"query-input\":{\"@type\":\"PropertyValueSpecification\",\"valueRequired\":true,\"valueName\":\"search_term_string\"}}],\"inLanguage\":\"en-US\"}]}<\/script>\n<!-- \/ Yoast SEO plugin. -->","yoast_head_json":{"title":"Merci - CPA Atlantique","robots":{"index":"index","follow":"follow","max-snippet":"max-snippet:-1","max-image-preview":"max-image-preview:large","max-video-preview":"max-video-preview:-1"},"canonical":"https:\/\/cpaatlantic.ca\/fr\/erf-submission-thank-you\/","og_locale":"en_US","og_type":"article","og_title":"Merci - CPA Atlantique","og_description":"Merci d'avoir rempli le formulaire de demande d'admissibilit\u00e9 !","og_url":"https:\/\/cpaatlantic.ca\/fr\/erf-submission-thank-you\/","og_site_name":"CPA Atlantique","article_modified_time":"2023-05-24T18:16:45+00:00","og_image":[{"width":925,"height":600,"url":"https:\/\/cpaatlantic.ca\/fr\/wp-content\/uploads\/sites\/3\/2022\/08\/cpa-path.jpg","type":"image\/jpeg"}],"twitter_card":"summary_large_image","twitter_misc":{"Est. reading time":"1 minute"},"schema":{"@context":"https:\/\/schema.org","@graph":[{"@type":"WebPage","@id":"https:\/\/cpaatlantic.ca\/fr\/erf-submission-thank-you\/","url":"https:\/\/cpaatlantic.ca\/fr\/erf-submission-thank-you\/","name":"Merci - CPA Atlantique","isPartOf":{"@id":"https:\/\/cpaatlantic.ca\/fr\/#website"},"primaryImageOfPage":{"@id":"https:\/\/cpaatlantic.ca\/fr\/erf-submission-thank-you\/#primaryimage"},"image":{"@id":"https:\/\/cpaatlantic.ca\/fr\/erf-submission-thank-you\/#primaryimage"},"thumbnailUrl":"https:\/\/cpaatlantic.ca\/fr\/wp-content\/uploads\/sites\/3\/2022\/08\/cpa-path.jpg","datePublished":"2023-05-24T18:11:56+00:00","dateModified":"2023-05-24T18:16:45+00:00","breadcrumb":{"@id":"https:\/\/cpaatlantic.ca\/fr\/erf-submission-thank-you\/#breadcrumb"},"inLanguage":"en-US","potentialAction":[{"@type":"ReadAction","target":["https:\/\/cpaatlantic.ca\/fr\/erf-submission-thank-you\/"]}]},{"@type":"ImageObject","inLanguage":"en-US","@id":"https:\/\/cpaatlantic.ca\/fr\/erf-submission-thank-you\/#primaryimage","url":"https:\/\/cpaatlantic.ca\/fr\/wp-content\/uploads\/sites\/3\/2022\/08\/cpa-path.jpg","contentUrl":"https:\/\/cpaatlantic.ca\/fr\/wp-content\/uploads\/sites\/3\/2022\/08\/cpa-path.jpg","width":925,"height":600},{"@type":"BreadcrumbList","@id":"https:\/\/cpaatlantic.ca\/fr\/erf-submission-thank-you\/#breadcrumb","itemListElement":[{"@type":"ListItem","position":1,"name":"Home","item":"https:\/\/cpaatlantic.ca\/fr\/"},{"@type":"ListItem","position":2,"name":"Merci"}]},{"@type":"WebSite","@id":"https:\/\/cpaatlantic.ca\/fr\/#website","url":"https:\/\/cpaatlantic.ca\/fr\/","name":"CPA Atlantique","description":"Devenir CPA","potentialAction":[{"@type":"SearchAction","target":{"@type":"EntryPoint","urlTemplate":"https:\/\/cpaatlantic.ca\/fr\/?s={search_term_string}"},"query-input":{"@type":"PropertyValueSpecification","valueRequired":true,"valueName":"search_term_string"}}],"inLanguage":"en-US"}]}},"_links":{"self":[{"href":"https:\/\/cpaatlantic.ca\/fr\/wp-json\/wp\/v2\/pages\/1675","targetHints":{"allow":["GET"]}}],"collection":[{"href":"https:\/\/cpaatlantic.ca\/fr\/wp-json\/wp\/v2\/pages"}],"about":[{"href":"https:\/\/cpaatlantic.ca\/fr\/wp-json\/wp\/v2\/types\/page"}],"author":[{"embeddable":true,"href":"https:\/\/cpaatlantic.ca\/fr\/wp-json\/wp\/v2\/users\/4"}],"replies":[{"embeddable":true,"href":"https:\/\/cpaatlantic.ca\/fr\/wp-json\/wp\/v2\/comments?post=1675"}],"version-history":[{"count":8,"href":"https:\/\/cpaatlantic.ca\/fr\/wp-json\/wp\/v2\/pages\/1675\/revisions"}],"predecessor-version":[{"id":1684,"href":"https:\/\/cpaatlantic.ca\/fr\/wp-json\/wp\/v2\/pages\/1675\/revisions\/1684"}],"wp:featuredmedia":[{"embeddable":true,"href":"https:\/\/cpaatlantic.ca\/fr\/wp-json\/wp\/v2\/media\/640"}],"wp:attachment":[{"href":"https:\/\/cpaatlantic.ca\/fr\/wp-json\/wp\/v2\/media?parent=1675"}],"curies":[{"name":"wp","href":"https:\/\/api.w.org\/{rel}","templated":true}]}}