{"id":181,"date":"2022-07-19T20:31:29","date_gmt":"2022-07-19T23:31:29","guid":{"rendered":"https:\/\/cpaa.local\/?page_id=181"},"modified":"2026-02-26T16:09:59","modified_gmt":"2026-02-26T20:09:59","slug":"why-become-a-cpa","status":"publish","type":"page","link":"https:\/\/cpaatlantic.ca\/fr\/why-become-a-cpa\/","title":{"rendered":"Pourquoi devenir CPA ?"},"content":{"rendered":"\n<div class=\"wp-block-group page-small-section-bottom\"><div class=\"wp-block-group__inner-container is-layout-flow wp-block-group-is-layout-flow\">\n<p>Tous les organismes ont besoin d\u2019un sp\u00e9cialiste professionnel de la gestion et de la comptabilit\u00e9. Toutes les entreprises en d\u00e9marrage, toutes les institutions financi\u00e8res, toutes les soci\u00e9t\u00e9s de divertissement, tous les organismes \u00e0 but non lucratif, tous les organismes gouvernementaux \u2014 tout le monde a besoin des comp\u00e9tences que vous avez \u00e0 offrir en tant que comptable professionnel agr\u00e9\u00e9. Vous avez l\u2019\u00e9ventail de possibilit\u00e9s le plus vaste, ce qui vous permet de choisir l\u2019environnement dans lequel vous allez travailler. Quel que soit le secteur industriel dans lequel vous \u00e9voluez, votre travail consiste \u00e0 prendre la situation en main sur le plan financier, en vous tournant vers l\u2019avenir et en mettant en application les connaissances que vous avez acquises dans votre formation de CPA afin de prendre d\u2019importantes d\u00e9cisions financi\u00e8res et commerciales.<\/p>\n\n\n\n<p>Il y aura toujours une demande de sp\u00e9cialistes professionnels hautement qualifi\u00e9s dans le domaine de la comptabilit\u00e9, des affaires et des finances. Avec le titre canadien de CPA, vous serez certain d\u2019avoir la formation n\u00e9cessaire pour r\u00e9pondre aux besoins du march\u00e9 au Canada ou \u00e0 l\u2019\u00e9tranger et vous aurez toujours la possibilit\u00e9 d\u2019explorer une formation plus pointue.<\/p>\n\n\n\n<p><strong>Pourquoi devenir CPA? Voyez comment nos CPA et notre aspirante CPA r\u00e9pondent \u00e0 cette question, les avantages du titre CPA et la chose la plus importante qu\u2019on apprend avec le cheminement CPA<\/strong><\/p>\n\n\n\n<div class=\"wp-block-columns is-layout-flex wp-container-core-columns-is-layout-9d6595d7 wp-block-columns-is-layout-flex\">\n<div class=\"wp-block-column is-layout-flow wp-block-column-is-layout-flow\">\n<figure class=\"wp-block-embed is-type-video is-provider-youtube wp-block-embed-youtube wp-embed-aspect-16-9 wp-has-aspect-ratio\"><div class=\"wp-block-embed__wrapper\">\n<iframe loading=\"lazy\" title=\"Pourquoi devenir CPA ?\" width=\"500\" height=\"281\" src=\"https:\/\/www.youtube.com\/embed\/OHIa6Y0UoVo?start=3&#038;feature=oembed\" frameborder=\"0\" allow=\"accelerometer; autoplay; clipboard-write; encrypted-media; gyroscope; picture-in-picture; web-share\" referrerpolicy=\"strict-origin-when-cross-origin\" allowfullscreen><\/iframe>\n<\/div><\/figure>\n<\/div>\n\n\n\n<div class=\"wp-block-column is-layout-flow wp-block-column-is-layout-flow\">\n<figure class=\"wp-block-embed is-type-video is-provider-youtube wp-block-embed-youtube wp-embed-aspect-16-9 wp-has-aspect-ratio\"><div class=\"wp-block-embed__wrapper\">\n<iframe loading=\"lazy\" title=\"Les avantages du titre CPA\" width=\"500\" height=\"281\" src=\"https:\/\/www.youtube.com\/embed\/vxBiW8s2ljQ?feature=oembed\" frameborder=\"0\" allow=\"accelerometer; autoplay; clipboard-write; encrypted-media; gyroscope; picture-in-picture; web-share\" referrerpolicy=\"strict-origin-when-cross-origin\" allowfullscreen><\/iframe>\n<\/div><\/figure>\n<\/div>\n\n\n\n<div class=\"wp-block-column is-layout-flow wp-block-column-is-layout-flow\">\n<figure class=\"wp-block-embed is-type-video is-provider-youtube wp-block-embed-youtube wp-embed-aspect-16-9 wp-has-aspect-ratio\"><div class=\"wp-block-embed__wrapper\">\n<iframe loading=\"lazy\" title=\"La chose la plus importante qu\u2019on apprend avec le cheminement CPA\" width=\"500\" height=\"281\" src=\"https:\/\/www.youtube.com\/embed\/xy07gRsLYfc?feature=oembed\" frameborder=\"0\" allow=\"accelerometer; autoplay; clipboard-write; encrypted-media; gyroscope; picture-in-picture; web-share\" referrerpolicy=\"strict-origin-when-cross-origin\" allowfullscreen><\/iframe>\n<\/div><\/figure>\n<\/div>\n<\/div>\n<\/div><\/div>\n\n\n\n<h2 class=\"wp-block-heading small-hl\"><strong>Qu&#8217;est-ce qu&#8217;un CPA ?<\/strong><\/h2>\n\n\n\n<ul class=\"wp-block-list\">\n<li>\u00c0 l&#8217;\u00e9chelle mondiale, il existe de nombreuses d\u00e9signations comptables reconnues par la F\u00e9d\u00e9ration internationale des comptables (IFAC).<\/li>\n\n\n\n<li>CPA Bermuda est affili\u00e9 au titre canadien de CPA.<\/li>\n\n\n\n<li>Plus de 900 membres aux Bermudes et plus de 210 000 membres \u00e0 l&#8217;\u00e9chelle internationale avec le titre canadien de CPA.<\/li>\n\n\n\n<li>Les CPA sont l\u2019une des rares professions \u00abr\u00e9glement\u00e9es\u00bb, comme les m\u00e9decins, les avocats, les ing\u00e9nieurs, etc<\/li>\n\n\n\n<li>Un CPA n&#8217;est pas un dipl\u00f4me, c&#8217;est un titre commercial &#8211; et il est parmi les plus importants et les plus prestigieux au monde.<\/li>\n\n\n\n<li>En son nom, l\u2019\u00c9cole de gestion CPA Atlantique fait la promotion et offre le programme au Canada atlantique et aux Bermudes.<\/li>\n<\/ul>\n","protected":false},"excerpt":{"rendered":"<p>Informez-vous sur les avantages du titre de CPA au Canada et sur ce que le titre de CPA peut vous apporter dans la r\u00e9alisation de vos objectifs professionnels et sur le plan de votre r\u00e9mun\u00e9ration.<\/p>\n","protected":false},"author":1,"featured_media":639,"parent":0,"menu_order":0,"comment_status":"closed","ping_status":"closed","template":"","meta":{"_acf_changed":false,"footnotes":""},"class_list":["post-181","page","type-page","status-publish","has-post-thumbnail","hentry"],"acf":[],"yoast_head":"<!-- This site is optimized with the Yoast SEO plugin v27.4 - https:\/\/yoast.com\/product\/yoast-seo-wordpress\/ -->\n<title>Pourquoi devenir CPA ? - CPA Atlantique<\/title>\n<meta name=\"description\" content=\"Devenir comptable professionnel agr\u00e9\u00e9 offre de nombreux avantages et peut vous aider \u00e0 atteindre vos objectifs professionnels et \u00e0 augmenter votre potentiel de revenus.\" \/>\n<meta name=\"robots\" content=\"index, follow, max-snippet:-1, max-image-preview:large, max-video-preview:-1\" \/>\n<link rel=\"canonical\" href=\"https:\/\/cpaatlantic.ca\/fr\/why-become-a-cpa\/\" \/>\n<meta property=\"og:locale\" content=\"en_US\" \/>\n<meta property=\"og:type\" content=\"article\" \/>\n<meta property=\"og:title\" content=\"Pourquoi devenir CPA ? - CPA Atlantique\" \/>\n<meta property=\"og:description\" content=\"Devenir comptable professionnel agr\u00e9\u00e9 offre de nombreux avantages et peut vous aider \u00e0 atteindre vos objectifs professionnels et \u00e0 augmenter votre potentiel de revenus.\" \/>\n<meta property=\"og:url\" content=\"https:\/\/cpaatlantic.ca\/fr\/why-become-a-cpa\/\" \/>\n<meta property=\"og:site_name\" content=\"CPA Atlantique\" \/>\n<meta property=\"article:modified_time\" content=\"2026-02-26T20:09:59+00:00\" \/>\n<meta property=\"og:image\" content=\"https:\/\/cpaatlantic.ca\/fr\/wp-content\/uploads\/sites\/3\/2022\/08\/why-cpa.jpg\" \/>\n\t<meta property=\"og:image:width\" content=\"925\" \/>\n\t<meta property=\"og:image:height\" content=\"600\" \/>\n\t<meta property=\"og:image:type\" content=\"image\/jpeg\" \/>\n<meta name=\"twitter:card\" content=\"summary_large_image\" \/>\n<meta name=\"twitter:label1\" content=\"Est. reading time\" \/>\n\t<meta name=\"twitter:data1\" content=\"5 minutes\" \/>\n<script type=\"application\/ld+json\" class=\"yoast-schema-graph\">{\"@context\":\"https:\\\/\\\/schema.org\",\"@graph\":[{\"@type\":\"WebPage\",\"@id\":\"https:\\\/\\\/cpaatlantic.ca\\\/fr\\\/why-become-a-cpa\\\/\",\"url\":\"https:\\\/\\\/cpaatlantic.ca\\\/fr\\\/why-become-a-cpa\\\/\",\"name\":\"Pourquoi devenir CPA ? - CPA Atlantique\",\"isPartOf\":{\"@id\":\"https:\\\/\\\/cpaatlantic.ca\\\/fr\\\/#website\"},\"primaryImageOfPage\":{\"@id\":\"https:\\\/\\\/cpaatlantic.ca\\\/fr\\\/why-become-a-cpa\\\/#primaryimage\"},\"image\":{\"@id\":\"https:\\\/\\\/cpaatlantic.ca\\\/fr\\\/why-become-a-cpa\\\/#primaryimage\"},\"thumbnailUrl\":\"https:\\\/\\\/cpaatlantic.ca\\\/fr\\\/wp-content\\\/uploads\\\/sites\\\/3\\\/2022\\\/08\\\/why-cpa.jpg\",\"datePublished\":\"2022-07-19T23:31:29+00:00\",\"dateModified\":\"2026-02-26T20:09:59+00:00\",\"description\":\"Devenir comptable professionnel agr\u00e9\u00e9 offre de nombreux avantages et peut vous aider \u00e0 atteindre vos objectifs professionnels et \u00e0 augmenter votre potentiel de revenus.\",\"breadcrumb\":{\"@id\":\"https:\\\/\\\/cpaatlantic.ca\\\/fr\\\/why-become-a-cpa\\\/#breadcrumb\"},\"inLanguage\":\"en-US\",\"potentialAction\":[{\"@type\":\"ReadAction\",\"target\":[\"https:\\\/\\\/cpaatlantic.ca\\\/fr\\\/why-become-a-cpa\\\/\"]}]},{\"@type\":\"ImageObject\",\"inLanguage\":\"en-US\",\"@id\":\"https:\\\/\\\/cpaatlantic.ca\\\/fr\\\/why-become-a-cpa\\\/#primaryimage\",\"url\":\"https:\\\/\\\/cpaatlantic.ca\\\/fr\\\/wp-content\\\/uploads\\\/sites\\\/3\\\/2022\\\/08\\\/why-cpa.jpg\",\"contentUrl\":\"https:\\\/\\\/cpaatlantic.ca\\\/fr\\\/wp-content\\\/uploads\\\/sites\\\/3\\\/2022\\\/08\\\/why-cpa.jpg\",\"width\":925,\"height\":600},{\"@type\":\"BreadcrumbList\",\"@id\":\"https:\\\/\\\/cpaatlantic.ca\\\/fr\\\/why-become-a-cpa\\\/#breadcrumb\",\"itemListElement\":[{\"@type\":\"ListItem\",\"position\":1,\"name\":\"Home\",\"item\":\"https:\\\/\\\/cpaatlantic.ca\\\/fr\\\/\"},{\"@type\":\"ListItem\",\"position\":2,\"name\":\"Pourquoi devenir CPA ?\"}]},{\"@type\":\"WebSite\",\"@id\":\"https:\\\/\\\/cpaatlantic.ca\\\/fr\\\/#website\",\"url\":\"https:\\\/\\\/cpaatlantic.ca\\\/fr\\\/\",\"name\":\"CPA Atlantique\",\"description\":\"Devenir CPA\",\"potentialAction\":[{\"@type\":\"SearchAction\",\"target\":{\"@type\":\"EntryPoint\",\"urlTemplate\":\"https:\\\/\\\/cpaatlantic.ca\\\/fr\\\/?s={search_term_string}\"},\"query-input\":{\"@type\":\"PropertyValueSpecification\",\"valueRequired\":true,\"valueName\":\"search_term_string\"}}],\"inLanguage\":\"en-US\"}]}<\/script>\n<!-- \/ Yoast SEO plugin. -->","yoast_head_json":{"title":"Pourquoi devenir CPA ? - CPA Atlantique","description":"Devenir comptable professionnel agr\u00e9\u00e9 offre de nombreux avantages et peut vous aider \u00e0 atteindre vos objectifs professionnels et \u00e0 augmenter votre potentiel de revenus.","robots":{"index":"index","follow":"follow","max-snippet":"max-snippet:-1","max-image-preview":"max-image-preview:large","max-video-preview":"max-video-preview:-1"},"canonical":"https:\/\/cpaatlantic.ca\/fr\/why-become-a-cpa\/","og_locale":"en_US","og_type":"article","og_title":"Pourquoi devenir CPA ? - CPA Atlantique","og_description":"Devenir comptable professionnel agr\u00e9\u00e9 offre de nombreux avantages et peut vous aider \u00e0 atteindre vos objectifs professionnels et \u00e0 augmenter votre potentiel de revenus.","og_url":"https:\/\/cpaatlantic.ca\/fr\/why-become-a-cpa\/","og_site_name":"CPA Atlantique","article_modified_time":"2026-02-26T20:09:59+00:00","og_image":[{"width":925,"height":600,"url":"https:\/\/cpaatlantic.ca\/fr\/wp-content\/uploads\/sites\/3\/2022\/08\/why-cpa.jpg","type":"image\/jpeg"}],"twitter_card":"summary_large_image","twitter_misc":{"Est. reading time":"5 minutes"},"schema":{"@context":"https:\/\/schema.org","@graph":[{"@type":"WebPage","@id":"https:\/\/cpaatlantic.ca\/fr\/why-become-a-cpa\/","url":"https:\/\/cpaatlantic.ca\/fr\/why-become-a-cpa\/","name":"Pourquoi devenir CPA ? - CPA Atlantique","isPartOf":{"@id":"https:\/\/cpaatlantic.ca\/fr\/#website"},"primaryImageOfPage":{"@id":"https:\/\/cpaatlantic.ca\/fr\/why-become-a-cpa\/#primaryimage"},"image":{"@id":"https:\/\/cpaatlantic.ca\/fr\/why-become-a-cpa\/#primaryimage"},"thumbnailUrl":"https:\/\/cpaatlantic.ca\/fr\/wp-content\/uploads\/sites\/3\/2022\/08\/why-cpa.jpg","datePublished":"2022-07-19T23:31:29+00:00","dateModified":"2026-02-26T20:09:59+00:00","description":"Devenir comptable professionnel agr\u00e9\u00e9 offre de nombreux avantages et peut vous aider \u00e0 atteindre vos objectifs professionnels et \u00e0 augmenter votre potentiel de revenus.","breadcrumb":{"@id":"https:\/\/cpaatlantic.ca\/fr\/why-become-a-cpa\/#breadcrumb"},"inLanguage":"en-US","potentialAction":[{"@type":"ReadAction","target":["https:\/\/cpaatlantic.ca\/fr\/why-become-a-cpa\/"]}]},{"@type":"ImageObject","inLanguage":"en-US","@id":"https:\/\/cpaatlantic.ca\/fr\/why-become-a-cpa\/#primaryimage","url":"https:\/\/cpaatlantic.ca\/fr\/wp-content\/uploads\/sites\/3\/2022\/08\/why-cpa.jpg","contentUrl":"https:\/\/cpaatlantic.ca\/fr\/wp-content\/uploads\/sites\/3\/2022\/08\/why-cpa.jpg","width":925,"height":600},{"@type":"BreadcrumbList","@id":"https:\/\/cpaatlantic.ca\/fr\/why-become-a-cpa\/#breadcrumb","itemListElement":[{"@type":"ListItem","position":1,"name":"Home","item":"https:\/\/cpaatlantic.ca\/fr\/"},{"@type":"ListItem","position":2,"name":"Pourquoi devenir CPA ?"}]},{"@type":"WebSite","@id":"https:\/\/cpaatlantic.ca\/fr\/#website","url":"https:\/\/cpaatlantic.ca\/fr\/","name":"CPA Atlantique","description":"Devenir CPA","potentialAction":[{"@type":"SearchAction","target":{"@type":"EntryPoint","urlTemplate":"https:\/\/cpaatlantic.ca\/fr\/?s={search_term_string}"},"query-input":{"@type":"PropertyValueSpecification","valueRequired":true,"valueName":"search_term_string"}}],"inLanguage":"en-US"}]}},"_links":{"self":[{"href":"https:\/\/cpaatlantic.ca\/fr\/wp-json\/wp\/v2\/pages\/181","targetHints":{"allow":["GET"]}}],"collection":[{"href":"https:\/\/cpaatlantic.ca\/fr\/wp-json\/wp\/v2\/pages"}],"about":[{"href":"https:\/\/cpaatlantic.ca\/fr\/wp-json\/wp\/v2\/types\/page"}],"author":[{"embeddable":true,"href":"https:\/\/cpaatlantic.ca\/fr\/wp-json\/wp\/v2\/users\/1"}],"replies":[{"embeddable":true,"href":"https:\/\/cpaatlantic.ca\/fr\/wp-json\/wp\/v2\/comments?post=181"}],"version-history":[{"count":33,"href":"https:\/\/cpaatlantic.ca\/fr\/wp-json\/wp\/v2\/pages\/181\/revisions"}],"predecessor-version":[{"id":2399,"href":"https:\/\/cpaatlantic.ca\/fr\/wp-json\/wp\/v2\/pages\/181\/revisions\/2399"}],"wp:featuredmedia":[{"embeddable":true,"href":"https:\/\/cpaatlantic.ca\/fr\/wp-json\/wp\/v2\/media\/639"}],"wp:attachment":[{"href":"https:\/\/cpaatlantic.ca\/fr\/wp-json\/wp\/v2\/media?parent=181"}],"curies":[{"name":"wp","href":"https:\/\/api.w.org\/{rel}","templated":true}]}}