{"id":208,"date":"2022-07-20T12:53:00","date_gmt":"2022-07-20T15:53:00","guid":{"rendered":"https:\/\/cpaa.local\/?page_id=208"},"modified":"2024-10-30T10:11:57","modified_gmt":"2024-10-30T13:11:57","slug":"about-cpa-atlantic-school","status":"publish","type":"page","link":"https:\/\/cpaatlantic.ca\/fr\/about-cpa-atlantic-school\/","title":{"rendered":"L\u2019\u00c9cole de gestion CPA Atlantique"},"content":{"rendered":"\n<h2 class=\"wp-block-heading small-hl\">Notre mission<\/h2>\n\n\n\n<p class=\"page-small-section-bottom\"> L\u2019\u00c9cole de gestion CPA Atlantique \u0153uvre au nom de la profession de CPA et a pour mission de recruter des candidats souhaitant devenir des sp\u00e9cialistes professionnels de la gestion et de la comptabilit\u00e9 et d\u2019assurer leur formation et leur perfectionnement pour qu\u2019ils deviennent des sp\u00e9cialistes reconnus partout dans le monde.<\/p>\n\n\n\n<h2 class=\"wp-block-heading small-hl\">Notre vision<\/h2>\n\n\n\n<p>Former des CPA qui deviendront des sp\u00e9cialistes professionnels de la gestion et de la comptabilit\u00e9 reconnus partout dans le monde.<\/p>\n\n\n\n<p>Le titre canadien de comptable professionnel agr\u00e9\u00e9 (CPA) est le titre pr\u00e9\u00e9minent dans le secteur de la comptabilit\u00e9 et de la gestion. Il s\u2019agit d\u2019un titre reconnu et respect\u00e9 partout dans le monde. Il signifie que les individus qui le d\u00e9tiennent sont des sp\u00e9cialistes professionnels hautement qualifi\u00e9s, qui ont montr\u00e9 qu\u2019ils \u00e9taient constamment attach\u00e9s \u00e0 offrir des services conformes aux normes de qualit\u00e9 les plus \u00e9lev\u00e9es dans la comptabilit\u00e9 et la gestion, dans le strict respect de la d\u00e9ontologie.<\/p>\n\n\n\n<p>L\u2019\u00c9cole de gestion CPA Atlantique a pour mission de recruter des candidats souhaitant devenir des sp\u00e9cialistes professionnels de la gestion et de la comptabilit\u00e9 et d\u2019assurer leur formation pour qu\u2019ils deviennent des comptables professionnels qualifi\u00e9s. Les candidats ont l\u2019obligation de suivre un processus rigoureux et exigeant de formation, conforme aux besoins des entreprises, des cabinets d\u2019expertise comptable et des administrations gouvernementales.<\/p>\n\n\n\n<p>Les programmes offerts par l\u2019\u00e9cole sont disponibles \u00e0 temps partiel et dans le cadre d\u2019un enseignement combinant des s\u00e9ances en personne et des activit\u00e9s en ligne. Les cours et les examens sont offerts partout dans les provinces de l\u2019Atlantique et aux Bermudes et bon nombre de cours sont offerts \u00e0 la fois en anglais et en fran\u00e7ais. Ils sont accessibles \u00e0 tous les candidats, quelle que soit leur formation de d\u00e9part.<\/p>\n\n\n\n<p>L\u2019\u00c9cole de gestion CPA Atlantique se laisse guider, dans son fonctionnement, par les valeurs fondamentales suivantes&nbsp;:<\/p>\n\n\n\n<ul class=\"wp-block-list\">\n<li>int\u00e9grit\u00e9 dans l\u2019action<\/li>\n\n\n\n<li>respect<\/li>\n\n\n\n<li>excellence dans ce que nous faisons<\/li>\n\n\n\n<li>transparence<\/li>\n\n\n\n<li>collaboration pour la r\u00e9ussite<\/li>\n\n\n\n<li>offre de services aux parties int\u00e9ress\u00e9es et \u00e0 leurs communaut\u00e9s<\/li>\n\n\n\n<li>innovation et capacit\u00e9 d\u2019adaptation<\/li>\n<\/ul>\n\n\n\n<p>L\u2019\u00c9cole de gestion CPA Atlantique se situe \u00e0 Halifax, en Nouvelle-\u00c9cosse, avec des employ\u00e9s \u00e0 Moncton (Nouveau-Brunswick).<\/p>\n","protected":false},"excerpt":{"rendered":"<p>L\u2019\u00c9cole de gestion CPA Atlantique assure la promotion et l\u2019offre, dans les provinces du Canada atlantique et aux Bermudes, des programmes pr\u00e9alables \u00e0 l\u2019obtention du titre de CPA.<\/p>\n","protected":false},"author":1,"featured_media":654,"parent":0,"menu_order":0,"comment_status":"closed","ping_status":"closed","template":"","meta":{"_acf_changed":false,"footnotes":""},"class_list":["post-208","page","type-page","status-publish","has-post-thumbnail","hentry"],"acf":[],"yoast_head":"<!-- This site is optimized with the Yoast SEO plugin v27.3 - https:\/\/yoast.com\/product\/yoast-seo-wordpress\/ -->\n<title>L\u2019\u00c9cole de gestion CPA Atlantique - CPA Atlantique<\/title>\n<meta name=\"description\" content=\"L\u2019\u00c9cole de gestion CPA Atlantique assure la promotion et l\u2019offre, dans les provinces du Canada atlantique et aux Bermudes, des programmes pr\u00e9alables \u00e0 l\u2019obtention du titre de CPA.\" \/>\n<meta name=\"robots\" content=\"index, follow, max-snippet:-1, max-image-preview:large, max-video-preview:-1\" \/>\n<link rel=\"canonical\" href=\"https:\/\/cpaatlantic.ca\/fr\/about-cpa-atlantic-school\/\" \/>\n<meta property=\"og:locale\" content=\"en_US\" \/>\n<meta property=\"og:type\" content=\"article\" \/>\n<meta property=\"og:title\" content=\"L\u2019\u00c9cole de gestion CPA Atlantique - CPA Atlantique\" \/>\n<meta property=\"og:description\" content=\"L\u2019\u00c9cole de gestion CPA Atlantique assure la promotion et l\u2019offre, dans les provinces du Canada atlantique et aux Bermudes, des programmes pr\u00e9alables \u00e0 l\u2019obtention du titre de CPA.\" \/>\n<meta property=\"og:url\" content=\"https:\/\/cpaatlantic.ca\/fr\/about-cpa-atlantic-school\/\" \/>\n<meta property=\"og:site_name\" content=\"CPA Atlantique\" \/>\n<meta property=\"article:modified_time\" content=\"2024-10-30T13:11:57+00:00\" \/>\n<meta property=\"og:image\" content=\"https:\/\/cpaatlantic.ca\/fr\/wp-content\/uploads\/sites\/3\/2022\/08\/cpa.jpg\" \/>\n\t<meta property=\"og:image:width\" content=\"925\" \/>\n\t<meta property=\"og:image:height\" content=\"600\" \/>\n\t<meta property=\"og:image:type\" content=\"image\/jpeg\" \/>\n<meta name=\"twitter:card\" content=\"summary_large_image\" \/>\n<meta name=\"twitter:label1\" content=\"Est. reading time\" \/>\n\t<meta name=\"twitter:data1\" content=\"2 minutes\" \/>\n<script type=\"application\/ld+json\" class=\"yoast-schema-graph\">{\"@context\":\"https:\\\/\\\/schema.org\",\"@graph\":[{\"@type\":\"WebPage\",\"@id\":\"https:\\\/\\\/cpaatlantic.ca\\\/fr\\\/about-cpa-atlantic-school\\\/\",\"url\":\"https:\\\/\\\/cpaatlantic.ca\\\/fr\\\/about-cpa-atlantic-school\\\/\",\"name\":\"L\u2019\u00c9cole de gestion CPA Atlantique - CPA Atlantique\",\"isPartOf\":{\"@id\":\"https:\\\/\\\/cpaatlantic.ca\\\/fr\\\/#website\"},\"primaryImageOfPage\":{\"@id\":\"https:\\\/\\\/cpaatlantic.ca\\\/fr\\\/about-cpa-atlantic-school\\\/#primaryimage\"},\"image\":{\"@id\":\"https:\\\/\\\/cpaatlantic.ca\\\/fr\\\/about-cpa-atlantic-school\\\/#primaryimage\"},\"thumbnailUrl\":\"https:\\\/\\\/cpaatlantic.ca\\\/fr\\\/wp-content\\\/uploads\\\/sites\\\/3\\\/2022\\\/08\\\/cpa.jpg\",\"datePublished\":\"2022-07-20T15:53:00+00:00\",\"dateModified\":\"2024-10-30T13:11:57+00:00\",\"description\":\"L\u2019\u00c9cole de gestion CPA Atlantique assure la promotion et l\u2019offre, dans les provinces du Canada atlantique et aux Bermudes, des programmes pr\u00e9alables \u00e0 l\u2019obtention du titre de CPA.\",\"breadcrumb\":{\"@id\":\"https:\\\/\\\/cpaatlantic.ca\\\/fr\\\/about-cpa-atlantic-school\\\/#breadcrumb\"},\"inLanguage\":\"en-US\",\"potentialAction\":[{\"@type\":\"ReadAction\",\"target\":[\"https:\\\/\\\/cpaatlantic.ca\\\/fr\\\/about-cpa-atlantic-school\\\/\"]}]},{\"@type\":\"ImageObject\",\"inLanguage\":\"en-US\",\"@id\":\"https:\\\/\\\/cpaatlantic.ca\\\/fr\\\/about-cpa-atlantic-school\\\/#primaryimage\",\"url\":\"https:\\\/\\\/cpaatlantic.ca\\\/fr\\\/wp-content\\\/uploads\\\/sites\\\/3\\\/2022\\\/08\\\/cpa.jpg\",\"contentUrl\":\"https:\\\/\\\/cpaatlantic.ca\\\/fr\\\/wp-content\\\/uploads\\\/sites\\\/3\\\/2022\\\/08\\\/cpa.jpg\",\"width\":925,\"height\":600},{\"@type\":\"BreadcrumbList\",\"@id\":\"https:\\\/\\\/cpaatlantic.ca\\\/fr\\\/about-cpa-atlantic-school\\\/#breadcrumb\",\"itemListElement\":[{\"@type\":\"ListItem\",\"position\":1,\"name\":\"Home\",\"item\":\"https:\\\/\\\/cpaatlantic.ca\\\/fr\\\/\"},{\"@type\":\"ListItem\",\"position\":2,\"name\":\"L\u2019\u00c9cole de gestion CPA Atlantique\"}]},{\"@type\":\"WebSite\",\"@id\":\"https:\\\/\\\/cpaatlantic.ca\\\/fr\\\/#website\",\"url\":\"https:\\\/\\\/cpaatlantic.ca\\\/fr\\\/\",\"name\":\"CPA Atlantique\",\"description\":\"Devenir CPA\",\"potentialAction\":[{\"@type\":\"SearchAction\",\"target\":{\"@type\":\"EntryPoint\",\"urlTemplate\":\"https:\\\/\\\/cpaatlantic.ca\\\/fr\\\/?s={search_term_string}\"},\"query-input\":{\"@type\":\"PropertyValueSpecification\",\"valueRequired\":true,\"valueName\":\"search_term_string\"}}],\"inLanguage\":\"en-US\"}]}<\/script>\n<!-- \/ Yoast SEO plugin. -->","yoast_head_json":{"title":"L\u2019\u00c9cole de gestion CPA Atlantique - CPA Atlantique","description":"L\u2019\u00c9cole de gestion CPA Atlantique assure la promotion et l\u2019offre, dans les provinces du Canada atlantique et aux Bermudes, des programmes pr\u00e9alables \u00e0 l\u2019obtention du titre de CPA.","robots":{"index":"index","follow":"follow","max-snippet":"max-snippet:-1","max-image-preview":"max-image-preview:large","max-video-preview":"max-video-preview:-1"},"canonical":"https:\/\/cpaatlantic.ca\/fr\/about-cpa-atlantic-school\/","og_locale":"en_US","og_type":"article","og_title":"L\u2019\u00c9cole de gestion CPA Atlantique - CPA Atlantique","og_description":"L\u2019\u00c9cole de gestion CPA Atlantique assure la promotion et l\u2019offre, dans les provinces du Canada atlantique et aux Bermudes, des programmes pr\u00e9alables \u00e0 l\u2019obtention du titre de CPA.","og_url":"https:\/\/cpaatlantic.ca\/fr\/about-cpa-atlantic-school\/","og_site_name":"CPA Atlantique","article_modified_time":"2024-10-30T13:11:57+00:00","og_image":[{"width":925,"height":600,"url":"https:\/\/cpaatlantic.ca\/fr\/wp-content\/uploads\/sites\/3\/2022\/08\/cpa.jpg","type":"image\/jpeg"}],"twitter_card":"summary_large_image","twitter_misc":{"Est. reading time":"2 minutes"},"schema":{"@context":"https:\/\/schema.org","@graph":[{"@type":"WebPage","@id":"https:\/\/cpaatlantic.ca\/fr\/about-cpa-atlantic-school\/","url":"https:\/\/cpaatlantic.ca\/fr\/about-cpa-atlantic-school\/","name":"L\u2019\u00c9cole de gestion CPA Atlantique - CPA Atlantique","isPartOf":{"@id":"https:\/\/cpaatlantic.ca\/fr\/#website"},"primaryImageOfPage":{"@id":"https:\/\/cpaatlantic.ca\/fr\/about-cpa-atlantic-school\/#primaryimage"},"image":{"@id":"https:\/\/cpaatlantic.ca\/fr\/about-cpa-atlantic-school\/#primaryimage"},"thumbnailUrl":"https:\/\/cpaatlantic.ca\/fr\/wp-content\/uploads\/sites\/3\/2022\/08\/cpa.jpg","datePublished":"2022-07-20T15:53:00+00:00","dateModified":"2024-10-30T13:11:57+00:00","description":"L\u2019\u00c9cole de gestion CPA Atlantique assure la promotion et l\u2019offre, dans les provinces du Canada atlantique et aux Bermudes, des programmes pr\u00e9alables \u00e0 l\u2019obtention du titre de CPA.","breadcrumb":{"@id":"https:\/\/cpaatlantic.ca\/fr\/about-cpa-atlantic-school\/#breadcrumb"},"inLanguage":"en-US","potentialAction":[{"@type":"ReadAction","target":["https:\/\/cpaatlantic.ca\/fr\/about-cpa-atlantic-school\/"]}]},{"@type":"ImageObject","inLanguage":"en-US","@id":"https:\/\/cpaatlantic.ca\/fr\/about-cpa-atlantic-school\/#primaryimage","url":"https:\/\/cpaatlantic.ca\/fr\/wp-content\/uploads\/sites\/3\/2022\/08\/cpa.jpg","contentUrl":"https:\/\/cpaatlantic.ca\/fr\/wp-content\/uploads\/sites\/3\/2022\/08\/cpa.jpg","width":925,"height":600},{"@type":"BreadcrumbList","@id":"https:\/\/cpaatlantic.ca\/fr\/about-cpa-atlantic-school\/#breadcrumb","itemListElement":[{"@type":"ListItem","position":1,"name":"Home","item":"https:\/\/cpaatlantic.ca\/fr\/"},{"@type":"ListItem","position":2,"name":"L\u2019\u00c9cole de gestion CPA Atlantique"}]},{"@type":"WebSite","@id":"https:\/\/cpaatlantic.ca\/fr\/#website","url":"https:\/\/cpaatlantic.ca\/fr\/","name":"CPA Atlantique","description":"Devenir CPA","potentialAction":[{"@type":"SearchAction","target":{"@type":"EntryPoint","urlTemplate":"https:\/\/cpaatlantic.ca\/fr\/?s={search_term_string}"},"query-input":{"@type":"PropertyValueSpecification","valueRequired":true,"valueName":"search_term_string"}}],"inLanguage":"en-US"}]}},"_links":{"self":[{"href":"https:\/\/cpaatlantic.ca\/fr\/wp-json\/wp\/v2\/pages\/208","targetHints":{"allow":["GET"]}}],"collection":[{"href":"https:\/\/cpaatlantic.ca\/fr\/wp-json\/wp\/v2\/pages"}],"about":[{"href":"https:\/\/cpaatlantic.ca\/fr\/wp-json\/wp\/v2\/types\/page"}],"author":[{"embeddable":true,"href":"https:\/\/cpaatlantic.ca\/fr\/wp-json\/wp\/v2\/users\/1"}],"replies":[{"embeddable":true,"href":"https:\/\/cpaatlantic.ca\/fr\/wp-json\/wp\/v2\/comments?post=208"}],"version-history":[{"count":10,"href":"https:\/\/cpaatlantic.ca\/fr\/wp-json\/wp\/v2\/pages\/208\/revisions"}],"predecessor-version":[{"id":2464,"href":"https:\/\/cpaatlantic.ca\/fr\/wp-json\/wp\/v2\/pages\/208\/revisions\/2464"}],"wp:featuredmedia":[{"embeddable":true,"href":"https:\/\/cpaatlantic.ca\/fr\/wp-json\/wp\/v2\/media\/654"}],"wp:attachment":[{"href":"https:\/\/cpaatlantic.ca\/fr\/wp-json\/wp\/v2\/media?parent=208"}],"curies":[{"name":"wp","href":"https:\/\/api.w.org\/{rel}","templated":true}]}}