{"id":211,"date":"2022-07-20T12:58:33","date_gmt":"2022-07-20T15:58:33","guid":{"rendered":"https:\/\/cpaa.local\/?page_id=211"},"modified":"2022-08-12T16:58:12","modified_gmt":"2022-08-12T19:58:12","slug":"faqs","status":"publish","type":"page","link":"https:\/\/cpaatlantic.ca\/fr\/faqs\/","title":{"rendered":"FAQs"},"content":{"rendered":"\n<h2 class=\"small-hl wp-block-heading\">D\u00e9couvrez tout ce que vous devez savoir pour devenir CPA<\/h2>\n\n\n<div id=\"accordion-block_62d825a0e73e1\" class=\"accordion page-block-area\">\n\n    <div class=\"accordion-blockquote\">\n            <div class=\"accordion block-accordion page-small-section-bottom\" id=\"block-accordion-block_62d825a0e73e1\">\n              <div class=\"card\">\n          <div class=\"card-header\" id=\"heading-accordion-block_62d825a0e73e1-1\">\n            <h2 class=\"mb-0\">\n              <div class=\"btn-link collapsed\" data-toggle=\"collapse\" data-target=\"#collapse-accordion-block_62d825a0e73e1-1\" aria-expanded=\"true\" aria-controls=\"collapse-accordion-block_62d825a0e73e1-1\">\n              Dois-je poss\u00e9der un dipl\u00f4me en comptabilit\u00e9 pour m\u2019inscrire au programme d\u2019agr\u00e9ment CPA?            <\/div>\n            <\/h2>\n          <\/div>\n          <div id=\"collapse-accordion-block_62d825a0e73e1-1\" class=\"collapse\" aria-labelledby=\"heading-accordion-block_62d825a0e73e1-1\" data-parent=\"#block-accordion-block_62d825a0e73e1\">\n            <div class=\"card-body\">\n              <p class=\"font_8\">Non, un dipl\u00f4me en comptabilit\u00e9 n\u2019est pas une exigence d\u2019admission. La condition pr\u00e9alable \u00e0 l\u2019admission au programme d\u2019agr\u00e9ment CPA sur le plan des \u00e9tudes est un dipl\u00f4me universitaire dans une discipline quelconque (premier cycle ou cycle sup\u00e9rieur) d\u2019un \u00e9tablissement d\u2019enseignement sup\u00e9rieur reconnu. Pour les cours pr\u00e9paratoires les crit\u00e8res d\u2019admission sont l\u2019obtention de 30 heures-cr\u00e9dits dans un \u00e9tablissement d\u2019enseignement sup\u00e9rieur reconnu.<\/p>\n<p class=\"font_8\">Une \u00e9valuation de l\u2019admissibilit\u00e9 permettra d\u2019\u00e9tablir si vous r\u00e9pondez \u00e0 toutes les conditions pr\u00e9alables pr\u00e9cises sur le plan des affaires et de la comptabilit\u00e9 pour acc\u00e9der au programme pr\u00e9alable \u00e0 l\u2019agr\u00e9ment CPA de votre choix<\/p>\n            <\/div>\n          <\/div>\n        <\/div>\n                <div class=\"card\">\n          <div class=\"card-header\" id=\"heading-accordion-block_62d825a0e73e1-2\">\n            <h2 class=\"mb-0\">\n              <div class=\"btn-link collapsed\" data-toggle=\"collapse\" data-target=\"#collapse-accordion-block_62d825a0e73e1-2\" aria-expanded=\"true\" aria-controls=\"collapse-accordion-block_62d825a0e73e1-2\">\n              Dois-je occuper un emploi en comptabilit\u00e9 pour obtenir le titre de CPA?            <\/div>\n            <\/h2>\n          <\/div>\n          <div id=\"collapse-accordion-block_62d825a0e73e1-2\" class=\"collapse\" aria-labelledby=\"heading-accordion-block_62d825a0e73e1-2\" data-parent=\"#block-accordion-block_62d825a0e73e1\">\n            <div class=\"card-body\">\n              <p class=\"font_8\">En fait, vous n\u2019\u00eates pas du tout tenu d\u2019occuper un emploi au cours de vos \u00e9tudes, m\u00eame si la grande majorit\u00e9 des candidats occupent un emploi \u00e0 temps plein. Parmi les personnes qui occupent un emploi, environ 50 p. 100 travaillent dans un cabinet d\u2019experts-comptables et environ 50 p. 100 d\u2019entre elles travaillent dans des entreprises, dans le secteur public et pour des organismes sans but lucratif.<\/p>\n<p class=\"font_8\">Cependant, vous devrez acqu\u00e9rir 30 mois d\u2019exp\u00e9rience pratique pertinente aupr\u00e8s d\u2019un employeur (dans un secteur quelconque) dans un d\u00e9lai de sept ans apr\u00e8s avoir commenc\u00e9 le Programme de formation professionnelle (PFP) des CPA. Le but, c\u2019est d\u2019occuper un poste pertinent et r\u00e9mun\u00e9r\u00e9 vous mettant au d\u00e9fi progressivement, de fa\u00e7on \u00e0 devenir un comptable professionnel gr\u00e2ce \u00e0 une supervision et \u00e0 un mentorat appropri\u00e9s.<\/p>\n            <\/div>\n          <\/div>\n        <\/div>\n                <div class=\"card\">\n          <div class=\"card-header\" id=\"heading-accordion-block_62d825a0e73e1-3\">\n            <h2 class=\"mb-0\">\n              <div class=\"btn-link collapsed\" data-toggle=\"collapse\" data-target=\"#collapse-accordion-block_62d825a0e73e1-3\" aria-expanded=\"true\" aria-controls=\"collapse-accordion-block_62d825a0e73e1-3\">\n              \u200b  Ai-je droit \u00e0 de l\u2019aide financi\u00e8re pour mes \u00e9tudes de CPA?            <\/div>\n            <\/h2>\n          <\/div>\n          <div id=\"collapse-accordion-block_62d825a0e73e1-3\" class=\"collapse\" aria-labelledby=\"heading-accordion-block_62d825a0e73e1-3\" data-parent=\"#block-accordion-block_62d825a0e73e1\">\n            <div class=\"card-body\">\n              <p>Le programme d\u2019agr\u00e9ment CPA n\u2019est pas admissible aux pr\u00eats \u00e9tudiants traditionnels offerts par le gouvernement provincial ou f\u00e9d\u00e9ral. Cependant, les personnes inscrites peuvent demander un pr\u00eat pour \u00ab \u00e9tudes professionnelles \u00bb aupr\u00e8s d\u2019une banque commerciale afin de b\u00e9n\u00e9ficier d\u2019une aide financi\u00e8re tout au long du programme. Bon nombre de candidats du programme CPA b\u00e9n\u00e9ficient du soutien de leur employeur, souvent dans le cadre de leurs conditions d\u2019emploi ou de leur formation professionnelle continue.<\/p>\n            <\/div>\n          <\/div>\n        <\/div>\n                <div class=\"card\">\n          <div class=\"card-header\" id=\"heading-accordion-block_62d825a0e73e1-4\">\n            <h2 class=\"mb-0\">\n              <div class=\"btn-link collapsed\" data-toggle=\"collapse\" data-target=\"#collapse-accordion-block_62d825a0e73e1-4\" aria-expanded=\"true\" aria-controls=\"collapse-accordion-block_62d825a0e73e1-4\">\n              Le titre de CPA est-il reconnu \u00e0 l\u2019ext\u00e9rieur du Canada?            <\/div>\n            <\/h2>\n          <\/div>\n          <div id=\"collapse-accordion-block_62d825a0e73e1-4\" class=\"collapse\" aria-labelledby=\"heading-accordion-block_62d825a0e73e1-4\" data-parent=\"#block-accordion-block_62d825a0e73e1\">\n            <div class=\"card-body\">\n              <p class=\"font_8\">Oui, le titre comptable canadien est reconnu \u00e0 l\u2019\u00e9chelle internationale; des milliers de membres CPA travaillent actuellement partout dans le monde.<\/p>\n<p class=\"font_8\">Le programme d\u2019agr\u00e9ment CPA a \u00e9t\u00e9 \u00e9labor\u00e9 conform\u00e9ment aux normes de la F\u00e9d\u00e9ration internationale des comptables (FIC) \u00e0 l\u2019\u00e9gard des experts-comptables et vise \u00e0 bien pr\u00e9parer les CPA \u00e0 entreprendre une carri\u00e8re internationale, gr\u00e2ce \u00e0 des accords de r\u00e9ciprocit\u00e9 avec les plus importants organismes de comptabilit\u00e9s au monde.<\/p>\n            <\/div>\n          <\/div>\n        <\/div>\n                <div class=\"card\">\n          <div class=\"card-header\" id=\"heading-accordion-block_62d825a0e73e1-5\">\n            <h2 class=\"mb-0\">\n              <div class=\"btn-link collapsed\" data-toggle=\"collapse\" data-target=\"#collapse-accordion-block_62d825a0e73e1-5\" aria-expanded=\"true\" aria-controls=\"collapse-accordion-block_62d825a0e73e1-5\">\n               Puis-je transf\u00e9rer mes \u00e9tudes de CPA \u00e0 d\u2019autres provinces et territoires canadiens?            <\/div>\n            <\/h2>\n          <\/div>\n          <div id=\"collapse-accordion-block_62d825a0e73e1-5\" class=\"collapse\" aria-labelledby=\"heading-accordion-block_62d825a0e73e1-5\" data-parent=\"#block-accordion-block_62d825a0e73e1\">\n            <div class=\"card-body\">\n              <p>Oui, le programme d\u2019agr\u00e9ment CPA est un programme \u00e9labor\u00e9 au niveau national qui est propos\u00e9 par des \u00e9coles de gestion CPA partout au pays. Le m\u00eame programme est offert partout au Canada (et aux Bermudes), selon le m\u00eame calendrier. Si vous \u00eates actuellement un \u00e9tudiant\/candidat inscrit \u00e0 l\u2019\u00c9cole de gestion CPA Atlantique et que vous d\u00e9m\u00e9nagez dans une autre province \u00e0 l\u2019ext\u00e9rieur du Canada atlantique ou des Bermudes, communiquez avec nous afin que nous puissions vous aider \u00e0 effectuer le transfert.<\/p>\n            <\/div>\n          <\/div>\n        <\/div>\n                <div class=\"card\">\n          <div class=\"card-header\" id=\"heading-accordion-block_62d825a0e73e1-6\">\n            <h2 class=\"mb-0\">\n              <div class=\"btn-link collapsed\" data-toggle=\"collapse\" data-target=\"#collapse-accordion-block_62d825a0e73e1-6\" aria-expanded=\"true\" aria-controls=\"collapse-accordion-block_62d825a0e73e1-6\">\n              Un ressortissant \u00e9tranger (vivant au Canada) peut-il s\u2019inscrire au programme CPA?            <\/div>\n            <\/h2>\n          <\/div>\n          <div id=\"collapse-accordion-block_62d825a0e73e1-6\" class=\"collapse\" aria-labelledby=\"heading-accordion-block_62d825a0e73e1-6\" data-parent=\"#block-accordion-block_62d825a0e73e1\">\n            <div class=\"card-body\">\n              <p class=\"font_8\">Oui, les ressortissants \u00e9trangers vivant au Canada peuvent s\u2019inscrire au programme d\u2019agr\u00e9ment CPA, dans la mesure o\u00f9 ils poss\u00e8dent les visas appropri\u00e9s. En ce qui a trait aux personnes ne vivant pas au Canada, il importe de savoir qu\u2019\u00e0 l\u2019heure actuelle, les ateliers pr\u00e9sent\u00e9s sur place dans le cadre du Programme de formation professionnelle (PFP) des CPA sont seulement offerts au Canada et aux Bermudes, et que la participation est obligatoire.<\/p>\n<p class=\"font_8\">Si vous n\u2019\u00eates pas citoyen canadien ou r\u00e9sident permanent, mais que vous vivez au Canada et que vous d\u00e9sirez obtenir le titre de CPA,\u00a0communiquez avec le conseiller en programmes\u00a0de votre r\u00e9gion pour discuter des prochaines \u00e9tapes.<\/p>\n            <\/div>\n          <\/div>\n        <\/div>\n                <div class=\"card\">\n          <div class=\"card-header\" id=\"heading-accordion-block_62d825a0e73e1-7\">\n            <h2 class=\"mb-0\">\n              <div class=\"btn-link collapsed\" data-toggle=\"collapse\" data-target=\"#collapse-accordion-block_62d825a0e73e1-7\" aria-expanded=\"true\" aria-controls=\"collapse-accordion-block_62d825a0e73e1-7\">\n              Puis-je faire mes \u00e9tudes de CPA en fran\u00e7ais?            <\/div>\n            <\/h2>\n          <\/div>\n          <div id=\"collapse-accordion-block_62d825a0e73e1-7\" class=\"collapse\" aria-labelledby=\"heading-accordion-block_62d825a0e73e1-7\" data-parent=\"#block-accordion-block_62d825a0e73e1\">\n            <div class=\"card-body\">\n              <p>Oui, l\u2019\u00c9cole de gestion CPA Atlantique offre actuellement le Programme de formation professionnelle (PFP) des CPA en anglais et en fran\u00e7ais. Quant aux cours pr\u00e9alables, l\u2019\u00c9cole de gestion CPA Atlantique offre le Programme de formation pr\u00e9alable (PFPr) des CPA en anglais, mais l\u2019\u00e9quivalence en fran\u00e7ais est offerte par l\u2019interm\u00e9diaire d\u2019un \u00e9tablissement d\u2019enseignement secondaire. Si vous d\u00e9sirez suivre les cours preparatoires des CPA en fran\u00e7ais, veuillez\u00a0communiquer avec le conseiller en programmes de votre r\u00e9gion.<\/p>\n            <\/div>\n          <\/div>\n        <\/div>\n                <div class=\"card\">\n          <div class=\"card-header\" id=\"heading-accordion-block_62d825a0e73e1-8\">\n            <h2 class=\"mb-0\">\n              <div class=\"btn-link collapsed\" data-toggle=\"collapse\" data-target=\"#collapse-accordion-block_62d825a0e73e1-8\" aria-expanded=\"true\" aria-controls=\"collapse-accordion-block_62d825a0e73e1-8\">\n              Dois-je avoir un emploi pour m\u2019inscrire au Programme de formation professionnelle (PFP) des CPA?            <\/div>\n            <\/h2>\n          <\/div>\n          <div id=\"collapse-accordion-block_62d825a0e73e1-8\" class=\"collapse\" aria-labelledby=\"heading-accordion-block_62d825a0e73e1-8\" data-parent=\"#block-accordion-block_62d825a0e73e1\">\n            <div class=\"card-body\">\n              <p>Non, vous n\u2019avez pas besoin d\u2019avoir un emploi pour vous inscrire au PFP des CPA (reportez-vous \u00e0 la question 2). Afin d\u2019obtenir le titre de CPA, vous devez terminer le programme d\u2019\u00e9tudes et acqu\u00e9rir 30 mois d\u2019exp\u00e9rience pratique pertinente; cependant, ces 30 mois d\u2019acquisition d\u2019exp\u00e9rience peuvent se prolonger au-del\u00e0 que la p\u00e9riode \u00e0 laquelle vous \u00eates inscrit aux modules. Une fois inscrits, les candidats au PFP des CPA ont un d\u00e9lai de six ans pour satisfaire \u00e0 toutes les exigences de formation et de sept ans pour satisfaire aux exigences en mati\u00e8re d\u2019exp\u00e9rience pratique.<\/p>\n            <\/div>\n          <\/div>\n        <\/div>\n              <\/div>\n        <\/div>\n<\/div>\n","protected":false},"excerpt":{"rendered":"<p>D\u00e9couvrez tout ce que vous devez savoir pour devenir CPA<\/p>\n","protected":false},"author":1,"featured_media":658,"parent":0,"menu_order":0,"comment_status":"closed","ping_status":"closed","template":"","meta":{"_acf_changed":false,"footnotes":""},"class_list":["post-211","page","type-page","status-publish","has-post-thumbnail","hentry"],"acf":[],"yoast_head":"<!-- This site is optimized with the Yoast SEO plugin v27.3 - https:\/\/yoast.com\/product\/yoast-seo-wordpress\/ -->\n<title>FAQs - CPA Atlantique<\/title>\n<meta name=\"robots\" content=\"index, follow, max-snippet:-1, max-image-preview:large, max-video-preview:-1\" \/>\n<link rel=\"canonical\" href=\"https:\/\/cpaatlantic.ca\/fr\/faqs\/\" \/>\n<meta property=\"og:locale\" content=\"en_US\" \/>\n<meta property=\"og:type\" content=\"article\" \/>\n<meta property=\"og:title\" content=\"FAQs - CPA Atlantique\" \/>\n<meta property=\"og:description\" content=\"D\u00e9couvrez tout ce que vous devez savoir pour devenir CPA\" \/>\n<meta property=\"og:url\" content=\"https:\/\/cpaatlantic.ca\/fr\/faqs\/\" \/>\n<meta property=\"og:site_name\" content=\"CPA Atlantique\" \/>\n<meta property=\"article:modified_time\" content=\"2022-08-12T19:58:12+00:00\" \/>\n<meta property=\"og:image\" content=\"https:\/\/cpaatlantic.ca\/fr\/wp-content\/uploads\/sites\/3\/2022\/08\/faq.jpg\" \/>\n\t<meta property=\"og:image:width\" content=\"925\" \/>\n\t<meta property=\"og:image:height\" content=\"600\" \/>\n\t<meta property=\"og:image:type\" content=\"image\/jpeg\" \/>\n<meta name=\"twitter:card\" content=\"summary_large_image\" \/>\n<meta name=\"twitter:label1\" content=\"Est. reading time\" \/>\n\t<meta name=\"twitter:data1\" content=\"1 minute\" \/>\n<script type=\"application\/ld+json\" class=\"yoast-schema-graph\">{\"@context\":\"https:\\\/\\\/schema.org\",\"@graph\":[{\"@type\":\"WebPage\",\"@id\":\"https:\\\/\\\/cpaatlantic.ca\\\/fr\\\/faqs\\\/\",\"url\":\"https:\\\/\\\/cpaatlantic.ca\\\/fr\\\/faqs\\\/\",\"name\":\"FAQs - CPA Atlantique\",\"isPartOf\":{\"@id\":\"https:\\\/\\\/cpaatlantic.ca\\\/fr\\\/#website\"},\"primaryImageOfPage\":{\"@id\":\"https:\\\/\\\/cpaatlantic.ca\\\/fr\\\/faqs\\\/#primaryimage\"},\"image\":{\"@id\":\"https:\\\/\\\/cpaatlantic.ca\\\/fr\\\/faqs\\\/#primaryimage\"},\"thumbnailUrl\":\"https:\\\/\\\/cpaatlantic.ca\\\/fr\\\/wp-content\\\/uploads\\\/sites\\\/3\\\/2022\\\/08\\\/faq.jpg\",\"datePublished\":\"2022-07-20T15:58:33+00:00\",\"dateModified\":\"2022-08-12T19:58:12+00:00\",\"breadcrumb\":{\"@id\":\"https:\\\/\\\/cpaatlantic.ca\\\/fr\\\/faqs\\\/#breadcrumb\"},\"inLanguage\":\"en-US\",\"potentialAction\":[{\"@type\":\"ReadAction\",\"target\":[\"https:\\\/\\\/cpaatlantic.ca\\\/fr\\\/faqs\\\/\"]}]},{\"@type\":\"ImageObject\",\"inLanguage\":\"en-US\",\"@id\":\"https:\\\/\\\/cpaatlantic.ca\\\/fr\\\/faqs\\\/#primaryimage\",\"url\":\"https:\\\/\\\/cpaatlantic.ca\\\/fr\\\/wp-content\\\/uploads\\\/sites\\\/3\\\/2022\\\/08\\\/faq.jpg\",\"contentUrl\":\"https:\\\/\\\/cpaatlantic.ca\\\/fr\\\/wp-content\\\/uploads\\\/sites\\\/3\\\/2022\\\/08\\\/faq.jpg\",\"width\":925,\"height\":600},{\"@type\":\"BreadcrumbList\",\"@id\":\"https:\\\/\\\/cpaatlantic.ca\\\/fr\\\/faqs\\\/#breadcrumb\",\"itemListElement\":[{\"@type\":\"ListItem\",\"position\":1,\"name\":\"Home\",\"item\":\"https:\\\/\\\/cpaatlantic.ca\\\/fr\\\/\"},{\"@type\":\"ListItem\",\"position\":2,\"name\":\"FAQs\"}]},{\"@type\":\"WebSite\",\"@id\":\"https:\\\/\\\/cpaatlantic.ca\\\/fr\\\/#website\",\"url\":\"https:\\\/\\\/cpaatlantic.ca\\\/fr\\\/\",\"name\":\"CPA Atlantique\",\"description\":\"Devenir CPA\",\"potentialAction\":[{\"@type\":\"SearchAction\",\"target\":{\"@type\":\"EntryPoint\",\"urlTemplate\":\"https:\\\/\\\/cpaatlantic.ca\\\/fr\\\/?s={search_term_string}\"},\"query-input\":{\"@type\":\"PropertyValueSpecification\",\"valueRequired\":true,\"valueName\":\"search_term_string\"}}],\"inLanguage\":\"en-US\"}]}<\/script>\n<!-- \/ Yoast SEO plugin. -->","yoast_head_json":{"title":"FAQs - CPA Atlantique","robots":{"index":"index","follow":"follow","max-snippet":"max-snippet:-1","max-image-preview":"max-image-preview:large","max-video-preview":"max-video-preview:-1"},"canonical":"https:\/\/cpaatlantic.ca\/fr\/faqs\/","og_locale":"en_US","og_type":"article","og_title":"FAQs - CPA Atlantique","og_description":"D\u00e9couvrez tout ce que vous devez savoir pour devenir CPA","og_url":"https:\/\/cpaatlantic.ca\/fr\/faqs\/","og_site_name":"CPA Atlantique","article_modified_time":"2022-08-12T19:58:12+00:00","og_image":[{"width":925,"height":600,"url":"https:\/\/cpaatlantic.ca\/fr\/wp-content\/uploads\/sites\/3\/2022\/08\/faq.jpg","type":"image\/jpeg"}],"twitter_card":"summary_large_image","twitter_misc":{"Est. reading time":"1 minute"},"schema":{"@context":"https:\/\/schema.org","@graph":[{"@type":"WebPage","@id":"https:\/\/cpaatlantic.ca\/fr\/faqs\/","url":"https:\/\/cpaatlantic.ca\/fr\/faqs\/","name":"FAQs - CPA Atlantique","isPartOf":{"@id":"https:\/\/cpaatlantic.ca\/fr\/#website"},"primaryImageOfPage":{"@id":"https:\/\/cpaatlantic.ca\/fr\/faqs\/#primaryimage"},"image":{"@id":"https:\/\/cpaatlantic.ca\/fr\/faqs\/#primaryimage"},"thumbnailUrl":"https:\/\/cpaatlantic.ca\/fr\/wp-content\/uploads\/sites\/3\/2022\/08\/faq.jpg","datePublished":"2022-07-20T15:58:33+00:00","dateModified":"2022-08-12T19:58:12+00:00","breadcrumb":{"@id":"https:\/\/cpaatlantic.ca\/fr\/faqs\/#breadcrumb"},"inLanguage":"en-US","potentialAction":[{"@type":"ReadAction","target":["https:\/\/cpaatlantic.ca\/fr\/faqs\/"]}]},{"@type":"ImageObject","inLanguage":"en-US","@id":"https:\/\/cpaatlantic.ca\/fr\/faqs\/#primaryimage","url":"https:\/\/cpaatlantic.ca\/fr\/wp-content\/uploads\/sites\/3\/2022\/08\/faq.jpg","contentUrl":"https:\/\/cpaatlantic.ca\/fr\/wp-content\/uploads\/sites\/3\/2022\/08\/faq.jpg","width":925,"height":600},{"@type":"BreadcrumbList","@id":"https:\/\/cpaatlantic.ca\/fr\/faqs\/#breadcrumb","itemListElement":[{"@type":"ListItem","position":1,"name":"Home","item":"https:\/\/cpaatlantic.ca\/fr\/"},{"@type":"ListItem","position":2,"name":"FAQs"}]},{"@type":"WebSite","@id":"https:\/\/cpaatlantic.ca\/fr\/#website","url":"https:\/\/cpaatlantic.ca\/fr\/","name":"CPA Atlantique","description":"Devenir CPA","potentialAction":[{"@type":"SearchAction","target":{"@type":"EntryPoint","urlTemplate":"https:\/\/cpaatlantic.ca\/fr\/?s={search_term_string}"},"query-input":{"@type":"PropertyValueSpecification","valueRequired":true,"valueName":"search_term_string"}}],"inLanguage":"en-US"}]}},"_links":{"self":[{"href":"https:\/\/cpaatlantic.ca\/fr\/wp-json\/wp\/v2\/pages\/211","targetHints":{"allow":["GET"]}}],"collection":[{"href":"https:\/\/cpaatlantic.ca\/fr\/wp-json\/wp\/v2\/pages"}],"about":[{"href":"https:\/\/cpaatlantic.ca\/fr\/wp-json\/wp\/v2\/types\/page"}],"author":[{"embeddable":true,"href":"https:\/\/cpaatlantic.ca\/fr\/wp-json\/wp\/v2\/users\/1"}],"replies":[{"embeddable":true,"href":"https:\/\/cpaatlantic.ca\/fr\/wp-json\/wp\/v2\/comments?post=211"}],"version-history":[{"count":16,"href":"https:\/\/cpaatlantic.ca\/fr\/wp-json\/wp\/v2\/pages\/211\/revisions"}],"predecessor-version":[{"id":844,"href":"https:\/\/cpaatlantic.ca\/fr\/wp-json\/wp\/v2\/pages\/211\/revisions\/844"}],"wp:featuredmedia":[{"embeddable":true,"href":"https:\/\/cpaatlantic.ca\/fr\/wp-json\/wp\/v2\/media\/658"}],"wp:attachment":[{"href":"https:\/\/cpaatlantic.ca\/fr\/wp-json\/wp\/v2\/media?parent=211"}],"curies":[{"name":"wp","href":"https:\/\/api.w.org\/{rel}","templated":true}]}}