{"id":2506,"date":"2024-11-06T15:05:57","date_gmt":"2024-11-06T19:05:57","guid":{"rendered":"https:\/\/cpaatlantic.ca\/fr\/?page_id=2506"},"modified":"2026-04-27T10:40:02","modified_gmt":"2026-04-27T13:40:02","slug":"cpa-professional-panel-networking-nights","status":"publish","type":"page","link":"https:\/\/cpaatlantic.ca\/fr\/cpa-professional-panel-networking-nights\/","title":{"rendered":"Panels de professionnels CPA et soir\u00e9es de r\u00e9seautage"},"content":{"rendered":"\n<p>Es-tu un.e aspirant.e comptable professionnel agr\u00e9\u00e9 (CPA) ou un.e \u00e9tudiant.e qui explore les occasions de carri\u00e8re en comptabilit\u00e9? Ne manque pas l&#8217;occasion de rencontrer des professionnels du secteur et d&#8217;acqu\u00e9rir des connaissances inestimables sur ton avenir dans le monde de la comptabilit\u00e9! Nos panels de professionnels CPA et soir\u00e9es de r\u00e9seautage sont con\u00e7us pour inspirer, informer et soutenir ton perfectionnement professionnel.<\/p>\n\n\n\n<p>Que tu sois au d\u00e9but de ton parcours ou que tu progresses dans le programme du CPA, ces \u00e9v\u00e9nements exclusifs te donnent l&#8217;occasion de :<\/p>\n\n\n\n<p><strong>Poser des questions, obtiens des r\u00e9ponses :<\/strong> Participe aux s\u00e9ances de questions et r\u00e9ponses au cours desquelles les pan\u00e9listes et les leaders du secteur r\u00e9pondent \u00e0 tes pr\u00e9occupations et te donnent des conseils sur la mani\u00e8re d&#8217;exceller dans le programme CPA et dans le secteur de la comptabilit\u00e9.<\/p>\n\n\n\n<p><strong>\u00c9coutez des experts-comptables \u00e9minents :<\/strong> apprends directement aupr\u00e8s d&#8217;experts-comptables exp\u00e9riment\u00e9s qui ont r\u00e9ussi leur carri\u00e8re et qui sont impatients de partager leurs points de vue, leurs conseils pour r\u00e9ussir et leurs astuces sur la progression de leur carri\u00e8re.<\/p>\n\n\n\n<p><strong>D\u00e9velopper ton r\u00e9seau :<\/strong> rencontrer des professionnels de la comptabilit\u00e9, des pairs, des mentors potentiels et des recruteurs des meilleurs organismes de ta r\u00e9gion. \u00c9tablis des liens qui pourraient fa\u00e7onner l&#8217;avenir de ta carri\u00e8re.<\/p>\n\n\n\n<h3 class=\"wp-block-heading\"><strong><strong>Panels \u00e0 venir<\/strong><\/strong><\/h3>\n\n\n\n<p>D\u00e9couvrez nos prochains panels CPA \u00e0 travers le Canada atlantique. Notez la date et r\u00e9servez votre place d\u00e8s aujourd\u2019hui !<\/p>\n\n\n\n<p><strong><a href=\"https:\/\/www.eventbrite.ca\/e\/charlottetown-cpa-professional-panel-and-networking-night-tickets-1988116218127?aff=Web\" target=\"_blank\" rel=\"noreferrer noopener\">Panel de professionnels CPA et soir\u00e9e de r\u00e9seautage de Charlottetown<\/a><\/strong> (anglais)<\/p>\n\n\n\n<ul class=\"wp-block-list\">\n<li><strong>Date <\/strong>: 11 mai 2026<\/li>\n\n\n\n<li><strong>Temps<\/strong>: 18 h &#8211; 20 h 30<\/li>\n\n\n\n<li><strong>Lieu <\/strong>: L\u2019h\u00f4tel Holman Grand 123, rue Grafton, Charlottetown <\/li>\n<\/ul>\n\n\n\n<a href=\"https:\/\/www.eventbrite.ca\/e\/charlottetown-cpa-professional-panel-and-networking-night-tickets-1988116218127?aff=Web\" target=\"_blank\" rel=\"noreferrer noopener\" class=\"cpaa-btn cpaa-btn-border-small\" style=\"margin-bottom:.5rem\">Inscrivez-vous ici<\/a>\n\n\n\n<p><a href=\"https:\/\/www.eventbrite.ca\/e\/billets-evenement-panel-de-professionnels-cpa-et-soiree-de-reseautage-1988113437811?aff=Web\"><strong>Panel de professionnels CPA et soir\u00e9e de r\u00e9seautage de Moncton<\/strong> <strong>(fran\u00e7ais)<\/strong><\/a><\/p>\n\n\n\n<ul class=\"wp-block-list\">\n<li><strong>Date <\/strong>: 13 mai 2026<\/li>\n\n\n\n<li><strong>Temps <\/strong>: 18 h \u2013 20 h 30<\/li>\n\n\n\n<li><strong>Lieu <\/strong>: Crowne Plaza Moncton Centre-ville, un h\u00f4tel IHG 1005, rue Main, Moncton<\/li>\n<\/ul>\n\n\n\n<a href=\"https:\/\/www.eventbrite.ca\/e\/billets-evenement-panel-de-professionnels-cpa-et-soiree-de-reseautage-1988113437811?aff=Web\" target=\"_blank\" rel=\"noreferrer noopener\" class=\"cpaa-btn cpaa-btn-border-small\" style=\"margin-bottom:.5rem\">Inscrivez-vous ici<\/a>\n\n\n\n<p><strong><a href=\"https:\/\/www.eventbrite.ca\/e\/halifax-cpa-professional-panel-and-networking-night-tickets-1988114703597?aff=Web\" target=\"_blank\" rel=\"noreferrer noopener\">Panel de professionnels CPA et soir\u00e9e de r\u00e9seautage de Halifax<\/a><\/strong> (anglais)<\/p>\n\n\n\n<ul class=\"wp-block-list\">\n<li><strong>Date <\/strong>: 21 mai 2026<\/li>\n\n\n\n<li><strong>Temps<\/strong>: 18 h &#8211; 20 h 30<\/li>\n\n\n\n<li><strong>Lieu <\/strong>: Bureau 5005, 7071 Bayers Road, Halifax (N.-\u00c9.) B3L 2C2<\/li>\n<\/ul>\n\n\n\n<a href=\"https:\/\/www.eventbrite.ca\/e\/halifax-cpa-professional-panel-and-networking-night-tickets-1988114703597?aff=Web\" target=\"_blank\" rel=\"noreferrer noopener\" class=\"cpaa-btn cpaa-btn-border-small\" style=\"margin-bottom:.5rem\">Inscrivez-vous ici<\/a>\n\n\n\n<h3 class=\"wp-block-heading\"><strong><strong>\u00c0 quoi s&#8217;attendre :<\/strong><\/strong><\/h3>\n\n\n\n<ul class=\"wp-block-list\">\n<li><strong>Pan\u00e9listes \u00e9minents :<\/strong> D\u00e9couvre les points de vue de CPA qui travaillent dans divers secteurs tels que l&#8217;expertise comptable, la finance d&#8217;entreprise, la fiscalit\u00e9 et l&#8217;administration publique.<\/li>\n\n\n\n<li><strong>Occasions de r\u00e9seautage :<\/strong> Rencontre d&#8217;autres aspirant.e.s CPA, des \u00e9tudiant.e.s, des mentors et des recruteurs de l&#8217;industrie. Construis ton r\u00e9seau professionnel dans un cadre d\u00e9tendu et engageant.<\/li>\n\n\n\n<li><strong>Perspectives de carri\u00e8re et Q et R&nbsp;:<\/strong> Renseigne-toi sur le soutien du programme CPA, la progression de carri\u00e8re et les occasions d&#8217;emploi actuelles. N&#8217;h\u00e9site pas \u00e0 poser des questions et \u00e0 recevoir des conseils pratiques de la part des experts.<\/li>\n\n\n\n<li><strong>Nourriture et rafra\u00eechissements :<\/strong> profite des grignotines et des rafra\u00eechissements gratuits tout en interagissant avec tes pairs et des professionnels.<\/li>\n<\/ul>\n\n\n\n<h3 class=\"wp-block-heading\"><strong>Pourquoi participer?<\/strong><\/h3>\n\n\n\n<ul class=\"wp-block-list\">\n<li><strong>Croissance de la carri\u00e8re :<\/strong> Apprends des strat\u00e9gies pour faire progresser ta carri\u00e8re comptable et prends des d\u00e9cisions \u00e9clair\u00e9es sur ton avenir.<\/li>\n\n\n\n<li><strong>Conseils d&#8217;experts :<\/strong> \u00c9coute des CPA qui ont v\u00e9cu le parcours et qui peuvent te donner un aper\u00e7u pr\u00e9cieux, des conseils d&#8217;\u00e9tude jusqu&#8217;au perfectionnement de carri\u00e8re.<\/li>\n\n\n\n<li><strong>\u00c9tablir des liens :<\/strong> le r\u00e9seautage est la cl\u00e9 de la r\u00e9ussite professionnelle. Profite de cette occasion pour nouer des relations avec des CPA, des recruteurs et d&#8217;autres \u00e9tudiant.e.s.<\/li>\n<\/ul>\n\n\n\n<h3 class=\"wp-block-heading\"><strong>Inscris-toi d\u00e8s aujourd&#8217;hui!<\/strong><\/h3>\n\n\n\n<p>La participation \u00e0 ces \u00e9v\u00e9nements est <strong>gratuite<\/strong>, mais les places sont limit\u00e9es! R\u00e9serve votre place d\u00e8s maintenant et fais un pas de plus vers ta carri\u00e8re comptable.<\/p>\n\n\n\n<a href=\"https:\/\/www.eventbrite.com\/cc\/cpa-professional-panel-networking-nights-3750579\" target=\"_blank\" rel=\"noreferrer noopener\" class=\"cpaa-btn cpaa-btn-border-small\" style=\"margin-bottom:.5rem\">S&#8217;inscrire maintenant<\/a>\n\n\n\n<h3 class=\"wp-block-heading\"><strong>Contacte-nous<\/strong><\/h3>\n\n\n\n<p>Tu as des questions ou tu veux plus d&#8217;informations? Contacte-nous \u00e0 l&#8217;adresse <a href=\"mailto:nl-advisor@cpaatlantic.ca\">nl-advisor@cpaatlantic.ca<\/a>.<\/p>\n\n\n\n<p>Nous sommes l\u00e0 pour t\u2019aider!<\/p>\n\n\n\n<h3 class=\"wp-block-heading\"><strong><strong><strong>Questions Fr\u00e9quentes<\/strong><\/strong><\/strong><\/h3>\n\n\n<div id=\"accordion-block_3a7ed45d0ce907ee017012a7c1c08064\" class=\"accordion page-block-area\">\n\n    <div class=\"accordion-blockquote\">\n            <div class=\"accordion block-accordion page-small-section-bottom\" id=\"block-accordion-block_3a7ed45d0ce907ee017012a7c1c08064\">\n              <div class=\"card\">\n          <div class=\"card-header\" id=\"heading-accordion-block_3a7ed45d0ce907ee017012a7c1c08064-1\">\n            <h2 class=\"mb-0\">\n              <div class=\"btn-link collapsed\" data-toggle=\"collapse\" data-target=\"#collapse-accordion-block_3a7ed45d0ce907ee017012a7c1c08064-1\" aria-expanded=\"true\" aria-controls=\"collapse-accordion-block_3a7ed45d0ce907ee017012a7c1c08064-1\">\n              Que dois-je apporter?            <\/div>\n            <\/h2>\n          <\/div>\n          <div id=\"collapse-accordion-block_3a7ed45d0ce907ee017012a7c1c08064-1\" class=\"collapse\" aria-labelledby=\"heading-accordion-block_3a7ed45d0ce907ee017012a7c1c08064-1\" data-parent=\"#block-accordion-block_3a7ed45d0ce907ee017012a7c1c08064\">\n            <div class=\"card-body\">\n              <p>Juste toi, un carnet de notes, et toutes les questions que tu veux poser \u00e0 nos pan\u00e9listes!<\/p>\n            <\/div>\n          <\/div>\n        <\/div>\n                <div class=\"card\">\n          <div class=\"card-header\" id=\"heading-accordion-block_3a7ed45d0ce907ee017012a7c1c08064-2\">\n            <h2 class=\"mb-0\">\n              <div class=\"btn-link collapsed\" data-toggle=\"collapse\" data-target=\"#collapse-accordion-block_3a7ed45d0ce907ee017012a7c1c08064-2\" aria-expanded=\"true\" aria-controls=\"collapse-accordion-block_3a7ed45d0ce907ee017012a7c1c08064-2\">\n              Quelle est la dur\u00e9e de l&#8217;\u00e9v\u00e9nement?            <\/div>\n            <\/h2>\n          <\/div>\n          <div id=\"collapse-accordion-block_3a7ed45d0ce907ee017012a7c1c08064-2\" class=\"collapse\" aria-labelledby=\"heading-accordion-block_3a7ed45d0ce907ee017012a7c1c08064-2\" data-parent=\"#block-accordion-block_3a7ed45d0ce907ee017012a7c1c08064\">\n            <div class=\"card-body\">\n              <p>Chaque \u00e9v\u00e9nement se d\u00e9roule de 18 h \u00e0 20 h 30, avec des opportunit\u00e9s de r\u00e9seautage avant et apr\u00e8s le d\u00e9bat.<\/p>\n            <\/div>\n          <\/div>\n        <\/div>\n                <div class=\"card\">\n          <div class=\"card-header\" id=\"heading-accordion-block_3a7ed45d0ce907ee017012a7c1c08064-3\">\n            <h2 class=\"mb-0\">\n              <div class=\"btn-link collapsed\" data-toggle=\"collapse\" data-target=\"#collapse-accordion-block_3a7ed45d0ce907ee017012a7c1c08064-3\" aria-expanded=\"true\" aria-controls=\"collapse-accordion-block_3a7ed45d0ce907ee017012a7c1c08064-3\">\n              L&#8217;\u00e9v\u00e9nement est-il gratuit?            <\/div>\n            <\/h2>\n          <\/div>\n          <div id=\"collapse-accordion-block_3a7ed45d0ce907ee017012a7c1c08064-3\" class=\"collapse\" aria-labelledby=\"heading-accordion-block_3a7ed45d0ce907ee017012a7c1c08064-3\" data-parent=\"#block-accordion-block_3a7ed45d0ce907ee017012a7c1c08064\">\n            <div class=\"card-body\">\n              <p>Oui, la participation \u00e0 ces \u00e9v\u00e9nements est gratuite. Toutefois, les places \u00e9tant limit\u00e9es, nous te recommandons de t\u2019inscrire le plus t\u00f4t possible.<\/p>\n            <\/div>\n          <\/div>\n        <\/div>\n                <div class=\"card\">\n          <div class=\"card-header\" id=\"heading-accordion-block_3a7ed45d0ce907ee017012a7c1c08064-4\">\n            <h2 class=\"mb-0\">\n              <div class=\"btn-link collapsed\" data-toggle=\"collapse\" data-target=\"#collapse-accordion-block_3a7ed45d0ce907ee017012a7c1c08064-4\" aria-expanded=\"true\" aria-controls=\"collapse-accordion-block_3a7ed45d0ce907ee017012a7c1c08064-4\">\n              De la nourriture sera-t-elle fournie?            <\/div>\n            <\/h2>\n          <\/div>\n          <div id=\"collapse-accordion-block_3a7ed45d0ce907ee017012a7c1c08064-4\" class=\"collapse\" aria-labelledby=\"heading-accordion-block_3a7ed45d0ce907ee017012a7c1c08064-4\" data-parent=\"#block-accordion-block_3a7ed45d0ce907ee017012a7c1c08064\">\n            <div class=\"card-body\">\n              <p>Oui! Des grignotines et des rafra\u00eechissements seront servis gratuitement lors de l&#8217;\u00e9v\u00e9nement.<\/p>\n            <\/div>\n          <\/div>\n        <\/div>\n              <\/div>\n        <\/div>\n<\/div>\n\n\n\n<p><\/p>\n","protected":false},"excerpt":{"rendered":"<p>Rejoins-nous pour une soir\u00e9e de r\u00e9flexion, de r\u00e9seautage et de d\u00e9veloppement de carri\u00e8re!<\/p>\n","protected":false},"author":4,"featured_media":2474,"parent":0,"menu_order":0,"comment_status":"closed","ping_status":"closed","template":"","meta":{"_acf_changed":false,"footnotes":""},"class_list":["post-2506","page","type-page","status-publish","has-post-thumbnail","hentry"],"acf":[],"yoast_head":"<!-- This site is optimized with the Yoast SEO plugin v27.4 - https:\/\/yoast.com\/product\/yoast-seo-wordpress\/ -->\n<title>Panels de professionnels CPA et soir\u00e9es de r\u00e9seautage - CPA Atlantique<\/title>\n<meta name=\"robots\" content=\"index, follow, max-snippet:-1, max-image-preview:large, max-video-preview:-1\" \/>\n<link rel=\"canonical\" href=\"https:\/\/cpaatlantic.ca\/fr\/cpa-professional-panel-networking-nights\/\" \/>\n<meta property=\"og:locale\" content=\"en_US\" \/>\n<meta property=\"og:type\" content=\"article\" \/>\n<meta property=\"og:title\" content=\"Panels de professionnels CPA et soir\u00e9es de r\u00e9seautage - CPA Atlantique\" \/>\n<meta property=\"og:description\" content=\"Rejoins-nous pour une soir\u00e9e de r\u00e9flexion, de r\u00e9seautage et de d\u00e9veloppement de carri\u00e8re!\" \/>\n<meta property=\"og:url\" content=\"https:\/\/cpaatlantic.ca\/fr\/cpa-professional-panel-networking-nights\/\" \/>\n<meta property=\"og:site_name\" content=\"CPA Atlantique\" \/>\n<meta property=\"article:modified_time\" content=\"2026-04-27T13:40:02+00:00\" \/>\n<meta property=\"og:image\" content=\"https:\/\/cpaatlantic.ca\/fr\/wp-content\/uploads\/sites\/3\/2024\/10\/CPA-Panel-Page_Desktop-925-x-600-px.png\" \/>\n\t<meta property=\"og:image:width\" content=\"925\" \/>\n\t<meta property=\"og:image:height\" content=\"600\" \/>\n\t<meta property=\"og:image:type\" content=\"image\/png\" \/>\n<meta name=\"twitter:card\" content=\"summary_large_image\" \/>\n<meta name=\"twitter:label1\" content=\"Est. reading time\" \/>\n\t<meta name=\"twitter:data1\" content=\"4 minutes\" \/>\n<script type=\"application\/ld+json\" class=\"yoast-schema-graph\">{\"@context\":\"https:\\\/\\\/schema.org\",\"@graph\":[{\"@type\":\"WebPage\",\"@id\":\"https:\\\/\\\/cpaatlantic.ca\\\/fr\\\/cpa-professional-panel-networking-nights\\\/\",\"url\":\"https:\\\/\\\/cpaatlantic.ca\\\/fr\\\/cpa-professional-panel-networking-nights\\\/\",\"name\":\"Panels de professionnels CPA et soir\u00e9es de r\u00e9seautage - CPA Atlantique\",\"isPartOf\":{\"@id\":\"https:\\\/\\\/cpaatlantic.ca\\\/fr\\\/#website\"},\"primaryImageOfPage\":{\"@id\":\"https:\\\/\\\/cpaatlantic.ca\\\/fr\\\/cpa-professional-panel-networking-nights\\\/#primaryimage\"},\"image\":{\"@id\":\"https:\\\/\\\/cpaatlantic.ca\\\/fr\\\/cpa-professional-panel-networking-nights\\\/#primaryimage\"},\"thumbnailUrl\":\"https:\\\/\\\/cpaatlantic.ca\\\/fr\\\/wp-content\\\/uploads\\\/sites\\\/3\\\/2024\\\/10\\\/CPA-Panel-Page_Desktop-925-x-600-px.png\",\"datePublished\":\"2024-11-06T19:05:57+00:00\",\"dateModified\":\"2026-04-27T13:40:02+00:00\",\"breadcrumb\":{\"@id\":\"https:\\\/\\\/cpaatlantic.ca\\\/fr\\\/cpa-professional-panel-networking-nights\\\/#breadcrumb\"},\"inLanguage\":\"en-US\",\"potentialAction\":[{\"@type\":\"ReadAction\",\"target\":[\"https:\\\/\\\/cpaatlantic.ca\\\/fr\\\/cpa-professional-panel-networking-nights\\\/\"]}]},{\"@type\":\"ImageObject\",\"inLanguage\":\"en-US\",\"@id\":\"https:\\\/\\\/cpaatlantic.ca\\\/fr\\\/cpa-professional-panel-networking-nights\\\/#primaryimage\",\"url\":\"https:\\\/\\\/cpaatlantic.ca\\\/fr\\\/wp-content\\\/uploads\\\/sites\\\/3\\\/2024\\\/10\\\/CPA-Panel-Page_Desktop-925-x-600-px.png\",\"contentUrl\":\"https:\\\/\\\/cpaatlantic.ca\\\/fr\\\/wp-content\\\/uploads\\\/sites\\\/3\\\/2024\\\/10\\\/CPA-Panel-Page_Desktop-925-x-600-px.png\",\"width\":925,\"height\":600},{\"@type\":\"BreadcrumbList\",\"@id\":\"https:\\\/\\\/cpaatlantic.ca\\\/fr\\\/cpa-professional-panel-networking-nights\\\/#breadcrumb\",\"itemListElement\":[{\"@type\":\"ListItem\",\"position\":1,\"name\":\"Home\",\"item\":\"https:\\\/\\\/cpaatlantic.ca\\\/fr\\\/\"},{\"@type\":\"ListItem\",\"position\":2,\"name\":\"Panels de professionnels CPA et soir\u00e9es de r\u00e9seautage\"}]},{\"@type\":\"WebSite\",\"@id\":\"https:\\\/\\\/cpaatlantic.ca\\\/fr\\\/#website\",\"url\":\"https:\\\/\\\/cpaatlantic.ca\\\/fr\\\/\",\"name\":\"CPA Atlantique\",\"description\":\"Devenir CPA\",\"potentialAction\":[{\"@type\":\"SearchAction\",\"target\":{\"@type\":\"EntryPoint\",\"urlTemplate\":\"https:\\\/\\\/cpaatlantic.ca\\\/fr\\\/?s={search_term_string}\"},\"query-input\":{\"@type\":\"PropertyValueSpecification\",\"valueRequired\":true,\"valueName\":\"search_term_string\"}}],\"inLanguage\":\"en-US\"}]}<\/script>\n<!-- \/ Yoast SEO plugin. -->","yoast_head_json":{"title":"Panels de professionnels CPA et soir\u00e9es de r\u00e9seautage - CPA Atlantique","robots":{"index":"index","follow":"follow","max-snippet":"max-snippet:-1","max-image-preview":"max-image-preview:large","max-video-preview":"max-video-preview:-1"},"canonical":"https:\/\/cpaatlantic.ca\/fr\/cpa-professional-panel-networking-nights\/","og_locale":"en_US","og_type":"article","og_title":"Panels de professionnels CPA et soir\u00e9es de r\u00e9seautage - CPA Atlantique","og_description":"Rejoins-nous pour une soir\u00e9e de r\u00e9flexion, de r\u00e9seautage et de d\u00e9veloppement de carri\u00e8re!","og_url":"https:\/\/cpaatlantic.ca\/fr\/cpa-professional-panel-networking-nights\/","og_site_name":"CPA Atlantique","article_modified_time":"2026-04-27T13:40:02+00:00","og_image":[{"width":925,"height":600,"url":"https:\/\/cpaatlantic.ca\/fr\/wp-content\/uploads\/sites\/3\/2024\/10\/CPA-Panel-Page_Desktop-925-x-600-px.png","type":"image\/png"}],"twitter_card":"summary_large_image","twitter_misc":{"Est. reading time":"4 minutes"},"schema":{"@context":"https:\/\/schema.org","@graph":[{"@type":"WebPage","@id":"https:\/\/cpaatlantic.ca\/fr\/cpa-professional-panel-networking-nights\/","url":"https:\/\/cpaatlantic.ca\/fr\/cpa-professional-panel-networking-nights\/","name":"Panels de professionnels CPA et soir\u00e9es de r\u00e9seautage - CPA Atlantique","isPartOf":{"@id":"https:\/\/cpaatlantic.ca\/fr\/#website"},"primaryImageOfPage":{"@id":"https:\/\/cpaatlantic.ca\/fr\/cpa-professional-panel-networking-nights\/#primaryimage"},"image":{"@id":"https:\/\/cpaatlantic.ca\/fr\/cpa-professional-panel-networking-nights\/#primaryimage"},"thumbnailUrl":"https:\/\/cpaatlantic.ca\/fr\/wp-content\/uploads\/sites\/3\/2024\/10\/CPA-Panel-Page_Desktop-925-x-600-px.png","datePublished":"2024-11-06T19:05:57+00:00","dateModified":"2026-04-27T13:40:02+00:00","breadcrumb":{"@id":"https:\/\/cpaatlantic.ca\/fr\/cpa-professional-panel-networking-nights\/#breadcrumb"},"inLanguage":"en-US","potentialAction":[{"@type":"ReadAction","target":["https:\/\/cpaatlantic.ca\/fr\/cpa-professional-panel-networking-nights\/"]}]},{"@type":"ImageObject","inLanguage":"en-US","@id":"https:\/\/cpaatlantic.ca\/fr\/cpa-professional-panel-networking-nights\/#primaryimage","url":"https:\/\/cpaatlantic.ca\/fr\/wp-content\/uploads\/sites\/3\/2024\/10\/CPA-Panel-Page_Desktop-925-x-600-px.png","contentUrl":"https:\/\/cpaatlantic.ca\/fr\/wp-content\/uploads\/sites\/3\/2024\/10\/CPA-Panel-Page_Desktop-925-x-600-px.png","width":925,"height":600},{"@type":"BreadcrumbList","@id":"https:\/\/cpaatlantic.ca\/fr\/cpa-professional-panel-networking-nights\/#breadcrumb","itemListElement":[{"@type":"ListItem","position":1,"name":"Home","item":"https:\/\/cpaatlantic.ca\/fr\/"},{"@type":"ListItem","position":2,"name":"Panels de professionnels CPA et soir\u00e9es de r\u00e9seautage"}]},{"@type":"WebSite","@id":"https:\/\/cpaatlantic.ca\/fr\/#website","url":"https:\/\/cpaatlantic.ca\/fr\/","name":"CPA Atlantique","description":"Devenir CPA","potentialAction":[{"@type":"SearchAction","target":{"@type":"EntryPoint","urlTemplate":"https:\/\/cpaatlantic.ca\/fr\/?s={search_term_string}"},"query-input":{"@type":"PropertyValueSpecification","valueRequired":true,"valueName":"search_term_string"}}],"inLanguage":"en-US"}]}},"_links":{"self":[{"href":"https:\/\/cpaatlantic.ca\/fr\/wp-json\/wp\/v2\/pages\/2506","targetHints":{"allow":["GET"]}}],"collection":[{"href":"https:\/\/cpaatlantic.ca\/fr\/wp-json\/wp\/v2\/pages"}],"about":[{"href":"https:\/\/cpaatlantic.ca\/fr\/wp-json\/wp\/v2\/types\/page"}],"author":[{"embeddable":true,"href":"https:\/\/cpaatlantic.ca\/fr\/wp-json\/wp\/v2\/users\/4"}],"replies":[{"embeddable":true,"href":"https:\/\/cpaatlantic.ca\/fr\/wp-json\/wp\/v2\/comments?post=2506"}],"version-history":[{"count":18,"href":"https:\/\/cpaatlantic.ca\/fr\/wp-json\/wp\/v2\/pages\/2506\/revisions"}],"predecessor-version":[{"id":3096,"href":"https:\/\/cpaatlantic.ca\/fr\/wp-json\/wp\/v2\/pages\/2506\/revisions\/3096"}],"wp:featuredmedia":[{"embeddable":true,"href":"https:\/\/cpaatlantic.ca\/fr\/wp-json\/wp\/v2\/media\/2474"}],"wp:attachment":[{"href":"https:\/\/cpaatlantic.ca\/fr\/wp-json\/wp\/v2\/media?parent=2506"}],"curies":[{"name":"wp","href":"https:\/\/api.w.org\/{rel}","templated":true}]}}