{"id":2909,"date":"2025-10-10T12:00:44","date_gmt":"2025-10-10T15:00:44","guid":{"rendered":"https:\/\/cpaatlantic.ca\/fr\/?page_id=2909"},"modified":"2025-10-10T12:00:45","modified_gmt":"2025-10-10T15:00:45","slug":"quel-type-de-cpa-es-tu","status":"publish","type":"page","link":"https:\/\/cpaatlantic.ca\/fr\/quel-type-de-cpa-es-tu\/","title":{"rendered":"Quel type de CPA es-tu?"},"content":{"rendered":"\n<p>Vous venez de franchir <a href=\"https:\/\/forms.office.com\/r\/RAp7P9PUnR\">la premi\u00e8re \u00e9tape<\/a> pour d\u00e9couvrir quel type de comptable vous pourriez \u00eatre \u2014 et comment le titre CPA peut vous aider \u00e0 concr\u00e9tiser tout votre potentiel.<\/p>\n\n\n\n<p>Chaque type de comptable apporte quelque chose d\u2019unique \u00e0 la profession \u2014 des esprits cr\u00e9atifs qui r\u00e9solvent des probl\u00e8mes aux strat\u00e8ges analytiques. Le titre de CPA vous offre les comp\u00e9tences, la cr\u00e9dibilit\u00e9 et la flexibilit\u00e9 n\u00e9cessaires pour vous \u00e9panouir dans la voie qui vous convient le mieux.<\/p>\n\n\n\n<h2 class=\"wp-block-heading\">Envie de voir o\u00f9 votre parcours CPA pourrait vous mener?<\/h2>\n\n\n\n<p>Explorez les autres types de comptables ci-dessous et d\u00e9couvrez comment chacun contribue au monde des affaires et au-del\u00e0.<\/p>\n\n\n<div id=\"accordion-block_caac25048acb1b943121e2a868062c29\" class=\"accordion page-block-area\">\n\n    <div class=\"accordion-blockquote\">\n            <div class=\"accordion block-accordion page-small-section-bottom\" id=\"block-accordion-block_caac25048acb1b943121e2a868062c29\">\n              <div class=\"card\">\n          <div class=\"card-header\" id=\"heading-accordion-block_caac25048acb1b943121e2a868062c29-1\">\n            <h2 class=\"mb-0\">\n              <div class=\"btn-link collapsed\" data-toggle=\"collapse\" data-target=\"#collapse-accordion-block_caac25048acb1b943121e2a868062c29-1\" aria-expanded=\"true\" aria-controls=\"collapse-accordion-block_caac25048acb1b943121e2a868062c29-1\">\n              Comptable en gestion            <\/div>\n            <\/h2>\n          <\/div>\n          <div id=\"collapse-accordion-block_caac25048acb1b943121e2a868062c29-1\" class=\"collapse\" aria-labelledby=\"heading-accordion-block_caac25048acb1b943121e2a868062c29-1\" data-parent=\"#block-accordion-block_caac25048acb1b943121e2a868062c29\">\n            <div class=\"card-body\">\n              <p>Tu es le cerveau de l\u2019op\u00e9ration : tu fais tourner les chiffres pour aider les entreprises \u00e0 prendre de grandes d\u00e9cisions. Budgets? Pr\u00e9visions? Tu g\u00e8res \u00e7a les yeux ferm\u00e9s. Ton avenir : des r\u00e9unions en salle de conseil, des graphiques color\u00e9s et la phrase \u00ab On en reparle au prochain trimestre. \u00bb<\/p>\n<p><br data-start=\"6600\" data-end=\"6603\" \/><strong>En d\u2019autres mots :<\/strong> tu organises les travaux d\u2019\u00e9quipe, tu suis les notes dans un tableur, et peut-\u00eatre que tu factures des int\u00e9r\u00eats sur les pr\u00eats de d\u00eener \u00e0 tes amis.<\/p>\n            <\/div>\n          <\/div>\n        <\/div>\n                <div class=\"card\">\n          <div class=\"card-header\" id=\"heading-accordion-block_caac25048acb1b943121e2a868062c29-2\">\n            <h2 class=\"mb-0\">\n              <div class=\"btn-link collapsed\" data-toggle=\"collapse\" data-target=\"#collapse-accordion-block_caac25048acb1b943121e2a868062c29-2\" aria-expanded=\"true\" aria-controls=\"collapse-accordion-block_caac25048acb1b943121e2a868062c29-2\">\n              Comptable fiscaliste!            <\/div>\n            <\/h2>\n          <\/div>\n          <div id=\"collapse-accordion-block_caac25048acb1b943121e2a868062c29-2\" class=\"collapse\" aria-labelledby=\"heading-accordion-block_caac25048acb1b943121e2a868062c29-2\" data-parent=\"#block-accordion-block_caac25048acb1b943121e2a868062c29\">\n            <div class=\"card-body\">\n              <p>Feuillets T4, d\u00e9ductions et formulaires? Tu adores \u00e7a! Tu vis pour tout classer correctement et faire r\u00e9cup\u00e9rer de l\u2019argent aux gens (ou leur faire payer moins). Tu n\u2019as pas peur de la paperasse \u2014 tu l\u2019embrasses.<\/p>\n<p><br data-start=\"7033\" data-end=\"7036\" \/><strong>En d\u2019autres mots :<\/strong> tu es la personne qu\u2019on appelle pour organiser les collectes de fonds, les formulaires de permission et les frais du livre de finissants.<\/p>\n            <\/div>\n          <\/div>\n        <\/div>\n                <div class=\"card\">\n          <div class=\"card-header\" id=\"heading-accordion-block_caac25048acb1b943121e2a868062c29-3\">\n            <h2 class=\"mb-0\">\n              <div class=\"btn-link collapsed\" data-toggle=\"collapse\" data-target=\"#collapse-accordion-block_caac25048acb1b943121e2a868062c29-3\" aria-expanded=\"true\" aria-controls=\"collapse-accordion-block_caac25048acb1b943121e2a868062c29-3\">\n              V\u00e9rificateur            <\/div>\n            <\/h2>\n          <\/div>\n          <div id=\"collapse-accordion-block_caac25048acb1b943121e2a868062c29-3\" class=\"collapse\" aria-labelledby=\"heading-accordion-block_caac25048acb1b943121e2a868062c29-3\" data-parent=\"#block-accordion-block_caac25048acb1b943121e2a868062c29\">\n            <div class=\"card-body\">\n              <p>Tu ne fais pas que suivre les r\u00e8gles \u2014 tu les v\u00e9rifies deux fois. Ton superpouvoir : rep\u00e9rer les erreurs et t\u2019assurer que tout est nickel. Tu es un peu le surveillant de couloir de la finance, et tu l\u2019assumes!<\/p>\n<p><strong>En d\u2019autres mots :<\/strong> tu remarques quand quelqu\u2019un change sa r\u00e9ponse apr\u00e8s la correction\u2026 et tu gardes les re\u00e7us des cinq derni\u00e8res sorties scolaires, juste au cas o\u00f9.<\/p>\n            <\/div>\n          <\/div>\n        <\/div>\n                <div class=\"card\">\n          <div class=\"card-header\" id=\"heading-accordion-block_caac25048acb1b943121e2a868062c29-4\">\n            <h2 class=\"mb-0\">\n              <div class=\"btn-link collapsed\" data-toggle=\"collapse\" data-target=\"#collapse-accordion-block_caac25048acb1b943121e2a868062c29-4\" aria-expanded=\"true\" aria-controls=\"collapse-accordion-block_caac25048acb1b943121e2a868062c29-4\">\n              Comptable judiciaire            <\/div>\n            <\/h2>\n          <\/div>\n          <div id=\"collapse-accordion-block_caac25048acb1b943121e2a868062c29-4\" class=\"collapse\" aria-labelledby=\"heading-accordion-block_caac25048acb1b943121e2a868062c29-4\" data-parent=\"#block-accordion-block_caac25048acb1b943121e2a868062c29\">\n            <div class=\"card-body\">\n              <p>Tu es le d\u00e9tective des chiffres : Sherlock Holmes avec une calculatrice. Fraude, mensonges, re\u00e7us suspects \u2014 rien ne t\u2019\u00e9chappe. Si quelqu\u2019un ajoute des collations en douce au budget, tu le trouves plus vite que ton prof de maths trouve tes devoirs manquants.<\/p>\n<p><strong>En d\u2019autres mots :<\/strong> tu remarques quand la machine distributrice vole des sous et tu te demandes toujours ce qu\u2019est devenu l\u2019argent de la collecte de l\u2019\u00e9cole.<\/p>\n            <\/div>\n          <\/div>\n        <\/div>\n                <div class=\"card\">\n          <div class=\"card-header\" id=\"heading-accordion-block_caac25048acb1b943121e2a868062c29-5\">\n            <h2 class=\"mb-0\">\n              <div class=\"btn-link collapsed\" data-toggle=\"collapse\" data-target=\"#collapse-accordion-block_caac25048acb1b943121e2a868062c29-5\" aria-expanded=\"true\" aria-controls=\"collapse-accordion-block_caac25048acb1b943121e2a868062c29-5\">\n              Comptable de projet            <\/div>\n            <\/h2>\n          <\/div>\n          <div id=\"collapse-accordion-block_caac25048acb1b943121e2a868062c29-5\" class=\"collapse\" aria-labelledby=\"heading-accordion-block_caac25048acb1b943121e2a868062c29-5\" data-parent=\"#block-accordion-block_caac25048acb1b943121e2a868062c29\">\n            <div class=\"card-body\">\n              <p>Tu t\u2019assures que les grands r\u00eaves ne fassent pas exploser le budget. Des \u00e9v\u00e9nements scolaires aux projets d\u2019infrastructure, tu fais tourner la machine financi\u00e8re pendant que les autres poursuivent les paillettes.<\/p>\n<p><strong>En d\u2019autres mots :<\/strong> tu es la seule personne du travail d\u2019\u00e9quipe \u00e0 avoir fait un horaire\u2026 et les affiches \u00e9taient pr\u00eates \u00e0 temps.<\/p>\n            <\/div>\n          <\/div>\n        <\/div>\n                <div class=\"card\">\n          <div class=\"card-header\" id=\"heading-accordion-block_caac25048acb1b943121e2a868062c29-6\">\n            <h2 class=\"mb-0\">\n              <div class=\"btn-link collapsed\" data-toggle=\"collapse\" data-target=\"#collapse-accordion-block_caac25048acb1b943121e2a868062c29-6\" aria-expanded=\"true\" aria-controls=\"collapse-accordion-block_caac25048acb1b943121e2a868062c29-6\">\n              Comptable en placement            <\/div>\n            <\/h2>\n          <\/div>\n          <div id=\"collapse-accordion-block_caac25048acb1b943121e2a868062c29-6\" class=\"collapse\" aria-labelledby=\"heading-accordion-block_caac25048acb1b943121e2a868062c29-6\" data-parent=\"#block-accordion-block_caac25048acb1b943121e2a868062c29\">\n            <div class=\"card-body\">\n              <p>Tu fais pousser l\u2019argent comme une plante rare. Actions, fonds, strat\u00e9gies \u2014 tu adores \u00e7a. Tu penses long terme, tu r\u00eaves grand et tu lis peut-\u00eatre les nouvelles financi\u00e8res pour le plaisir (ou presque).<\/p>\n<p><strong>En d\u2019autres mots :<\/strong> tu as d\u00e9j\u00e0 t\u00e9l\u00e9charg\u00e9 une appli boursi\u00e8re \u00ab juste pour voir \u00bb et tu as peut-\u00eatre demand\u00e9 \u00e0 tes parents comment ouvrir un REER.<\/p>\n            <\/div>\n          <\/div>\n        <\/div>\n                <div class=\"card\">\n          <div class=\"card-header\" id=\"heading-accordion-block_caac25048acb1b943121e2a868062c29-7\">\n            <h2 class=\"mb-0\">\n              <div class=\"btn-link collapsed\" data-toggle=\"collapse\" data-target=\"#collapse-accordion-block_caac25048acb1b943121e2a868062c29-7\" aria-expanded=\"true\" aria-controls=\"collapse-accordion-block_caac25048acb1b943121e2a868062c29-7\">\n              Comptable du secteur public            <\/div>\n            <\/h2>\n          <\/div>\n          <div id=\"collapse-accordion-block_caac25048acb1b943121e2a868062c29-7\" class=\"collapse\" aria-labelledby=\"heading-accordion-block_caac25048acb1b943121e2a868062c29-7\" data-parent=\"#block-accordion-block_caac25048acb1b943121e2a868062c29\">\n            <div class=\"card-body\">\n              <p>Tu prot\u00e8ges les sous du peuple. Tu fais en sorte que les gouvernements d\u00e9pensent intelligemment. Tu es le Robin des Bois des feuilles de calcul \u2014 \u00e9thique, organis\u00e9 et honn\u00eate jusqu\u2019au bout.<\/p>\n<p><strong>En d\u2019autres mots :<\/strong> tu rappelles \u00e0 tout le monde que l\u2019argent du bazar est pour le voyage scolaire, pas pour la pizza.<\/p>\n            <\/div>\n          <\/div>\n        <\/div>\n                <div class=\"card\">\n          <div class=\"card-header\" id=\"heading-accordion-block_caac25048acb1b943121e2a868062c29-8\">\n            <h2 class=\"mb-0\">\n              <div class=\"btn-link collapsed\" data-toggle=\"collapse\" data-target=\"#collapse-accordion-block_caac25048acb1b943121e2a868062c29-8\" aria-expanded=\"true\" aria-controls=\"collapse-accordion-block_caac25048acb1b943121e2a868062c29-8\">\n              Comptable financier            <\/div>\n            <\/h2>\n          <\/div>\n          <div id=\"collapse-accordion-block_caac25048acb1b943121e2a868062c29-8\" class=\"collapse\" aria-labelledby=\"heading-accordion-block_caac25048acb1b943121e2a868062c29-8\" data-parent=\"#block-accordion-block_caac25048acb1b943121e2a868062c29\">\n            <div class=\"card-body\">\n              <p>Tu es le pilier du monde financier \u2014 fiable, \u00e9quilibr\u00e9 et toujours organis\u00e9. Tu adores quand tout s\u2019aligne parfaitement sur le papier. Ta vie, c\u2019est un long tableur bien format\u00e9, et tu en es fier.<\/p>\n<p><strong>En d\u2019autres mots :<\/strong> ton agenda est cod\u00e9 par couleur, ton sac a des s\u00e9parateurs, et tu sais exactement combien tu as d\u00e9pens\u00e9 \u00e0 la caf\u00e9t\u00e9ria depuis septembre.<\/p>\n            <\/div>\n          <\/div>\n        <\/div>\n              <\/div>\n        <\/div>\n<\/div>\n\n\n\n<p>Vous voulez en savoir plus sur tout ce qui vous attend avec une carri\u00e8re en comptabilit\u00e9?<\/p>\n\n\n\n<ul class=\"wp-block-list\">\n<li>D\u00e9couvrez encore plus d\u2019avantages et de possibilit\u00e9s sur notre page <a href=\"https:\/\/cpaatlantic.ca\/fr\/why-become-a-cpa\/\">Pourquoi devenir CPA<\/a><\/li>\n\n\n\n<li>Apprenez comment d\u2019autres CPA ont obtenu leur titre gr\u00e2ce \u00e0 notre s\u00e9rie <a href=\"https:\/\/cpaatlantic.ca\/fr\/so-you-want-to-be-a-cpa\/\">Vous voulez devenir CPA?<\/a><\/li>\n\n\n\n<li>D\u00e9couvrez \u00e0 quoi ressemble le parcours de formation en explorant le <a href=\"https:\/\/cpaatlantic.ca\/fr\/programme-professionnel-cpa\/\">Programme Professionnelle  CPA<\/a><\/li>\n<\/ul>\n\n\n\n<p>Quel que soit ton type de comptable, il y a une place pour toi dans la profession CPA \u2014 et on est l\u00e0 pour t\u2019aider \u00e0 y arriver!<\/p>\n","protected":false},"excerpt":{"rendered":"<p>Vous venez de franchir la premi\u00e8re \u00e9tape pour d\u00e9couvrir quel type de comptable vous pourriez \u00eatre \u2014 et comment le titre CPA peut vous &#8230;<\/p>\n","protected":false},"author":8,"featured_media":2910,"parent":0,"menu_order":0,"comment_status":"closed","ping_status":"closed","template":"","meta":{"_acf_changed":false,"footnotes":""},"class_list":["post-2909","page","type-page","status-publish","has-post-thumbnail","hentry"],"acf":[],"yoast_head":"<!-- This site is optimized with the Yoast SEO plugin v27.4 - https:\/\/yoast.com\/product\/yoast-seo-wordpress\/ -->\n<title>Quel type de CPA es-tu? - CPA Atlantique<\/title>\n<meta name=\"robots\" content=\"index, follow, max-snippet:-1, max-image-preview:large, max-video-preview:-1\" \/>\n<link rel=\"canonical\" href=\"https:\/\/cpaatlantic.ca\/fr\/quel-type-de-cpa-es-tu\/\" \/>\n<meta property=\"og:locale\" content=\"en_US\" \/>\n<meta property=\"og:type\" content=\"article\" \/>\n<meta property=\"og:title\" content=\"Quel type de CPA es-tu? - CPA Atlantique\" \/>\n<meta property=\"og:description\" content=\"Vous venez de franchir la premi\u00e8re \u00e9tape pour d\u00e9couvrir quel type de comptable vous pourriez \u00eatre \u2014 et comment le titre CPA peut vous ...\" \/>\n<meta property=\"og:url\" content=\"https:\/\/cpaatlantic.ca\/fr\/quel-type-de-cpa-es-tu\/\" \/>\n<meta property=\"og:site_name\" content=\"CPA Atlantique\" \/>\n<meta property=\"article:modified_time\" content=\"2025-10-10T15:00:45+00:00\" \/>\n<meta property=\"og:image\" content=\"https:\/\/cpaatlantic.ca\/fr\/wp-content\/uploads\/sites\/3\/2025\/10\/Untitled-1920-x-500-px-Website.png\" \/>\n\t<meta property=\"og:image:width\" content=\"1366\" \/>\n\t<meta property=\"og:image:height\" content=\"768\" \/>\n\t<meta property=\"og:image:type\" content=\"image\/png\" \/>\n<meta name=\"twitter:card\" content=\"summary_large_image\" \/>\n<meta name=\"twitter:label1\" content=\"Est. reading time\" \/>\n\t<meta name=\"twitter:data1\" content=\"4 minutes\" \/>\n<script type=\"application\/ld+json\" class=\"yoast-schema-graph\">{\"@context\":\"https:\\\/\\\/schema.org\",\"@graph\":[{\"@type\":\"WebPage\",\"@id\":\"https:\\\/\\\/cpaatlantic.ca\\\/fr\\\/quel-type-de-cpa-es-tu\\\/\",\"url\":\"https:\\\/\\\/cpaatlantic.ca\\\/fr\\\/quel-type-de-cpa-es-tu\\\/\",\"name\":\"Quel type de CPA es-tu? - CPA Atlantique\",\"isPartOf\":{\"@id\":\"https:\\\/\\\/cpaatlantic.ca\\\/fr\\\/#website\"},\"primaryImageOfPage\":{\"@id\":\"https:\\\/\\\/cpaatlantic.ca\\\/fr\\\/quel-type-de-cpa-es-tu\\\/#primaryimage\"},\"image\":{\"@id\":\"https:\\\/\\\/cpaatlantic.ca\\\/fr\\\/quel-type-de-cpa-es-tu\\\/#primaryimage\"},\"thumbnailUrl\":\"https:\\\/\\\/cpaatlantic.ca\\\/fr\\\/wp-content\\\/uploads\\\/sites\\\/3\\\/2025\\\/10\\\/Untitled-1920-x-500-px-Website.png\",\"datePublished\":\"2025-10-10T15:00:44+00:00\",\"dateModified\":\"2025-10-10T15:00:45+00:00\",\"breadcrumb\":{\"@id\":\"https:\\\/\\\/cpaatlantic.ca\\\/fr\\\/quel-type-de-cpa-es-tu\\\/#breadcrumb\"},\"inLanguage\":\"en-US\",\"potentialAction\":[{\"@type\":\"ReadAction\",\"target\":[\"https:\\\/\\\/cpaatlantic.ca\\\/fr\\\/quel-type-de-cpa-es-tu\\\/\"]}]},{\"@type\":\"ImageObject\",\"inLanguage\":\"en-US\",\"@id\":\"https:\\\/\\\/cpaatlantic.ca\\\/fr\\\/quel-type-de-cpa-es-tu\\\/#primaryimage\",\"url\":\"https:\\\/\\\/cpaatlantic.ca\\\/fr\\\/wp-content\\\/uploads\\\/sites\\\/3\\\/2025\\\/10\\\/Untitled-1920-x-500-px-Website.png\",\"contentUrl\":\"https:\\\/\\\/cpaatlantic.ca\\\/fr\\\/wp-content\\\/uploads\\\/sites\\\/3\\\/2025\\\/10\\\/Untitled-1920-x-500-px-Website.png\",\"width\":1366,\"height\":768},{\"@type\":\"BreadcrumbList\",\"@id\":\"https:\\\/\\\/cpaatlantic.ca\\\/fr\\\/quel-type-de-cpa-es-tu\\\/#breadcrumb\",\"itemListElement\":[{\"@type\":\"ListItem\",\"position\":1,\"name\":\"Home\",\"item\":\"https:\\\/\\\/cpaatlantic.ca\\\/fr\\\/\"},{\"@type\":\"ListItem\",\"position\":2,\"name\":\"Quel type de CPA es-tu?\"}]},{\"@type\":\"WebSite\",\"@id\":\"https:\\\/\\\/cpaatlantic.ca\\\/fr\\\/#website\",\"url\":\"https:\\\/\\\/cpaatlantic.ca\\\/fr\\\/\",\"name\":\"CPA Atlantique\",\"description\":\"Devenir CPA\",\"potentialAction\":[{\"@type\":\"SearchAction\",\"target\":{\"@type\":\"EntryPoint\",\"urlTemplate\":\"https:\\\/\\\/cpaatlantic.ca\\\/fr\\\/?s={search_term_string}\"},\"query-input\":{\"@type\":\"PropertyValueSpecification\",\"valueRequired\":true,\"valueName\":\"search_term_string\"}}],\"inLanguage\":\"en-US\"}]}<\/script>\n<!-- \/ Yoast SEO plugin. -->","yoast_head_json":{"title":"Quel type de CPA es-tu? - CPA Atlantique","robots":{"index":"index","follow":"follow","max-snippet":"max-snippet:-1","max-image-preview":"max-image-preview:large","max-video-preview":"max-video-preview:-1"},"canonical":"https:\/\/cpaatlantic.ca\/fr\/quel-type-de-cpa-es-tu\/","og_locale":"en_US","og_type":"article","og_title":"Quel type de CPA es-tu? - CPA Atlantique","og_description":"Vous venez de franchir la premi\u00e8re \u00e9tape pour d\u00e9couvrir quel type de comptable vous pourriez \u00eatre \u2014 et comment le titre CPA peut vous ...","og_url":"https:\/\/cpaatlantic.ca\/fr\/quel-type-de-cpa-es-tu\/","og_site_name":"CPA Atlantique","article_modified_time":"2025-10-10T15:00:45+00:00","og_image":[{"width":1366,"height":768,"url":"https:\/\/cpaatlantic.ca\/fr\/wp-content\/uploads\/sites\/3\/2025\/10\/Untitled-1920-x-500-px-Website.png","type":"image\/png"}],"twitter_card":"summary_large_image","twitter_misc":{"Est. reading time":"4 minutes"},"schema":{"@context":"https:\/\/schema.org","@graph":[{"@type":"WebPage","@id":"https:\/\/cpaatlantic.ca\/fr\/quel-type-de-cpa-es-tu\/","url":"https:\/\/cpaatlantic.ca\/fr\/quel-type-de-cpa-es-tu\/","name":"Quel type de CPA es-tu? - CPA Atlantique","isPartOf":{"@id":"https:\/\/cpaatlantic.ca\/fr\/#website"},"primaryImageOfPage":{"@id":"https:\/\/cpaatlantic.ca\/fr\/quel-type-de-cpa-es-tu\/#primaryimage"},"image":{"@id":"https:\/\/cpaatlantic.ca\/fr\/quel-type-de-cpa-es-tu\/#primaryimage"},"thumbnailUrl":"https:\/\/cpaatlantic.ca\/fr\/wp-content\/uploads\/sites\/3\/2025\/10\/Untitled-1920-x-500-px-Website.png","datePublished":"2025-10-10T15:00:44+00:00","dateModified":"2025-10-10T15:00:45+00:00","breadcrumb":{"@id":"https:\/\/cpaatlantic.ca\/fr\/quel-type-de-cpa-es-tu\/#breadcrumb"},"inLanguage":"en-US","potentialAction":[{"@type":"ReadAction","target":["https:\/\/cpaatlantic.ca\/fr\/quel-type-de-cpa-es-tu\/"]}]},{"@type":"ImageObject","inLanguage":"en-US","@id":"https:\/\/cpaatlantic.ca\/fr\/quel-type-de-cpa-es-tu\/#primaryimage","url":"https:\/\/cpaatlantic.ca\/fr\/wp-content\/uploads\/sites\/3\/2025\/10\/Untitled-1920-x-500-px-Website.png","contentUrl":"https:\/\/cpaatlantic.ca\/fr\/wp-content\/uploads\/sites\/3\/2025\/10\/Untitled-1920-x-500-px-Website.png","width":1366,"height":768},{"@type":"BreadcrumbList","@id":"https:\/\/cpaatlantic.ca\/fr\/quel-type-de-cpa-es-tu\/#breadcrumb","itemListElement":[{"@type":"ListItem","position":1,"name":"Home","item":"https:\/\/cpaatlantic.ca\/fr\/"},{"@type":"ListItem","position":2,"name":"Quel type de CPA es-tu?"}]},{"@type":"WebSite","@id":"https:\/\/cpaatlantic.ca\/fr\/#website","url":"https:\/\/cpaatlantic.ca\/fr\/","name":"CPA Atlantique","description":"Devenir CPA","potentialAction":[{"@type":"SearchAction","target":{"@type":"EntryPoint","urlTemplate":"https:\/\/cpaatlantic.ca\/fr\/?s={search_term_string}"},"query-input":{"@type":"PropertyValueSpecification","valueRequired":true,"valueName":"search_term_string"}}],"inLanguage":"en-US"}]}},"_links":{"self":[{"href":"https:\/\/cpaatlantic.ca\/fr\/wp-json\/wp\/v2\/pages\/2909","targetHints":{"allow":["GET"]}}],"collection":[{"href":"https:\/\/cpaatlantic.ca\/fr\/wp-json\/wp\/v2\/pages"}],"about":[{"href":"https:\/\/cpaatlantic.ca\/fr\/wp-json\/wp\/v2\/types\/page"}],"author":[{"embeddable":true,"href":"https:\/\/cpaatlantic.ca\/fr\/wp-json\/wp\/v2\/users\/8"}],"replies":[{"embeddable":true,"href":"https:\/\/cpaatlantic.ca\/fr\/wp-json\/wp\/v2\/comments?post=2909"}],"version-history":[{"count":2,"href":"https:\/\/cpaatlantic.ca\/fr\/wp-json\/wp\/v2\/pages\/2909\/revisions"}],"predecessor-version":[{"id":2912,"href":"https:\/\/cpaatlantic.ca\/fr\/wp-json\/wp\/v2\/pages\/2909\/revisions\/2912"}],"wp:featuredmedia":[{"embeddable":true,"href":"https:\/\/cpaatlantic.ca\/fr\/wp-json\/wp\/v2\/media\/2910"}],"wp:attachment":[{"href":"https:\/\/cpaatlantic.ca\/fr\/wp-json\/wp\/v2\/media?parent=2909"}],"curies":[{"name":"wp","href":"https:\/\/api.w.org\/{rel}","templated":true}]}}