{"id":296,"date":"2022-07-26T11:21:16","date_gmt":"2022-07-26T14:21:16","guid":{"rendered":"https:\/\/cpaa.careercolleges.ca\/fr\/?page_id=296"},"modified":"2022-08-11T12:45:50","modified_gmt":"2022-08-11T15:45:50","slug":"planning-your-cpa-path","status":"publish","type":"page","link":"https:\/\/cpaatlantic.ca\/fr\/planning-your-cpa-path\/","title":{"rendered":"Cheminements du PFP des CPA"},"content":{"rendered":"\n<p>L\u2019Examen final commun (EFC) de CPA et les deux cours de synth\u00e8se sont propos\u00e9s deux fois par an, conform\u00e9ment au calendrier \u00e9largi du PFP des CPA qui a \u00e9t\u00e9 mis en place \u00e0 l\u2019\u00e9chelle nationale en 2020.<\/p>\n\n\n\n<h2 class=\"small-hl wp-block-heading\"><strong>Cheminement souple\/normal<\/strong><\/h2>\n\n\n\n<p>Les candidats choisiront, pour la majorit\u00e9 d\u2019entre eux, de suivre les cours dans un ordre lin\u00e9aire, en se concentrant sur un module par semestre et en faisant des pauses si leurs circonstances l\u2019exigent. Les candidats disposent de jusqu\u2019\u00e0 six ans pour suivre les cours du PFP, mais le calendrier le plus courant a une dur\u00e9e se situant entre 16 et 24 mois. Ces r\u00e8gles laissent aux candidats une grande souplesse pour personnaliser leur cheminement menant au titre de CPA. Ils peuvent facilement faire leur choix entre diverses options pour le calendrier et diff\u00e9rentes modalit\u00e9s pour les cours, notamment avec l\u2019option acc\u00e9l\u00e9r\u00e9e et l\u2019option allong\u00e9e d\u00e9crites ci-dessous.<\/p>\n\n\n\n<h2 class=\"small-hl wp-block-heading\">Cheminement acc\u00e9l\u00e9r\u00e9<\/h2>\n\n\n\n<p>Les candidats ont acc\u00e8s \u00e0 un cheminement plus rapide quand ils suivent les modules communs 1 et 2 du PFP simultan\u00e9ment ou quand ils suivent les modules facultatifs 1 et 2 du PFP simultan\u00e9ment. Cette option int\u00e9resse g\u00e9n\u00e9ralement les candidats qui ne travaillent pas pendant une certaine p\u00e9riode et qui peuvent consacrer en moyenne 40 heures par semaine \u00e0 leurs \u00e9tudes de CPA.<\/p>\n\n\n\n<p>Avec cette approche, le candidat peut achever les quatre premiers modules en deux p\u00e9riodes d\u2019\u00e9tudes \u00e0 temps plein (module commun 1, module commun 2, module facultatif 1, module facultatif 2), puis achever les autres cours en deux p\u00e9riodes d\u2019\u00e9tudes \u00e0 temps partiel (module de synth\u00e8se 1, module de synth\u00e8se 2 et examen final commun), avec aussi des combinaisons plus courtes :<\/p>\n\n\n\n<ul class=\"wp-block-list\"><li>d\u00e9but pendant l\u2019\u00e9t\u00e9 : PFP des CPA en 10 mois;<\/li><li>d\u00e9but \u00e0 l\u2019automne : PFP des CPA en 11 mois;<\/li><li>d\u00e9but au printemps : PFP des CPA en 13 mois;<\/li><li>d\u00e9but en hiver : PFP des CPA en 16 mois.<\/li><\/ul>\n\n\n\n<h2 class=\"small-hl wp-block-heading\">Cheminement allong\u00e9<\/h2>\n\n\n\n<p>Pour d\u2019autres candidats, la souplesse est plus importante que la rapidit\u00e9. Pour leur faciliter la t\u00e2che, l\u2019\u00c9cole de gestion CPA Atlantique propose des versions allong\u00e9es des modules communs 1 et 2 du PFP des CPA lors de chaque p\u00e9riode d\u2019\u00e9tudes pendant l\u2019\u00e9t\u00e9 et lors de chaque p\u00e9riode d\u2019\u00e9tudes pendant l\u2019hiver.<\/p>\n\n\n\n<p>Si le candidat pr\u00e9f\u00e8re un calendrier plus allong\u00e9 pour ses \u00e9tudes et pour assimiler la mati\u00e8re, il peut, s\u2019il le souhaite, suivre la version allong\u00e9e du module 1, qui comprend le m\u00eame contenu et la m\u00eame structure que la version normale, mais sur une p\u00e9riode allong\u00e9e de 20 semaines, au lieu des huit semaines habituelles. Le candidat peut suivre le module commun 1 allong\u00e9 par lui-m\u00eame ou bien, s\u2019il le souhaite, suivre simultan\u00e9ment les modules communs 1 et 2 allong\u00e9s, ce qui exigera de lui environ 20 heures d\u2019\u00e9tudes par semaine.<\/p>\n","protected":false},"excerpt":{"rendered":"<p>Vous avez de nombreuses options diff\u00e9rentes pour b\u00e2tir votre cheminement menant au titre de CPA, avec les quatre premiers cours du PFP des CPA qui sont disponibles tous les semestres, \u00e0 tous les endroits et dans les deux langues officielles.<\/p>\n","protected":false},"author":3,"featured_media":640,"parent":0,"menu_order":0,"comment_status":"closed","ping_status":"closed","template":"","meta":{"_acf_changed":false,"footnotes":""},"class_list":["post-296","page","type-page","status-publish","has-post-thumbnail","hentry"],"acf":[],"yoast_head":"<!-- This site is optimized with the Yoast SEO plugin v27.4 - https:\/\/yoast.com\/product\/yoast-seo-wordpress\/ -->\n<title>Cheminements du PFP des CPA - CPA Atlantique<\/title>\n<meta name=\"description\" content=\"Plan your CPA path the way you want with multiple pathways options to shorten or lengthen your CPA studies depending on your needs.\" \/>\n<meta name=\"robots\" content=\"index, follow, max-snippet:-1, max-image-preview:large, max-video-preview:-1\" \/>\n<link rel=\"canonical\" href=\"https:\/\/cpaatlantic.ca\/fr\/planning-your-cpa-path\/\" \/>\n<meta property=\"og:locale\" content=\"en_US\" \/>\n<meta property=\"og:type\" content=\"article\" \/>\n<meta property=\"og:title\" content=\"Cheminements du PFP des CPA - CPA Atlantique\" \/>\n<meta property=\"og:description\" content=\"Plan your CPA path the way you want with multiple pathways options to shorten or lengthen your CPA studies depending on your needs.\" \/>\n<meta property=\"og:url\" content=\"https:\/\/cpaatlantic.ca\/fr\/planning-your-cpa-path\/\" \/>\n<meta property=\"og:site_name\" content=\"CPA Atlantique\" \/>\n<meta property=\"article:modified_time\" content=\"2022-08-11T15:45:50+00:00\" \/>\n<meta property=\"og:image\" content=\"https:\/\/cpaatlantic.ca\/fr\/wp-content\/uploads\/sites\/3\/2022\/08\/cpa-path.jpg\" \/>\n\t<meta property=\"og:image:width\" content=\"925\" \/>\n\t<meta property=\"og:image:height\" content=\"600\" \/>\n\t<meta property=\"og:image:type\" content=\"image\/jpeg\" \/>\n<meta name=\"twitter:card\" content=\"summary_large_image\" \/>\n<meta name=\"twitter:label1\" content=\"Est. reading time\" \/>\n\t<meta name=\"twitter:data1\" content=\"2 minutes\" \/>\n<script type=\"application\/ld+json\" class=\"yoast-schema-graph\">{\"@context\":\"https:\\\/\\\/schema.org\",\"@graph\":[{\"@type\":\"WebPage\",\"@id\":\"https:\\\/\\\/cpaatlantic.ca\\\/fr\\\/planning-your-cpa-path\\\/\",\"url\":\"https:\\\/\\\/cpaatlantic.ca\\\/fr\\\/planning-your-cpa-path\\\/\",\"name\":\"Cheminements du PFP des CPA - CPA Atlantique\",\"isPartOf\":{\"@id\":\"https:\\\/\\\/cpaatlantic.ca\\\/fr\\\/#website\"},\"primaryImageOfPage\":{\"@id\":\"https:\\\/\\\/cpaatlantic.ca\\\/fr\\\/planning-your-cpa-path\\\/#primaryimage\"},\"image\":{\"@id\":\"https:\\\/\\\/cpaatlantic.ca\\\/fr\\\/planning-your-cpa-path\\\/#primaryimage\"},\"thumbnailUrl\":\"https:\\\/\\\/cpaatlantic.ca\\\/fr\\\/wp-content\\\/uploads\\\/sites\\\/3\\\/2022\\\/08\\\/cpa-path.jpg\",\"datePublished\":\"2022-07-26T14:21:16+00:00\",\"dateModified\":\"2022-08-11T15:45:50+00:00\",\"description\":\"Plan your CPA path the way you want with multiple pathways options to shorten or lengthen your CPA studies depending on your needs.\",\"breadcrumb\":{\"@id\":\"https:\\\/\\\/cpaatlantic.ca\\\/fr\\\/planning-your-cpa-path\\\/#breadcrumb\"},\"inLanguage\":\"en-US\",\"potentialAction\":[{\"@type\":\"ReadAction\",\"target\":[\"https:\\\/\\\/cpaatlantic.ca\\\/fr\\\/planning-your-cpa-path\\\/\"]}]},{\"@type\":\"ImageObject\",\"inLanguage\":\"en-US\",\"@id\":\"https:\\\/\\\/cpaatlantic.ca\\\/fr\\\/planning-your-cpa-path\\\/#primaryimage\",\"url\":\"https:\\\/\\\/cpaatlantic.ca\\\/fr\\\/wp-content\\\/uploads\\\/sites\\\/3\\\/2022\\\/08\\\/cpa-path.jpg\",\"contentUrl\":\"https:\\\/\\\/cpaatlantic.ca\\\/fr\\\/wp-content\\\/uploads\\\/sites\\\/3\\\/2022\\\/08\\\/cpa-path.jpg\",\"width\":925,\"height\":600},{\"@type\":\"BreadcrumbList\",\"@id\":\"https:\\\/\\\/cpaatlantic.ca\\\/fr\\\/planning-your-cpa-path\\\/#breadcrumb\",\"itemListElement\":[{\"@type\":\"ListItem\",\"position\":1,\"name\":\"Home\",\"item\":\"https:\\\/\\\/cpaatlantic.ca\\\/fr\\\/\"},{\"@type\":\"ListItem\",\"position\":2,\"name\":\"Cheminements du PFP des CPA\"}]},{\"@type\":\"WebSite\",\"@id\":\"https:\\\/\\\/cpaatlantic.ca\\\/fr\\\/#website\",\"url\":\"https:\\\/\\\/cpaatlantic.ca\\\/fr\\\/\",\"name\":\"CPA Atlantique\",\"description\":\"Devenir CPA\",\"potentialAction\":[{\"@type\":\"SearchAction\",\"target\":{\"@type\":\"EntryPoint\",\"urlTemplate\":\"https:\\\/\\\/cpaatlantic.ca\\\/fr\\\/?s={search_term_string}\"},\"query-input\":{\"@type\":\"PropertyValueSpecification\",\"valueRequired\":true,\"valueName\":\"search_term_string\"}}],\"inLanguage\":\"en-US\"}]}<\/script>\n<!-- \/ Yoast SEO plugin. -->","yoast_head_json":{"title":"Cheminements du PFP des CPA - CPA Atlantique","description":"Plan your CPA path the way you want with multiple pathways options to shorten or lengthen your CPA studies depending on your needs.","robots":{"index":"index","follow":"follow","max-snippet":"max-snippet:-1","max-image-preview":"max-image-preview:large","max-video-preview":"max-video-preview:-1"},"canonical":"https:\/\/cpaatlantic.ca\/fr\/planning-your-cpa-path\/","og_locale":"en_US","og_type":"article","og_title":"Cheminements du PFP des CPA - CPA Atlantique","og_description":"Plan your CPA path the way you want with multiple pathways options to shorten or lengthen your CPA studies depending on your needs.","og_url":"https:\/\/cpaatlantic.ca\/fr\/planning-your-cpa-path\/","og_site_name":"CPA Atlantique","article_modified_time":"2022-08-11T15:45:50+00:00","og_image":[{"width":925,"height":600,"url":"https:\/\/cpaatlantic.ca\/fr\/wp-content\/uploads\/sites\/3\/2022\/08\/cpa-path.jpg","type":"image\/jpeg"}],"twitter_card":"summary_large_image","twitter_misc":{"Est. reading time":"2 minutes"},"schema":{"@context":"https:\/\/schema.org","@graph":[{"@type":"WebPage","@id":"https:\/\/cpaatlantic.ca\/fr\/planning-your-cpa-path\/","url":"https:\/\/cpaatlantic.ca\/fr\/planning-your-cpa-path\/","name":"Cheminements du PFP des CPA - CPA Atlantique","isPartOf":{"@id":"https:\/\/cpaatlantic.ca\/fr\/#website"},"primaryImageOfPage":{"@id":"https:\/\/cpaatlantic.ca\/fr\/planning-your-cpa-path\/#primaryimage"},"image":{"@id":"https:\/\/cpaatlantic.ca\/fr\/planning-your-cpa-path\/#primaryimage"},"thumbnailUrl":"https:\/\/cpaatlantic.ca\/fr\/wp-content\/uploads\/sites\/3\/2022\/08\/cpa-path.jpg","datePublished":"2022-07-26T14:21:16+00:00","dateModified":"2022-08-11T15:45:50+00:00","description":"Plan your CPA path the way you want with multiple pathways options to shorten or lengthen your CPA studies depending on your needs.","breadcrumb":{"@id":"https:\/\/cpaatlantic.ca\/fr\/planning-your-cpa-path\/#breadcrumb"},"inLanguage":"en-US","potentialAction":[{"@type":"ReadAction","target":["https:\/\/cpaatlantic.ca\/fr\/planning-your-cpa-path\/"]}]},{"@type":"ImageObject","inLanguage":"en-US","@id":"https:\/\/cpaatlantic.ca\/fr\/planning-your-cpa-path\/#primaryimage","url":"https:\/\/cpaatlantic.ca\/fr\/wp-content\/uploads\/sites\/3\/2022\/08\/cpa-path.jpg","contentUrl":"https:\/\/cpaatlantic.ca\/fr\/wp-content\/uploads\/sites\/3\/2022\/08\/cpa-path.jpg","width":925,"height":600},{"@type":"BreadcrumbList","@id":"https:\/\/cpaatlantic.ca\/fr\/planning-your-cpa-path\/#breadcrumb","itemListElement":[{"@type":"ListItem","position":1,"name":"Home","item":"https:\/\/cpaatlantic.ca\/fr\/"},{"@type":"ListItem","position":2,"name":"Cheminements du PFP des CPA"}]},{"@type":"WebSite","@id":"https:\/\/cpaatlantic.ca\/fr\/#website","url":"https:\/\/cpaatlantic.ca\/fr\/","name":"CPA Atlantique","description":"Devenir CPA","potentialAction":[{"@type":"SearchAction","target":{"@type":"EntryPoint","urlTemplate":"https:\/\/cpaatlantic.ca\/fr\/?s={search_term_string}"},"query-input":{"@type":"PropertyValueSpecification","valueRequired":true,"valueName":"search_term_string"}}],"inLanguage":"en-US"}]}},"_links":{"self":[{"href":"https:\/\/cpaatlantic.ca\/fr\/wp-json\/wp\/v2\/pages\/296","targetHints":{"allow":["GET"]}}],"collection":[{"href":"https:\/\/cpaatlantic.ca\/fr\/wp-json\/wp\/v2\/pages"}],"about":[{"href":"https:\/\/cpaatlantic.ca\/fr\/wp-json\/wp\/v2\/types\/page"}],"author":[{"embeddable":true,"href":"https:\/\/cpaatlantic.ca\/fr\/wp-json\/wp\/v2\/users\/3"}],"replies":[{"embeddable":true,"href":"https:\/\/cpaatlantic.ca\/fr\/wp-json\/wp\/v2\/comments?post=296"}],"version-history":[{"count":14,"href":"https:\/\/cpaatlantic.ca\/fr\/wp-json\/wp\/v2\/pages\/296\/revisions"}],"predecessor-version":[{"id":781,"href":"https:\/\/cpaatlantic.ca\/fr\/wp-json\/wp\/v2\/pages\/296\/revisions\/781"}],"wp:featuredmedia":[{"embeddable":true,"href":"https:\/\/cpaatlantic.ca\/fr\/wp-json\/wp\/v2\/media\/640"}],"wp:attachment":[{"href":"https:\/\/cpaatlantic.ca\/fr\/wp-json\/wp\/v2\/media?parent=296"}],"curies":[{"name":"wp","href":"https:\/\/api.w.org\/{rel}","templated":true}]}}