{"id":2963,"date":"2026-01-28T15:49:50","date_gmt":"2026-01-28T19:49:50","guid":{"rendered":"https:\/\/cpaatlantic.ca\/fr\/?page_id=2963"},"modified":"2026-01-28T15:49:51","modified_gmt":"2026-01-28T19:49:51","slug":"academic-admissions-requirements","status":"publish","type":"page","link":"https:\/\/cpaatlantic.ca\/fr\/academic-admissions-requirements\/","title":{"rendered":"Conditions d&#8217;admission acad\u00e9miques\u00a0"},"content":{"rendered":"\n<p>Les conditions d&#8217;admission acad\u00e9miques au programme professionnel CPA sont r\u00e9sum\u00e9es ci-dessous et d\u00e9crites en d\u00e9tail plus loin :\u00a0<\/p>\n\n\n\n<p>Tous les candidats doivent satisfaire aux crit\u00e8res suivants :\u202f&nbsp;<\/p>\n\n\n\n<ol class=\"wp-block-list\">\n<li>\u00catre titulaire d\u2019un dipl\u00f4me universitaire ou d\u2019un titre \u00e9quivalent\u202f\u00a0<\/li>\n\n\n\n<li>Avoir compl\u00e9t\u00e9 au moins 120 heures-cr\u00e9dit d\u2019\u00e9tudes postsecondaires\u00a0\u00a0<\/li>\n\n\n\n<li>Avoir obtenu une moyenne g\u00e9n\u00e9rale minimale de 65 %\u202f\u00a0<\/li>\n\n\n\n<li>Faire preuve de bonne r\u00e9putation\u00a0\u00a0<\/li>\n\n\n\n<li>D\u00e9tenir une autorisation l\u00e9gale d\u2019\u00e9tudier et\/ou de travailler dans la province ou la r\u00e9gion d\u2019inscription.\u00a0<\/li>\n<\/ol>\n\n\n\n<p>Pour \u00eatre <strong>admissibles au programme professionnel CPA directement<\/strong> au niveau du module d\u2019apprentissage des bases et b\u00e9n\u00e9ficier d&#8217;une exemption de l&#8217;\u00e9valuation des connaissances, les candidats &nbsp;doivent satisfaire aux crit\u00e8res ci-dessus ainsi qu&#8217;aux crit\u00e8res suivants :\u202f&nbsp;<\/p>\n\n\n\n<ol class=\"wp-block-list\">\n<li>Avoir compl\u00e9t\u00e9 un minimum de 45 heures-cr\u00e9dits dans des cours de comptabilit\u00e9 ou de gestion dans un \u00e9tablissement d&#8217;enseignement postsecondaire, les cours pr\u00e9paratoires des CPA ou une combinaison des deux.\u202f\u00a0\n<ul class=\"wp-block-list\">\n<li>a. Au moins 21 de ces heures-cr\u00e9dits doivent couvrir les domaines th\u00e9matiques obligatoires suivants\u00a0:\n<ul class=\"wp-block-list\">\n<li>Information financi\u00e8re interm\u00e9diaire \u202f\u00a0<\/li>\n\n\n\n<li>Information financi\u00e8re avanc\u00e9e \u202f\u00a0<\/li>\n\n\n\n<li>Comptabilit\u00e9 de gestion interm\u00e9diaire \u202f\u00a0<\/li>\n\n\n\n<li>Finances \u202f\u00a0<\/li>\n\n\n\n<li>Certification \u202f\u00a0<\/li>\n\n\n\n<li>Fiscalit\u00e9<\/li>\n<\/ul>\n<\/li>\n\n\n\n<li>b. Les 24 heures-cr\u00e9dits restantes peuvent porter sur tout autre cours li\u00e9 \u00e0 la comptabilit\u00e9 ou \u00e0 la gestion.\u00a0\u00a0<\/li>\n<\/ul>\n<\/li>\n\n\n\n<li>Au moins un cours parmi les 45 heures-cr\u00e9dits requises dans les domaines th\u00e9matiques obligatoires doit avoir \u00e9t\u00e9 compl\u00e9t\u00e9 dans les cinq ann\u00e9es pr\u00e9c\u00e9dant l\u2019admission, afin de d\u00e9montrer un engagement acad\u00e9mique r\u00e9cent dans le domaine.<\/li>\n<\/ol>\n\n\n\n<p>Les connaissances pr\u00e9alables peuvent \u00eatre acquises dans le cadre du dipl\u00f4me de 120 heures-cr\u00e9dits ou en compl\u00e9ment de la fa\u00e7on suivante\u00a0: par des cours de comptabilit\u00e9 ou de gestion offerts par un ou plusieurs \u00e9tablissements postsecondaires, par les cours pr\u00e9paratoires des CPA, ou par une combinaison des deux.<\/p>\n\n\n\n<p>Les candidats qui ne satisfont pas aux exigences relatives aux cours de comptabilit\u00e9 (y compris la condition de formation r\u00e9cente) auront la possibilit\u00e9 de d\u00e9montrer leurs comp\u00e9tences en comptabilit\u00e9 et en gestion en r\u00e9ussissant l\u2019\u00e9valuation des connaissances avant d\u2019entrer au programme professionnel CPA au module d\u2019apprentissage des bases ou en satisfaisant aux exigences d\u2019admission restantes dans un ou plusieurs \u00e9tablissements postsecondaires.&nbsp;&nbsp;<\/p>\n\n\n\n<h3 class=\"wp-block-heading\">Exigences relatives au dipl\u00f4me&nbsp;<\/h3>\n\n\n\n<p>Les candidats au programme professionnel CPA titulaires d&#8217;un dipl\u00f4me canadien ou international doivent avoir obtenu l\u2019un des dipl\u00f4mes suivants ou un dipl\u00f4me \u00e9quivalent au Canada&nbsp;:<\/p>\n\n\n\n<ul class=\"wp-block-list\">\n<li>Un dipl\u00f4me de premier cycle de trois ans dans n&#8217;importe quel domaine d&#8217;\u00e9tudes \u202f\u00a0<\/li>\n\n\n\n<li>Un dipl\u00f4me de premier cycle de quatre ans dans n&#8217;importe quel domaine d&#8217;\u00e9tudes \u202f\u00a0<\/li>\n\n\n\n<li>Une ma\u00eetrise ou un doctorat dans n&#8217;importe quel domaine d&#8217;\u00e9tudes\u202f\u00a0<\/li>\n<\/ul>\n\n\n\n<p>L\u2019exigence relative au dipl\u00f4me doit \u00eatre satisfaite ou faire l\u2019objet d\u2019une exemption pour les candidats qui passent l\u2019\u00e9valuation des connaissances ou qui entrent directement au programme professionnel CPA.<\/p>\n\n\n\n<h5 class=\"wp-block-heading\">\u202f<em>Dipl\u00f4mes canadiens&nbsp;<\/em><em>&nbsp;<\/em><\/h5>\n\n\n\n<p>Un dipl\u00f4me de premier cycle canadien doit \u00eatre d\u00e9livr\u00e9 par un \u00e9tablissement d&#8217;enseignement autoris\u00e9 par les instances r\u00e9glementaires comp\u00e9tentes au Canada \u00e0 d\u00e9cerner des dipl\u00f4mes.&nbsp;&nbsp;<\/p>\n\n\n\n<h5 class=\"wp-block-heading\"><em>Dipl\u00f4mes internationaux&nbsp;<\/em><em>&nbsp;<\/em><em><\/em><\/h5>\n\n\n\n<p>Les titulaires d\u2019un dipl\u00f4me international doivent fournir une preuve d\u2019\u00e9quivalence canadienne de leur dipl\u00f4me par le biais d\u2019une \u00e9valuation effectu\u00e9e par un service d\u2019\u00e9valuation des titres de comp\u00e9tence reconnu par une tierce partie. Cette \u00e9valuation est n\u00e9cessaire pour qu\u2019un dipl\u00f4me international satisfasse \u00e0 l\u2019exigence relative au dipl\u00f4me du CPA.&nbsp;<\/p>\n\n\n\n<p>&nbsp;Les dipl\u00f4mes internationaux ne seront accept\u00e9s que s\u2019ils proviennent d\u2019\u00e9tablissements postsecondaires reconnus dans l\u2019International Handbook of Universities, publi\u00e9 par l\u2019International Association of Universities ou par un service de reconnaissance similaire.<\/p>\n\n\n\n<p>Pour l\u2019admission au programme professionnel des CPA, les dipl\u00f4mes internationaux doivent \u00eatre \u00e9valu\u00e9s pour un total de 120 heures-cr\u00e9dits par un service reconnu d\u2019\u00e9valuation des qualifications.<\/p>\n\n\n\n<p>Seuls les dipl\u00f4mes obtenus dans des \u00e9tablissements postsecondaires reconnus dans l\u2019<em>International Handbook of Universities<\/em>, publi\u00e9 par l\u2019<em>International Association of Universities<\/em> ou par un service de reconnaissance similaire, seront accept\u00e9s. Les permis d\u2019\u00e9tudes canadiens sont requis pour tous les candidats internationaux \u00e9tudiant au Canada.<\/p>\n\n\n\n<p>Les dipl\u00f4mes internationaux doivent \u00eatre \u00e9valu\u00e9s afin de v\u00e9rifier qu\u2019ils satisfont \u00e0 l\u2019exigence de 120 heures-cr\u00e9dits pour l\u2019admission par un service reconnu d\u2019\u00e9valuation des qualifications. Le service d\u2019\u00e9valuation peut inclure des cr\u00e9dits acad\u00e9miques non li\u00e9s \u00e0 un dipl\u00f4me provenant d\u2019une d\u00e9signation professionnelle internationale pour compter dans le total des heures-cr\u00e9dits requises.&nbsp;<\/p>\n\n\n\n<p>Le processus de d\u00e9termination de l\u2019\u00e9quivalence du contenu rel\u00e8ve de l\u2019organisme provincial ou r\u00e9gional des CPA, conform\u00e9ment aux normes nationales de reconnaissance et d\u2019accr\u00e9ditation des \u00e9tablissements postsecondaires de CPA. Les dipl\u00f4mes internationaux sont compar\u00e9s aux exigences de comp\u00e9tences de la grille de comp\u00e9tences du CPA 2.0.&nbsp;<\/p>\n\n\n\n<p>Si un demandeur appartient \u00e0 un organisme comptable qui n&#8217;est pas membre de l\u2019<em>International Federation of Accountants (IFAC)<\/em> \u2014 y compris les membres associ\u00e9s ou les organismes sans reconnaissance IFAC \u2014 il doit pr\u00e9senter une demande \u00e0 la CPA Western School of Business via la voie du dipl\u00f4me international (\u00e9valuation d\u2019un dipl\u00f4me canadien ou international). La d\u00e9signation internationale ne sera reconnue que par un organisme membre \u00e0 part enti\u00e8re de l\u2019IFAC.&nbsp;<\/p>\n\n\n\n<h5 class=\"wp-block-heading\"><em>Exemption de dipl\u00f4me\u00a0<\/em><\/h5>\n\n\n\n<p>Les candidats qui souhaitent obtenir le titre de CPA sans \u00eatre titulaires d&#8217;un dipl\u00f4me peuvent demander une exemption de l&#8217;exigence relative au dipl\u00f4me. Pour ce faire, ils doivent avoir compl\u00e9t\u00e9 un minimum de huit ans d\u2019exp\u00e9rience pratique dans au moins deux domaines de comp\u00e9tence technique CPA&nbsp;(information financi\u00e8re, audit et assurance, fiscalit\u00e9, strat\u00e9gie et gouvernance, comptabilit\u00e9 de gestion ou finance) et avoir atteint au moins le niveau 1 de comp\u00e9tence dans ces domaines (voir la section 2.1.6).&nbsp;<\/p>\n\n\n\n<p>Une personne sans dipl\u00f4me qui s&#8217;inscrit au programme professionnel CPA est d\u00e9finie comme une personne qui r\u00e9pond aux crit\u00e8res d&#8217;admissibilit\u00e9 suivants :\u00a0<\/p>\n\n\n\n<ul class=\"wp-block-list\">\n<li>Avoir compl\u00e9t\u00e9 au moins huit ans d&#8217;exp\u00e9rience pertinente dans l&#8217;<strong>un<\/strong> des domaines de comp\u00e9tence technique CPA \u2014 information financi\u00e8re, strat\u00e9gie et gouvernance, comptabilit\u00e9 de gestion, audit et assurance, finance et fiscalit\u00e9 \u2014 avec deux sous-domaines de comp\u00e9tence d\u00e9velopp\u00e9s au moins au niveau 1, tel que d\u00e9fini dans le document sur les normes d&#8217;exp\u00e9rience de pratique requise pour devenir CPA (CPA PRS).\u00a0<\/li>\n\n\n\n<li>Avoir compl\u00e9t\u00e9 un formulaire d\u2019\u00e9valuation transmis directement par l\u2019employeur<\/li>\n\n\n\n<li>Avoir fourni une r\u00e9f\u00e9rence personnelle attestant de sa moralit\u00e9<\/li>\n\n\n\n<li>Avoir satisfait aux exigences de cours en comptabilit\u00e9<\/li>\n<\/ul>\n\n\n\n<h5 class=\"wp-block-heading\"><em>D\u00e9finition du dipl\u00f4me de premier cycle<\/em><em>&nbsp;<\/em><em><\/em><\/h5>\n\n\n\n<p>Le dipl\u00f4me de premier cycle requis pour l&#8217;admission au programme professionnel CPA doit \u00eatre d\u00e9livr\u00e9 par un \u00e9tablissement d&#8217;enseignement qui doit \u00eatre soit :<\/p>\n\n\n\n<ul class=\"wp-block-list\">\n<li>un \u00e9tablissement d&#8217;enseignement postsecondaire autoris\u00e9 par les autorit\u00e9s r\u00e9glementaires comp\u00e9tentes au Canada \u00e0 d\u00e9livrer des dipl\u00f4mes \u202f\u00a0<\/li>\n\n\n\n<li>une universit\u00e9 offrant une formation g\u00e9n\u00e9rale postsecondaire et reconnue dans l\u2019<em>International Handbook of Universities<\/em>, publi\u00e9 par l\u2019<em>International Association of Universities<\/em>, ou par un service de reconnaissance similaire<\/li>\n\n\n\n<li>un \u00e9tablissement d\u2019enseignement postsecondaire offrant une formation acad\u00e9mique, membre de l\u2019association nationale \u00e9quivalente dans un autre pays et accr\u00e9dit\u00e9 par les autorit\u00e9s r\u00e9glementaires comp\u00e9tentes de ce pays pour d\u00e9cerner des dipl\u00f4mes.<\/li>\n<\/ul>\n\n\n\n<p>L&#8217;\u00e9tablissement d\u2019enseignement doit :\u202f&nbsp;<\/p>\n\n\n\n<ul class=\"wp-block-list\">\n<li>\u00eatre \u00e9tabli ou accr\u00e9dit\u00e9 en vertu d\u2019une loi ou d\u2019une autre autorisation gouvernementale;\u00a0<\/li>\n\n\n\n<li>offrir un ou plusieurs programmes d\u2019\u00e9tudes de niveau postsecondaire, au-del\u00e0 des niveaux d\u2019enseignement primaire et secondaire obligatoires exig\u00e9s par le gouvernement du pays, de l\u2019\u00c9tat ou de la province, selon le cas.<\/li>\n<\/ul>\n\n\n\n<h5 class=\"wp-block-heading\"><em>Exemples d&#8217;exigences relatives aux dipl\u00f4mes<\/em><em>&nbsp;<\/em><em><\/em><\/h5>\n\n\n\n<p>Les candidats au programme professionnel CPA peuvent satisfaire aux exigences relatives au dipl\u00f4me, aux 120 heures-cr\u00e9dits et \u00e0 la couverture des domaines de connaissances pr\u00e9alables de diff\u00e9rentes fa\u00e7ons. Par exemple, chacune des situations suivantes serait consid\u00e9r\u00e9e comme satisfaisant aux exigences&nbsp;:&nbsp;<\/p>\n\n\n\n<ul class=\"wp-block-list\">\n<li>Un dipl\u00f4me universitaire de premier cycle de quatre ans comprenant l\u2019ensemble des domaines de connaissances pr\u00e9alables exig\u00e9s<\/li>\n\n\n\n<li>Un dipl\u00f4me universitaire de premier cycle de quatre ans ou d\u2019autres cours ou programmes reconnus permettant de satisfaire aux exigences relatives aux domaines de connaissances pr\u00e9alables<\/li>\n\n\n\n<li>Un dipl\u00f4me universitaire de premier cycle de trois ans comprenant l\u2019ensemble des domaines de connaissances pr\u00e9alables et pr\u00e9c\u00e9d\u00e9 d\u2019une ann\u00e9e d\u2019\u00e9tudes postsecondaires, comme un dipl\u00f4me universitaire du Qu\u00e9bec de trois ans pr\u00e9c\u00e9d\u00e9 du c\u00e9gep, ainsi que des baccalaur\u00e9ats internationaux \u00e9quivalents.<\/li>\n<\/ul>\n\n\n\n<h3 class=\"wp-block-heading\">Exigence de 120 heures-cr\u00e9dits&nbsp;<\/h3>\n\n\n\n<p>Un total minimal de 120 heures-cr\u00e9dits est requis. Les heures-cr\u00e9dits peuvent \u00eatre cumul\u00e9es \u00e0 partir de cours donnant droit \u00e0 un dipl\u00f4me ou de cours non li\u00e9s \u00e0 un dipl\u00f4me.<\/p>\n\n\n\n<p>Remarque : Un dipl\u00f4me universitaire de trois ans ne satisfait pas \u00e0 l\u2019exigence totale de 120 heures-cr\u00e9dits, car il \u00e9quivaut \u00e0 90 heures-cr\u00e9dits, de m\u00eame qu\u2019une ma\u00eetrise ou un doctorat (qui correspondent g\u00e9n\u00e9ralement \u00e0 60 heures-cr\u00e9dits). Dans ces cas, des cours postsecondaires suppl\u00e9mentaires doivent \u00eatre suivis pour atteindre le total requis d\u2019heures-cr\u00e9dits.<\/p>\n\n\n\n<h3 class=\"wp-block-heading\">Exigence de moyenne cumulative&nbsp;&nbsp;<\/h3>\n\n\n\n<p>Les candidats doivent pr\u00e9senter une moyenne cumulative d&#8217;au moins 65 %.<\/p>\n\n\n\n<h3 class=\"wp-block-heading\">Cours reconnus pour l&#8217;exemption de l&#8217;\u00e9valuation des connaissances&nbsp;<\/h3>\n\n\n\n<p>Les candidats doivent avoir compl\u00e9t\u00e9 un total de 45 heures-cr\u00e9dits dans des cours de comptabilit\u00e9 et de gestion;&nbsp;<\/p>\n\n\n\n<ul class=\"wp-block-list\">\n<li>21 heures-cr\u00e9dits dans les domaines obligatoires suivants : information financi\u00e8re interm\u00e9diaire, information financi\u00e8re avanc\u00e9e, comptabilit\u00e9 de gestion, finance, certification et fiscalit\u00e9. Au moins un de ces cours doit avoir \u00e9t\u00e9 suivi au cours des cinq derni\u00e8res ann\u00e9es.<\/li>\n\n\n\n<li>24 heures-cr\u00e9dits dans d&#8217;autres domaines li\u00e9s \u00e0 la comptabilit\u00e9 ou \u00e0 la gestion.\u00a0<\/li>\n<\/ul>\n\n\n\n<p>Les candidats qui satisfont \u00e0 ces exigences de cours pr\u00e9alables, en plus des exigences relatives au dipl\u00f4me et \u00e0 la moyenne cumulative, seront admissibles \u00e0 une entr\u00e9e directe au programme professionnel CPA. Les candidats qui satisfont aux exigences relatives au dipl\u00f4me et \u00e0 la moyenne cumulative, mais qui ne satisfont pas aux exigences de cours pr\u00e9alables devront suivre avec succ\u00e8s les cours pertinents dans un ou plusieurs \u00e9tablissements d&#8217;enseignement postsecondaire ou r\u00e9ussir l&#8217;\u00e9valuation des connaissances.<\/p>\n\n\n\n<h3 class=\"wp-block-heading\">R\u00e9cence de la formation&nbsp;<\/h3>\n\n\n\n<p>Au moins un cours parmi les 45 heures-cr\u00e9dits requises dans les domaines th\u00e9matiques obligatoires doit avoir \u00e9t\u00e9 compl\u00e9t\u00e9 au cours des cinq ann\u00e9es pr\u00e9c\u00e9dant l\u2019admission. Les cours suivis il y a plus de cinq ans peuvent encore \u00eatre compt\u00e9s dans le total de 45 heures-cr\u00e9dits. Toutefois, un cours r\u00e9cent sera exig\u00e9 pour confirmer un engagement r\u00e9cent dans le domaine.&nbsp;&nbsp;<\/p>\n\n\n\n<ul class=\"wp-block-list\">\n<li>Pour les cours suivis en dehors d\u2019un programme menant \u00e0 un dipl\u00f4me, ce sont les dates les plus r\u00e9centes de fin de cours qui seront utilis\u00e9es.<\/li>\n\n\n\n<li>Pour les cours suivis dans le cadre d&#8217;un dipl\u00f4me reconnu, la date d&#8217;obtention du dipl\u00f4me sera utilis\u00e9e pour \u00e9tablir si la formation est r\u00e9cente.<\/li>\n<\/ul>\n\n\n\n<p>*Toutes les dates sont sujettes \u00e0 modification<\/p>\n","protected":false},"excerpt":{"rendered":"<p>Date d&#8217;entr\u00e9e en vigueur : 27 janvier 2026<\/p>\n","protected":false},"author":4,"featured_media":2850,"parent":0,"menu_order":0,"comment_status":"closed","ping_status":"closed","template":"","meta":{"_acf_changed":false,"footnotes":""},"class_list":["post-2963","page","type-page","status-publish","has-post-thumbnail","hentry"],"acf":[],"yoast_head":"<!-- This site is optimized with the Yoast SEO plugin v27.3 - https:\/\/yoast.com\/product\/yoast-seo-wordpress\/ -->\n<title>Conditions d&#039;admission acad\u00e9miques\u00a0 - CPA Atlantique<\/title>\n<meta name=\"robots\" content=\"index, follow, max-snippet:-1, max-image-preview:large, max-video-preview:-1\" \/>\n<link rel=\"canonical\" href=\"https:\/\/cpaatlantic.ca\/fr\/academic-admissions-requirements\/\" \/>\n<meta property=\"og:locale\" content=\"en_US\" \/>\n<meta property=\"og:type\" content=\"article\" \/>\n<meta property=\"og:title\" content=\"Conditions d&#039;admission acad\u00e9miques\u00a0 - CPA Atlantique\" \/>\n<meta property=\"og:description\" content=\"Date d&#039;entr\u00e9e en vigueur : 27 janvier 2026\" \/>\n<meta property=\"og:url\" content=\"https:\/\/cpaatlantic.ca\/fr\/academic-admissions-requirements\/\" \/>\n<meta property=\"og:site_name\" content=\"CPA Atlantique\" \/>\n<meta property=\"article:modified_time\" content=\"2026-01-28T19:49:51+00:00\" \/>\n<meta property=\"og:image\" content=\"https:\/\/cpaatlantic.ca\/fr\/wp-content\/uploads\/sites\/3\/2025\/09\/Untitled-design-5.png\" \/>\n\t<meta property=\"og:image:width\" content=\"1366\" \/>\n\t<meta property=\"og:image:height\" content=\"768\" \/>\n\t<meta property=\"og:image:type\" content=\"image\/png\" \/>\n<meta name=\"twitter:card\" content=\"summary_large_image\" \/>\n<meta name=\"twitter:label1\" content=\"Est. reading time\" \/>\n\t<meta name=\"twitter:data1\" content=\"8 minutes\" \/>\n<script type=\"application\/ld+json\" class=\"yoast-schema-graph\">{\"@context\":\"https:\\\/\\\/schema.org\",\"@graph\":[{\"@type\":\"WebPage\",\"@id\":\"https:\\\/\\\/cpaatlantic.ca\\\/fr\\\/academic-admissions-requirements\\\/\",\"url\":\"https:\\\/\\\/cpaatlantic.ca\\\/fr\\\/academic-admissions-requirements\\\/\",\"name\":\"Conditions d'admission acad\u00e9miques\u00a0 - CPA Atlantique\",\"isPartOf\":{\"@id\":\"https:\\\/\\\/cpaatlantic.ca\\\/fr\\\/#website\"},\"primaryImageOfPage\":{\"@id\":\"https:\\\/\\\/cpaatlantic.ca\\\/fr\\\/academic-admissions-requirements\\\/#primaryimage\"},\"image\":{\"@id\":\"https:\\\/\\\/cpaatlantic.ca\\\/fr\\\/academic-admissions-requirements\\\/#primaryimage\"},\"thumbnailUrl\":\"https:\\\/\\\/cpaatlantic.ca\\\/fr\\\/wp-content\\\/uploads\\\/sites\\\/3\\\/2025\\\/09\\\/Untitled-design-5.png\",\"datePublished\":\"2026-01-28T19:49:50+00:00\",\"dateModified\":\"2026-01-28T19:49:51+00:00\",\"breadcrumb\":{\"@id\":\"https:\\\/\\\/cpaatlantic.ca\\\/fr\\\/academic-admissions-requirements\\\/#breadcrumb\"},\"inLanguage\":\"en-US\",\"potentialAction\":[{\"@type\":\"ReadAction\",\"target\":[\"https:\\\/\\\/cpaatlantic.ca\\\/fr\\\/academic-admissions-requirements\\\/\"]}]},{\"@type\":\"ImageObject\",\"inLanguage\":\"en-US\",\"@id\":\"https:\\\/\\\/cpaatlantic.ca\\\/fr\\\/academic-admissions-requirements\\\/#primaryimage\",\"url\":\"https:\\\/\\\/cpaatlantic.ca\\\/fr\\\/wp-content\\\/uploads\\\/sites\\\/3\\\/2025\\\/09\\\/Untitled-design-5.png\",\"contentUrl\":\"https:\\\/\\\/cpaatlantic.ca\\\/fr\\\/wp-content\\\/uploads\\\/sites\\\/3\\\/2025\\\/09\\\/Untitled-design-5.png\",\"width\":1366,\"height\":768},{\"@type\":\"BreadcrumbList\",\"@id\":\"https:\\\/\\\/cpaatlantic.ca\\\/fr\\\/academic-admissions-requirements\\\/#breadcrumb\",\"itemListElement\":[{\"@type\":\"ListItem\",\"position\":1,\"name\":\"Home\",\"item\":\"https:\\\/\\\/cpaatlantic.ca\\\/fr\\\/\"},{\"@type\":\"ListItem\",\"position\":2,\"name\":\"Conditions d&#8217;admission acad\u00e9miques\u00a0\"}]},{\"@type\":\"WebSite\",\"@id\":\"https:\\\/\\\/cpaatlantic.ca\\\/fr\\\/#website\",\"url\":\"https:\\\/\\\/cpaatlantic.ca\\\/fr\\\/\",\"name\":\"CPA Atlantique\",\"description\":\"Devenir CPA\",\"potentialAction\":[{\"@type\":\"SearchAction\",\"target\":{\"@type\":\"EntryPoint\",\"urlTemplate\":\"https:\\\/\\\/cpaatlantic.ca\\\/fr\\\/?s={search_term_string}\"},\"query-input\":{\"@type\":\"PropertyValueSpecification\",\"valueRequired\":true,\"valueName\":\"search_term_string\"}}],\"inLanguage\":\"en-US\"}]}<\/script>\n<!-- \/ Yoast SEO plugin. -->","yoast_head_json":{"title":"Conditions d'admission acad\u00e9miques\u00a0 - CPA Atlantique","robots":{"index":"index","follow":"follow","max-snippet":"max-snippet:-1","max-image-preview":"max-image-preview:large","max-video-preview":"max-video-preview:-1"},"canonical":"https:\/\/cpaatlantic.ca\/fr\/academic-admissions-requirements\/","og_locale":"en_US","og_type":"article","og_title":"Conditions d'admission acad\u00e9miques\u00a0 - CPA Atlantique","og_description":"Date d'entr\u00e9e en vigueur : 27 janvier 2026","og_url":"https:\/\/cpaatlantic.ca\/fr\/academic-admissions-requirements\/","og_site_name":"CPA Atlantique","article_modified_time":"2026-01-28T19:49:51+00:00","og_image":[{"width":1366,"height":768,"url":"https:\/\/cpaatlantic.ca\/fr\/wp-content\/uploads\/sites\/3\/2025\/09\/Untitled-design-5.png","type":"image\/png"}],"twitter_card":"summary_large_image","twitter_misc":{"Est. reading time":"8 minutes"},"schema":{"@context":"https:\/\/schema.org","@graph":[{"@type":"WebPage","@id":"https:\/\/cpaatlantic.ca\/fr\/academic-admissions-requirements\/","url":"https:\/\/cpaatlantic.ca\/fr\/academic-admissions-requirements\/","name":"Conditions d'admission acad\u00e9miques\u00a0 - CPA Atlantique","isPartOf":{"@id":"https:\/\/cpaatlantic.ca\/fr\/#website"},"primaryImageOfPage":{"@id":"https:\/\/cpaatlantic.ca\/fr\/academic-admissions-requirements\/#primaryimage"},"image":{"@id":"https:\/\/cpaatlantic.ca\/fr\/academic-admissions-requirements\/#primaryimage"},"thumbnailUrl":"https:\/\/cpaatlantic.ca\/fr\/wp-content\/uploads\/sites\/3\/2025\/09\/Untitled-design-5.png","datePublished":"2026-01-28T19:49:50+00:00","dateModified":"2026-01-28T19:49:51+00:00","breadcrumb":{"@id":"https:\/\/cpaatlantic.ca\/fr\/academic-admissions-requirements\/#breadcrumb"},"inLanguage":"en-US","potentialAction":[{"@type":"ReadAction","target":["https:\/\/cpaatlantic.ca\/fr\/academic-admissions-requirements\/"]}]},{"@type":"ImageObject","inLanguage":"en-US","@id":"https:\/\/cpaatlantic.ca\/fr\/academic-admissions-requirements\/#primaryimage","url":"https:\/\/cpaatlantic.ca\/fr\/wp-content\/uploads\/sites\/3\/2025\/09\/Untitled-design-5.png","contentUrl":"https:\/\/cpaatlantic.ca\/fr\/wp-content\/uploads\/sites\/3\/2025\/09\/Untitled-design-5.png","width":1366,"height":768},{"@type":"BreadcrumbList","@id":"https:\/\/cpaatlantic.ca\/fr\/academic-admissions-requirements\/#breadcrumb","itemListElement":[{"@type":"ListItem","position":1,"name":"Home","item":"https:\/\/cpaatlantic.ca\/fr\/"},{"@type":"ListItem","position":2,"name":"Conditions d&#8217;admission acad\u00e9miques\u00a0"}]},{"@type":"WebSite","@id":"https:\/\/cpaatlantic.ca\/fr\/#website","url":"https:\/\/cpaatlantic.ca\/fr\/","name":"CPA Atlantique","description":"Devenir CPA","potentialAction":[{"@type":"SearchAction","target":{"@type":"EntryPoint","urlTemplate":"https:\/\/cpaatlantic.ca\/fr\/?s={search_term_string}"},"query-input":{"@type":"PropertyValueSpecification","valueRequired":true,"valueName":"search_term_string"}}],"inLanguage":"en-US"}]}},"_links":{"self":[{"href":"https:\/\/cpaatlantic.ca\/fr\/wp-json\/wp\/v2\/pages\/2963","targetHints":{"allow":["GET"]}}],"collection":[{"href":"https:\/\/cpaatlantic.ca\/fr\/wp-json\/wp\/v2\/pages"}],"about":[{"href":"https:\/\/cpaatlantic.ca\/fr\/wp-json\/wp\/v2\/types\/page"}],"author":[{"embeddable":true,"href":"https:\/\/cpaatlantic.ca\/fr\/wp-json\/wp\/v2\/users\/4"}],"replies":[{"embeddable":true,"href":"https:\/\/cpaatlantic.ca\/fr\/wp-json\/wp\/v2\/comments?post=2963"}],"version-history":[{"count":2,"href":"https:\/\/cpaatlantic.ca\/fr\/wp-json\/wp\/v2\/pages\/2963\/revisions"}],"predecessor-version":[{"id":2965,"href":"https:\/\/cpaatlantic.ca\/fr\/wp-json\/wp\/v2\/pages\/2963\/revisions\/2965"}],"wp:featuredmedia":[{"embeddable":true,"href":"https:\/\/cpaatlantic.ca\/fr\/wp-json\/wp\/v2\/media\/2850"}],"wp:attachment":[{"href":"https:\/\/cpaatlantic.ca\/fr\/wp-json\/wp\/v2\/media?parent=2963"}],"curies":[{"name":"wp","href":"https:\/\/api.w.org\/{rel}","templated":true}]}}