{"id":3,"date":"2022-06-22T21:24:44","date_gmt":"2022-06-23T00:24:44","guid":{"rendered":"http:\/\/cpaa.local\/?page_id=3"},"modified":"2026-04-14T13:59:53","modified_gmt":"2026-04-14T16:59:53","slug":"private-career-college","status":"publish","type":"page","link":"https:\/\/cpaatlantic.ca\/fr\/private-career-college\/","title":{"rendered":"Coll\u00e8ge priv\u00e9 d&#8217;enseignement professionnel"},"content":{"rendered":"\n<p>En vertu de la Loi sur les coll\u00e8ges priv\u00e9s d&#8217;enseignement professionnel de la Nouvelle-\u00c9cosse, un coll\u00e8ge priv\u00e9 d&#8217;enseignement professionnel est d\u00e9fini comme une entreprise priv\u00e9e qui offre des programmes de formation professionnelle. L&#8217;\u00c9cole de gestion CPA Atlantique est une entreprise priv\u00e9e qui promeut et dispense une formation en comptabilit\u00e9 et en commerce au Canada atlantique et aux Bermudes.<\/p>\n\n\n\n<p>Des informations sur les r\u00e8glements g\u00e9n\u00e9raux concernant les coll\u00e8ges priv\u00e9s d&#8217;enseignement professionnel de la Nouvelle-\u00c9cosse sont disponibles&nbsp;<a href=\"https:\/\/novascotia.ca\/just\/regulations\/regs\/pccops.htm#TOC1_1\" target=\"_blank\" rel=\"noreferrer noopener\">ici<\/a>.<\/p>\n\n\n\n<p>\u200bDes informations sur la loi r\u00e9gissant les coll\u00e8ges priv\u00e9s d&#8217;enseignement professionnel en Nouvelle-\u00c9cosse sont disponibles&nbsp;<a href=\"https:\/\/nslegislature.ca\/sites\/default\/files\/legc\/statutes\/private%20career%20colleges.pdf\" target=\"_blank\" rel=\"noreferrer noopener\">ici<\/a>.<\/p>\n\n\n\n<figure class=\"wp-block-image size-full is-resized\"><img loading=\"lazy\" decoding=\"async\" src=\"https:\/\/cpaa.careercolleges.ca\/fr\/wp-content\/uploads\/sites\/3\/2022\/08\/Scanned_from_a_Lexmark_Multifunction_Pro.webp\" alt=\"\" class=\"wp-image-664\" width=\"600\" height=\"780\" srcset=\"https:\/\/cpaatlantic.ca\/fr\/wp-content\/uploads\/sites\/3\/2022\/08\/Scanned_from_a_Lexmark_Multifunction_Pro.webp 600w, https:\/\/cpaatlantic.ca\/fr\/wp-content\/uploads\/sites\/3\/2022\/08\/Scanned_from_a_Lexmark_Multifunction_Pro-231x300.webp 231w\" sizes=\"auto, (max-width: 600px) 100vw, 600px\" \/><\/figure>\n\n\n\n<div style=\"height:30px\" aria-hidden=\"true\" class=\"wp-block-spacer\"><\/div>\n\n\n\n<figure class=\"wp-block-image size-full\"><img loading=\"lazy\" decoding=\"async\" width=\"600\" height=\"871\" src=\"https:\/\/cpaa.careercolleges.ca\/fr\/wp-content\/uploads\/sites\/3\/2022\/08\/Scanned_from_a_Lexmark_Multifunction_Pro-1.webp\" alt=\"\" class=\"wp-image-663\" srcset=\"https:\/\/cpaatlantic.ca\/fr\/wp-content\/uploads\/sites\/3\/2022\/08\/Scanned_from_a_Lexmark_Multifunction_Pro-1.webp 600w, https:\/\/cpaatlantic.ca\/fr\/wp-content\/uploads\/sites\/3\/2022\/08\/Scanned_from_a_Lexmark_Multifunction_Pro-1-207x300.webp 207w\" sizes=\"auto, (max-width: 600px) 100vw, 600px\" \/><\/figure>\n","protected":false},"excerpt":{"rendered":"<p>En vertu de la Loi sur les coll\u00e8ges priv\u00e9s d&#8217;enseignement professionnel de la Nouvelle-\u00c9cosse, un coll\u00e8ge priv\u00e9 d&#8217;enseignement professionnel est d\u00e9fini comme une entreprise &#8230;<\/p>\n","protected":false},"author":1,"featured_media":0,"parent":0,"menu_order":0,"comment_status":"closed","ping_status":"closed","template":"","meta":{"_acf_changed":false,"footnotes":""},"class_list":["post-3","page","type-page","status-publish","hentry"],"acf":[],"yoast_head":"<!-- This site is optimized with the Yoast SEO plugin v27.4 - https:\/\/yoast.com\/product\/yoast-seo-wordpress\/ -->\n<title>Coll\u00e8ge priv\u00e9 d&#039;enseignement professionnel - CPA Atlantique<\/title>\n<meta name=\"description\" content=\"L&#039;\u00c9cole de gestion CPA Atlantique est une entreprise priv\u00e9e qui promeut et dispense une formation en comptabilit\u00e9 et en commerce au Canada atlantique et aux Bermudes.\" \/>\n<meta name=\"robots\" content=\"index, follow, max-snippet:-1, max-image-preview:large, max-video-preview:-1\" \/>\n<link rel=\"canonical\" href=\"https:\/\/cpaatlantic.ca\/fr\/private-career-college\/\" \/>\n<meta property=\"og:locale\" content=\"en_US\" \/>\n<meta property=\"og:type\" content=\"article\" \/>\n<meta property=\"og:title\" content=\"Coll\u00e8ge priv\u00e9 d&#039;enseignement professionnel - CPA Atlantique\" \/>\n<meta property=\"og:description\" content=\"L&#039;\u00c9cole de gestion CPA Atlantique est une entreprise priv\u00e9e qui promeut et dispense une formation en comptabilit\u00e9 et en commerce au Canada atlantique et aux Bermudes.\" \/>\n<meta property=\"og:url\" content=\"https:\/\/cpaatlantic.ca\/fr\/private-career-college\/\" \/>\n<meta property=\"og:site_name\" content=\"CPA Atlantique\" \/>\n<meta property=\"article:modified_time\" content=\"2026-04-14T16:59:53+00:00\" \/>\n<meta property=\"og:image\" content=\"https:\/\/cpaatlantic.ca\/fr\/wp-content\/uploads\/sites\/3\/2022\/08\/Scanned_from_a_Lexmark_Multifunction_Pro.webp\" \/>\n\t<meta property=\"og:image:width\" content=\"600\" \/>\n\t<meta property=\"og:image:height\" content=\"780\" \/>\n\t<meta property=\"og:image:type\" content=\"image\/webp\" \/>\n<meta name=\"twitter:card\" content=\"summary_large_image\" \/>\n<meta name=\"twitter:label1\" content=\"Est. reading time\" \/>\n\t<meta name=\"twitter:data1\" content=\"1 minute\" \/>\n<script type=\"application\/ld+json\" class=\"yoast-schema-graph\">{\"@context\":\"https:\\\/\\\/schema.org\",\"@graph\":[{\"@type\":\"WebPage\",\"@id\":\"https:\\\/\\\/cpaatlantic.ca\\\/fr\\\/private-career-college\\\/\",\"url\":\"https:\\\/\\\/cpaatlantic.ca\\\/fr\\\/private-career-college\\\/\",\"name\":\"Coll\u00e8ge priv\u00e9 d'enseignement professionnel - CPA Atlantique\",\"isPartOf\":{\"@id\":\"https:\\\/\\\/cpaatlantic.ca\\\/fr\\\/#website\"},\"primaryImageOfPage\":{\"@id\":\"https:\\\/\\\/cpaatlantic.ca\\\/fr\\\/private-career-college\\\/#primaryimage\"},\"image\":{\"@id\":\"https:\\\/\\\/cpaatlantic.ca\\\/fr\\\/private-career-college\\\/#primaryimage\"},\"thumbnailUrl\":\"https:\\\/\\\/cpaa.careercolleges.ca\\\/fr\\\/wp-content\\\/uploads\\\/sites\\\/3\\\/2022\\\/08\\\/Scanned_from_a_Lexmark_Multifunction_Pro.webp\",\"datePublished\":\"2022-06-23T00:24:44+00:00\",\"dateModified\":\"2026-04-14T16:59:53+00:00\",\"description\":\"L'\u00c9cole de gestion CPA Atlantique est une entreprise priv\u00e9e qui promeut et dispense une formation en comptabilit\u00e9 et en commerce au Canada atlantique et aux Bermudes.\",\"breadcrumb\":{\"@id\":\"https:\\\/\\\/cpaatlantic.ca\\\/fr\\\/private-career-college\\\/#breadcrumb\"},\"inLanguage\":\"en-US\",\"potentialAction\":[{\"@type\":\"ReadAction\",\"target\":[\"https:\\\/\\\/cpaatlantic.ca\\\/fr\\\/private-career-college\\\/\"]}]},{\"@type\":\"ImageObject\",\"inLanguage\":\"en-US\",\"@id\":\"https:\\\/\\\/cpaatlantic.ca\\\/fr\\\/private-career-college\\\/#primaryimage\",\"url\":\"https:\\\/\\\/cpaa.careercolleges.ca\\\/fr\\\/wp-content\\\/uploads\\\/sites\\\/3\\\/2022\\\/08\\\/Scanned_from_a_Lexmark_Multifunction_Pro.webp\",\"contentUrl\":\"https:\\\/\\\/cpaa.careercolleges.ca\\\/fr\\\/wp-content\\\/uploads\\\/sites\\\/3\\\/2022\\\/08\\\/Scanned_from_a_Lexmark_Multifunction_Pro.webp\"},{\"@type\":\"BreadcrumbList\",\"@id\":\"https:\\\/\\\/cpaatlantic.ca\\\/fr\\\/private-career-college\\\/#breadcrumb\",\"itemListElement\":[{\"@type\":\"ListItem\",\"position\":1,\"name\":\"Home\",\"item\":\"https:\\\/\\\/cpaatlantic.ca\\\/fr\\\/\"},{\"@type\":\"ListItem\",\"position\":2,\"name\":\"Coll\u00e8ge priv\u00e9 d&#8217;enseignement professionnel\"}]},{\"@type\":\"WebSite\",\"@id\":\"https:\\\/\\\/cpaatlantic.ca\\\/fr\\\/#website\",\"url\":\"https:\\\/\\\/cpaatlantic.ca\\\/fr\\\/\",\"name\":\"CPA Atlantique\",\"description\":\"Devenir CPA\",\"potentialAction\":[{\"@type\":\"SearchAction\",\"target\":{\"@type\":\"EntryPoint\",\"urlTemplate\":\"https:\\\/\\\/cpaatlantic.ca\\\/fr\\\/?s={search_term_string}\"},\"query-input\":{\"@type\":\"PropertyValueSpecification\",\"valueRequired\":true,\"valueName\":\"search_term_string\"}}],\"inLanguage\":\"en-US\"}]}<\/script>\n<!-- \/ Yoast SEO plugin. -->","yoast_head_json":{"title":"Coll\u00e8ge priv\u00e9 d'enseignement professionnel - CPA Atlantique","description":"L'\u00c9cole de gestion CPA Atlantique est une entreprise priv\u00e9e qui promeut et dispense une formation en comptabilit\u00e9 et en commerce au Canada atlantique et aux Bermudes.","robots":{"index":"index","follow":"follow","max-snippet":"max-snippet:-1","max-image-preview":"max-image-preview:large","max-video-preview":"max-video-preview:-1"},"canonical":"https:\/\/cpaatlantic.ca\/fr\/private-career-college\/","og_locale":"en_US","og_type":"article","og_title":"Coll\u00e8ge priv\u00e9 d'enseignement professionnel - CPA Atlantique","og_description":"L'\u00c9cole de gestion CPA Atlantique est une entreprise priv\u00e9e qui promeut et dispense une formation en comptabilit\u00e9 et en commerce au Canada atlantique et aux Bermudes.","og_url":"https:\/\/cpaatlantic.ca\/fr\/private-career-college\/","og_site_name":"CPA Atlantique","article_modified_time":"2026-04-14T16:59:53+00:00","og_image":[{"width":600,"height":780,"url":"https:\/\/cpaatlantic.ca\/fr\/wp-content\/uploads\/sites\/3\/2022\/08\/Scanned_from_a_Lexmark_Multifunction_Pro.webp","type":"image\/webp"}],"twitter_card":"summary_large_image","twitter_misc":{"Est. reading time":"1 minute"},"schema":{"@context":"https:\/\/schema.org","@graph":[{"@type":"WebPage","@id":"https:\/\/cpaatlantic.ca\/fr\/private-career-college\/","url":"https:\/\/cpaatlantic.ca\/fr\/private-career-college\/","name":"Coll\u00e8ge priv\u00e9 d'enseignement professionnel - CPA Atlantique","isPartOf":{"@id":"https:\/\/cpaatlantic.ca\/fr\/#website"},"primaryImageOfPage":{"@id":"https:\/\/cpaatlantic.ca\/fr\/private-career-college\/#primaryimage"},"image":{"@id":"https:\/\/cpaatlantic.ca\/fr\/private-career-college\/#primaryimage"},"thumbnailUrl":"https:\/\/cpaa.careercolleges.ca\/fr\/wp-content\/uploads\/sites\/3\/2022\/08\/Scanned_from_a_Lexmark_Multifunction_Pro.webp","datePublished":"2022-06-23T00:24:44+00:00","dateModified":"2026-04-14T16:59:53+00:00","description":"L'\u00c9cole de gestion CPA Atlantique est une entreprise priv\u00e9e qui promeut et dispense une formation en comptabilit\u00e9 et en commerce au Canada atlantique et aux Bermudes.","breadcrumb":{"@id":"https:\/\/cpaatlantic.ca\/fr\/private-career-college\/#breadcrumb"},"inLanguage":"en-US","potentialAction":[{"@type":"ReadAction","target":["https:\/\/cpaatlantic.ca\/fr\/private-career-college\/"]}]},{"@type":"ImageObject","inLanguage":"en-US","@id":"https:\/\/cpaatlantic.ca\/fr\/private-career-college\/#primaryimage","url":"https:\/\/cpaa.careercolleges.ca\/fr\/wp-content\/uploads\/sites\/3\/2022\/08\/Scanned_from_a_Lexmark_Multifunction_Pro.webp","contentUrl":"https:\/\/cpaa.careercolleges.ca\/fr\/wp-content\/uploads\/sites\/3\/2022\/08\/Scanned_from_a_Lexmark_Multifunction_Pro.webp"},{"@type":"BreadcrumbList","@id":"https:\/\/cpaatlantic.ca\/fr\/private-career-college\/#breadcrumb","itemListElement":[{"@type":"ListItem","position":1,"name":"Home","item":"https:\/\/cpaatlantic.ca\/fr\/"},{"@type":"ListItem","position":2,"name":"Coll\u00e8ge priv\u00e9 d&#8217;enseignement professionnel"}]},{"@type":"WebSite","@id":"https:\/\/cpaatlantic.ca\/fr\/#website","url":"https:\/\/cpaatlantic.ca\/fr\/","name":"CPA Atlantique","description":"Devenir CPA","potentialAction":[{"@type":"SearchAction","target":{"@type":"EntryPoint","urlTemplate":"https:\/\/cpaatlantic.ca\/fr\/?s={search_term_string}"},"query-input":{"@type":"PropertyValueSpecification","valueRequired":true,"valueName":"search_term_string"}}],"inLanguage":"en-US"}]}},"_links":{"self":[{"href":"https:\/\/cpaatlantic.ca\/fr\/wp-json\/wp\/v2\/pages\/3","targetHints":{"allow":["GET"]}}],"collection":[{"href":"https:\/\/cpaatlantic.ca\/fr\/wp-json\/wp\/v2\/pages"}],"about":[{"href":"https:\/\/cpaatlantic.ca\/fr\/wp-json\/wp\/v2\/types\/page"}],"author":[{"embeddable":true,"href":"https:\/\/cpaatlantic.ca\/fr\/wp-json\/wp\/v2\/users\/1"}],"replies":[{"embeddable":true,"href":"https:\/\/cpaatlantic.ca\/fr\/wp-json\/wp\/v2\/comments?post=3"}],"version-history":[{"count":6,"href":"https:\/\/cpaatlantic.ca\/fr\/wp-json\/wp\/v2\/pages\/3\/revisions"}],"predecessor-version":[{"id":1169,"href":"https:\/\/cpaatlantic.ca\/fr\/wp-json\/wp\/v2\/pages\/3\/revisions\/1169"}],"wp:attachment":[{"href":"https:\/\/cpaatlantic.ca\/fr\/wp-json\/wp\/v2\/media?parent=3"}],"curies":[{"name":"wp","href":"https:\/\/api.w.org\/{rel}","templated":true}]}}