{"id":3017,"date":"2026-03-06T14:05:56","date_gmt":"2026-03-06T18:05:56","guid":{"rendered":"https:\/\/cpaatlantic.ca\/fr\/?page_id=3017"},"modified":"2026-03-12T10:50:59","modified_gmt":"2026-03-12T13:50:59","slug":"athabasca-university-transfer-credit","status":"publish","type":"page","link":"https:\/\/cpaatlantic.ca\/fr\/athabasca-university-transfer-credit\/","title":{"rendered":"Transfert de cr\u00e9dits \u00e0 l&#8217;Universit\u00e9 Athabasca"},"content":{"rendered":"\n<p>Il est important \u00e0 noter que\u00a0<strong>les cours pr\u00e9paratoires ne sont pas offerts en fran\u00e7ais \u00e0 l\u2019\u00c9cole de gestion CPA Atlantique<\/strong>. Le programme de transfert de cr\u00e9dits qui permet aux \u00e9tudiants suivant des cours pr\u00e9paratoires de poursuivre leurs \u00e9tudes \u00e0 l&#8217;Universit\u00e9 Athabasca n&#8217;est disponible qu&#8217;en anglais. Veuillez consulter le site anglais pour plus d&#8217;informations.<\/p>\n\n\n\n<a href=\"https:\/\/cpaatlantic.ca\/athabasca-university-transfer-credit\/\" target=\"_blank\" rel=\"noreferrer noopener\" class=\"cpaa-btn cpaa-btn-border-small\" style=\"margin-bottom:.5rem\">Cliquez ici pour en savoir plus sur les transfert de cr\u00e9dits \u00e0 l&#8217;Universit\u00e9 Athabasca en anglais.<\/a>\n","protected":false},"excerpt":{"rendered":"<p>Il est important \u00e0 noter que\u00a0les cours pr\u00e9paratoires ne sont pas offerts en fran\u00e7ais \u00e0 l\u2019\u00c9cole de gestion CPA Atlantique. Le programme de transfert &#8230;<\/p>\n","protected":false},"author":4,"featured_media":2910,"parent":0,"menu_order":0,"comment_status":"closed","ping_status":"closed","template":"","meta":{"_acf_changed":false,"footnotes":""},"class_list":["post-3017","page","type-page","status-publish","has-post-thumbnail","hentry"],"acf":[],"yoast_head":"<!-- This site is optimized with the Yoast SEO plugin v27.3 - https:\/\/yoast.com\/product\/yoast-seo-wordpress\/ -->\n<title>Transfert de cr\u00e9dits \u00e0 l&#039;Universit\u00e9 Athabasca - CPA Atlantique<\/title>\n<meta name=\"description\" content=\"Veuillez consulter le site anglais pour plus d&#039;informations pour en savoir plus sur les transfert de cr\u00e9dits \u00e0 l&#039;Universit\u00e9 Athabasca.\" \/>\n<meta name=\"robots\" content=\"noindex, nofollow\" \/>\n<meta property=\"og:locale\" content=\"en_US\" \/>\n<meta property=\"og:type\" content=\"article\" \/>\n<meta property=\"og:title\" content=\"Transfert de cr\u00e9dits \u00e0 l&#039;Universit\u00e9 Athabasca - CPA Atlantique\" \/>\n<meta property=\"og:description\" content=\"Veuillez consulter le site anglais pour plus d&#039;informations pour en savoir plus sur les transfert de cr\u00e9dits \u00e0 l&#039;Universit\u00e9 Athabasca.\" \/>\n<meta property=\"og:url\" content=\"https:\/\/cpaatlantic.ca\/fr\/athabasca-university-transfer-credit\/\" \/>\n<meta property=\"og:site_name\" content=\"CPA Atlantique\" \/>\n<meta property=\"article:modified_time\" content=\"2026-03-12T13:50:59+00:00\" \/>\n<meta property=\"og:image\" content=\"https:\/\/cpaatlantic.ca\/fr\/wp-content\/uploads\/sites\/3\/2025\/10\/Untitled-1920-x-500-px-Website.png\" \/>\n\t<meta property=\"og:image:width\" content=\"1366\" \/>\n\t<meta property=\"og:image:height\" content=\"768\" \/>\n\t<meta property=\"og:image:type\" content=\"image\/png\" \/>\n<meta name=\"twitter:card\" content=\"summary_large_image\" \/>\n<meta name=\"twitter:label1\" content=\"Est. reading time\" \/>\n\t<meta name=\"twitter:data1\" content=\"1 minute\" \/>\n<script type=\"application\/ld+json\" class=\"yoast-schema-graph\">{\"@context\":\"https:\\\/\\\/schema.org\",\"@graph\":[{\"@type\":\"WebPage\",\"@id\":\"https:\\\/\\\/cpaatlantic.ca\\\/fr\\\/athabasca-university-transfer-credit\\\/\",\"url\":\"https:\\\/\\\/cpaatlantic.ca\\\/fr\\\/athabasca-university-transfer-credit\\\/\",\"name\":\"Transfert de cr\u00e9dits \u00e0 l'Universit\u00e9 Athabasca - CPA Atlantique\",\"isPartOf\":{\"@id\":\"https:\\\/\\\/cpaatlantic.ca\\\/fr\\\/#website\"},\"primaryImageOfPage\":{\"@id\":\"https:\\\/\\\/cpaatlantic.ca\\\/fr\\\/athabasca-university-transfer-credit\\\/#primaryimage\"},\"image\":{\"@id\":\"https:\\\/\\\/cpaatlantic.ca\\\/fr\\\/athabasca-university-transfer-credit\\\/#primaryimage\"},\"thumbnailUrl\":\"https:\\\/\\\/cpaatlantic.ca\\\/fr\\\/wp-content\\\/uploads\\\/sites\\\/3\\\/2025\\\/10\\\/Untitled-1920-x-500-px-Website.png\",\"datePublished\":\"2026-03-06T18:05:56+00:00\",\"dateModified\":\"2026-03-12T13:50:59+00:00\",\"description\":\"Veuillez consulter le site anglais pour plus d'informations pour en savoir plus sur les transfert de cr\u00e9dits \u00e0 l'Universit\u00e9 Athabasca.\",\"breadcrumb\":{\"@id\":\"https:\\\/\\\/cpaatlantic.ca\\\/fr\\\/athabasca-university-transfer-credit\\\/#breadcrumb\"},\"inLanguage\":\"en-US\",\"potentialAction\":[{\"@type\":\"ReadAction\",\"target\":[\"https:\\\/\\\/cpaatlantic.ca\\\/fr\\\/athabasca-university-transfer-credit\\\/\"]}]},{\"@type\":\"ImageObject\",\"inLanguage\":\"en-US\",\"@id\":\"https:\\\/\\\/cpaatlantic.ca\\\/fr\\\/athabasca-university-transfer-credit\\\/#primaryimage\",\"url\":\"https:\\\/\\\/cpaatlantic.ca\\\/fr\\\/wp-content\\\/uploads\\\/sites\\\/3\\\/2025\\\/10\\\/Untitled-1920-x-500-px-Website.png\",\"contentUrl\":\"https:\\\/\\\/cpaatlantic.ca\\\/fr\\\/wp-content\\\/uploads\\\/sites\\\/3\\\/2025\\\/10\\\/Untitled-1920-x-500-px-Website.png\",\"width\":1366,\"height\":768},{\"@type\":\"BreadcrumbList\",\"@id\":\"https:\\\/\\\/cpaatlantic.ca\\\/fr\\\/athabasca-university-transfer-credit\\\/#breadcrumb\",\"itemListElement\":[{\"@type\":\"ListItem\",\"position\":1,\"name\":\"Home\",\"item\":\"https:\\\/\\\/cpaatlantic.ca\\\/fr\\\/\"},{\"@type\":\"ListItem\",\"position\":2,\"name\":\"Transfert de cr\u00e9dits \u00e0 l&#8217;Universit\u00e9 Athabasca\"}]},{\"@type\":\"WebSite\",\"@id\":\"https:\\\/\\\/cpaatlantic.ca\\\/fr\\\/#website\",\"url\":\"https:\\\/\\\/cpaatlantic.ca\\\/fr\\\/\",\"name\":\"CPA Atlantique\",\"description\":\"Devenir CPA\",\"potentialAction\":[{\"@type\":\"SearchAction\",\"target\":{\"@type\":\"EntryPoint\",\"urlTemplate\":\"https:\\\/\\\/cpaatlantic.ca\\\/fr\\\/?s={search_term_string}\"},\"query-input\":{\"@type\":\"PropertyValueSpecification\",\"valueRequired\":true,\"valueName\":\"search_term_string\"}}],\"inLanguage\":\"en-US\"}]}<\/script>\n<!-- \/ Yoast SEO plugin. -->","yoast_head_json":{"title":"Transfert de cr\u00e9dits \u00e0 l'Universit\u00e9 Athabasca - CPA Atlantique","description":"Veuillez consulter le site anglais pour plus d'informations pour en savoir plus sur les transfert de cr\u00e9dits \u00e0 l'Universit\u00e9 Athabasca.","robots":{"index":"noindex","follow":"nofollow"},"og_locale":"en_US","og_type":"article","og_title":"Transfert de cr\u00e9dits \u00e0 l'Universit\u00e9 Athabasca - CPA Atlantique","og_description":"Veuillez consulter le site anglais pour plus d'informations pour en savoir plus sur les transfert de cr\u00e9dits \u00e0 l'Universit\u00e9 Athabasca.","og_url":"https:\/\/cpaatlantic.ca\/fr\/athabasca-university-transfer-credit\/","og_site_name":"CPA Atlantique","article_modified_time":"2026-03-12T13:50:59+00:00","og_image":[{"width":1366,"height":768,"url":"https:\/\/cpaatlantic.ca\/fr\/wp-content\/uploads\/sites\/3\/2025\/10\/Untitled-1920-x-500-px-Website.png","type":"image\/png"}],"twitter_card":"summary_large_image","twitter_misc":{"Est. reading time":"1 minute"},"schema":{"@context":"https:\/\/schema.org","@graph":[{"@type":"WebPage","@id":"https:\/\/cpaatlantic.ca\/fr\/athabasca-university-transfer-credit\/","url":"https:\/\/cpaatlantic.ca\/fr\/athabasca-university-transfer-credit\/","name":"Transfert de cr\u00e9dits \u00e0 l'Universit\u00e9 Athabasca - CPA Atlantique","isPartOf":{"@id":"https:\/\/cpaatlantic.ca\/fr\/#website"},"primaryImageOfPage":{"@id":"https:\/\/cpaatlantic.ca\/fr\/athabasca-university-transfer-credit\/#primaryimage"},"image":{"@id":"https:\/\/cpaatlantic.ca\/fr\/athabasca-university-transfer-credit\/#primaryimage"},"thumbnailUrl":"https:\/\/cpaatlantic.ca\/fr\/wp-content\/uploads\/sites\/3\/2025\/10\/Untitled-1920-x-500-px-Website.png","datePublished":"2026-03-06T18:05:56+00:00","dateModified":"2026-03-12T13:50:59+00:00","description":"Veuillez consulter le site anglais pour plus d'informations pour en savoir plus sur les transfert de cr\u00e9dits \u00e0 l'Universit\u00e9 Athabasca.","breadcrumb":{"@id":"https:\/\/cpaatlantic.ca\/fr\/athabasca-university-transfer-credit\/#breadcrumb"},"inLanguage":"en-US","potentialAction":[{"@type":"ReadAction","target":["https:\/\/cpaatlantic.ca\/fr\/athabasca-university-transfer-credit\/"]}]},{"@type":"ImageObject","inLanguage":"en-US","@id":"https:\/\/cpaatlantic.ca\/fr\/athabasca-university-transfer-credit\/#primaryimage","url":"https:\/\/cpaatlantic.ca\/fr\/wp-content\/uploads\/sites\/3\/2025\/10\/Untitled-1920-x-500-px-Website.png","contentUrl":"https:\/\/cpaatlantic.ca\/fr\/wp-content\/uploads\/sites\/3\/2025\/10\/Untitled-1920-x-500-px-Website.png","width":1366,"height":768},{"@type":"BreadcrumbList","@id":"https:\/\/cpaatlantic.ca\/fr\/athabasca-university-transfer-credit\/#breadcrumb","itemListElement":[{"@type":"ListItem","position":1,"name":"Home","item":"https:\/\/cpaatlantic.ca\/fr\/"},{"@type":"ListItem","position":2,"name":"Transfert de cr\u00e9dits \u00e0 l&#8217;Universit\u00e9 Athabasca"}]},{"@type":"WebSite","@id":"https:\/\/cpaatlantic.ca\/fr\/#website","url":"https:\/\/cpaatlantic.ca\/fr\/","name":"CPA Atlantique","description":"Devenir CPA","potentialAction":[{"@type":"SearchAction","target":{"@type":"EntryPoint","urlTemplate":"https:\/\/cpaatlantic.ca\/fr\/?s={search_term_string}"},"query-input":{"@type":"PropertyValueSpecification","valueRequired":true,"valueName":"search_term_string"}}],"inLanguage":"en-US"}]}},"_links":{"self":[{"href":"https:\/\/cpaatlantic.ca\/fr\/wp-json\/wp\/v2\/pages\/3017","targetHints":{"allow":["GET"]}}],"collection":[{"href":"https:\/\/cpaatlantic.ca\/fr\/wp-json\/wp\/v2\/pages"}],"about":[{"href":"https:\/\/cpaatlantic.ca\/fr\/wp-json\/wp\/v2\/types\/page"}],"author":[{"embeddable":true,"href":"https:\/\/cpaatlantic.ca\/fr\/wp-json\/wp\/v2\/users\/4"}],"replies":[{"embeddable":true,"href":"https:\/\/cpaatlantic.ca\/fr\/wp-json\/wp\/v2\/comments?post=3017"}],"version-history":[{"count":1,"href":"https:\/\/cpaatlantic.ca\/fr\/wp-json\/wp\/v2\/pages\/3017\/revisions"}],"predecessor-version":[{"id":3019,"href":"https:\/\/cpaatlantic.ca\/fr\/wp-json\/wp\/v2\/pages\/3017\/revisions\/3019"}],"wp:featuredmedia":[{"embeddable":true,"href":"https:\/\/cpaatlantic.ca\/fr\/wp-json\/wp\/v2\/media\/2910"}],"wp:attachment":[{"href":"https:\/\/cpaatlantic.ca\/fr\/wp-json\/wp\/v2\/media?parent=3017"}],"curies":[{"name":"wp","href":"https:\/\/api.w.org\/{rel}","templated":true}]}}