{"id":3025,"date":"2026-03-12T10:45:15","date_gmt":"2026-03-12T13:45:15","guid":{"rendered":"https:\/\/cpaatlantic.ca\/fr\/?page_id=3025"},"modified":"2026-03-12T10:45:52","modified_gmt":"2026-03-12T13:45:52","slug":"current-and-future-cpa-preparatory-course-students","status":"publish","type":"page","link":"https:\/\/cpaatlantic.ca\/fr\/current-and-future-cpa-preparatory-course-students\/","title":{"rendered":"\u00c9tudiants actuels et futurs du cours pr\u00e9paratoire au CPA"},"content":{"rendered":"\n<p>Les cours pr\u00e9paratoires au CPA seront offerts jusqu&#8217;en d\u00e9cembre 2027, apr\u00e8s quoi ils ne seront plus disponibles. Il est important \u00e0 noter que&nbsp;<strong>les cours pr\u00e9paratoires ne sont pas offerts en fran\u00e7ais \u00e0 l\u2019\u00c9cole de gestion CPA Atlantique<\/strong>. <a href=\"https:\/\/cpaatlantic.ca\/current-and-future-cpa-preparatory-course-students\/\" type=\"link\" id=\"https:\/\/cpaatlantic.ca\/current-and-future-cpa-preparatory-course-students\/\">Veuillez consulter le site anglais<\/a> pour plus d\u2019informations sur les cours pr\u00e9paratoires au CPA \u00e0 l&#8217;approche du lancement du nouveau programme professionnel du CPA.<\/p>\n\n\n\n<a href=\"https:\/\/cpaatlantic.ca\/current-and-future-cpa-preparatory-course-students\/\" target=\"_blank\" rel=\"noreferrer noopener\" class=\"cpaa-btn cpaa-btn-border-small\" style=\"margin-bottom:.5rem\">Cliquez ici pour en savoir plus en anglais<\/a>\n","protected":false},"excerpt":{"rendered":"<p>Les cours pr\u00e9paratoires au CPA seront offerts jusqu&#8217;en d\u00e9cembre 2027, apr\u00e8s quoi ils ne seront plus disponibles. Il est important \u00e0 noter que&nbsp;les cours &#8230;<\/p>\n","protected":false},"author":4,"featured_media":0,"parent":0,"menu_order":0,"comment_status":"closed","ping_status":"closed","template":"","meta":{"_acf_changed":false,"footnotes":""},"class_list":["post-3025","page","type-page","status-publish","hentry"],"acf":[],"yoast_head":"<!-- This site is optimized with the Yoast SEO plugin v27.3 - https:\/\/yoast.com\/product\/yoast-seo-wordpress\/ -->\n<title>\u00c9tudiants actuels et futurs du cours pr\u00e9paratoire au CPA - CPA Atlantique<\/title>\n<meta name=\"robots\" content=\"noindex, nofollow\" \/>\n<meta property=\"og:locale\" content=\"en_US\" \/>\n<meta property=\"og:type\" content=\"article\" \/>\n<meta property=\"og:title\" content=\"\u00c9tudiants actuels et futurs du cours pr\u00e9paratoire au CPA - CPA Atlantique\" \/>\n<meta property=\"og:description\" content=\"Les cours pr\u00e9paratoires au CPA seront offerts jusqu&#8217;en d\u00e9cembre 2027, apr\u00e8s quoi ils ne seront plus disponibles. Il est important \u00e0 noter que&nbsp;les cours ...\" \/>\n<meta property=\"og:url\" content=\"https:\/\/cpaatlantic.ca\/fr\/current-and-future-cpa-preparatory-course-students\/\" \/>\n<meta property=\"og:site_name\" content=\"CPA Atlantique\" \/>\n<meta property=\"article:modified_time\" content=\"2026-03-12T13:45:52+00:00\" \/>\n<meta name=\"twitter:card\" content=\"summary_large_image\" \/>\n<meta name=\"twitter:label1\" content=\"Est. reading time\" \/>\n\t<meta name=\"twitter:data1\" content=\"1 minute\" \/>\n<script type=\"application\/ld+json\" class=\"yoast-schema-graph\">{\"@context\":\"https:\\\/\\\/schema.org\",\"@graph\":[{\"@type\":\"WebPage\",\"@id\":\"https:\\\/\\\/cpaatlantic.ca\\\/fr\\\/current-and-future-cpa-preparatory-course-students\\\/\",\"url\":\"https:\\\/\\\/cpaatlantic.ca\\\/fr\\\/current-and-future-cpa-preparatory-course-students\\\/\",\"name\":\"\u00c9tudiants actuels et futurs du cours pr\u00e9paratoire au CPA - CPA Atlantique\",\"isPartOf\":{\"@id\":\"https:\\\/\\\/cpaatlantic.ca\\\/fr\\\/#website\"},\"datePublished\":\"2026-03-12T13:45:15+00:00\",\"dateModified\":\"2026-03-12T13:45:52+00:00\",\"breadcrumb\":{\"@id\":\"https:\\\/\\\/cpaatlantic.ca\\\/fr\\\/current-and-future-cpa-preparatory-course-students\\\/#breadcrumb\"},\"inLanguage\":\"en-US\",\"potentialAction\":[{\"@type\":\"ReadAction\",\"target\":[\"https:\\\/\\\/cpaatlantic.ca\\\/fr\\\/current-and-future-cpa-preparatory-course-students\\\/\"]}]},{\"@type\":\"BreadcrumbList\",\"@id\":\"https:\\\/\\\/cpaatlantic.ca\\\/fr\\\/current-and-future-cpa-preparatory-course-students\\\/#breadcrumb\",\"itemListElement\":[{\"@type\":\"ListItem\",\"position\":1,\"name\":\"Home\",\"item\":\"https:\\\/\\\/cpaatlantic.ca\\\/fr\\\/\"},{\"@type\":\"ListItem\",\"position\":2,\"name\":\"\u00c9tudiants actuels et futurs du cours pr\u00e9paratoire au CPA\"}]},{\"@type\":\"WebSite\",\"@id\":\"https:\\\/\\\/cpaatlantic.ca\\\/fr\\\/#website\",\"url\":\"https:\\\/\\\/cpaatlantic.ca\\\/fr\\\/\",\"name\":\"CPA Atlantique\",\"description\":\"Devenir CPA\",\"potentialAction\":[{\"@type\":\"SearchAction\",\"target\":{\"@type\":\"EntryPoint\",\"urlTemplate\":\"https:\\\/\\\/cpaatlantic.ca\\\/fr\\\/?s={search_term_string}\"},\"query-input\":{\"@type\":\"PropertyValueSpecification\",\"valueRequired\":true,\"valueName\":\"search_term_string\"}}],\"inLanguage\":\"en-US\"}]}<\/script>\n<!-- \/ Yoast SEO plugin. -->","yoast_head_json":{"title":"\u00c9tudiants actuels et futurs du cours pr\u00e9paratoire au CPA - CPA Atlantique","robots":{"index":"noindex","follow":"nofollow"},"og_locale":"en_US","og_type":"article","og_title":"\u00c9tudiants actuels et futurs du cours pr\u00e9paratoire au CPA - CPA Atlantique","og_description":"Les cours pr\u00e9paratoires au CPA seront offerts jusqu&#8217;en d\u00e9cembre 2027, apr\u00e8s quoi ils ne seront plus disponibles. Il est important \u00e0 noter que&nbsp;les cours ...","og_url":"https:\/\/cpaatlantic.ca\/fr\/current-and-future-cpa-preparatory-course-students\/","og_site_name":"CPA Atlantique","article_modified_time":"2026-03-12T13:45:52+00:00","twitter_card":"summary_large_image","twitter_misc":{"Est. reading time":"1 minute"},"schema":{"@context":"https:\/\/schema.org","@graph":[{"@type":"WebPage","@id":"https:\/\/cpaatlantic.ca\/fr\/current-and-future-cpa-preparatory-course-students\/","url":"https:\/\/cpaatlantic.ca\/fr\/current-and-future-cpa-preparatory-course-students\/","name":"\u00c9tudiants actuels et futurs du cours pr\u00e9paratoire au CPA - CPA Atlantique","isPartOf":{"@id":"https:\/\/cpaatlantic.ca\/fr\/#website"},"datePublished":"2026-03-12T13:45:15+00:00","dateModified":"2026-03-12T13:45:52+00:00","breadcrumb":{"@id":"https:\/\/cpaatlantic.ca\/fr\/current-and-future-cpa-preparatory-course-students\/#breadcrumb"},"inLanguage":"en-US","potentialAction":[{"@type":"ReadAction","target":["https:\/\/cpaatlantic.ca\/fr\/current-and-future-cpa-preparatory-course-students\/"]}]},{"@type":"BreadcrumbList","@id":"https:\/\/cpaatlantic.ca\/fr\/current-and-future-cpa-preparatory-course-students\/#breadcrumb","itemListElement":[{"@type":"ListItem","position":1,"name":"Home","item":"https:\/\/cpaatlantic.ca\/fr\/"},{"@type":"ListItem","position":2,"name":"\u00c9tudiants actuels et futurs du cours pr\u00e9paratoire au CPA"}]},{"@type":"WebSite","@id":"https:\/\/cpaatlantic.ca\/fr\/#website","url":"https:\/\/cpaatlantic.ca\/fr\/","name":"CPA Atlantique","description":"Devenir CPA","potentialAction":[{"@type":"SearchAction","target":{"@type":"EntryPoint","urlTemplate":"https:\/\/cpaatlantic.ca\/fr\/?s={search_term_string}"},"query-input":{"@type":"PropertyValueSpecification","valueRequired":true,"valueName":"search_term_string"}}],"inLanguage":"en-US"}]}},"_links":{"self":[{"href":"https:\/\/cpaatlantic.ca\/fr\/wp-json\/wp\/v2\/pages\/3025","targetHints":{"allow":["GET"]}}],"collection":[{"href":"https:\/\/cpaatlantic.ca\/fr\/wp-json\/wp\/v2\/pages"}],"about":[{"href":"https:\/\/cpaatlantic.ca\/fr\/wp-json\/wp\/v2\/types\/page"}],"author":[{"embeddable":true,"href":"https:\/\/cpaatlantic.ca\/fr\/wp-json\/wp\/v2\/users\/4"}],"replies":[{"embeddable":true,"href":"https:\/\/cpaatlantic.ca\/fr\/wp-json\/wp\/v2\/comments?post=3025"}],"version-history":[{"count":2,"href":"https:\/\/cpaatlantic.ca\/fr\/wp-json\/wp\/v2\/pages\/3025\/revisions"}],"predecessor-version":[{"id":3027,"href":"https:\/\/cpaatlantic.ca\/fr\/wp-json\/wp\/v2\/pages\/3025\/revisions\/3027"}],"wp:attachment":[{"href":"https:\/\/cpaatlantic.ca\/fr\/wp-json\/wp\/v2\/media?parent=3025"}],"curies":[{"name":"wp","href":"https:\/\/api.w.org\/{rel}","templated":true}]}}