{"id":307,"date":"2022-07-26T12:37:56","date_gmt":"2022-07-26T15:37:56","guid":{"rendered":"https:\/\/cpaa.careercolleges.ca\/fr\/?page_id=307"},"modified":"2025-06-04T11:58:32","modified_gmt":"2025-06-04T14:58:32","slug":"apply-now","status":"publish","type":"page","link":"https:\/\/cpaatlantic.ca\/fr\/apply-now\/","title":{"rendered":"\u00cates-vous \u00c9ligible?"},"content":{"rendered":"\n<p>La premi\u00e8re \u00e9tape vers votre titre de CPA commence ici. Si vous \u00eates pr\u00eat \u00e0 vous inscrire au programme CPA, suivez les \u00e9tapes simples ci-dessous :<\/p>\n\n\n\n<p><strong>\u00c9tape 1 : V\u00e9rifiez votre admissibilit\u00e9<\/strong><\/p>\n\n\n\n<p>Assurez-vous de r\u00e9pondre aux crit\u00e8res d&#8217;admissibilit\u00e9 au programme CPA de l\u2019\u00c9cole de gestion CPA Atlantique. Les crit\u00e8res d&#8217;admissibilit\u00e9 comprennent un dipl\u00f4me d&#8217;\u00e9tudes postsecondaires reconnu, des cours pr\u00e9alables sp\u00e9cifiques et une exp\u00e9rience de travail pertinente. Pour obtenir une liste d\u00e9taill\u00e9e des exigences, veuillez consulter nos lignes directrices en mati\u00e8re d&#8217;admissibilit\u00e9.<\/p>\n\n\n\n<div class=\"wp-block-columns is-layout-flex wp-container-core-columns-is-layout-9d6595d7 wp-block-columns-is-layout-flex\">\n<div class=\"wp-block-column is-layout-flow wp-block-column-is-layout-flow\">\n<a href=\"https:\/\/cpaatlantic.ca\/fr\/how-to-become-a-cpa\/\" target=\"_blank\" rel=\"noreferrer noopener\" class=\"cpaa-btn cpaa-btn-border-small\" style=\"margin-bottom:.5rem\">Crit\u00e8res d&#8217;admissibilit\u00e9 <\/a>\n<\/div>\n\n\n\n<div class=\"wp-block-column is-layout-flow wp-block-column-is-layout-flow\">\n<a href=\"https:\/\/cpaatlantic.ca\/fr\/transfer-credit-guides\/\" target=\"_blank\" rel=\"noreferrer noopener\" class=\"cpaa-btn cpaa-btn-border-small\" style=\"margin-bottom:.5rem\"> GUIDES DE CR\u00c9DIT DE TRANSFER<\/a>\n<\/div>\n<\/div>\n\n\n\n<p><strong>\u00c9tape 2 : Contactez un conseiller pour la demande de CPA<\/strong><\/p>\n\n\n\n<p>Pour discuter de votre admissibilit\u00e9 et recevoir des conseils personnalis\u00e9s sur le programme CPA, remplissez le formulaire &#8220;Contactez un conseiller&#8221; ci-dessous. Nos conseillers sp\u00e9cialis\u00e9s examineront vos informations et vous donneront des conseils adapt\u00e9s \u00e0 votre situation ainsi qu&#8217;un acc\u00e8s \u00e0 l&#8217;application CPA.<\/p>\n\n\n\n<a href=\"https:\/\/student-fr.cpaatlantic.ca\/Web-FR\/01-CAF.aspx\" target=\"_blank\" rel=\"noreferrer noopener\" class=\"cpaa-btn cpaa-btn-border-small\" style=\"margin-bottom:.5rem\">Contactez un conseiller<\/a>\n\n\n\n<p><strong>\u00c9tape 3 : Soumission de la demande<\/strong><\/p>\n\n\n\n<p>Apr\u00e8s confirmation de votre \u00e9ligibilit\u00e9 lors de la consultation avec le conseiller, vous aurez acc\u00e8s \u00e0 la demande CPA o\u00f9 vous pourrez soumettre votre demande. Notre processus de candidature convivial vous guidera \u00e0 travers les \u00e9tapes n\u00e9cessaires, vous garantissant ainsi une exp\u00e9rience transparente.<\/p>\n\n\n\n<p><strong>Votre demande peut prendre jusqu&#8217;\u00e0 8 semaines pour \u00eatre trait\u00e9e. <\/strong>Pour garantir un traitement en temps opportun, veuillez soumettre votre demande pour la date de d\u00e9but souhait\u00e9e au <em>moins 8 semaines avant la date limite d&#8217;inscription<\/em>. Vous pouvez consulter les dates limites d&#8217;inscription et de d\u00e9but des modules de <a href=\"https:\/\/cpaatlantic.ca\/fr\/program\/cpa-pep\/\">PFP des CPA <\/a>et des <a href=\"https:\/\/cpaatlantic.ca\/program\/cpa-preparatory-courses\/\" target=\"_blank\" rel=\"noreferrer noopener\">cours pr\u00e9paratoires des CPA<\/a> en s\u00e9lectionnant les boutons respectifs ci-dessous.<\/p>\n\n\n\n<div class=\"wp-block-columns is-layout-flex wp-container-core-columns-is-layout-9d6595d7 wp-block-columns-is-layout-flex\">\n<div class=\"wp-block-column is-layout-flow wp-block-column-is-layout-flow\">\n<a href=\"https:\/\/cpaatlantic.ca\/fr\/program\/cpa-pep\/#cpaa-program-frais-et-calendriers\" target=\"_blank\" rel=\"noreferrer noopener\" class=\"cpaa-btn cpaa-btn-border-small\" style=\"margin-bottom:.5rem\">Calendriers du Programme de Formation Professionnelle <\/a>\n<\/div>\n\n\n\n<div class=\"wp-block-column is-layout-flow wp-block-column-is-layout-flow\">\n<a href=\"https:\/\/cpaatlantic.ca\/fr\/program\/cpa-preparatory-courses\/\" target=\"_blank\" rel=\"noreferrer noopener\" class=\"cpaa-btn cpaa-btn-border-small\" style=\"margin-bottom:.5rem\"> Calendriers du cours pr\u00e9paratoires des CPA<\/a>\n<\/div>\n<\/div>\n\n\n\n<h5 class=\"wp-block-heading\">Embarquez dans le voyage vers l&#8217;obtention du titre de CPA avec CPA Atlantique pour une carri\u00e8re enrichissante en comptabilit\u00e9 et en finance !<\/h5>\n\n\n\n<hr class=\"wp-block-separator has-alpha-channel-opacity\" \/>\n\n\n\n<p><strong>NOTE IMPORTANTE \u2013 Permis d\u2019\u00e9tudes pour les \u00e9tudiants de l\u2019\u00e9tranger<\/strong><\/p>\n\n\n\n<p>Pour obtenir un permis d\u2019\u00e9tudes, vous devez recevoir une <strong>lettre d\u2019attestation provinciale (LAP)<\/strong> d\u00e9livr\u00e9e par l\u2019\u00e9tablissement d\u2019enseignement d\u00e9sign\u00e9 que vous comptez fr\u00e9quenter. En raison du nombre limit\u00e9 de LAP disponibles, celles-ci seront remises selon le principe du <strong>premier arriv\u00e9, premier servi<\/strong> jusqu\u2019au <strong>11 juillet<\/strong>. Apr\u00e8s cette date, les crit\u00e8res d\u2019attribution pourraient \u00eatre r\u00e9\u00e9valu\u00e9s en fonction du nombre de LAP restantes.<\/p>\n\n\n\n<p>Selon le site Web d\u2019Immigration, R\u00e9fugi\u00e9s et Citoyennet\u00e9 Canada (IRCC), le <strong>d\u00e9lai actuel de traitement<\/strong> d\u2019une demande de permis d\u2019\u00e9tudes est d\u2019environ <strong>8 mois<\/strong>. Veuillez noter que <strong>toutes les questions li\u00e9es \u00e0 l\u2019immigration, au permis d\u2019\u00e9tudes ou au visa de travail doivent \u00eatre adress\u00e9es directement \u00e0 IRCC<\/strong>, car il s\u2019agit de l\u2019organisme autoris\u00e9 \u00e0 fournir des conseils sur les exigences canadiennes en mati\u00e8re de permis d\u2019\u00e9tudes et de travail.<\/p>\n\n\n\n<p>De plus, les \u00e9tudiants internationaux et dipl\u00f4m\u00e9s du programme de certification CPA <strong>qui ne poss\u00e8dent pas le droit de r\u00e9sidence au Canada<\/strong> ne sont <strong>pas admissibles<\/strong> au permis de travail postdipl\u00f4me d\u00e9livr\u00e9 par IRCC. L\u2019\u00c9cole de gestion CPA Atlantique communiquera toute mise \u00e0 jour d\u00e8s que de nouveaux renseignements seront disponibles.<\/p>\n\n\n\n<p>Pour en savoir plus, vous pouvez communiquer avec votre <strong>conseiller au recrutement des \u00e9tudiants<\/strong>, qui vous guidera dans vos prochaines \u00e9tapes et vous informera du moment o\u00f9 vous pourrez pr\u00e9senter une demande d\u2019admission au programme pr\u00e9alable \u00e0 l\u2019obtention du titre CPA.<\/p>\n\n\n\n<p><strong>Nouveau-Brunswick<\/strong> : <a href=\"NB-advisor@cpaatlantic.ca\">NB-advisor@cpaatlantic.ca<\/a><br><strong>\u00cele-du-Prince-\u00c9douard<\/strong> : <a href=\"PE-advisor@cpaatlantic.ca\">PE-advisor@cpaatlantic.ca<\/a><br><strong>Terre-Neuve-et-Labrador<\/strong> : <a href=\"NL-advisor@cpaatlantic.ca\">NL-advisor@cpaatlantic.ca<\/a><br><strong>Bermudes<\/strong> : <a href=\"BM-advisor@cpaatlantic.ca\">BM-advisor@cpaatlantic.ca<\/a><br><strong>Nouvelle-\u00c9cosse<\/strong> (et toute autre r\u00e9gion non mentionn\u00e9e) : <a href=\"BM-advisor@cpaatlantic.ca\">NS-advisor@cpaatlantic.ca<\/a><br><strong>Candidats francophones<\/strong> : <a href=\"renseignements@cpaatlantique.ca\">renseignements@cpaatlantique.ca<\/a><\/p>\n\n\n\n<p><\/p>\n\n\n\n<p><\/p>\n\n\n\n<p><\/p>\n\n\n\n<p><br><\/p>\n","protected":false},"excerpt":{"rendered":"<p>Suivez les \u00e9tapes suivantes pour commencer votre parcours CPA.  <\/p>\n","protected":false},"author":1,"featured_media":640,"parent":0,"menu_order":0,"comment_status":"closed","ping_status":"closed","template":"","meta":{"_acf_changed":false,"footnotes":""},"class_list":["post-307","page","type-page","status-publish","has-post-thumbnail","hentry"],"acf":[],"yoast_head":"<!-- This site is optimized with the Yoast SEO plugin v27.4 - https:\/\/yoast.com\/product\/yoast-seo-wordpress\/ -->\n<title>\u00cates-vous \u00c9ligible? - CPA Atlantique<\/title>\n<meta name=\"robots\" content=\"index, follow, max-snippet:-1, max-image-preview:large, max-video-preview:-1\" \/>\n<link rel=\"canonical\" href=\"https:\/\/cpaatlantic.ca\/fr\/apply-now\/\" \/>\n<meta property=\"og:locale\" content=\"en_US\" \/>\n<meta property=\"og:type\" content=\"article\" \/>\n<meta property=\"og:title\" content=\"\u00cates-vous \u00c9ligible? - CPA Atlantique\" \/>\n<meta property=\"og:description\" content=\"Suivez les \u00e9tapes suivantes pour commencer votre parcours CPA.\" \/>\n<meta property=\"og:url\" content=\"https:\/\/cpaatlantic.ca\/fr\/apply-now\/\" \/>\n<meta property=\"og:site_name\" content=\"CPA Atlantique\" \/>\n<meta property=\"article:modified_time\" content=\"2025-06-04T14:58:32+00:00\" \/>\n<meta property=\"og:image\" content=\"https:\/\/cpaatlantic.ca\/fr\/wp-content\/uploads\/sites\/3\/2022\/08\/cpa-path.jpg\" \/>\n\t<meta property=\"og:image:width\" content=\"925\" \/>\n\t<meta property=\"og:image:height\" content=\"600\" \/>\n\t<meta property=\"og:image:type\" content=\"image\/jpeg\" \/>\n<meta name=\"twitter:card\" content=\"summary_large_image\" \/>\n<meta name=\"twitter:label1\" content=\"Est. reading time\" \/>\n\t<meta name=\"twitter:data1\" content=\"3 minutes\" \/>\n<script type=\"application\/ld+json\" class=\"yoast-schema-graph\">{\"@context\":\"https:\\\/\\\/schema.org\",\"@graph\":[{\"@type\":\"WebPage\",\"@id\":\"https:\\\/\\\/cpaatlantic.ca\\\/fr\\\/apply-now\\\/\",\"url\":\"https:\\\/\\\/cpaatlantic.ca\\\/fr\\\/apply-now\\\/\",\"name\":\"\u00cates-vous \u00c9ligible? - CPA Atlantique\",\"isPartOf\":{\"@id\":\"https:\\\/\\\/cpaatlantic.ca\\\/fr\\\/#website\"},\"primaryImageOfPage\":{\"@id\":\"https:\\\/\\\/cpaatlantic.ca\\\/fr\\\/apply-now\\\/#primaryimage\"},\"image\":{\"@id\":\"https:\\\/\\\/cpaatlantic.ca\\\/fr\\\/apply-now\\\/#primaryimage\"},\"thumbnailUrl\":\"https:\\\/\\\/cpaatlantic.ca\\\/fr\\\/wp-content\\\/uploads\\\/sites\\\/3\\\/2022\\\/08\\\/cpa-path.jpg\",\"datePublished\":\"2022-07-26T15:37:56+00:00\",\"dateModified\":\"2025-06-04T14:58:32+00:00\",\"breadcrumb\":{\"@id\":\"https:\\\/\\\/cpaatlantic.ca\\\/fr\\\/apply-now\\\/#breadcrumb\"},\"inLanguage\":\"en-US\",\"potentialAction\":[{\"@type\":\"ReadAction\",\"target\":[\"https:\\\/\\\/cpaatlantic.ca\\\/fr\\\/apply-now\\\/\"]}]},{\"@type\":\"ImageObject\",\"inLanguage\":\"en-US\",\"@id\":\"https:\\\/\\\/cpaatlantic.ca\\\/fr\\\/apply-now\\\/#primaryimage\",\"url\":\"https:\\\/\\\/cpaatlantic.ca\\\/fr\\\/wp-content\\\/uploads\\\/sites\\\/3\\\/2022\\\/08\\\/cpa-path.jpg\",\"contentUrl\":\"https:\\\/\\\/cpaatlantic.ca\\\/fr\\\/wp-content\\\/uploads\\\/sites\\\/3\\\/2022\\\/08\\\/cpa-path.jpg\",\"width\":925,\"height\":600},{\"@type\":\"BreadcrumbList\",\"@id\":\"https:\\\/\\\/cpaatlantic.ca\\\/fr\\\/apply-now\\\/#breadcrumb\",\"itemListElement\":[{\"@type\":\"ListItem\",\"position\":1,\"name\":\"Home\",\"item\":\"https:\\\/\\\/cpaatlantic.ca\\\/fr\\\/\"},{\"@type\":\"ListItem\",\"position\":2,\"name\":\"\u00cates-vous \u00c9ligible?\"}]},{\"@type\":\"WebSite\",\"@id\":\"https:\\\/\\\/cpaatlantic.ca\\\/fr\\\/#website\",\"url\":\"https:\\\/\\\/cpaatlantic.ca\\\/fr\\\/\",\"name\":\"CPA Atlantique\",\"description\":\"Devenir CPA\",\"potentialAction\":[{\"@type\":\"SearchAction\",\"target\":{\"@type\":\"EntryPoint\",\"urlTemplate\":\"https:\\\/\\\/cpaatlantic.ca\\\/fr\\\/?s={search_term_string}\"},\"query-input\":{\"@type\":\"PropertyValueSpecification\",\"valueRequired\":true,\"valueName\":\"search_term_string\"}}],\"inLanguage\":\"en-US\"}]}<\/script>\n<!-- \/ Yoast SEO plugin. -->","yoast_head_json":{"title":"\u00cates-vous \u00c9ligible? - CPA Atlantique","robots":{"index":"index","follow":"follow","max-snippet":"max-snippet:-1","max-image-preview":"max-image-preview:large","max-video-preview":"max-video-preview:-1"},"canonical":"https:\/\/cpaatlantic.ca\/fr\/apply-now\/","og_locale":"en_US","og_type":"article","og_title":"\u00cates-vous \u00c9ligible? - CPA Atlantique","og_description":"Suivez les \u00e9tapes suivantes pour commencer votre parcours CPA.","og_url":"https:\/\/cpaatlantic.ca\/fr\/apply-now\/","og_site_name":"CPA Atlantique","article_modified_time":"2025-06-04T14:58:32+00:00","og_image":[{"width":925,"height":600,"url":"https:\/\/cpaatlantic.ca\/fr\/wp-content\/uploads\/sites\/3\/2022\/08\/cpa-path.jpg","type":"image\/jpeg"}],"twitter_card":"summary_large_image","twitter_misc":{"Est. reading time":"3 minutes"},"schema":{"@context":"https:\/\/schema.org","@graph":[{"@type":"WebPage","@id":"https:\/\/cpaatlantic.ca\/fr\/apply-now\/","url":"https:\/\/cpaatlantic.ca\/fr\/apply-now\/","name":"\u00cates-vous \u00c9ligible? - CPA Atlantique","isPartOf":{"@id":"https:\/\/cpaatlantic.ca\/fr\/#website"},"primaryImageOfPage":{"@id":"https:\/\/cpaatlantic.ca\/fr\/apply-now\/#primaryimage"},"image":{"@id":"https:\/\/cpaatlantic.ca\/fr\/apply-now\/#primaryimage"},"thumbnailUrl":"https:\/\/cpaatlantic.ca\/fr\/wp-content\/uploads\/sites\/3\/2022\/08\/cpa-path.jpg","datePublished":"2022-07-26T15:37:56+00:00","dateModified":"2025-06-04T14:58:32+00:00","breadcrumb":{"@id":"https:\/\/cpaatlantic.ca\/fr\/apply-now\/#breadcrumb"},"inLanguage":"en-US","potentialAction":[{"@type":"ReadAction","target":["https:\/\/cpaatlantic.ca\/fr\/apply-now\/"]}]},{"@type":"ImageObject","inLanguage":"en-US","@id":"https:\/\/cpaatlantic.ca\/fr\/apply-now\/#primaryimage","url":"https:\/\/cpaatlantic.ca\/fr\/wp-content\/uploads\/sites\/3\/2022\/08\/cpa-path.jpg","contentUrl":"https:\/\/cpaatlantic.ca\/fr\/wp-content\/uploads\/sites\/3\/2022\/08\/cpa-path.jpg","width":925,"height":600},{"@type":"BreadcrumbList","@id":"https:\/\/cpaatlantic.ca\/fr\/apply-now\/#breadcrumb","itemListElement":[{"@type":"ListItem","position":1,"name":"Home","item":"https:\/\/cpaatlantic.ca\/fr\/"},{"@type":"ListItem","position":2,"name":"\u00cates-vous \u00c9ligible?"}]},{"@type":"WebSite","@id":"https:\/\/cpaatlantic.ca\/fr\/#website","url":"https:\/\/cpaatlantic.ca\/fr\/","name":"CPA Atlantique","description":"Devenir CPA","potentialAction":[{"@type":"SearchAction","target":{"@type":"EntryPoint","urlTemplate":"https:\/\/cpaatlantic.ca\/fr\/?s={search_term_string}"},"query-input":{"@type":"PropertyValueSpecification","valueRequired":true,"valueName":"search_term_string"}}],"inLanguage":"en-US"}]}},"_links":{"self":[{"href":"https:\/\/cpaatlantic.ca\/fr\/wp-json\/wp\/v2\/pages\/307","targetHints":{"allow":["GET"]}}],"collection":[{"href":"https:\/\/cpaatlantic.ca\/fr\/wp-json\/wp\/v2\/pages"}],"about":[{"href":"https:\/\/cpaatlantic.ca\/fr\/wp-json\/wp\/v2\/types\/page"}],"author":[{"embeddable":true,"href":"https:\/\/cpaatlantic.ca\/fr\/wp-json\/wp\/v2\/users\/1"}],"replies":[{"embeddable":true,"href":"https:\/\/cpaatlantic.ca\/fr\/wp-json\/wp\/v2\/comments?post=307"}],"version-history":[{"count":23,"href":"https:\/\/cpaatlantic.ca\/fr\/wp-json\/wp\/v2\/pages\/307\/revisions"}],"predecessor-version":[{"id":2744,"href":"https:\/\/cpaatlantic.ca\/fr\/wp-json\/wp\/v2\/pages\/307\/revisions\/2744"}],"wp:featuredmedia":[{"embeddable":true,"href":"https:\/\/cpaatlantic.ca\/fr\/wp-json\/wp\/v2\/media\/640"}],"wp:attachment":[{"href":"https:\/\/cpaatlantic.ca\/fr\/wp-json\/wp\/v2\/media?parent=307"}],"curies":[{"name":"wp","href":"https:\/\/api.w.org\/{rel}","templated":true}]}}