{"id":312,"date":"2022-07-26T14:57:18","date_gmt":"2022-07-26T17:57:18","guid":{"rendered":"https:\/\/cpaa.careercolleges.ca\/fr\/?page_id=312"},"modified":"2025-10-22T12:46:37","modified_gmt":"2025-10-22T15:46:37","slug":"payment-options","status":"publish","type":"page","link":"https:\/\/cpaatlantic.ca\/fr\/payment-options\/","title":{"rendered":"Options de paiement"},"content":{"rendered":"\n<p>Nous sommes ravis de vous faire part d&#8217;un changement positif \u00e0 venir. Nous avons lanc\u00e9 un tout nouveau <a href=\"https:\/\/student-fr.cpaatlantic.ca\/\" target=\"_blank\" rel=\"noreferrer noopener\">portail d&#8217;inscription de CPA<\/a> con\u00e7u pour rendre votre parcours de CPA plus fluide et plus agr\u00e9able.<\/p>\n\n\n\n<p>Avec le lancement du nouveau syst\u00e8me, nous n&#8217;accepterons que les paiements par d\u00e9bit direct (paiements ACH), ce qui permettra un traitement en temps r\u00e9el afin que vous puissiez compl\u00e9ter votre inscription de fa\u00e7on transparente.<\/p>\n\n\n\n<h3 class=\"wp-block-heading\">L\u2019\u00c9cole de gestion CPA Atlantique accepte actuellement les m\u00e9thodes de paiement suivantes par le biais du <a href=\"https:\/\/student-fr.cpaatlantic.ca\/\" target=\"_blank\" rel=\"noreferrer noopener\">portail d&#8217;inscription de CPA<\/a> :<\/h3>\n\n\n\n<ul class=\"wp-block-list\">\n<li><strong>Carte de cr\u00e9dit (Visa, Mastercard ou American Express seulement)<\/strong><\/li>\n\n\n\n<li><strong>D\u00e9bit direct (paiements ACH)<\/strong>\n<ul class=\"wp-block-list\">\n<li>Lorsque vous soumettez des paiements par d\u00e9bit direct, veillez \u00e0 saisir le num\u00e9ro de transit et le num\u00e9ro d&#8217;institution de votre banque dans le champ &#8220;num\u00e9ro de transit&#8221; et votre num\u00e9ro de compte dans le champ &#8220;num\u00e9ro de compte&#8221; et s\u00e9lectionnez le type de compte appropri\u00e9 (ch\u00e8que ou \u00e9pargne).<\/li>\n<\/ul>\n<\/li>\n<\/ul>\n\n\n\n<p>Pour les questions fr\u00e9quemment pos\u00e9es sur les remboursements, <a href=\"https:\/\/cpaatlantic.ca\/fr\/program-faqs\/\" target=\"_blank\" rel=\"noreferrer noopener\">cliquez ici<\/a>.<\/p>\n\n\n\n<p>Nous n&#8217;accepterons plus les modes de paiement suivants : virement bancaire, Flywire, Plastiq, transfert \u00e9lectronique de fonds (TEF), \u00e9change de donn\u00e9es informatis\u00e9es (EDI) ou transfert \u00e9lectronique INTERAC (EMT). Vous devrez payer les inscriptions et les cotisations annuelles dans le portail d&#8217;inscription de CPA en utilisant une carte de cr\u00e9dit (Visa, Mastercard et AMEX uniquement) ou une carte de d\u00e9bit.<\/p>\n\n\n\n<h2 class=\"wp-block-heading small-hl\">LeMoulin Microcr\u00e9dits<\/h2>\n\n\n\n<p>\u00c9tudiants et candidats de l\u2019\u00e9tranger :<\/p>\n\n\n\n<p><a href=\"https:\/\/lemoulinmicrocredits.org\/canada-atlantique\/\" target=\"_blank\" rel=\"noreferrer noopener\">Le Moulin Microcr\u00e9dits<\/a>&nbsp;est un organisme de bienfaisance canadien qui offre des pr\u00eats abordables jusqu\u2019\u00e0 15 000 $ afin d\u2019aider les personnes immigrantes \u00e0 couvrir les frais de formation n\u00e9cessaire \u00e0 leur r\u00e9ussite professionnelle au Canada. Depuis 2005, Le Moulin a appuy\u00e9 plus de 6 500 personnes immigrantes et r\u00e9fugi\u00e9es pour rem\u00e9dier au sous-emploi et favoriser leur d\u00e9veloppement professionnel.<\/p>\n\n\n\n<p>Le Moulin appuie les personnes immigrantes afin de leur permettre de r\u00e9aliser leurs objectifs professionnels. Notre programme est con\u00e7u de mani\u00e8re \u00e0 vous accompagner dans le d\u00e9veloppement d\u2019un plan de carri\u00e8re et de remboursement. Les conseillers et conseill\u00e8res du Moulin offrent un coaching personnalis\u00e9 dans l\u2019\u00e9laboration d\u2019un Plan de r\u00e9ussite professionnelle, vous offrent des conseils pratiques et vous aguillent vers les ressources externes qui vous seront utiles.<\/p>\n\n\n\n<p><a href=\"https:\/\/lemoulinmicrocredits.org\/canada-atlantique\/\" target=\"_blank\" rel=\"noreferrer noopener\">\u00cates-vous \u00c9ligible ?<\/a><\/p>\n\n\n\n<h2 class=\"wp-block-heading small-hl\">Fonds de Pr\u00eat de Carri\u00e8re aux Immigrants de l\u2019Atlantique (FPCIA)<\/h2>\n\n\n\n<p>\u00cates-vous un immigrant form\u00e9 \u00e0 l\u2019\u00e9tranger vivant au Canada atlantique? Avez-vous besoin d\u2019un soutien financier pour suivre une formation? Le <a href=\"https:\/\/aiclf.ca\" target=\"_blank\" rel=\"noreferrer noopener\">Fonds de pr\u00eat carri\u00e8re aux immigrants de l\u2019Atlantique<\/a> est peut-\u00eatre fait pour vous!<\/p>\n\n\n\n<p>Le FPCIA peut aider les candidats \u00e9ligibles \u00e0 payer pour:<\/p>\n\n\n\n<ul class=\"wp-block-list\">\n<li>les frais d\u2019inscription<\/li>\n\n\n\n<li>les frais de certification et d\u2019examen<\/li>\n\n\n\n<li>la formation, les frais de scolarit\u00e9, les manuels connexes ou ressources en ligne<\/li>\n\n\n\n<li>les frais de s\u00e9jour (lors d\u2019examens ou d\u2019une formation sp\u00e9cifique)<\/li>\n\n\n\n<li>les frais de d\u00e9placement et d\u2019h\u00e9bergement pour terminer les examens et les cours<\/li>\n\n\n\n<li>les outils de travail<\/li>\n<\/ul>\n\n\n\n<p>Pour \u00eatre \u00e9ligible au FPCIA, vous devez:<\/p>\n\n\n\n<ul class=\"wp-block-list\">\n<li>\u00eatre un immigrant avec la citoyennet\u00e9 canadienne ou un statut de r\u00e9sident permanent<\/li>\n\n\n\n<li>habiter au Canada atlantique (N-E, NB, IPE ou NL)<\/li>\n\n\n\n<li>avoir re\u00e7u une formation ou une certification \u00e0 l\u2019ext\u00e9rieur du Canada<\/li>\n\n\n\n<li>avoir les comp\u00e9tences requises en anglais ou en fran\u00e7ais pour compl\u00e9ter un plan d\u2019emploi<\/li>\n\n\n\n<li>ne pas avoir de faillite non lib\u00e9r\u00e9e<\/li>\n<\/ul>\n\n\n\n<p>Pour plus d\u2019informations, veuillez contacter votre agence FPCIA au Canada atlantique et visitez <a href=\"https:\/\/aiclf.ca\" target=\"_blank\" rel=\"noreferrer noopener\">www.aiclf.ca<\/a>.<\/p>\n\n\n\n<h2 class=\"wp-block-heading small-hl\">CPA Education Foundation of Newfoundland and Labrador (CPAEFNL)<\/h2>\n\n\n\n<p>Le programme Chartered Professional Accountants\u2019 Education Foundation of Newfoundland and Labrador (CPAEFNL) offre des possibilit\u00e9s d\u2019aide financi\u00e8re aux \u00e9tudiants de Terre-Neuve-et-Labrador afin de les aider \u00e0 atteindre leur objectif de devenir comptables professionnels agr\u00e9\u00e9s. Cette aide est offerte sp\u00e9cifiquement aux \u00e9tudiants et aux candidats inscrits \u00e0 l\u2019\u00c9cole de gestion CPA Atlantique.<\/p>\n\n\n\n<h2 class=\"wp-block-heading small-hl\">CPA Nova Scotia Education Foundation<\/h2>\n\n\n\n<p>L&#8217;organisation&nbsp;<a href=\"https:\/\/foundation.cpans.ca\/foundation\/foundation\/home.aspx\" target=\"_blank\" rel=\"noreferrer noopener\">The CPA Nova Scotia Education Foundation<\/a> offre des bourses aux \u00e9l\u00e8ves du secondaire qui s\u2019inscrivent \u00e0 des programmes en administration des affaires ainsi qu\u2019aux \u00e9tudiants universitaires ayant d\u00e9clar\u00e9 une majeure en comptabilit\u00e9. Elle soutient \u00e9galement les universit\u00e9s de la Nouvelle-\u00c9cosse en offrant des occasions de d\u00e9veloppement professionnel continu pour le corps professoral et en d\u00e9cernant des prix lors de comp\u00e9titions de cas dans les programmes de commerce afin d\u2019appuyer les \u00e9tudiants. Autrefois connue sous le nom de \u00abThe Accounting Education Foundation of Nova Scotia \u00bb, elle a \u00e9t\u00e9 cr\u00e9\u00e9e en 1993 par l\u2019Institute of Chartered Accountants of Nova Scotia. La mission de CPA Nova Scotia Education Foundation est de faire progresser l\u2019enseignement de la comptabilit\u00e9 et des affaires dans la province. Elle vise cet objectif en se concentrant sur la qualit\u00e9 et le nombre d\u2019\u00e9tudiants entrant dans la profession, en soutenant les \u00e9ducateurs en comptabilit\u00e9, et en inspirant l\u2019apprentissage continu des membres et des \u00e9tudiants.<\/p>\n\n\n\n<p>Veuillez noter que les informations et la proc\u00e9dure de demande de financement peuvent n&#8217;\u00eatre disponibles qu&#8217;en anglais, veuillez les contacter directement pour plus d&#8217;informations.<\/p>\n\n\n\n<p><strong><a href=\"https:\/\/foundation.cpans.ca\/foundation\/foundation\/Bursaries-and-Scholarships\/Bursaries-and-Scholarships.aspx\" target=\"_blank\" rel=\"noreferrer noopener\">Cliquez ici pour d\u00e9couvrir les bourses et les opportunit\u00e9s offertes.<\/a><\/strong><\/p>\n","protected":false},"excerpt":{"rendered":"<p>La L&#8217;\u00c9cole de gestion CPA Atlantique offre plusieurs options de paiement pour les \u00e9tudiants at les candidats.<\/p>\n","protected":false},"author":3,"featured_media":647,"parent":0,"menu_order":0,"comment_status":"closed","ping_status":"closed","template":"","meta":{"_acf_changed":false,"footnotes":""},"class_list":["post-312","page","type-page","status-publish","has-post-thumbnail","hentry"],"acf":[],"yoast_head":"<!-- This site is optimized with the Yoast SEO plugin v27.3 - https:\/\/yoast.com\/product\/yoast-seo-wordpress\/ -->\n<title>Options de paiement - CPA Atlantique<\/title>\n<meta name=\"description\" content=\"La L&#039;\u00c9cole de gestion CPA Atlantique offre plusieurs options de paiement pour les \u00e9tudiants at les candidats.\" \/>\n<meta name=\"robots\" content=\"index, follow, max-snippet:-1, max-image-preview:large, max-video-preview:-1\" \/>\n<link rel=\"canonical\" href=\"https:\/\/cpaatlantic.ca\/fr\/payment-options\/\" \/>\n<meta property=\"og:locale\" content=\"en_US\" \/>\n<meta property=\"og:type\" content=\"article\" \/>\n<meta property=\"og:title\" content=\"Options de paiement - CPA Atlantique\" \/>\n<meta property=\"og:description\" content=\"La L&#039;\u00c9cole de gestion CPA Atlantique offre plusieurs options de paiement pour les \u00e9tudiants at les candidats.\" \/>\n<meta property=\"og:url\" content=\"https:\/\/cpaatlantic.ca\/fr\/payment-options\/\" \/>\n<meta property=\"og:site_name\" content=\"CPA Atlantique\" \/>\n<meta property=\"article:modified_time\" content=\"2025-10-22T15:46:37+00:00\" \/>\n<meta property=\"og:image\" content=\"https:\/\/cpaatlantic.ca\/fr\/wp-content\/uploads\/sites\/3\/2022\/08\/payment-options.jpg\" \/>\n\t<meta property=\"og:image:width\" content=\"925\" \/>\n\t<meta property=\"og:image:height\" content=\"600\" \/>\n\t<meta property=\"og:image:type\" content=\"image\/jpeg\" \/>\n<meta name=\"twitter:card\" content=\"summary_large_image\" \/>\n<meta name=\"twitter:label1\" content=\"Est. reading time\" \/>\n\t<meta name=\"twitter:data1\" content=\"4 minutes\" \/>\n<script type=\"application\/ld+json\" class=\"yoast-schema-graph\">{\"@context\":\"https:\\\/\\\/schema.org\",\"@graph\":[{\"@type\":\"WebPage\",\"@id\":\"https:\\\/\\\/cpaatlantic.ca\\\/fr\\\/payment-options\\\/\",\"url\":\"https:\\\/\\\/cpaatlantic.ca\\\/fr\\\/payment-options\\\/\",\"name\":\"Options de paiement - CPA Atlantique\",\"isPartOf\":{\"@id\":\"https:\\\/\\\/cpaatlantic.ca\\\/fr\\\/#website\"},\"primaryImageOfPage\":{\"@id\":\"https:\\\/\\\/cpaatlantic.ca\\\/fr\\\/payment-options\\\/#primaryimage\"},\"image\":{\"@id\":\"https:\\\/\\\/cpaatlantic.ca\\\/fr\\\/payment-options\\\/#primaryimage\"},\"thumbnailUrl\":\"https:\\\/\\\/cpaatlantic.ca\\\/fr\\\/wp-content\\\/uploads\\\/sites\\\/3\\\/2022\\\/08\\\/payment-options.jpg\",\"datePublished\":\"2022-07-26T17:57:18+00:00\",\"dateModified\":\"2025-10-22T15:46:37+00:00\",\"description\":\"La L'\u00c9cole de gestion CPA Atlantique offre plusieurs options de paiement pour les \u00e9tudiants at les candidats.\",\"breadcrumb\":{\"@id\":\"https:\\\/\\\/cpaatlantic.ca\\\/fr\\\/payment-options\\\/#breadcrumb\"},\"inLanguage\":\"en-US\",\"potentialAction\":[{\"@type\":\"ReadAction\",\"target\":[\"https:\\\/\\\/cpaatlantic.ca\\\/fr\\\/payment-options\\\/\"]}]},{\"@type\":\"ImageObject\",\"inLanguage\":\"en-US\",\"@id\":\"https:\\\/\\\/cpaatlantic.ca\\\/fr\\\/payment-options\\\/#primaryimage\",\"url\":\"https:\\\/\\\/cpaatlantic.ca\\\/fr\\\/wp-content\\\/uploads\\\/sites\\\/3\\\/2022\\\/08\\\/payment-options.jpg\",\"contentUrl\":\"https:\\\/\\\/cpaatlantic.ca\\\/fr\\\/wp-content\\\/uploads\\\/sites\\\/3\\\/2022\\\/08\\\/payment-options.jpg\",\"width\":925,\"height\":600},{\"@type\":\"BreadcrumbList\",\"@id\":\"https:\\\/\\\/cpaatlantic.ca\\\/fr\\\/payment-options\\\/#breadcrumb\",\"itemListElement\":[{\"@type\":\"ListItem\",\"position\":1,\"name\":\"Home\",\"item\":\"https:\\\/\\\/cpaatlantic.ca\\\/fr\\\/\"},{\"@type\":\"ListItem\",\"position\":2,\"name\":\"Options de paiement\"}]},{\"@type\":\"WebSite\",\"@id\":\"https:\\\/\\\/cpaatlantic.ca\\\/fr\\\/#website\",\"url\":\"https:\\\/\\\/cpaatlantic.ca\\\/fr\\\/\",\"name\":\"CPA Atlantique\",\"description\":\"Devenir CPA\",\"potentialAction\":[{\"@type\":\"SearchAction\",\"target\":{\"@type\":\"EntryPoint\",\"urlTemplate\":\"https:\\\/\\\/cpaatlantic.ca\\\/fr\\\/?s={search_term_string}\"},\"query-input\":{\"@type\":\"PropertyValueSpecification\",\"valueRequired\":true,\"valueName\":\"search_term_string\"}}],\"inLanguage\":\"en-US\"}]}<\/script>\n<!-- \/ Yoast SEO plugin. -->","yoast_head_json":{"title":"Options de paiement - CPA Atlantique","description":"La L'\u00c9cole de gestion CPA Atlantique offre plusieurs options de paiement pour les \u00e9tudiants at les candidats.","robots":{"index":"index","follow":"follow","max-snippet":"max-snippet:-1","max-image-preview":"max-image-preview:large","max-video-preview":"max-video-preview:-1"},"canonical":"https:\/\/cpaatlantic.ca\/fr\/payment-options\/","og_locale":"en_US","og_type":"article","og_title":"Options de paiement - CPA Atlantique","og_description":"La L'\u00c9cole de gestion CPA Atlantique offre plusieurs options de paiement pour les \u00e9tudiants at les candidats.","og_url":"https:\/\/cpaatlantic.ca\/fr\/payment-options\/","og_site_name":"CPA Atlantique","article_modified_time":"2025-10-22T15:46:37+00:00","og_image":[{"width":925,"height":600,"url":"https:\/\/cpaatlantic.ca\/fr\/wp-content\/uploads\/sites\/3\/2022\/08\/payment-options.jpg","type":"image\/jpeg"}],"twitter_card":"summary_large_image","twitter_misc":{"Est. reading time":"4 minutes"},"schema":{"@context":"https:\/\/schema.org","@graph":[{"@type":"WebPage","@id":"https:\/\/cpaatlantic.ca\/fr\/payment-options\/","url":"https:\/\/cpaatlantic.ca\/fr\/payment-options\/","name":"Options de paiement - CPA Atlantique","isPartOf":{"@id":"https:\/\/cpaatlantic.ca\/fr\/#website"},"primaryImageOfPage":{"@id":"https:\/\/cpaatlantic.ca\/fr\/payment-options\/#primaryimage"},"image":{"@id":"https:\/\/cpaatlantic.ca\/fr\/payment-options\/#primaryimage"},"thumbnailUrl":"https:\/\/cpaatlantic.ca\/fr\/wp-content\/uploads\/sites\/3\/2022\/08\/payment-options.jpg","datePublished":"2022-07-26T17:57:18+00:00","dateModified":"2025-10-22T15:46:37+00:00","description":"La L'\u00c9cole de gestion CPA Atlantique offre plusieurs options de paiement pour les \u00e9tudiants at les candidats.","breadcrumb":{"@id":"https:\/\/cpaatlantic.ca\/fr\/payment-options\/#breadcrumb"},"inLanguage":"en-US","potentialAction":[{"@type":"ReadAction","target":["https:\/\/cpaatlantic.ca\/fr\/payment-options\/"]}]},{"@type":"ImageObject","inLanguage":"en-US","@id":"https:\/\/cpaatlantic.ca\/fr\/payment-options\/#primaryimage","url":"https:\/\/cpaatlantic.ca\/fr\/wp-content\/uploads\/sites\/3\/2022\/08\/payment-options.jpg","contentUrl":"https:\/\/cpaatlantic.ca\/fr\/wp-content\/uploads\/sites\/3\/2022\/08\/payment-options.jpg","width":925,"height":600},{"@type":"BreadcrumbList","@id":"https:\/\/cpaatlantic.ca\/fr\/payment-options\/#breadcrumb","itemListElement":[{"@type":"ListItem","position":1,"name":"Home","item":"https:\/\/cpaatlantic.ca\/fr\/"},{"@type":"ListItem","position":2,"name":"Options de paiement"}]},{"@type":"WebSite","@id":"https:\/\/cpaatlantic.ca\/fr\/#website","url":"https:\/\/cpaatlantic.ca\/fr\/","name":"CPA Atlantique","description":"Devenir CPA","potentialAction":[{"@type":"SearchAction","target":{"@type":"EntryPoint","urlTemplate":"https:\/\/cpaatlantic.ca\/fr\/?s={search_term_string}"},"query-input":{"@type":"PropertyValueSpecification","valueRequired":true,"valueName":"search_term_string"}}],"inLanguage":"en-US"}]}},"_links":{"self":[{"href":"https:\/\/cpaatlantic.ca\/fr\/wp-json\/wp\/v2\/pages\/312","targetHints":{"allow":["GET"]}}],"collection":[{"href":"https:\/\/cpaatlantic.ca\/fr\/wp-json\/wp\/v2\/pages"}],"about":[{"href":"https:\/\/cpaatlantic.ca\/fr\/wp-json\/wp\/v2\/types\/page"}],"author":[{"embeddable":true,"href":"https:\/\/cpaatlantic.ca\/fr\/wp-json\/wp\/v2\/users\/3"}],"replies":[{"embeddable":true,"href":"https:\/\/cpaatlantic.ca\/fr\/wp-json\/wp\/v2\/comments?post=312"}],"version-history":[{"count":54,"href":"https:\/\/cpaatlantic.ca\/fr\/wp-json\/wp\/v2\/pages\/312\/revisions"}],"predecessor-version":[{"id":2914,"href":"https:\/\/cpaatlantic.ca\/fr\/wp-json\/wp\/v2\/pages\/312\/revisions\/2914"}],"wp:featuredmedia":[{"embeddable":true,"href":"https:\/\/cpaatlantic.ca\/fr\/wp-json\/wp\/v2\/media\/647"}],"wp:attachment":[{"href":"https:\/\/cpaatlantic.ca\/fr\/wp-json\/wp\/v2\/media?parent=312"}],"curies":[{"name":"wp","href":"https:\/\/api.w.org\/{rel}","templated":true}]}}