{"id":334,"date":"2022-07-26T15:08:32","date_gmt":"2022-07-26T18:08:32","guid":{"rendered":"https:\/\/cpaa.careercolleges.ca\/fr\/?page_id=334"},"modified":"2025-10-02T13:37:37","modified_gmt":"2025-10-02T16:37:37","slug":"savings-and-offers","status":"publish","type":"page","link":"https:\/\/cpaatlantic.ca\/fr\/savings-and-offers\/","title":{"rendered":"\u00c9conomies et offres"},"content":{"rendered":"\n<p><strong>Pour acc\u00e9der \u00e0 ces \u00e9conomies et offres, vous devrez vous connecter \u00e0 votre compte CPA Canada<\/strong><\/p>\n\n\n\n<h2 class=\"wp-block-heading small-hl\"><a href=\"https:\/\/www.cpacanada.ca\/fr\/members-area\/savings-and-offers\/The-Globe-and-Mail\" target=\"_blank\" rel=\"noreferrer noopener\">Journal The Globe and Mail<\/a><\/h2>\n\n\n\n<p>Profitez d\u2019un tarif promotionnel de 1,50 $\/semaine pendant un an sur l\u2019abonnement num\u00e9rique illimit\u00e9 au Globe and Mail.<\/p>\n\n\n\n<h2 class=\"wp-block-heading small-hl\"><a href=\"https:\/\/www.cpacanada.ca\/fr\/members-area\/savings-and-offers\/thinkTWENTY20-magazine\" target=\"_blank\" rel=\"noreferrer noopener\">Magazine ThinkTWENTY20<\/a><\/h2>\n\n\n\n<p>Obtenez 15 % de rabais sur l\u2019abonnement et la publicit\u00e9 dans le magazine ThinkTWENTY20 (publi\u00e9 en anglais).<\/p>\n\n\n\n<h2 class=\"wp-block-heading small-hl\"><a href=\"https:\/\/www.cpacanada.ca\/fr\/members-area\/savings-and-offers\/goodlife-fitness\" target=\"_blank\" rel=\"noreferrer noopener\">GoodLife Fitness<\/a><\/h2>\n\n\n\n<p>Vous et un membre admissible de votre famille avez droit \u00e0 un tarif pr\u00e9f\u00e9rentiel sur un abonnement \u00e0 GoodLife Fitness. \u00c0 vous de jouer! [R\u00e9serv\u00e9 aux membres, aux \u00e9tudiants et aux d\u00e9tenteurs de la CACF.<\/p>\n\n\n\n<h2 class=\"wp-block-heading small-hl\"><a href=\"https:\/\/www.cpacanada.ca\/fr\/members-area\/savings-and-offers\/all-purpose-realty\" target=\"_blank\" rel=\"noreferrer noopener\">Agence immobili\u00e8re All-Purpose Realty<\/a><\/h2>\n\n\n\n<p>Membres CPA, quand vous recourez au service de recommandation d\u2019All-Purpose Realty, obtenez des remises en argent de plusieurs banni\u00e8res connues \u00e0 la vente ou \u00e0 l\u2019achat d\u2019une maison.<\/p>\n\n\n\n<h2 class=\"wp-block-heading small-hl\"><a href=\"https:\/\/www.cpacanada.ca\/fr\/members-area\/savings-and-offers\/bell\" target=\"_blank\" rel=\"noreferrer noopener\">Bell<\/a><\/h2>\n\n\n\n<p>Avec Bell, passez au meilleur r\u00e9seau national au pays et profitez de prix avantageux sur des t\u00e9l\u00e9phones et des forfaits pour vous et votre famille.<\/p>\n\n\n\n<h2 class=\"wp-block-heading small-hl\"><a href=\"https:\/\/www.cpacanada.ca\/fr\/members-area\/savings-and-offers\/choice-hotels\" target=\"_blank\" rel=\"noreferrer noopener\">Choice Hotels Canada<\/a><\/h2>\n\n\n\n<p>Choice Hotels rend les voyages encore plus agr\u00e9ables pour les CPA gr\u00e2ce \u00e0 des rabais allant jusqu\u2019\u00e0 15 % et \u00e0 un programme de r\u00e9compenses prim\u00e9.<\/p>\n\n\n\n<h2 class=\"wp-block-heading small-hl\"><a href=\"https:\/\/www.cpacanada.ca\/fr\/members-area\/savings-and-offers\/tagmydoc\" target=\"_blank\" rel=\"noreferrer noopener\">Convoflo (auparavant TagMyDoc)<\/a><\/h2>\n\n\n\n<p>TagMyDoc offre jusqu\u2019\u00e0 50 % de rabais sur sa solution d\u2019\u00e9change de fichiers et la fonction de signature \u00e9lectronique.<\/p>\n\n\n\n<h2 class=\"wp-block-heading small-hl\"><a href=\"https:\/\/www.cpacanada.ca\/fr\/members-area\/savings-and-offers\/signority\" target=\"_blank\" rel=\"noreferrer noopener\">Signority<\/a><\/h2>\n\n\n\n<p>\u00c9conomisez jusqu\u2019\u00e0 20 % sur les forfaits individuels et d\u2019\u00e9quipe offerts par Signority, principal fournisseur de signature num\u00e9rique au Canada.<\/p>\n\n\n\n<h2 class=\"wp-block-heading small-hl\"><a href=\"https:\/\/www.cpacanada.ca\/fr\/members-area\/savings-and-offers\/Intuit-Quickbooks\" target=\"_blank\" rel=\"noreferrer noopener\">QuickBooks d\u2019Intuit<\/a><\/h2>\n\n\n\n<p>Que vous travailliez en cabinet ou en entreprise, QuickBooks vous propose des logiciels de comptabilit\u00e9 en ligne gratuits ou \u00e0 prix r\u00e9duit.<\/p>\n\n\n\n<h2 class=\"wp-block-heading small-hl\"><a href=\"https:\/\/www.cpacanada.ca\/fr\/members-area\/savings-and-offers\/lenovo\" target=\"_blank\" rel=\"noreferrer noopener\">Lenovo<\/a><\/h2>\n\n\n\n<p>\u00c9conomisez jusqu\u2019\u00e0 50 % sur les produits technologiques prim\u00e9s : appareils ThinkPad, portables Yoga convertibles, ordinateurs de jeu Legion, ordinateurs de bureau, tablettes, accessoires et plus.<\/p>\n\n\n\n<h2 class=\"wp-block-heading small-hl\"><a href=\"https:\/\/www.cpacanada.ca\/fr\/members-area\/savings-and-offers\/dell-canada-member-purchase-program\" target=\"_blank\" rel=\"noreferrer noopener\">Dell<\/a><\/h2>\n\n\n\n<p>Programme d\u2019achat des membres Dell : des rabais suppl\u00e9mentaires sur les syst\u00e8mes, moniteurs et accessoires, et sur certaines configurations.<\/p>\n\n\n\n<h2 class=\"wp-block-heading small-hl\"><a href=\"https:\/\/www.cpacanada.ca\/fr\/members-area\/savings-and-offers\/Enterprise-Car-Rental\" target=\"_blank\" rel=\"noreferrer noopener\">Enterprise Location D\u2019autos<\/a><\/h2>\n\n\n\n<p>\u00c9conomisez 5 % sur les tarifs de location de voitures chez Enterprise, et jusqu\u2019\u00e0 25 % chez Alamo et National.<\/p>\n\n\n\n<h2 class=\"wp-block-heading small-hl\"><a href=\"https:\/\/www.cpacanada.ca\/fr\/members-area\/savings-and-offers\/park-and-fly\" target=\"_blank\" rel=\"noreferrer noopener\">Park\u2019N Fly<\/a><\/h2>\n\n\n\n<p>\u00c0 l\u2019a\u00e9roport, b\u00e9n\u00e9ficiez de rabais avantageux dans les parcs de stationnement Park\u2019N Fly du Canada.<\/p>\n\n\n\n<h2 class=\"wp-block-heading small-hl\"><a href=\"https:\/\/www.cpacanada.ca\/fr\/members-area\/savings-and-offers\/Hertz\" target=\"_blank\" rel=\"noreferrer noopener\">Location Hertz<\/a><\/h2>\n\n\n\n<p>Jusqu\u2019\u00e0 20 % de r\u00e9duction sur la location de voitures avec Hertz!<\/p>\n\n\n\n<h2 class=\"wp-block-heading small-hl\"><a href=\"https:\/\/www.cpacanada.ca\/fr\/members-area\/savings-and-offers\/memberdeals\" target=\"_blank\" rel=\"noreferrer noopener\">MemberDeals<\/a><\/h2>\n\n\n\n<p>Obtenez des rabais sur les entr\u00e9es \u00e0 divers parcs d\u2019attractions et spectacles aux \u00c9tats-Unis : parcs Walt Disney, Universal Studios, SeaWorld et Six Flags, spectacles \u00e0 Las Vegas et \u00e0 Broadway, spectacles du Cirque du Soleil\u2026<\/p>\n\n\n\n<h2 class=\"wp-block-heading small-hl\"><a href=\"https:\/\/www.cpacanada.ca\/fr\/members-area\/savings-and-offers\/porter-airlines\" target=\"_blank\" rel=\"noreferrer noopener\">Porter Airlines<\/a><\/h2>\n\n\n\n<p>\u00c9conomisez 10 % sur les tarifs Flexible et Libert\u00e9 de Porter Airlines.<\/p>\n\n\n\n<h2 class=\"wp-block-heading small-hl\"><a href=\"https:\/\/www.cpacanada.ca\/fr\/members-area\/savings-and-offers\/cpa-member-savings-mont-tremblant-resort\" target=\"_blank\" rel=\"noreferrer noopener\">Centre de vill\u00e9giature Tremblant<\/a><\/h2>\n\n\n\n<p>Profitez de tarifs pr\u00e9f\u00e9rentiels SkiMax au centre de vill\u00e9giature Tremblant.<\/p>\n\n\n\n<h2 class=\"wp-block-heading small-hl\"><a href=\"https:\/\/www.cpacanada.ca\/fr\/members-area\/savings-and-offers\/Carlson-Rezidor-Hotels\" target=\"_blank\" rel=\"noreferrer noopener\">Groupe h\u00f4telier Radisson<\/a><\/h2>\n\n\n\n<p>Profitez d\u2019un rabais de 20 % sur les meilleurs tarifs dans tout \u00e9tablissement du groupe h\u00f4telier Radisson partout dans le monde.<\/p>\n\n\n\n<h2 class=\"wp-block-heading small-hl\"><a href=\"https:\/\/www.cpacanada.ca\/fr\/members-area\/savings-and-offers\/medcan-clinic\" target=\"_blank\" rel=\"noreferrer noopener\">Clinique Medcan<\/a><\/h2>\n\n\n\n<p>Profitez de tarifs pr\u00e9f\u00e9rentiels pour un bilan de sant\u00e9 annuel et pour le service Soins toute l\u2019ann\u00e9e<\/p>\n\n\n\n<h2 class=\"wp-block-heading small-hl\"><a href=\"https:\/\/www.cpacanada.ca\/fr\/members-area\/savings-and-offers\/budget-rent-a-car\" target=\"_blank\" rel=\"noreferrer noopener\">Location de voitures Budget<\/a><\/h2>\n\n\n\n<p>\u00c9conomisez jusqu\u2019\u00e0 35 % sur le tarif de location de base (paiement imm\u00e9diat) ou jusqu\u2019\u00e0 25 % (paiement par la suite).<\/p>\n\n\n\n<h2 class=\"wp-block-heading small-hl\"><a href=\"https:\/\/www.cpacanada.ca\/fr\/members-area\/savings-and-offers\/avis-rent-a-car\" target=\"_blank\" rel=\"noreferrer noopener\">Location de voitures Avis<\/a><\/h2>\n\n\n\n<p>\u00c9conomisez jusqu\u2019\u00e0 30 % sur le tarif de location de base (paiement imm\u00e9diat) ou jusqu\u2019\u00e0 25 % (paiement par la suite).<\/p>\n\n\n\n<h2 class=\"wp-block-heading\"><a href=\"https:\/\/www.cpacanada.ca\/fr\/zone-membres\/economies-et-offres\/adp-canada\">\u200bADP Canada<\/a><\/h2>\n\n\n\n<p>Recevez des conseils d&#8217;experts pour les cabinets de CPA qui cherchent \u00e0 optimiser leurs op\u00e9rations, \u00e0 fid\u00e9liser leurs clients et \u00e0 assurer une croissance durable.<\/p>\n\n\n\n<h2 class=\"wp-block-heading\"><a href=\"https:\/\/www.cpacanada.ca\/fr\/zone-membres\/economies-et-offres\/american-express\">American Express<\/a><\/h2>\n\n\n\n<p>Offres sp\u00e9ciales d\u2019American ExpressMD pour les membres CPA. Obtenez jusqu\u2019\u00e0 75 000 points \u2013 ou jusqu\u2019\u00e0 750 $ \u2013 avec certaines cartes American Express.<\/p>\n\n\n\n<h2 class=\"wp-block-heading\"><a href=\"https:\/\/www.cpacanada.ca\/fr\/zone-membres\/economies-et-offres\/dell\">Dell<\/a><\/h2>\n\n\n\n<p>Profitez de rabais suppl\u00e9mentaires sur les produits Dell : 5 % sur les syst\u00e8mes, 10 % sur les \u00e9crans et accessoires, et 15 % sur certaines configurations.<\/p>\n\n\n\n<h2 class=\"wp-block-heading\"><a href=\"https:\/\/www.cpacanada.ca\/fr\/zone-membres\/economies-et-offres\/dilawri\">Dilawri<\/a><\/h2>\n\n\n\n<p>\u00c9conomisez des milliers de dollars sur l\u2019achat ou la location de tout v\u00e9hicule neuf en stock chez les concessionnaires Dilawri de Vancouver, Toronto, Montr\u00e9al, Calgary et Regina.<\/p>\n\n\n\n<h2 class=\"wp-block-heading\"><a href=\"https:\/\/www.cpacanada.ca\/fr\/zone-membres\/economies-et-offres\/indeed\">Indeed<\/a><\/h2>\n\n\n\n<p>Trouvez la perle rare gr\u00e2ce \u00e0 un cr\u00e9dit de 300 $ sur les annonces d\u2019emploi commandit\u00e9es.<\/p>\n\n\n\n<h2 class=\"wp-block-heading\"><a href=\"https:\/\/www.cpacanada.ca\/fr\/zone-membres\/economies-et-offres\/ofx\">OFX<\/a><\/h2>\n\n\n\n<p>OFX, votre sp\u00e9cialiste en virements de fonds mondiaux \u00e0 valeur ajout\u00e9e, met son \u00e9quipe \u00e0 votre disposition. Profitez de tarifs pr\u00e9f\u00e9rentiels, d&#8217;une plateforme facile \u00e0 utiliser et d&#8217;une assistance humaine 24 heures sur 24, 7 jours sur 7.<\/p>\n\n\n\n<h2 class=\"wp-block-heading\"><a href=\"https:\/\/www.cpacanada.ca\/fr\/zone-membres\/economies-et-offres\/payworks\">Payworks<\/a><\/h2>\n\n\n\n<p>Les membres de CPA Canada qui recommandent Payworks \u00e0 leurs clients obtiennent 20 % de rabais sur certaines solutions de paie de Payworks pour eux-m\u00eames et leur client\u00e8le.<\/p>\n\n\n\n<h2 class=\"wp-block-heading\"><a href=\"https:\/\/www.cpacanada.ca\/fr\/zone-membres\/economies-et-offres\/purolator\">Purolator<\/a><\/h2>\n\n\n\n<p>B\u00e9n\u00e9ficiez d\u2019une r\u00e9duction de 55 % sur les services de Purolator au Canada. Des livraisons fiables et le r\u00e9seau le plus \u00e9tendu au pays.<\/p>\n\n\n\n<h2 class=\"wp-block-heading\"><a href=\"https:\/\/www.cpacanada.ca\/members-area\/savings-and-offers\/Qtrade\">Qtrade<\/a><\/h2>\n\n\n\n<p>The Investor Plus program combines special pricing with an award-winning platform to provide exceptional Digital Wealth solutions for CPAs.<\/p>\n\n\n\n<h2 class=\"wp-block-heading\"><a href=\"https:\/\/www.cpacanada.ca\/fr\/zone-membres\/economies-et-offres\/sleep-country\">Dormez-Vous<\/a><\/h2>\n\n\n\n<p>Les CPA obtiennent jusqu\u2019\u00e0 500 $ de rabais chez Dormez-Vous. Visitez l\u2019une de nos succursales d\u00e8s aujourd\u2019hui et laissez nos experts du sommeil vous guider.<\/p>\n\n\n\n<h2 class=\"wp-block-heading\"><a href=\"https:\/\/www.cpacanada.ca\/fr\/zone-membres\/economies-et-offres\/telpay\">Telpay<\/a><\/h2>\n\n\n\n<p>Simplifiez l\u2019envoi et la r\u00e9ception de paiements gr\u00e2ce \u00e0 la plateforme int\u00e9gr\u00e9e et s\u00e9curitaire de Telpay (service en anglais). Adoptez-la et profitez de tarifs mensuels r\u00e9duits.<\/p>\n\n\n\n<h2 class=\"wp-block-heading\"><a href=\"https:\/\/www.cpacanada.ca\/fr\/zone-membres\/economies-et-offres\/tempo-framing\">Tempo Framing<\/a><\/h2>\n\n\n\n<p>Profitez de tarifs pr\u00e9f\u00e9rentiels sur des encadrements personnalis\u00e9s de grande qualit\u00e9.<\/p>\n\n\n\n<h2 class=\"wp-block-heading\"><a href=\"https:\/\/www.cpacanada.ca\/fr\/zone-membres\/economies-et-offres\/the-hr-agency\">The HR Agency<\/a><\/h2>\n\n\n\n<p>Transformez votre entreprise en vous pr\u00e9valant d\u2019une r\u00e9duction de 25 % (1 000 $) sur l\u2019adh\u00e9sion \u00e0 vie \u00e0 HQ : plus de 300 outils de ressources humaines pour mobiliser vos employ\u00e9s et favoriser votre r\u00e9ussite.<\/p>\n\n\n\n<h2 class=\"wp-block-heading\"><a href=\"https:\/\/www.cpacanada.ca\/fr\/zone-membres\/economies-et-offres\/via-rail\">VIA Rail<\/a><\/h2>\n\n\n\n<p>La voie sens\u00e9e pour voyager : \u00e9conomisez 15 % sur vos trajets en train.<\/p>\n\n\n\n<h2 class=\"wp-block-heading\"><a href=\"https:\/\/www.cpacanada.ca\/fr\/zone-membres\/economies-et-offres\/verifyle-pro\">Verifyle<\/a><\/h2>\n\n\n\n<p>Abonnez-vous sans frais \u00e0 Verifyle Pro (tarif courant : 144 $\/an) et obtenez 100 Go pour stocker et partager vos messages et documents, et un nombre illimit\u00e9 de signatures num\u00e9riques.<\/p>\n\n\n\n<h2 class=\"wp-block-heading\"><a href=\"https:\/\/www.cpacanada.ca\/fr\/zone-membres\/economies-et-offres\/visible-commerce-connection\">Visible Commerce Connection<\/a><\/h2>\n\n\n\n<p>\u00c9conomisez sur le traitement des paiements ou recevez une carte-cadeau Mastercard de 1 000 $.<\/p>\n","protected":false},"excerpt":{"rendered":"<p>B\u00e9n\u00e9ficiez d\u2019offres et de rabais exclusifs sur des produits et services n\u00e9goci\u00e9s sp\u00e9cialement pour vous par vos organisations de CPA nationale et provinciale.<\/p>\n","protected":false},"author":3,"featured_media":649,"parent":0,"menu_order":0,"comment_status":"closed","ping_status":"closed","template":"","meta":{"_acf_changed":false,"footnotes":""},"class_list":["post-334","page","type-page","status-publish","has-post-thumbnail","hentry"],"acf":[],"yoast_head":"<!-- This site is optimized with the Yoast SEO plugin v27.3 - https:\/\/yoast.com\/product\/yoast-seo-wordpress\/ -->\n<title>\u00c9conomies et offres - CPA Atlantique<\/title>\n<meta name=\"description\" content=\"B\u00e9n\u00e9ficiez d\u2019offres et de rabais exclusifs sur des produits et services n\u00e9goci\u00e9s sp\u00e9cialement pour vous par vos organisations de CPA nationale et provinciale.\" \/>\n<meta name=\"robots\" content=\"index, follow, max-snippet:-1, max-image-preview:large, max-video-preview:-1\" \/>\n<link rel=\"canonical\" href=\"https:\/\/cpaatlantic.ca\/fr\/savings-and-offers\/\" \/>\n<meta property=\"og:locale\" content=\"en_US\" \/>\n<meta property=\"og:type\" content=\"article\" \/>\n<meta property=\"og:title\" content=\"\u00c9conomies et offres - CPA Atlantique\" \/>\n<meta property=\"og:description\" content=\"B\u00e9n\u00e9ficiez d\u2019offres et de rabais exclusifs sur des produits et services n\u00e9goci\u00e9s sp\u00e9cialement pour vous par vos organisations de CPA nationale et provinciale.\" \/>\n<meta property=\"og:url\" content=\"https:\/\/cpaatlantic.ca\/fr\/savings-and-offers\/\" \/>\n<meta property=\"og:site_name\" content=\"CPA Atlantique\" \/>\n<meta property=\"article:modified_time\" content=\"2025-10-02T16:37:37+00:00\" \/>\n<meta property=\"og:image\" content=\"https:\/\/cpaatlantic.ca\/fr\/wp-content\/uploads\/sites\/3\/2022\/08\/savings.jpg\" \/>\n\t<meta property=\"og:image:width\" content=\"925\" \/>\n\t<meta property=\"og:image:height\" content=\"600\" \/>\n\t<meta property=\"og:image:type\" content=\"image\/jpeg\" \/>\n<meta name=\"twitter:card\" content=\"summary_large_image\" \/>\n<meta name=\"twitter:label1\" content=\"Est. reading time\" \/>\n\t<meta name=\"twitter:data1\" content=\"5 minutes\" \/>\n<script type=\"application\/ld+json\" class=\"yoast-schema-graph\">{\"@context\":\"https:\\\/\\\/schema.org\",\"@graph\":[{\"@type\":\"WebPage\",\"@id\":\"https:\\\/\\\/cpaatlantic.ca\\\/fr\\\/savings-and-offers\\\/\",\"url\":\"https:\\\/\\\/cpaatlantic.ca\\\/fr\\\/savings-and-offers\\\/\",\"name\":\"\u00c9conomies et offres - CPA Atlantique\",\"isPartOf\":{\"@id\":\"https:\\\/\\\/cpaatlantic.ca\\\/fr\\\/#website\"},\"primaryImageOfPage\":{\"@id\":\"https:\\\/\\\/cpaatlantic.ca\\\/fr\\\/savings-and-offers\\\/#primaryimage\"},\"image\":{\"@id\":\"https:\\\/\\\/cpaatlantic.ca\\\/fr\\\/savings-and-offers\\\/#primaryimage\"},\"thumbnailUrl\":\"https:\\\/\\\/cpaatlantic.ca\\\/fr\\\/wp-content\\\/uploads\\\/sites\\\/3\\\/2022\\\/08\\\/savings.jpg\",\"datePublished\":\"2022-07-26T18:08:32+00:00\",\"dateModified\":\"2025-10-02T16:37:37+00:00\",\"description\":\"B\u00e9n\u00e9ficiez d\u2019offres et de rabais exclusifs sur des produits et services n\u00e9goci\u00e9s sp\u00e9cialement pour vous par vos organisations de CPA nationale et provinciale.\",\"breadcrumb\":{\"@id\":\"https:\\\/\\\/cpaatlantic.ca\\\/fr\\\/savings-and-offers\\\/#breadcrumb\"},\"inLanguage\":\"en-US\",\"potentialAction\":[{\"@type\":\"ReadAction\",\"target\":[\"https:\\\/\\\/cpaatlantic.ca\\\/fr\\\/savings-and-offers\\\/\"]}]},{\"@type\":\"ImageObject\",\"inLanguage\":\"en-US\",\"@id\":\"https:\\\/\\\/cpaatlantic.ca\\\/fr\\\/savings-and-offers\\\/#primaryimage\",\"url\":\"https:\\\/\\\/cpaatlantic.ca\\\/fr\\\/wp-content\\\/uploads\\\/sites\\\/3\\\/2022\\\/08\\\/savings.jpg\",\"contentUrl\":\"https:\\\/\\\/cpaatlantic.ca\\\/fr\\\/wp-content\\\/uploads\\\/sites\\\/3\\\/2022\\\/08\\\/savings.jpg\",\"width\":925,\"height\":600},{\"@type\":\"BreadcrumbList\",\"@id\":\"https:\\\/\\\/cpaatlantic.ca\\\/fr\\\/savings-and-offers\\\/#breadcrumb\",\"itemListElement\":[{\"@type\":\"ListItem\",\"position\":1,\"name\":\"Home\",\"item\":\"https:\\\/\\\/cpaatlantic.ca\\\/fr\\\/\"},{\"@type\":\"ListItem\",\"position\":2,\"name\":\"\u00c9conomies et offres\"}]},{\"@type\":\"WebSite\",\"@id\":\"https:\\\/\\\/cpaatlantic.ca\\\/fr\\\/#website\",\"url\":\"https:\\\/\\\/cpaatlantic.ca\\\/fr\\\/\",\"name\":\"CPA Atlantique\",\"description\":\"Devenir CPA\",\"potentialAction\":[{\"@type\":\"SearchAction\",\"target\":{\"@type\":\"EntryPoint\",\"urlTemplate\":\"https:\\\/\\\/cpaatlantic.ca\\\/fr\\\/?s={search_term_string}\"},\"query-input\":{\"@type\":\"PropertyValueSpecification\",\"valueRequired\":true,\"valueName\":\"search_term_string\"}}],\"inLanguage\":\"en-US\"}]}<\/script>\n<!-- \/ Yoast SEO plugin. -->","yoast_head_json":{"title":"\u00c9conomies et offres - CPA Atlantique","description":"B\u00e9n\u00e9ficiez d\u2019offres et de rabais exclusifs sur des produits et services n\u00e9goci\u00e9s sp\u00e9cialement pour vous par vos organisations de CPA nationale et provinciale.","robots":{"index":"index","follow":"follow","max-snippet":"max-snippet:-1","max-image-preview":"max-image-preview:large","max-video-preview":"max-video-preview:-1"},"canonical":"https:\/\/cpaatlantic.ca\/fr\/savings-and-offers\/","og_locale":"en_US","og_type":"article","og_title":"\u00c9conomies et offres - CPA Atlantique","og_description":"B\u00e9n\u00e9ficiez d\u2019offres et de rabais exclusifs sur des produits et services n\u00e9goci\u00e9s sp\u00e9cialement pour vous par vos organisations de CPA nationale et provinciale.","og_url":"https:\/\/cpaatlantic.ca\/fr\/savings-and-offers\/","og_site_name":"CPA Atlantique","article_modified_time":"2025-10-02T16:37:37+00:00","og_image":[{"width":925,"height":600,"url":"https:\/\/cpaatlantic.ca\/fr\/wp-content\/uploads\/sites\/3\/2022\/08\/savings.jpg","type":"image\/jpeg"}],"twitter_card":"summary_large_image","twitter_misc":{"Est. reading time":"5 minutes"},"schema":{"@context":"https:\/\/schema.org","@graph":[{"@type":"WebPage","@id":"https:\/\/cpaatlantic.ca\/fr\/savings-and-offers\/","url":"https:\/\/cpaatlantic.ca\/fr\/savings-and-offers\/","name":"\u00c9conomies et offres - CPA Atlantique","isPartOf":{"@id":"https:\/\/cpaatlantic.ca\/fr\/#website"},"primaryImageOfPage":{"@id":"https:\/\/cpaatlantic.ca\/fr\/savings-and-offers\/#primaryimage"},"image":{"@id":"https:\/\/cpaatlantic.ca\/fr\/savings-and-offers\/#primaryimage"},"thumbnailUrl":"https:\/\/cpaatlantic.ca\/fr\/wp-content\/uploads\/sites\/3\/2022\/08\/savings.jpg","datePublished":"2022-07-26T18:08:32+00:00","dateModified":"2025-10-02T16:37:37+00:00","description":"B\u00e9n\u00e9ficiez d\u2019offres et de rabais exclusifs sur des produits et services n\u00e9goci\u00e9s sp\u00e9cialement pour vous par vos organisations de CPA nationale et provinciale.","breadcrumb":{"@id":"https:\/\/cpaatlantic.ca\/fr\/savings-and-offers\/#breadcrumb"},"inLanguage":"en-US","potentialAction":[{"@type":"ReadAction","target":["https:\/\/cpaatlantic.ca\/fr\/savings-and-offers\/"]}]},{"@type":"ImageObject","inLanguage":"en-US","@id":"https:\/\/cpaatlantic.ca\/fr\/savings-and-offers\/#primaryimage","url":"https:\/\/cpaatlantic.ca\/fr\/wp-content\/uploads\/sites\/3\/2022\/08\/savings.jpg","contentUrl":"https:\/\/cpaatlantic.ca\/fr\/wp-content\/uploads\/sites\/3\/2022\/08\/savings.jpg","width":925,"height":600},{"@type":"BreadcrumbList","@id":"https:\/\/cpaatlantic.ca\/fr\/savings-and-offers\/#breadcrumb","itemListElement":[{"@type":"ListItem","position":1,"name":"Home","item":"https:\/\/cpaatlantic.ca\/fr\/"},{"@type":"ListItem","position":2,"name":"\u00c9conomies et offres"}]},{"@type":"WebSite","@id":"https:\/\/cpaatlantic.ca\/fr\/#website","url":"https:\/\/cpaatlantic.ca\/fr\/","name":"CPA Atlantique","description":"Devenir CPA","potentialAction":[{"@type":"SearchAction","target":{"@type":"EntryPoint","urlTemplate":"https:\/\/cpaatlantic.ca\/fr\/?s={search_term_string}"},"query-input":{"@type":"PropertyValueSpecification","valueRequired":true,"valueName":"search_term_string"}}],"inLanguage":"en-US"}]}},"_links":{"self":[{"href":"https:\/\/cpaatlantic.ca\/fr\/wp-json\/wp\/v2\/pages\/334","targetHints":{"allow":["GET"]}}],"collection":[{"href":"https:\/\/cpaatlantic.ca\/fr\/wp-json\/wp\/v2\/pages"}],"about":[{"href":"https:\/\/cpaatlantic.ca\/fr\/wp-json\/wp\/v2\/types\/page"}],"author":[{"embeddable":true,"href":"https:\/\/cpaatlantic.ca\/fr\/wp-json\/wp\/v2\/users\/3"}],"replies":[{"embeddable":true,"href":"https:\/\/cpaatlantic.ca\/fr\/wp-json\/wp\/v2\/comments?post=334"}],"version-history":[{"count":19,"href":"https:\/\/cpaatlantic.ca\/fr\/wp-json\/wp\/v2\/pages\/334\/revisions"}],"predecessor-version":[{"id":2907,"href":"https:\/\/cpaatlantic.ca\/fr\/wp-json\/wp\/v2\/pages\/334\/revisions\/2907"}],"wp:featuredmedia":[{"embeddable":true,"href":"https:\/\/cpaatlantic.ca\/fr\/wp-json\/wp\/v2\/media\/649"}],"wp:attachment":[{"href":"https:\/\/cpaatlantic.ca\/fr\/wp-json\/wp\/v2\/media?parent=334"}],"curies":[{"name":"wp","href":"https:\/\/api.w.org\/{rel}","templated":true}]}}