{"id":354,"date":"2022-07-26T16:39:09","date_gmt":"2022-07-26T19:39:09","guid":{"rendered":"https:\/\/cpaa.careercolleges.ca\/fr\/?page_id=354"},"modified":"2026-02-03T13:49:04","modified_gmt":"2026-02-03T17:49:04","slug":"job-opportunities-for-cpas","status":"publish","type":"page","link":"https:\/\/cpaatlantic.ca\/fr\/job-opportunities-for-cpas\/","title":{"rendered":"Offres d&#8217;emploi des candidats"},"content":{"rendered":"\n<p>Le babillard d&#8217;emploi de l&#8217;\u00c9cole de gestion CPA Atlantique offre aux candidats CPA actuels et aux dipl\u00f4m\u00e9s r\u00e9cents la possibilit\u00e9 d&#8217;acqu\u00e9rir de l&#8217;exp\u00e9rience dans des r\u00f4les en comptabilit\u00e9 ou en finance situ\u00e9s dans les provinces de l&#8217;Atlantique. <\/p>\n\n\n\n<p>Si vous \u00eates un employeur et que vous souhaitez afficher une opportunit\u00e9 de carri\u00e8re pour un candidat CPA sur notre site Web, veuillez remplir ce formulaire. L&#8217;\u00c9cole de gestion CPA Atlantique se r\u00e9serve le droit de d\u00e9terminer si une annonce sera affich\u00e9e.<\/p>\n\n\n\n<h2 class=\"wp-block-heading small-hl\">LES POSTES SUIVANTS SONT ACTUELLEMENT DISPONIBLES POUR LES CANDIDATS ACTUELS OU LES R\u00c9CENTS DIPL\u00d4M\u00c9S DANS LES PROVINCES DE L&#8217;ATLANTIQUE<\/h2>\n\n\n\n<h2 class=\"wp-block-heading small-hl\"><a href=\"https:\/\/www.hansongroup.ca\/careers\/Controller.pdf\" target=\"_blank\" rel=\"noreferrer noopener\">Contr\u00f4leur<\/a> (anglais)<\/h2>\n\n\n\n<p><a href=\"https:\/\/www.hansonrentals.com\/about-hanson-group\/\" type=\"link\" id=\"https:\/\/www.hansonrentals.com\/about-hanson-group\/\">Hanson Group of Companies<\/a><br>Fredericton, N-B<br>date de publication : 3 f\u00e9vrier 2026<\/p>\n\n\n\n<p><a href=\"https:\/\/www.hansongroup.ca\/careers\/Controller.pdf\" target=\"_blank\" rel=\"noreferrer noopener\">Plus d&#8217;informations<\/a><\/p>\n\n\n\n<p>\u200b<\/p>\n\n\n<div id=\"accordion-block_e56fb5115f97a57746d58d6ef0ba16bf\" class=\"accordion page-block-area\">\n\n    <div class=\"accordion-blockquote\">\n          <\/div>\n<\/div>\n","protected":false},"excerpt":{"rendered":"<p>Les postes suivants peuvent convenir aux candidats actuels ou aux dipl\u00f4m\u00e9s r\u00e9cents des provinces de l&#8217;Atlantique.<\/p>\n","protected":false},"author":3,"featured_media":643,"parent":0,"menu_order":0,"comment_status":"closed","ping_status":"closed","template":"","meta":{"_acf_changed":false,"footnotes":""},"class_list":["post-354","page","type-page","status-publish","has-post-thumbnail","hentry"],"acf":[],"yoast_head":"<!-- This site is optimized with the Yoast SEO plugin v27.3 - https:\/\/yoast.com\/product\/yoast-seo-wordpress\/ -->\n<title>Offres d&#039;emploi des candidats - CPA Atlantique<\/title>\n<meta name=\"description\" content=\"Les postes suivants peuvent convenir aux candidats actuels ou aux dipl\u00f4m\u00e9s r\u00e9cents des provinces de l&#039;Atlantique.\" \/>\n<meta name=\"robots\" content=\"index, follow, max-snippet:-1, max-image-preview:large, max-video-preview:-1\" \/>\n<link rel=\"canonical\" href=\"https:\/\/cpaatlantic.ca\/fr\/job-opportunities-for-cpas\/\" \/>\n<meta property=\"og:locale\" content=\"en_US\" \/>\n<meta property=\"og:type\" content=\"article\" \/>\n<meta property=\"og:title\" content=\"Offres d&#039;emploi des candidats - CPA Atlantique\" \/>\n<meta property=\"og:description\" content=\"Les postes suivants peuvent convenir aux candidats actuels ou aux dipl\u00f4m\u00e9s r\u00e9cents des provinces de l&#039;Atlantique.\" \/>\n<meta property=\"og:url\" content=\"https:\/\/cpaatlantic.ca\/fr\/job-opportunities-for-cpas\/\" \/>\n<meta property=\"og:site_name\" content=\"CPA Atlantique\" \/>\n<meta property=\"article:modified_time\" content=\"2026-02-03T17:49:04+00:00\" \/>\n<meta property=\"og:image\" content=\"https:\/\/cpaatlantic.ca\/fr\/wp-content\/uploads\/sites\/3\/2022\/08\/practical-experience.jpg\" \/>\n\t<meta property=\"og:image:width\" content=\"925\" \/>\n\t<meta property=\"og:image:height\" content=\"600\" \/>\n\t<meta property=\"og:image:type\" content=\"image\/jpeg\" \/>\n<meta name=\"twitter:card\" content=\"summary_large_image\" \/>\n<meta name=\"twitter:label1\" content=\"Est. reading time\" \/>\n\t<meta name=\"twitter:data1\" content=\"1 minute\" \/>\n<script type=\"application\/ld+json\" class=\"yoast-schema-graph\">{\"@context\":\"https:\\\/\\\/schema.org\",\"@graph\":[{\"@type\":\"WebPage\",\"@id\":\"https:\\\/\\\/cpaatlantic.ca\\\/fr\\\/job-opportunities-for-cpas\\\/\",\"url\":\"https:\\\/\\\/cpaatlantic.ca\\\/fr\\\/job-opportunities-for-cpas\\\/\",\"name\":\"Offres d'emploi des candidats - CPA Atlantique\",\"isPartOf\":{\"@id\":\"https:\\\/\\\/cpaatlantic.ca\\\/fr\\\/#website\"},\"primaryImageOfPage\":{\"@id\":\"https:\\\/\\\/cpaatlantic.ca\\\/fr\\\/job-opportunities-for-cpas\\\/#primaryimage\"},\"image\":{\"@id\":\"https:\\\/\\\/cpaatlantic.ca\\\/fr\\\/job-opportunities-for-cpas\\\/#primaryimage\"},\"thumbnailUrl\":\"https:\\\/\\\/cpaatlantic.ca\\\/fr\\\/wp-content\\\/uploads\\\/sites\\\/3\\\/2022\\\/08\\\/practical-experience.jpg\",\"datePublished\":\"2022-07-26T19:39:09+00:00\",\"dateModified\":\"2026-02-03T17:49:04+00:00\",\"description\":\"Les postes suivants peuvent convenir aux candidats actuels ou aux dipl\u00f4m\u00e9s r\u00e9cents des provinces de l'Atlantique.\",\"breadcrumb\":{\"@id\":\"https:\\\/\\\/cpaatlantic.ca\\\/fr\\\/job-opportunities-for-cpas\\\/#breadcrumb\"},\"inLanguage\":\"en-US\",\"potentialAction\":[{\"@type\":\"ReadAction\",\"target\":[\"https:\\\/\\\/cpaatlantic.ca\\\/fr\\\/job-opportunities-for-cpas\\\/\"]}]},{\"@type\":\"ImageObject\",\"inLanguage\":\"en-US\",\"@id\":\"https:\\\/\\\/cpaatlantic.ca\\\/fr\\\/job-opportunities-for-cpas\\\/#primaryimage\",\"url\":\"https:\\\/\\\/cpaatlantic.ca\\\/fr\\\/wp-content\\\/uploads\\\/sites\\\/3\\\/2022\\\/08\\\/practical-experience.jpg\",\"contentUrl\":\"https:\\\/\\\/cpaatlantic.ca\\\/fr\\\/wp-content\\\/uploads\\\/sites\\\/3\\\/2022\\\/08\\\/practical-experience.jpg\",\"width\":925,\"height\":600},{\"@type\":\"BreadcrumbList\",\"@id\":\"https:\\\/\\\/cpaatlantic.ca\\\/fr\\\/job-opportunities-for-cpas\\\/#breadcrumb\",\"itemListElement\":[{\"@type\":\"ListItem\",\"position\":1,\"name\":\"Home\",\"item\":\"https:\\\/\\\/cpaatlantic.ca\\\/fr\\\/\"},{\"@type\":\"ListItem\",\"position\":2,\"name\":\"Offres d&#8217;emploi des candidats\"}]},{\"@type\":\"WebSite\",\"@id\":\"https:\\\/\\\/cpaatlantic.ca\\\/fr\\\/#website\",\"url\":\"https:\\\/\\\/cpaatlantic.ca\\\/fr\\\/\",\"name\":\"CPA Atlantique\",\"description\":\"Devenir CPA\",\"potentialAction\":[{\"@type\":\"SearchAction\",\"target\":{\"@type\":\"EntryPoint\",\"urlTemplate\":\"https:\\\/\\\/cpaatlantic.ca\\\/fr\\\/?s={search_term_string}\"},\"query-input\":{\"@type\":\"PropertyValueSpecification\",\"valueRequired\":true,\"valueName\":\"search_term_string\"}}],\"inLanguage\":\"en-US\"}]}<\/script>\n<!-- \/ Yoast SEO plugin. -->","yoast_head_json":{"title":"Offres d'emploi des candidats - CPA Atlantique","description":"Les postes suivants peuvent convenir aux candidats actuels ou aux dipl\u00f4m\u00e9s r\u00e9cents des provinces de l'Atlantique.","robots":{"index":"index","follow":"follow","max-snippet":"max-snippet:-1","max-image-preview":"max-image-preview:large","max-video-preview":"max-video-preview:-1"},"canonical":"https:\/\/cpaatlantic.ca\/fr\/job-opportunities-for-cpas\/","og_locale":"en_US","og_type":"article","og_title":"Offres d'emploi des candidats - CPA Atlantique","og_description":"Les postes suivants peuvent convenir aux candidats actuels ou aux dipl\u00f4m\u00e9s r\u00e9cents des provinces de l'Atlantique.","og_url":"https:\/\/cpaatlantic.ca\/fr\/job-opportunities-for-cpas\/","og_site_name":"CPA Atlantique","article_modified_time":"2026-02-03T17:49:04+00:00","og_image":[{"width":925,"height":600,"url":"https:\/\/cpaatlantic.ca\/fr\/wp-content\/uploads\/sites\/3\/2022\/08\/practical-experience.jpg","type":"image\/jpeg"}],"twitter_card":"summary_large_image","twitter_misc":{"Est. reading time":"1 minute"},"schema":{"@context":"https:\/\/schema.org","@graph":[{"@type":"WebPage","@id":"https:\/\/cpaatlantic.ca\/fr\/job-opportunities-for-cpas\/","url":"https:\/\/cpaatlantic.ca\/fr\/job-opportunities-for-cpas\/","name":"Offres d'emploi des candidats - CPA Atlantique","isPartOf":{"@id":"https:\/\/cpaatlantic.ca\/fr\/#website"},"primaryImageOfPage":{"@id":"https:\/\/cpaatlantic.ca\/fr\/job-opportunities-for-cpas\/#primaryimage"},"image":{"@id":"https:\/\/cpaatlantic.ca\/fr\/job-opportunities-for-cpas\/#primaryimage"},"thumbnailUrl":"https:\/\/cpaatlantic.ca\/fr\/wp-content\/uploads\/sites\/3\/2022\/08\/practical-experience.jpg","datePublished":"2022-07-26T19:39:09+00:00","dateModified":"2026-02-03T17:49:04+00:00","description":"Les postes suivants peuvent convenir aux candidats actuels ou aux dipl\u00f4m\u00e9s r\u00e9cents des provinces de l'Atlantique.","breadcrumb":{"@id":"https:\/\/cpaatlantic.ca\/fr\/job-opportunities-for-cpas\/#breadcrumb"},"inLanguage":"en-US","potentialAction":[{"@type":"ReadAction","target":["https:\/\/cpaatlantic.ca\/fr\/job-opportunities-for-cpas\/"]}]},{"@type":"ImageObject","inLanguage":"en-US","@id":"https:\/\/cpaatlantic.ca\/fr\/job-opportunities-for-cpas\/#primaryimage","url":"https:\/\/cpaatlantic.ca\/fr\/wp-content\/uploads\/sites\/3\/2022\/08\/practical-experience.jpg","contentUrl":"https:\/\/cpaatlantic.ca\/fr\/wp-content\/uploads\/sites\/3\/2022\/08\/practical-experience.jpg","width":925,"height":600},{"@type":"BreadcrumbList","@id":"https:\/\/cpaatlantic.ca\/fr\/job-opportunities-for-cpas\/#breadcrumb","itemListElement":[{"@type":"ListItem","position":1,"name":"Home","item":"https:\/\/cpaatlantic.ca\/fr\/"},{"@type":"ListItem","position":2,"name":"Offres d&#8217;emploi des candidats"}]},{"@type":"WebSite","@id":"https:\/\/cpaatlantic.ca\/fr\/#website","url":"https:\/\/cpaatlantic.ca\/fr\/","name":"CPA Atlantique","description":"Devenir CPA","potentialAction":[{"@type":"SearchAction","target":{"@type":"EntryPoint","urlTemplate":"https:\/\/cpaatlantic.ca\/fr\/?s={search_term_string}"},"query-input":{"@type":"PropertyValueSpecification","valueRequired":true,"valueName":"search_term_string"}}],"inLanguage":"en-US"}]}},"_links":{"self":[{"href":"https:\/\/cpaatlantic.ca\/fr\/wp-json\/wp\/v2\/pages\/354","targetHints":{"allow":["GET"]}}],"collection":[{"href":"https:\/\/cpaatlantic.ca\/fr\/wp-json\/wp\/v2\/pages"}],"about":[{"href":"https:\/\/cpaatlantic.ca\/fr\/wp-json\/wp\/v2\/types\/page"}],"author":[{"embeddable":true,"href":"https:\/\/cpaatlantic.ca\/fr\/wp-json\/wp\/v2\/users\/3"}],"replies":[{"embeddable":true,"href":"https:\/\/cpaatlantic.ca\/fr\/wp-json\/wp\/v2\/comments?post=354"}],"version-history":[{"count":95,"href":"https:\/\/cpaatlantic.ca\/fr\/wp-json\/wp\/v2\/pages\/354\/revisions"}],"predecessor-version":[{"id":2980,"href":"https:\/\/cpaatlantic.ca\/fr\/wp-json\/wp\/v2\/pages\/354\/revisions\/2980"}],"wp:featuredmedia":[{"embeddable":true,"href":"https:\/\/cpaatlantic.ca\/fr\/wp-json\/wp\/v2\/media\/643"}],"wp:attachment":[{"href":"https:\/\/cpaatlantic.ca\/fr\/wp-json\/wp\/v2\/media?parent=354"}],"curies":[{"name":"wp","href":"https:\/\/api.w.org\/{rel}","templated":true}]}}