{"id":378,"date":"2022-07-26T16:48:44","date_gmt":"2022-07-26T19:48:44","guid":{"rendered":"https:\/\/cpaa.careercolleges.ca\/fr\/?page_id=378"},"modified":"2025-06-26T13:47:44","modified_gmt":"2025-06-26T16:47:44","slug":"practical-experience","status":"publish","type":"page","link":"https:\/\/cpaatlantic.ca\/fr\/practical-experience\/","title":{"rendered":"Exp\u00e9rience pratique"},"content":{"rendered":"\n<h2 class=\"wp-block-heading small-hl\">Le stage pratique est un volet obligatoire du programme d\u2019agr\u00e9ment des comptables professionnels agr\u00e9\u00e9s (CPA).<\/h2>\n\n\n\n<p>Vous avez, en tant qu\u2019\u00e9tudiant, l\u2019obligation de faire un stage pratique r\u00e9mun\u00e9r\u00e9 d\u2019au minimum 30 mois, en vue de consolider votre formation th\u00e9orique.<\/p>\n\n\n\n<p>Le stage est l\u2019\u00e9tape \u00e0 laquelle vous prenez vos connaissances th\u00e9oriques et vous passez \u00e0 un niveau sup\u00e9rieur d\u2019approfondissement. Les candidats ont l\u2019occasion de mettre en application leurs connaissances th\u00e9oriques dans le cadre d\u2019un travail authentique et c\u2019est cette combinaison de la formation th\u00e9orique et du travail pratique qui produit un CPA qualifi\u00e9 capable de conna\u00eetre la r\u00e9ussite sur le plan professionnel.<\/p>\n\n\n\n<p>Pour pouvoir achever avec succ\u00e8s le programme d\u2019agr\u00e9ment des CPA et obtenir le titre de CPA, il est obligatoire de faire l\u2019ensemble des trois volets suivants :<\/p>\n\n\n\n<ol class=\"wp-block-list\">\n<li>Achever avec succ\u00e8s le programme de formation professionnelle (PFP) des CPA.<\/li>\n\n\n\n<li>Achever avec succ\u00e8s un stage pratique.<\/li>\n\n\n\n<li>R\u00e9ussir \u00e0 l\u2019examen final commun (EFC).<\/li>\n<\/ol>\n\n\n\n<p>Tous les candidats en stage ont les obligations suivantes :<\/p>\n\n\n\n<ul class=\"wp-block-list\">\n<li>Faire un stage pertinent d\u2019une dur\u00e9e minimum de 30 mois.<\/li>\n\n\n\n<li>Montrer, dans leurs rapports et tout au long du stage, qu\u2019ils ont progress\u00e9 et atteint un niveau de complexit\u00e9 plus \u00e9lev\u00e9.<\/li>\n\n\n\n<li>Respecter les normes bien particuli\u00e8res pour les sous-domaines de comp\u00e9tence (comp\u00e9tences fondamentales, \u00e9tendue et profondeur).<\/li>\n\n\n\n<li>Poursuivre la relation de mentorat tout au long du stage.<\/li>\n<\/ul>\n\n\n\n<p>Les 30 mois de stage obligatoires peuvent \u00eatre faits avant, pendant ou jusqu\u2019\u00e0 sept ans apr\u00e8s vos \u00e9tudes au PFP des CPA. Il faut cependant que le tout se d\u00e9roule dans un intervalle maximum de sept (7) ann\u00e9es entre le d\u00e9but et la fin de vos \u00e9tudes au PFP des CPA.<\/p>\n\n\n\n<p>Une fois que l\u2019inscription du candidat aura bien \u00e9t\u00e9 trait\u00e9e, ce dernier recevra un avis par courriel avec des instructions pour acc\u00e9der \u00e0 la plateforme de formation th\u00e9orique&nbsp;<a href=\"https:\/\/education.cpacanada.ca\/d2l\/loginh\/\" target=\"_blank\" rel=\"noreferrer noopener\">\u00ab Desire2Learn \u00bb (D2L)<\/a>&nbsp;et \u00e0 l\u2019Outil de production de rapports de stage (OPRS).<\/p>\n\n\n\n<p>Le candidat a deux options pour respecter l\u2019exigence de stage pratique :<\/p>\n\n\n\n<h2 class=\"wp-block-heading small-hl\">STAGE AVEC CHEMINEMENT PR\u00c9APPROUV\u00c9 (SCP)<\/h2>\n\n\n\n<p>Lorsque le candidat fait son stage dans le cadre d\u2019un programme pr\u00e9approuv\u00e9, l\u2019employeur lui attribue un mentor et il a \u00e0 acqu\u00e9rir de comp\u00e9tences bien particuli\u00e8res, qui ont \u00e9t\u00e9 approuv\u00e9es par la profession et par l\u2019employeur.<\/p>\n\n\n\n<p>Veuillez consulter la&nbsp;<a href=\"\/fr\/pre-approved-program-route-offices\/\">liste des employeurs (organismes et entreprises) fournie par CPA Atlantique<\/a>.&nbsp;Il peut s\u2019agir d\u2019un emploi dans un cabinet de comptabilit\u00e9, au gouvernement ou dans une soci\u00e9t\u00e9.<\/p>\n\n\n\n<h2 class=\"wp-block-heading small-hl\">STAGE AVEC V\u00c9RIFICATION DE L\u2019EXP\u00c9RIENCE (SVE)<\/h2>\n\n\n\n<ul class=\"wp-block-list\">\n<li>Il est obligatoire pour le candidat d\u2019avoir un emploi dans un poste consid\u00e9r\u00e9 comme pertinent par la profession.\n<ul class=\"wp-block-list\">\n<li>Pour que le poste soit consid\u00e9r\u00e9 comme pertinent, tout d\u00e9pend du niveau de complexit\u00e9 et de la capacit\u00e9 qu\u2019a le stagiaire de montrer une progression au cours des 12 premiers mois par rapport aux comp\u00e9tences exig\u00e9es dans les sous-domaines de comp\u00e9tence (comp\u00e9tences fondamentales, \u00e9tendue et profondeur), en vue de r\u00e9aliser les objectifs dans un d\u00e9lai de 30 mois.<\/li>\n\n\n\n<li>Le candidat a l\u2019obligation d\u2019avoir atteint le niveau 1 dans au moins deux domaines pour pouvoir commencer \u00e0 envoyer ses rapports.<\/li>\n<\/ul>\n<\/li>\n\n\n\n<li>Le poste du candidat sera \u00e9valu\u00e9 et approuv\u00e9 par l\u2019\u00c9cole de gestion CPA Atlantique \u00e0 l\u2019issue du processus d\u2019inscription. Le candidat recevra un message de courriel avec des instructions pour confirmer son emploi.<\/li>\n\n\n\n<li>Les candidats en stage avec v\u00e9rification de l\u2019exp\u00e9rience ont pour responsabilit\u00e9 de trouver eux-m\u00eames leur mentor.\n<ul class=\"wp-block-list\">\n<li>Il faut que le mentor respecte les exigences suivantes :\n<ul class=\"wp-block-list\">\n<li>Il faut qu\u2019il soit membre en r\u00e8gle de l\u2019organisme responsable des CPA dans sa r\u00e9gion.<\/li>\n\n\n\n<li>Il faut de pr\u00e9f\u00e9rence qu\u2019il soit dans la m\u00eame province que celle du candidat.<\/li>\n<\/ul>\n<\/li>\n<\/ul>\n<\/li>\n<\/ul>\n\n\n\n<p>Nous encourageons les candidats actuels et les futurs candidats \u00e0 passer en revue les documents et les ressources disponibles sur le site Web de CPA Canada :<\/p>\n\n\n\n<ul class=\"wp-block-list\">\n<li><a href=\"https:\/\/www.cpacanada.ca\/fr\/devenir-cpa\/centre-de-ressources-pour-lagrement\/exigences-experience-pratique-cpa\" target=\"_blank\" rel=\"noreferrer noopener\">Ressources de CPA Canada pour le stage pratique<\/a><\/li>\n<\/ul>\n\n\n\n<h2 class=\"wp-block-heading small-hl\">MENTORAT DES CPA<\/h2>\n\n\n\n<p>Les mentors jouent un r\u00f4le crucial tout au long du parcours qui m\u00e8ne les candidats \u00e0 acqu\u00e9rir l\u2019exp\u00e9rience pratique n\u00e9cessaire. Ces mentors offrent leur appui et leurs conseils aux candidats, tout particuli\u00e8rement afin de contribuer au d\u00e9veloppement chez eux des comp\u00e9tences habilitantes qui les aideront \u00e0 approfondir leur sp\u00e9cialisation professionnelle. Les mentors font profiter les candidats de leur savoir et de leur exp\u00e9rience personnelle dans le milieu de travail professionnel. &nbsp;<\/p>\n\n\n\n<p>Le candidat a l\u2019obligation de rencontrer son mentor deux fois par an pendant toute la dur\u00e9e de son stage. Le lien avec le mentor aide le candidat \u00e0 d\u00e9velopper sa comp\u00e9tence professionnelle, \u00e0 acqu\u00e9rir de solides comp\u00e9tences en leadership et \u00e0 bien communiquer. Le mentor renforcera \u00e9galement les comp\u00e9tences du candidat en prise de d\u00e9cisions et en r\u00e9solution de probl\u00e8mes, ainsi que sa capacit\u00e9 d\u2019agir conform\u00e9ment \u00e0 la d\u00e9ontologie.<\/p>\n\n\n\n<p><strong>Rencontres du candidat avec le mentor<\/strong><\/p>\n\n\n\n<p>Le candidat a l\u2019obligation de rencontrer son mentor \u00e0 chacune des phases cl\u00e9s de son stage pratique&nbsp;:<\/p>\n\n\n\n<ul class=\"wp-block-list\">\n<li>Pr\u00e9sentations\n<ul class=\"wp-block-list\">\n<li>pour apprendre \u00e0 se conna\u00eetre<\/li>\n\n\n\n<li>pour d\u00e9finir les attentes et pr\u00e9parer un plan<\/li>\n<\/ul>\n<\/li>\n\n\n\n<li>Premi\u00e8re rencontre semestrielle\n<ul class=\"wp-block-list\">\n<li>pour discuter des progr\u00e8s accomplis et de l\u2019exp\u00e9rience acquise pendant la p\u00e9riode<\/li>\n\n\n\n<li>pour d\u00e9finir les objectifs pour l\u2019avenir<\/li>\n\n\n\n<li>pour passer en revue les comp\u00e9tences habilitantes<\/li>\n<\/ul>\n<\/li>\n\n\n\n<li>Deuxi\u00e8me rencontre obligatoire\n<ul class=\"wp-block-list\">\n<li>pour discuter des progr\u00e8s accomplis et de l&#8217;exp\u00e9rience acquise pendant la p\u00e9riode, comme ci-dessus<\/li>\n\n\n\n<li>pour ajuster les objectifs pour l&#8217;avenir<\/li>\n\n\n\n<li>pour se concentrer sur au moins deux r\u00e9ponses relatives aux comp\u00e9tences habilitantes, en faisant r\u00e9f\u00e9rence \u00e0 l\u2019Approche CPA<\/li>\n<\/ul>\n<\/li>\n\n\n\n<li>Troisi\u00e8me rencontre obligatoire\n<ul class=\"wp-block-list\">\n<li>pour discuter des progr\u00e8s accomplis et de l\u2019exp\u00e9rience acquise, passer en revue le stage et les commentaires et suggestions de l\u2019\u00e9valuation CPA<\/li>\n\n\n\n<li>pour d\u00e9finir et ajuster les objectifs pour l&#8217;avenir comme ci-dessus<\/li>\n\n\n\n<li>pour passer en revue le stage et les commentaires et suggestions de l\u2019\u00e9valuation CPA<\/li>\n<\/ul>\n<\/li>\n\n\n\n<li>Derni\u00e8re rencontre\n<ul class=\"wp-block-list\">\n<li>pour discuter des derni\u00e8res \u00e9tapes pour r\u00e9pondre aux derni\u00e8res exigences<\/li>\n\n\n\n<li>pour mettre la derni\u00e8re main au processus de mentorat<\/li>\n<\/ul>\n<\/li>\n<\/ul>\n\n\n\n<p><strong>S\u00e9lection d\u2019un mentor par le candidat<\/strong><\/p>\n\n\n\n<p><strong><em>Stage avec v\u00e9rification de l\u2019exp\u00e9rience<\/em><\/strong><\/p>\n\n\n\n<p>Pour les candidats ayant opt\u00e9 pour le stage avec v\u00e9rification de l\u2019exp\u00e9rience, c\u2019est \u00e0 eux que revient la responsabilit\u00e9 de trouver leur propre mentor. Voici quelques options&nbsp;:<\/p>\n\n\n\n<ul class=\"wp-block-list\">\n<li>Cherchez quelqu\u2019un dans votre organisme actuel.<\/li>\n\n\n\n<li>Demandez \u00e0 vos coll\u00e8gues CPA ou aux amis de vos coll\u00e8gues.<\/li>\n\n\n\n<li>Participez \u00e0 des activit\u00e9s de r\u00e9seautage.<\/li>\n\n\n\n<li>Explorez les relations que vous avez nou\u00e9es lors dans vos emplois ant\u00e9rieurs.<\/li>\n\n\n\n<li>Utilisez le portail de l\u2019\u00c9cole de gestion CPA Atlantique pour trouver un mentor<\/li>\n<\/ul>\n\n\n\n<p>Quand un candidat a du mal \u00e0 trouver un mentor et qu\u2019aucune des options ci-dessus ne lui est utile, nous l\u2019encourageons \u00e0 communiquer avec l\u2019\u00e9quipe responsable des stages pratiques de l\u2019\u00c9cole de gestion CPA Atlantique, qui pourra l\u2019aider.<\/p>\n\n\n\n<p><strong><em>Stage avec cheminement pr\u00e9approuv\u00e9<\/em><\/strong><\/p>\n\n\n\n<p>Pour les candidats ayant opt\u00e9 pour le stage avec cheminement pr\u00e9approuv\u00e9, c\u2019est le directeur du programme qui trouvera un mentor pour eux dans l\u2019organisme d\u00e9j\u00e0 inscrit aupr\u00e8s de l\u2019\u00c9cole de gestion CPA Atlantique et affili\u00e9 \u00e0 l\u2019\u00e9cole avec son programme de mentorat pr\u00e9approuv\u00e9.<\/p>\n\n\n\n<div style=\"height:21px\" aria-hidden=\"true\" class=\"wp-block-spacer\"><\/div>\n\n\n\n<a href=\"https:\/\/cpaatlantic.ca\/fr\/wp-content\/uploads\/sites\/3\/2025\/06\/Experience-pratique-FAQ-FR.pdf\" target=\"_blank\" rel=\"noreferrer noopener\" class=\"cpaa-btn cpaa-btn-border-small\" style=\"margin-bottom:.5rem\">\n    Experience pratique FAQ\n<\/a>\n<a href=\"https:\/\/can01.safelinks.protection.outlook.com\/?url=https%3A%2F%2Fwww.cpacanada.ca%2F-%2Fmedia%2Fsite%2Foperational%2Fec-education-certification%2Fdocs%2Fcpa-mentor-faq-for-students-21034-fr.pdf%3Frev%3D49a02108632c43c087638762fac6c623%26hash%3D059EEE74CF6ACA24784942AC1E98A07A&amp;data=05%7C02%7Cskeyhani%40cpaatlantic.ca%7Cebfb2271d544443370eb08dd5034b008%7C7f031b7f760b409bb88955b7a87e74a5%7C0%7C0%7C638754909879796086%7CUnknown%7CTWFpbGZsb3d8eyJFbXB0eU1hcGkiOnRydWUsIlYiOiIwLjAuMDAwMCIsIlAiOiJXaW4zMiIsIkFOIjoiTWFpbCIsIldUIjoyfQ%3D%3D%7C0%7C%7C%7C&amp;sdata=hybvDma%2FClHkUW1UGIXK5dHwXi27ilkKMcV0gl2bxQA%3D&amp;reserved=0\" target=\"_blank\" rel=\"noreferrer noopener\" class=\"cpaa-btn cpaa-btn-border-small\" style=\"margin-bottom:.5rem\">\n   FAQ du programme de mentorat CPA pour les \u00e9tudiant(e)s\/candidat(e)s\n<\/a>\n<a href=\"https:\/\/can01.safelinks.protection.outlook.com\/?url=https%3A%2F%2Fwww.cpacanada.ca%2F-%2Fmedia%2Fsite%2Foperational%2Fec-education-certification%2Fdocs%2Fg10484-ec-guide-pour-les-stagiaires-cpa.pdf%3Frev%3D19143a463e6f4c579860a2705f95b903%26hash%3D77C7B801B38E08E6299911DD2407464D&amp;data=05%7C02%7Cskeyhani%40cpaatlantic.ca%7C5e1c4a7b57564010a34c08dd4c6a2faf%7C7f031b7f760b409bb88955b7a87e74a5%7C0%7C0%7C638750741143565989%7CUnknown%7CTWFpbGZsb3d8eyJFbXB0eU1hcGkiOnRydWUsIlYiOiIwLjAuMDAwMCIsIlAiOiJXaW4zMiIsIkFOIjoiTWFpbCIsIldUIjoyfQ%3D%3D%7C0%7C%7C%7C&amp;sdata=bm%2F9TmtxGLryBBNEHThyPVxJtEyLb05L6BGFcSO%2BJjA%3D&amp;reserved=0\" target=\"_blank\" rel=\"noreferrer noopener\" class=\"cpaa-btn cpaa-btn-border-small\" style=\"margin-bottom:.5rem\">\n   Guide OPRS pour les futurs CPA <\/a>\n<br>\n<a href=\"https:\/\/cpaatlantic.ca\/fr\/wp-content\/uploads\/sites\/3\/2025\/06\/guide-pour-les-stagiaires-CPA-Consignation-de-son-experience-pratique-1.pdf\" target=\"_blank\" rel=\"noreferrer noopener\" class=\"cpaa-btn cpaa-btn-border-small\" style=\"margin-bottom:.5rem\">\n   Cr\u00e9ation de rapports d&#8217;exp\u00e9rience ant\u00e9rieure et actuelle\n<\/a>\n<br>\n<a href=\"https:\/\/can01.safelinks.protection.outlook.com\/?url=https%3A%2F%2Fwww.cpacanada.ca%2F-%2Fmedia%2Fsite%2Foperational%2Fec-education-certification%2Fdocs%2F02639-ec-questions-orientation-grilles-experience-pratique.pdf%3Frev%3D71c78277e1144f26ac047178d9b31d05%26hash%3DB3C1F3AE69BB0A3433338C816527A61B&amp;data=05%7C02%7Cskeyhani%40cpaatlantic.ca%7C5e1c4a7b57564010a34c08dd4c6a2faf%7C7f031b7f760b409bb88955b7a87e74a5%7C0%7C0%7C638750741143618435%7CUnknown%7CTWFpbGZsb3d8eyJFbXB0eU1hcGkiOnRydWUsIlYiOiIwLjAuMDAwMCIsIlAiOiJXaW4zMiIsIkFOIjoiTWFpbCIsIldUIjoyfQ%3D%3D%7C0%7C%7C%7C&amp;sdata=bWuJryN1oXqtpjxsEaladmFcX8HpXfAoAnOvIuZYDZQ%3D&amp;reserved=0\" target=\"_blank\" rel=\"noreferrer noopener\" class=\"cpaa-btn cpaa-btn-border-small\" style=\"margin-bottom:.75rem;text-align-center\">\n   Guide de comp\u00e9tences techniques <\/a>\n<br>\n<a href=\"https:\/\/cpaatlantic.ca\/fr\/wp-content\/uploads\/sites\/3\/2025\/01\/PER-CPA-ASB-Guide-de-comprehension-des-competences-techniques-et-habilitantes-2025.pdf\" target=\"_blank\" rel=\"noreferrer noopener\" class=\"cpaa-btn cpaa-btn-border-small\" style=\"margin-bottom:.5rem\">\n   Guide de compr\u00e9hension des comp\u00e9tences techniques et habilitantes 2025\n<\/a>\n<a href=\"\/fr\/wp-content\/uploads\/sites\/3\/2023\/06\/CPA-ASB-Candidate-CPA-Chargeable-Hours-Form-FR-fillable-202306.pdf\" target=\"_blank\" rel=\"noreferrer noopener\" class=\"cpaa-btn cpaa-btn-border-small\" style=\"margin-bottom:.75rem;text-align-center\">\n   Formulaire de soumission des heures facturables\n<\/a>\n<a href=\"https:\/\/can01.safelinks.protection.outlook.com\/?url=https%3A%2F%2Fwww.cpacanada.ca%2F-%2Fmedia%2Fsite%2Foperational%2Fec-education-certification%2Fdocs%2F01468-ec-heures-facturables-parcours-audit-et-examen-2017.pdf%3Frev%3Da7134c5c5ad447b48f42001162babf88%26hash%3DAA5E8B104F71E6E082AA34CD6CDD8DD5&amp;data=05%7C02%7Cskeyhani%40cpaatlantic.ca%7Cbf3059df07484b0bb90708dd4d0b3cd8%7C7f031b7f760b409bb88955b7a87e74a5%7C0%7C0%7C638751432840689657%7CUnknown%7CTWFpbGZsb3d8eyJFbXB0eU1hcGkiOnRydWUsIlYiOiIwLjAuMDAwMCIsIlAiOiJXaW4zMiIsIkFOIjoiTWFpbCIsIldUIjoyfQ%3D%3D%7C0%7C%7C%7C&amp;sdata=AigEeeG8OAl1sIYyrywlSFeUaPH7ccZwqVggQPcyZAg%3D&amp;reserved=0\" target=\"_blank\" rel=\"noreferrer noopener\" class=\"cpaa-btn cpaa-btn-border-small\" style=\"margin-bottom:.5rem\">\n   Guide sur les heures facturables pour les parcours audit et examen\n<\/a>\n<br>\n<a href=\"https:\/\/calendly.com\/ttheriault-atlantic\/one-on-one-pert-discussions?month=2022-10\" target=\"_blank\" rel=\"noreferrer noopener\" class=\"cpaa-btn cpaa-btn-border-small\" style=\"margin-bottom:.75rem;text-align-center\">\n   Planifier une rencontre individuelle avec un conseiller en exp\u00e9rience pratique\n<\/a>\n\n<br>\n<a href=\"mailto:practicalexperience@cpaatlantic.ca\" class=\"cpaa-btn cpaa-btn-border-small\" style=\"margin-bottom:.75rem;text-align-center\">Contactez l&#8217;\u00e9quipe d&#8217;exp\u00e9rience pratique<\/a>\n","protected":false},"excerpt":{"rendered":"<p>Obtenez 30 mois d\u2019exp\u00e9rience pratique pertinente et r\u00e9mun\u00e9r\u00e9e pour enrichir vos \u00e9tudes.<\/p>\n","protected":false},"author":3,"featured_media":643,"parent":0,"menu_order":0,"comment_status":"closed","ping_status":"closed","template":"","meta":{"_acf_changed":false,"footnotes":""},"class_list":["post-378","page","type-page","status-publish","has-post-thumbnail","hentry"],"acf":[],"yoast_head":"<!-- This site is optimized with the Yoast SEO plugin v27.4 - https:\/\/yoast.com\/product\/yoast-seo-wordpress\/ -->\n<title>Exp\u00e9rience pratique - CPA Atlantique<\/title>\n<meta name=\"description\" content=\"Le stage pratique est un volet obligatoire du programme d\u2019agr\u00e9ment des comptables professionnels agr\u00e9\u00e9s (CPA).sionnels agr\u00e9\u00e9s (CPA).\" \/>\n<meta name=\"robots\" content=\"index, follow, max-snippet:-1, max-image-preview:large, max-video-preview:-1\" \/>\n<link rel=\"canonical\" href=\"https:\/\/cpaatlantic.ca\/fr\/practical-experience\/\" \/>\n<meta property=\"og:locale\" content=\"en_US\" \/>\n<meta property=\"og:type\" content=\"article\" \/>\n<meta property=\"og:title\" content=\"Exp\u00e9rience pratique - CPA Atlantique\" \/>\n<meta property=\"og:description\" content=\"Le stage pratique est un volet obligatoire du programme d\u2019agr\u00e9ment des comptables professionnels agr\u00e9\u00e9s (CPA).sionnels agr\u00e9\u00e9s (CPA).\" \/>\n<meta property=\"og:url\" content=\"https:\/\/cpaatlantic.ca\/fr\/practical-experience\/\" \/>\n<meta property=\"og:site_name\" content=\"CPA Atlantique\" \/>\n<meta property=\"article:modified_time\" content=\"2025-06-26T16:47:44+00:00\" \/>\n<meta property=\"og:image\" content=\"https:\/\/cpaatlantic.ca\/fr\/wp-content\/uploads\/sites\/3\/2022\/08\/practical-experience.jpg\" \/>\n\t<meta property=\"og:image:width\" content=\"925\" \/>\n\t<meta property=\"og:image:height\" content=\"600\" \/>\n\t<meta property=\"og:image:type\" content=\"image\/jpeg\" \/>\n<meta name=\"twitter:card\" content=\"summary_large_image\" \/>\n<meta name=\"twitter:label1\" content=\"Est. reading time\" \/>\n\t<meta name=\"twitter:data1\" content=\"6 minutes\" \/>\n<script type=\"application\/ld+json\" class=\"yoast-schema-graph\">{\"@context\":\"https:\\\/\\\/schema.org\",\"@graph\":[{\"@type\":\"WebPage\",\"@id\":\"https:\\\/\\\/cpaatlantic.ca\\\/fr\\\/practical-experience\\\/\",\"url\":\"https:\\\/\\\/cpaatlantic.ca\\\/fr\\\/practical-experience\\\/\",\"name\":\"Exp\u00e9rience pratique - CPA Atlantique\",\"isPartOf\":{\"@id\":\"https:\\\/\\\/cpaatlantic.ca\\\/fr\\\/#website\"},\"primaryImageOfPage\":{\"@id\":\"https:\\\/\\\/cpaatlantic.ca\\\/fr\\\/practical-experience\\\/#primaryimage\"},\"image\":{\"@id\":\"https:\\\/\\\/cpaatlantic.ca\\\/fr\\\/practical-experience\\\/#primaryimage\"},\"thumbnailUrl\":\"https:\\\/\\\/cpaatlantic.ca\\\/fr\\\/wp-content\\\/uploads\\\/sites\\\/3\\\/2022\\\/08\\\/practical-experience.jpg\",\"datePublished\":\"2022-07-26T19:48:44+00:00\",\"dateModified\":\"2025-06-26T16:47:44+00:00\",\"description\":\"Le stage pratique est un volet obligatoire du programme d\u2019agr\u00e9ment des comptables professionnels agr\u00e9\u00e9s (CPA).sionnels agr\u00e9\u00e9s (CPA).\",\"breadcrumb\":{\"@id\":\"https:\\\/\\\/cpaatlantic.ca\\\/fr\\\/practical-experience\\\/#breadcrumb\"},\"inLanguage\":\"en-US\",\"potentialAction\":[{\"@type\":\"ReadAction\",\"target\":[\"https:\\\/\\\/cpaatlantic.ca\\\/fr\\\/practical-experience\\\/\"]}]},{\"@type\":\"ImageObject\",\"inLanguage\":\"en-US\",\"@id\":\"https:\\\/\\\/cpaatlantic.ca\\\/fr\\\/practical-experience\\\/#primaryimage\",\"url\":\"https:\\\/\\\/cpaatlantic.ca\\\/fr\\\/wp-content\\\/uploads\\\/sites\\\/3\\\/2022\\\/08\\\/practical-experience.jpg\",\"contentUrl\":\"https:\\\/\\\/cpaatlantic.ca\\\/fr\\\/wp-content\\\/uploads\\\/sites\\\/3\\\/2022\\\/08\\\/practical-experience.jpg\",\"width\":925,\"height\":600},{\"@type\":\"BreadcrumbList\",\"@id\":\"https:\\\/\\\/cpaatlantic.ca\\\/fr\\\/practical-experience\\\/#breadcrumb\",\"itemListElement\":[{\"@type\":\"ListItem\",\"position\":1,\"name\":\"Home\",\"item\":\"https:\\\/\\\/cpaatlantic.ca\\\/fr\\\/\"},{\"@type\":\"ListItem\",\"position\":2,\"name\":\"Exp\u00e9rience pratique\"}]},{\"@type\":\"WebSite\",\"@id\":\"https:\\\/\\\/cpaatlantic.ca\\\/fr\\\/#website\",\"url\":\"https:\\\/\\\/cpaatlantic.ca\\\/fr\\\/\",\"name\":\"CPA Atlantique\",\"description\":\"Devenir CPA\",\"potentialAction\":[{\"@type\":\"SearchAction\",\"target\":{\"@type\":\"EntryPoint\",\"urlTemplate\":\"https:\\\/\\\/cpaatlantic.ca\\\/fr\\\/?s={search_term_string}\"},\"query-input\":{\"@type\":\"PropertyValueSpecification\",\"valueRequired\":true,\"valueName\":\"search_term_string\"}}],\"inLanguage\":\"en-US\"}]}<\/script>\n<!-- \/ Yoast SEO plugin. -->","yoast_head_json":{"title":"Exp\u00e9rience pratique - CPA Atlantique","description":"Le stage pratique est un volet obligatoire du programme d\u2019agr\u00e9ment des comptables professionnels agr\u00e9\u00e9s (CPA).sionnels agr\u00e9\u00e9s (CPA).","robots":{"index":"index","follow":"follow","max-snippet":"max-snippet:-1","max-image-preview":"max-image-preview:large","max-video-preview":"max-video-preview:-1"},"canonical":"https:\/\/cpaatlantic.ca\/fr\/practical-experience\/","og_locale":"en_US","og_type":"article","og_title":"Exp\u00e9rience pratique - CPA Atlantique","og_description":"Le stage pratique est un volet obligatoire du programme d\u2019agr\u00e9ment des comptables professionnels agr\u00e9\u00e9s (CPA).sionnels agr\u00e9\u00e9s (CPA).","og_url":"https:\/\/cpaatlantic.ca\/fr\/practical-experience\/","og_site_name":"CPA Atlantique","article_modified_time":"2025-06-26T16:47:44+00:00","og_image":[{"width":925,"height":600,"url":"https:\/\/cpaatlantic.ca\/fr\/wp-content\/uploads\/sites\/3\/2022\/08\/practical-experience.jpg","type":"image\/jpeg"}],"twitter_card":"summary_large_image","twitter_misc":{"Est. reading time":"6 minutes"},"schema":{"@context":"https:\/\/schema.org","@graph":[{"@type":"WebPage","@id":"https:\/\/cpaatlantic.ca\/fr\/practical-experience\/","url":"https:\/\/cpaatlantic.ca\/fr\/practical-experience\/","name":"Exp\u00e9rience pratique - CPA Atlantique","isPartOf":{"@id":"https:\/\/cpaatlantic.ca\/fr\/#website"},"primaryImageOfPage":{"@id":"https:\/\/cpaatlantic.ca\/fr\/practical-experience\/#primaryimage"},"image":{"@id":"https:\/\/cpaatlantic.ca\/fr\/practical-experience\/#primaryimage"},"thumbnailUrl":"https:\/\/cpaatlantic.ca\/fr\/wp-content\/uploads\/sites\/3\/2022\/08\/practical-experience.jpg","datePublished":"2022-07-26T19:48:44+00:00","dateModified":"2025-06-26T16:47:44+00:00","description":"Le stage pratique est un volet obligatoire du programme d\u2019agr\u00e9ment des comptables professionnels agr\u00e9\u00e9s (CPA).sionnels agr\u00e9\u00e9s (CPA).","breadcrumb":{"@id":"https:\/\/cpaatlantic.ca\/fr\/practical-experience\/#breadcrumb"},"inLanguage":"en-US","potentialAction":[{"@type":"ReadAction","target":["https:\/\/cpaatlantic.ca\/fr\/practical-experience\/"]}]},{"@type":"ImageObject","inLanguage":"en-US","@id":"https:\/\/cpaatlantic.ca\/fr\/practical-experience\/#primaryimage","url":"https:\/\/cpaatlantic.ca\/fr\/wp-content\/uploads\/sites\/3\/2022\/08\/practical-experience.jpg","contentUrl":"https:\/\/cpaatlantic.ca\/fr\/wp-content\/uploads\/sites\/3\/2022\/08\/practical-experience.jpg","width":925,"height":600},{"@type":"BreadcrumbList","@id":"https:\/\/cpaatlantic.ca\/fr\/practical-experience\/#breadcrumb","itemListElement":[{"@type":"ListItem","position":1,"name":"Home","item":"https:\/\/cpaatlantic.ca\/fr\/"},{"@type":"ListItem","position":2,"name":"Exp\u00e9rience pratique"}]},{"@type":"WebSite","@id":"https:\/\/cpaatlantic.ca\/fr\/#website","url":"https:\/\/cpaatlantic.ca\/fr\/","name":"CPA Atlantique","description":"Devenir CPA","potentialAction":[{"@type":"SearchAction","target":{"@type":"EntryPoint","urlTemplate":"https:\/\/cpaatlantic.ca\/fr\/?s={search_term_string}"},"query-input":{"@type":"PropertyValueSpecification","valueRequired":true,"valueName":"search_term_string"}}],"inLanguage":"en-US"}]}},"_links":{"self":[{"href":"https:\/\/cpaatlantic.ca\/fr\/wp-json\/wp\/v2\/pages\/378","targetHints":{"allow":["GET"]}}],"collection":[{"href":"https:\/\/cpaatlantic.ca\/fr\/wp-json\/wp\/v2\/pages"}],"about":[{"href":"https:\/\/cpaatlantic.ca\/fr\/wp-json\/wp\/v2\/types\/page"}],"author":[{"embeddable":true,"href":"https:\/\/cpaatlantic.ca\/fr\/wp-json\/wp\/v2\/users\/3"}],"replies":[{"embeddable":true,"href":"https:\/\/cpaatlantic.ca\/fr\/wp-json\/wp\/v2\/comments?post=378"}],"version-history":[{"count":69,"href":"https:\/\/cpaatlantic.ca\/fr\/wp-json\/wp\/v2\/pages\/378\/revisions"}],"predecessor-version":[{"id":2785,"href":"https:\/\/cpaatlantic.ca\/fr\/wp-json\/wp\/v2\/pages\/378\/revisions\/2785"}],"wp:featuredmedia":[{"embeddable":true,"href":"https:\/\/cpaatlantic.ca\/fr\/wp-json\/wp\/v2\/media\/643"}],"wp:attachment":[{"href":"https:\/\/cpaatlantic.ca\/fr\/wp-json\/wp\/v2\/media?parent=378"}],"curies":[{"name":"wp","href":"https:\/\/api.w.org\/{rel}","templated":true}]}}