{"id":382,"date":"2022-07-26T17:00:43","date_gmt":"2022-07-26T20:00:43","guid":{"rendered":"https:\/\/cpaa.careercolleges.ca\/fr\/?page_id=382"},"modified":"2024-01-02T10:23:21","modified_gmt":"2024-01-02T14:23:21","slug":"how-to-become-a-ppr","status":"publish","type":"page","link":"https:\/\/cpaatlantic.ca\/fr\/how-to-become-a-ppr\/","title":{"rendered":"Comment devenir un SCP?"},"content":{"rendered":"\n<p>Pour acc\u00e9l\u00e9rer le traitement des demandes d&#8217;autorisation d&#8217;exp\u00e9rience pratique des candidats, les cabinets comptables et les organisations soumettent leur programme d&#8217;exp\u00e9rience pratique (y compris les t\u00e2ches li\u00e9es \u00e0 l&#8217;emploi) \u00e0 la L\u2019\u00c9cole de gestion CPA Atlantique pour approbation pr\u00e9alable.<\/p>\n\n\n\n<p>En g\u00e9n\u00e9ral, pour \u00eatre admissible, l&#8217;organisation doit:<\/p>\n\n\n\n<ul class=\"wp-block-list\">\n<li>Accepter des candidats CPA sur une base r\u00e9guli\u00e8re;<\/li>\n\n\n\n<li>Avoir un membre CPA dans son \u00e9quipe de gestion qui s&#8217;appropriera le programme pr\u00e9-approuv\u00e9 CPA;<\/li>\n\n\n\n<li>Fournir aux candidats la possibilit\u00e9 de d\u00e9velopper des comp\u00e9tences CPA \u00e0 travers des t\u00e2ches progressivement diverses et complexes. <a href=\"\/fr\/wp-content\/uploads\/sites\/3\/2022\/08\/CPA-PER-for-Public-Accounting-employers-FR.pdf\">Cliquez ici<\/a> pour les exigences d&#8217;exp\u00e9rience pratique CPA pour la comptabilit\u00e9 publique \/ comptabilit\u00e9 publique<\/li>\n<\/ul>\n\n\n\n<p>Si vous souhaitez faire accr\u00e9diter votre organisation, contactez notre Gestionnaire principal ou exp\u00e9rience pratique: <a href=\"mailto:practicalexperience@cpaatlantic.ca\">practicalexperience@cpaatlantic.ca<\/a><\/p>\n","protected":false},"excerpt":{"rendered":"<p>Pour acc\u00e9l\u00e9rer le traitement des demandes d&#8217;autorisation d&#8217;exp\u00e9rience pratique des candidats, les cabinets comptables et les organisations soumettent leur programme d&#8217;exp\u00e9rience pratique (y compris &#8230;<\/p>\n","protected":false},"author":3,"featured_media":653,"parent":0,"menu_order":0,"comment_status":"closed","ping_status":"closed","template":"","meta":{"_acf_changed":false,"footnotes":""},"class_list":["post-382","page","type-page","status-publish","has-post-thumbnail","hentry"],"acf":[],"yoast_head":"<!-- This site is optimized with the Yoast SEO plugin v27.4 - https:\/\/yoast.com\/product\/yoast-seo-wordpress\/ -->\n<title>Comment devenir un SCP? - CPA Atlantique<\/title>\n<meta name=\"description\" content=\"Pour acc\u00e9l\u00e9rer le traitement des demandes d&#039;autorisation d&#039;exp\u00e9rience pratique des candidats, les cabinets comptables et les organisations soumettent leur programme d&#039;exp\u00e9rience pratique \u00e0 la L\u2019\u00c9cole de gestion CPA Atlantique pour approbation pr\u00e9alable.\" \/>\n<meta name=\"robots\" content=\"index, follow, max-snippet:-1, max-image-preview:large, max-video-preview:-1\" \/>\n<link rel=\"canonical\" href=\"https:\/\/cpaatlantic.ca\/fr\/how-to-become-a-ppr\/\" \/>\n<meta property=\"og:locale\" content=\"en_US\" \/>\n<meta property=\"og:type\" content=\"article\" \/>\n<meta property=\"og:title\" content=\"Comment devenir un SCP? - CPA Atlantique\" \/>\n<meta property=\"og:description\" content=\"Pour acc\u00e9l\u00e9rer le traitement des demandes d&#039;autorisation d&#039;exp\u00e9rience pratique des candidats, les cabinets comptables et les organisations soumettent leur programme d&#039;exp\u00e9rience pratique \u00e0 la L\u2019\u00c9cole de gestion CPA Atlantique pour approbation pr\u00e9alable.\" \/>\n<meta property=\"og:url\" content=\"https:\/\/cpaatlantic.ca\/fr\/how-to-become-a-ppr\/\" \/>\n<meta property=\"og:site_name\" content=\"CPA Atlantique\" \/>\n<meta property=\"article:modified_time\" content=\"2024-01-02T14:23:21+00:00\" \/>\n<meta property=\"og:image\" content=\"https:\/\/cpaatlantic.ca\/fr\/wp-content\/uploads\/sites\/3\/2022\/08\/ppr.jpg\" \/>\n\t<meta property=\"og:image:width\" content=\"925\" \/>\n\t<meta property=\"og:image:height\" content=\"600\" \/>\n\t<meta property=\"og:image:type\" content=\"image\/jpeg\" \/>\n<meta name=\"twitter:card\" content=\"summary_large_image\" \/>\n<meta name=\"twitter:label1\" content=\"Est. reading time\" \/>\n\t<meta name=\"twitter:data1\" content=\"2 minutes\" \/>\n<script type=\"application\/ld+json\" class=\"yoast-schema-graph\">{\"@context\":\"https:\\\/\\\/schema.org\",\"@graph\":[{\"@type\":\"WebPage\",\"@id\":\"https:\\\/\\\/cpaatlantic.ca\\\/fr\\\/how-to-become-a-ppr\\\/\",\"url\":\"https:\\\/\\\/cpaatlantic.ca\\\/fr\\\/how-to-become-a-ppr\\\/\",\"name\":\"Comment devenir un SCP? - CPA Atlantique\",\"isPartOf\":{\"@id\":\"https:\\\/\\\/cpaatlantic.ca\\\/fr\\\/#website\"},\"primaryImageOfPage\":{\"@id\":\"https:\\\/\\\/cpaatlantic.ca\\\/fr\\\/how-to-become-a-ppr\\\/#primaryimage\"},\"image\":{\"@id\":\"https:\\\/\\\/cpaatlantic.ca\\\/fr\\\/how-to-become-a-ppr\\\/#primaryimage\"},\"thumbnailUrl\":\"https:\\\/\\\/cpaatlantic.ca\\\/fr\\\/wp-content\\\/uploads\\\/sites\\\/3\\\/2022\\\/08\\\/ppr.jpg\",\"datePublished\":\"2022-07-26T20:00:43+00:00\",\"dateModified\":\"2024-01-02T14:23:21+00:00\",\"description\":\"Pour acc\u00e9l\u00e9rer le traitement des demandes d'autorisation d'exp\u00e9rience pratique des candidats, les cabinets comptables et les organisations soumettent leur programme d'exp\u00e9rience pratique \u00e0 la L\u2019\u00c9cole de gestion CPA Atlantique pour approbation pr\u00e9alable.\",\"breadcrumb\":{\"@id\":\"https:\\\/\\\/cpaatlantic.ca\\\/fr\\\/how-to-become-a-ppr\\\/#breadcrumb\"},\"inLanguage\":\"en-US\",\"potentialAction\":[{\"@type\":\"ReadAction\",\"target\":[\"https:\\\/\\\/cpaatlantic.ca\\\/fr\\\/how-to-become-a-ppr\\\/\"]}]},{\"@type\":\"ImageObject\",\"inLanguage\":\"en-US\",\"@id\":\"https:\\\/\\\/cpaatlantic.ca\\\/fr\\\/how-to-become-a-ppr\\\/#primaryimage\",\"url\":\"https:\\\/\\\/cpaatlantic.ca\\\/fr\\\/wp-content\\\/uploads\\\/sites\\\/3\\\/2022\\\/08\\\/ppr.jpg\",\"contentUrl\":\"https:\\\/\\\/cpaatlantic.ca\\\/fr\\\/wp-content\\\/uploads\\\/sites\\\/3\\\/2022\\\/08\\\/ppr.jpg\",\"width\":925,\"height\":600},{\"@type\":\"BreadcrumbList\",\"@id\":\"https:\\\/\\\/cpaatlantic.ca\\\/fr\\\/how-to-become-a-ppr\\\/#breadcrumb\",\"itemListElement\":[{\"@type\":\"ListItem\",\"position\":1,\"name\":\"Home\",\"item\":\"https:\\\/\\\/cpaatlantic.ca\\\/fr\\\/\"},{\"@type\":\"ListItem\",\"position\":2,\"name\":\"Comment devenir un SCP?\"}]},{\"@type\":\"WebSite\",\"@id\":\"https:\\\/\\\/cpaatlantic.ca\\\/fr\\\/#website\",\"url\":\"https:\\\/\\\/cpaatlantic.ca\\\/fr\\\/\",\"name\":\"CPA Atlantique\",\"description\":\"Devenir CPA\",\"potentialAction\":[{\"@type\":\"SearchAction\",\"target\":{\"@type\":\"EntryPoint\",\"urlTemplate\":\"https:\\\/\\\/cpaatlantic.ca\\\/fr\\\/?s={search_term_string}\"},\"query-input\":{\"@type\":\"PropertyValueSpecification\",\"valueRequired\":true,\"valueName\":\"search_term_string\"}}],\"inLanguage\":\"en-US\"}]}<\/script>\n<!-- \/ Yoast SEO plugin. -->","yoast_head_json":{"title":"Comment devenir un SCP? - CPA Atlantique","description":"Pour acc\u00e9l\u00e9rer le traitement des demandes d'autorisation d'exp\u00e9rience pratique des candidats, les cabinets comptables et les organisations soumettent leur programme d'exp\u00e9rience pratique \u00e0 la L\u2019\u00c9cole de gestion CPA Atlantique pour approbation pr\u00e9alable.","robots":{"index":"index","follow":"follow","max-snippet":"max-snippet:-1","max-image-preview":"max-image-preview:large","max-video-preview":"max-video-preview:-1"},"canonical":"https:\/\/cpaatlantic.ca\/fr\/how-to-become-a-ppr\/","og_locale":"en_US","og_type":"article","og_title":"Comment devenir un SCP? - CPA Atlantique","og_description":"Pour acc\u00e9l\u00e9rer le traitement des demandes d'autorisation d'exp\u00e9rience pratique des candidats, les cabinets comptables et les organisations soumettent leur programme d'exp\u00e9rience pratique \u00e0 la L\u2019\u00c9cole de gestion CPA Atlantique pour approbation pr\u00e9alable.","og_url":"https:\/\/cpaatlantic.ca\/fr\/how-to-become-a-ppr\/","og_site_name":"CPA Atlantique","article_modified_time":"2024-01-02T14:23:21+00:00","og_image":[{"width":925,"height":600,"url":"https:\/\/cpaatlantic.ca\/fr\/wp-content\/uploads\/sites\/3\/2022\/08\/ppr.jpg","type":"image\/jpeg"}],"twitter_card":"summary_large_image","twitter_misc":{"Est. reading time":"2 minutes"},"schema":{"@context":"https:\/\/schema.org","@graph":[{"@type":"WebPage","@id":"https:\/\/cpaatlantic.ca\/fr\/how-to-become-a-ppr\/","url":"https:\/\/cpaatlantic.ca\/fr\/how-to-become-a-ppr\/","name":"Comment devenir un SCP? - CPA Atlantique","isPartOf":{"@id":"https:\/\/cpaatlantic.ca\/fr\/#website"},"primaryImageOfPage":{"@id":"https:\/\/cpaatlantic.ca\/fr\/how-to-become-a-ppr\/#primaryimage"},"image":{"@id":"https:\/\/cpaatlantic.ca\/fr\/how-to-become-a-ppr\/#primaryimage"},"thumbnailUrl":"https:\/\/cpaatlantic.ca\/fr\/wp-content\/uploads\/sites\/3\/2022\/08\/ppr.jpg","datePublished":"2022-07-26T20:00:43+00:00","dateModified":"2024-01-02T14:23:21+00:00","description":"Pour acc\u00e9l\u00e9rer le traitement des demandes d'autorisation d'exp\u00e9rience pratique des candidats, les cabinets comptables et les organisations soumettent leur programme d'exp\u00e9rience pratique \u00e0 la L\u2019\u00c9cole de gestion CPA Atlantique pour approbation pr\u00e9alable.","breadcrumb":{"@id":"https:\/\/cpaatlantic.ca\/fr\/how-to-become-a-ppr\/#breadcrumb"},"inLanguage":"en-US","potentialAction":[{"@type":"ReadAction","target":["https:\/\/cpaatlantic.ca\/fr\/how-to-become-a-ppr\/"]}]},{"@type":"ImageObject","inLanguage":"en-US","@id":"https:\/\/cpaatlantic.ca\/fr\/how-to-become-a-ppr\/#primaryimage","url":"https:\/\/cpaatlantic.ca\/fr\/wp-content\/uploads\/sites\/3\/2022\/08\/ppr.jpg","contentUrl":"https:\/\/cpaatlantic.ca\/fr\/wp-content\/uploads\/sites\/3\/2022\/08\/ppr.jpg","width":925,"height":600},{"@type":"BreadcrumbList","@id":"https:\/\/cpaatlantic.ca\/fr\/how-to-become-a-ppr\/#breadcrumb","itemListElement":[{"@type":"ListItem","position":1,"name":"Home","item":"https:\/\/cpaatlantic.ca\/fr\/"},{"@type":"ListItem","position":2,"name":"Comment devenir un SCP?"}]},{"@type":"WebSite","@id":"https:\/\/cpaatlantic.ca\/fr\/#website","url":"https:\/\/cpaatlantic.ca\/fr\/","name":"CPA Atlantique","description":"Devenir CPA","potentialAction":[{"@type":"SearchAction","target":{"@type":"EntryPoint","urlTemplate":"https:\/\/cpaatlantic.ca\/fr\/?s={search_term_string}"},"query-input":{"@type":"PropertyValueSpecification","valueRequired":true,"valueName":"search_term_string"}}],"inLanguage":"en-US"}]}},"_links":{"self":[{"href":"https:\/\/cpaatlantic.ca\/fr\/wp-json\/wp\/v2\/pages\/382","targetHints":{"allow":["GET"]}}],"collection":[{"href":"https:\/\/cpaatlantic.ca\/fr\/wp-json\/wp\/v2\/pages"}],"about":[{"href":"https:\/\/cpaatlantic.ca\/fr\/wp-json\/wp\/v2\/types\/page"}],"author":[{"embeddable":true,"href":"https:\/\/cpaatlantic.ca\/fr\/wp-json\/wp\/v2\/users\/3"}],"replies":[{"embeddable":true,"href":"https:\/\/cpaatlantic.ca\/fr\/wp-json\/wp\/v2\/comments?post=382"}],"version-history":[{"count":21,"href":"https:\/\/cpaatlantic.ca\/fr\/wp-json\/wp\/v2\/pages\/382\/revisions"}],"predecessor-version":[{"id":2068,"href":"https:\/\/cpaatlantic.ca\/fr\/wp-json\/wp\/v2\/pages\/382\/revisions\/2068"}],"wp:featuredmedia":[{"embeddable":true,"href":"https:\/\/cpaatlantic.ca\/fr\/wp-json\/wp\/v2\/media\/653"}],"wp:attachment":[{"href":"https:\/\/cpaatlantic.ca\/fr\/wp-json\/wp\/v2\/media?parent=382"}],"curies":[{"name":"wp","href":"https:\/\/api.w.org\/{rel}","templated":true}]}}