{"id":393,"date":"2022-07-27T09:56:48","date_gmt":"2022-07-27T12:56:48","guid":{"rendered":"https:\/\/cpaa.careercolleges.ca\/fr\/?page_id=393"},"modified":"2026-04-16T09:23:13","modified_gmt":"2026-04-16T12:23:13","slug":"pre-approved-program-route-offices","status":"publish","type":"page","link":"https:\/\/cpaatlantic.ca\/fr\/pre-approved-program-route-offices\/","title":{"rendered":"Organismes participant au programme avec cheminement pr\u00e9approuv\u00e9"},"content":{"rendered":"\n<p>Les programmes de stages avec cheminement pr\u00e9approuv\u00e9 (SCP) font r\u00e9f\u00e9rence \u00e0 des programmes de formation des employeurs approuv\u00e9s par un organisme professionnel provincial avant l\u2019embauche d\u2019employ\u00e9s particuliers. Ces programmes ont \u00e9t\u00e9 sp\u00e9cifiquement con\u00e7us pour fournir aux candidats \u00e0 la profession de CPA toute l\u2019exp\u00e9rience pratique dont ils ont besoin dans un d\u00e9lai de 30 mois.<\/p>\n\n\n\n<p>La liste suivante \u00e9num\u00e8re l\u2019ensemble des organismes et entreprises offrant des stages avec cheminement pr\u00e9approuv\u00e9 au Canada atlantique et aux Bermudes.<\/p>\n\n\n\n<p>Veuillez noter que les exigences de stage pratique pour l\u2019expertise comptable ne sont pas, pour l\u2019essentiel, des exigences suppl\u00e9mentaires. Il s\u2019agit de choix bien particuliers que vous pouvez faire parmi les exigences g\u00e9n\u00e9rales pour l\u2019obtention du titre de CPA.<\/p>\n\n\n\n<p>Si vous avez des questions sur les exigences de stage pratique pour les CPA ou sur les organismes offrant des SCP, veuillez communiquer avec l\u2019\u00c9cole de gestion CPA Atlantique.&nbsp;<\/p>\n\n\n\n<p><strong>\u200bLiens :<\/strong><br><a href=\"#bermuda\">Bermudes<\/a><br><a href=\"#pei\">\u00cele-du-Prince-\u00c9douard<\/a><br><a href=\"#new-brunswick\">Nouveau-Brunswick<\/a><br><a href=\"#nova-scotia\">Nouvelle-\u00c9cosse<\/a><br><a href=\"#newfoundland\">Terre-Neuve-et-Labrador<\/a><\/p>\n\n\n\n<h2 class=\"wp-block-heading small-hl\" id=\"bermuda\">BERMUDES<\/h2>\n\n\n\n<ul class=\"wp-block-list\">\n<li>American International Company Limited (AICO)<\/li>\n\n\n\n<li>Amlin Bermuda<\/li>\n\n\n\n<li>Argus Group<\/li>\n\n\n\n<li>Bank of N.T. Butterfield &amp; Son Limited<\/li>\n\n\n\n<li>Deloitte Ltd.&nbsp;<\/li>\n\n\n\n<li>Ernst &amp; Young Ltd.&nbsp;<\/li>\n\n\n\n<li>Forvis Mazars Limited<\/li>\n\n\n\n<li>Government of Bermuda &#8211; Accountant General&#8217;s Department<\/li>\n\n\n\n<li>Grant Thornton Bermuda<\/li>\n\n\n\n<li>KPMG Internal Services Limited&nbsp;&nbsp;<\/li>\n\n\n\n<li>Office of the Auditor General of Bermuda&nbsp;<\/li>\n\n\n\n<li>PwC Ltd.<\/li>\n\n\n\n<li>Roche Services Holdings Ltd.<\/li>\n\n\n\n<li>Sompo International Holdings Ltd.<\/li>\n<\/ul>\n\n\n\n<p>\u200b<\/p>\n\n\n\n<h2 class=\"wp-block-heading small-hl\" id=\"new-brunswick\">NOUVEAU-BRUNSWICK<\/h2>\n\n\n\n<ul class=\"wp-block-list\">\n<li>Allain &amp; Associates Chartered Professional Accountants<\/li>\n\n\n\n<li>Allen, Paquet &amp; Arseneault LLP Chartered Professional Accountants<\/li>\n\n\n\n<li>Ascend LLP<\/li>\n\n\n\n<li>Baker Tilly GMA LLP&nbsp;<\/li>\n\n\n\n<li>Benoit, McGraw &amp; Paulin Chartered Professional Accountants<\/li>\n\n\n\n<li>Blue Cross Life Insurance Company of Canada<\/li>\n\n\n\n<li>Bourque Richard Boutot P.C. Inc.<\/li>\n\n\n\n<li>Bringloe Feeney LLP Chartered Professional Accountants<\/li>\n\n\n\n<li>Canada Revenue Agency<\/li>\n\n\n\n<li>Day &amp; Ross Inc.<\/li>\n\n\n\n<li>Deloitte LLP<\/li>\n\n\n\n<li>Doane Grant Thornton LLP<\/li>\n\n\n\n<li>Donna L. Floyd, CPA Professional Corp.<\/li>\n\n\n\n<li>Donna Mazerolle &amp; Associates Chartered Professional Accountants<\/li>\n\n\n\n<li>e6 International Inc.<\/li>\n\n\n\n<li>Emerge Chartered Professional Accountants<\/li>\n\n\n\n<li>\u00c9nergie NB<\/li>\n\n\n\n<li>Ernst &amp; Young LLP<\/li>\n\n\n\n<li>Gautam Leblanc &amp; MacPhee CPAs Inc.<\/li>\n\n\n\n<li>Government of New Brunswick &#8211; Finance and Treasury Board<\/li>\n\n\n\n<li>Government of New Brunswick &#8211; Office of the Comptroller<\/li>\n\n\n\n<li>Greenergy Fuels Canada Inc.<\/li>\n\n\n\n<li>Irving Oil<\/li>\n\n\n\n<li>J.D. Irving, Limited<\/li>\n\n\n\n<li>Jamieson Mullin CPAs&nbsp;<\/li>\n\n\n\n<li>KPMG LLP<\/li>\n\n\n\n<li>Leblanc &amp; Maillet Chartered Professional Accountants<\/li>\n\n\n\n<li>MacMillan Lawrence &amp; Lawrence Chartered Professional Accountants<\/li>\n\n\n\n<li>McCain Foods Limited<\/li>\n\n\n\n<li>Medavie Blue Cross<\/li>\n\n\n\n<li>Middleton &amp; Associates, Chartered Professional Accountants<\/li>\n\n\n\n<li>MNP LLP<\/li>\n\n\n\n<li>Monia Mallet Corporation Professionnelle Inc.<\/li>\n\n\n\n<li>Municipal Group of Companies<\/li>\n\n\n\n<li>Nadeau Picard &amp; Associ\u00e9s Chartered Professional Accountants<\/li>\n\n\n\n<li>Nicholson &amp; Beaumont Chartered Professional Accountants<\/li>\n\n\n\n<li>Office of the Auditor General of New Brunswick<\/li>\n\n\n\n<li>Ocean Capital Holdings Limited\n<ul class=\"wp-block-list\">\n<li>Acadia Broadcasting Corporation<\/li>\n\n\n\n<li>Commercial Properties Limited<\/li>\n\n\n\n<li>OSCO Construction Group<\/li>\n\n\n\n<li>Petro Service Limited<\/li>\n<\/ul>\n<\/li>\n\n\n\n<li>Paulin Gagnon Comptables Professionnels Agr\u00e9\u00e9s<\/li>\n\n\n\n<li>Plugged-IN Accounting and Tax<\/li>\n\n\n\n<li>PwC LLP<\/li>\n\n\n\n<li>Raymond Chabot Grant Thornton<\/li>\n\n\n\n<li>Ren\u00e9e Nadeau &amp; Associ\u00e9s CPAs<\/li>\n\n\n\n<li>Shannon &amp; Buffett LLP, Chartered Professional Accountants<\/li>\n\n\n\n<li>Spacek Armstrong &amp; Norrad Chartered Professional Accountants<\/li>\n\n\n\n<li>TD Bank Group<\/li>\n\n\n\n<li>Teed Saunders Doyle &amp; Co.<\/li>\n\n\n\n<li>Thiel Greene Chartered Professional Accountants (3 streams)&nbsp;<\/li>\n\n\n\n<li>Whittaker &amp; Estabrooks Chartered Professional Accountants, P.C. Inc.<\/li>\n<\/ul>\n\n\n\n<p>\u200b<\/p>\n\n\n\n<h2 class=\"wp-block-heading small-hl\" id=\"newfoundland\">TERRE-NEUVE-ET-LABRADOR<\/h2>\n\n\n\n<ul class=\"wp-block-list\">\n<li>BDO Canada LLP<\/li>\n\n\n\n<li>Bonnell Cole Janes<\/li>\n\n\n\n<li>Brian Barker, CPA Professional Corporation<\/li>\n\n\n\n<li>Brian N. Hillier Chartered Professional Accountants<\/li>\n\n\n\n<li>Brian T. Scammell Professional Corporation<\/li>\n\n\n\n<li>Byron D. Smith Professional Corporation<\/li>\n\n\n\n<li>Canada Revenue Agency<\/li>\n\n\n\n<li>Coleman Group of Companies<\/li>\n\n\n\n<li>Coombs &amp; Associates&nbsp;<\/li>\n\n\n\n<li>David N. Snow Professional Corporation<\/li>\n\n\n\n<li>Deloitte LLP<\/li>\n\n\n\n<li>Derrick R Drodge CPA<\/li>\n\n\n\n<li>Doane Grant Thornton LLP<\/li>\n\n\n\n<li>Ernst &amp; Young LLP<\/li>\n\n\n\n<li>Feltham &amp; Associates Chartered Professional Accountants<\/li>\n\n\n\n<li>Fred Earle, Chartered Professional Accountants<\/li>\n\n\n\n<li>Government of Newfoundland and Labrador &#8211; Office of the Comptroller General<\/li>\n\n\n\n<li>Harris Ryan Chartered Professional Accountants<\/li>\n\n\n\n<li>Imperial Oil Limited&nbsp;<\/li>\n\n\n\n<li>John F. Morgan, CPA<\/li>\n\n\n\n<li>Johnson Inc.<\/li>\n\n\n\n<li>KPMG LLP<\/li>\n\n\n\n<li>Kraken Robotic Systems Inc.<\/li>\n\n\n\n<li>MNP LLP<\/li>\n\n\n\n<li>Noseworthy Chapman Chartered Professional Accountants<\/li>\n\n\n\n<li>Noseworthy &amp; White CPA Professional Corporation<\/li>\n\n\n\n<li>Office of the Auditor General of Newfoundland<\/li>\n\n\n\n<li>Pearl R. Lee, CPA, CA<\/li>\n\n\n\n<li>Pinsent &amp; Associates, CPA&#8217;s<\/li>\n\n\n\n<li>Power &amp; Associates Professional Corporation<\/li>\n\n\n\n<li>Provincial Aerospace Ltd.<\/li>\n\n\n\n<li>PwC LLP<\/li>\n\n\n\n<li>Quinlan Boland Barrett<\/li>\n\n\n\n<li>R.C. Squire &amp; Associates Professional Corporation<\/li>\n\n\n\n<li>Richard Bartlett CPA Professional Corporation<\/li>\n\n\n\n<li>Richard Power CPA Professional Corporation&nbsp;<\/li>\n<\/ul>\n\n\n\n<p>\u200b<\/p>\n\n\n\n<h2 class=\"wp-block-heading small-hl\" id=\"nova-scotia\">NOUVELLE-\u00c9COSSE<\/h2>\n\n\n\n<ul class=\"wp-block-list\">\n<li>Baker Tilly Nova Scotia Inc.<\/li>\n\n\n\n<li>Bank of N.T. Butterfield &amp; Son Limited<\/li>\n\n\n\n<li>BDO Canada LLP<\/li>\n\n\n\n<li>Bell Canada<\/li>\n\n\n\n<li>Belliveau Veinotte Inc.<\/li>\n\n\n\n<li>Bishop &amp; Company Chartered Professional Accountants Incorporated<\/li>\n\n\n\n<li>Bluenose Accounting<\/li>\n\n\n\n<li>Bright Line CPA<\/li>\n\n\n\n<li>Bruce &amp; Monahan, Chartered Professional Accountants<\/li>\n\n\n\n<li>Canada Revenue Agency<\/li>\n\n\n\n<li>Citco (Canada) Inc.<\/li>\n\n\n\n<li>Clearwater Seafoods LP<\/li>\n\n\n\n<li>Conrad Cushing Bain Inc.&nbsp;<\/li>\n\n\n\n<li>Crombie REIT&nbsp;<\/li>\n\n\n\n<li>Darrell Jessome Incorporated<\/li>\n\n\n\n<li>Deloitte LLP<\/li>\n\n\n\n<li>Doane Grant Thornton LLP<\/li>\n\n\n\n<li>Eastlink<\/li>\n\n\n\n<li>Emera Inc.<\/li>\n\n\n\n<li>Ernst &amp; Young LLP<\/li>\n\n\n\n<li>G&amp;R Chartered Professional Accountants<\/li>\n\n\n\n<li>HBA Chartered&nbsp;Professional&nbsp;Accountants&nbsp;<\/li>\n\n\n\n<li>HRM Pension Plan<\/li>\n\n\n\n<li>Hunston Kachafanas CPA Inc.<\/li>\n\n\n\n<li>J.D. Irving, Limited<\/li>\n\n\n\n<li>Jeffrey W. Purcell Incorporated Chartered Professional Accountants &nbsp;<\/li>\n\n\n\n<li>Kent &amp; Duffett Chartered Professional Accountants<\/li>\n\n\n\n<li>KPMG LLP<\/li>\n\n\n\n<li>Lenora Timmons CPA Inc.<\/li>\n\n\n\n<li>Lyle Tilley Davidson<\/li>\n\n\n\n<li>MacDonald &amp; Murphy Inc.<\/li>\n\n\n\n<li>Marsh Canada Limited&nbsp;<\/li>\n\n\n\n<li>McIsaac Darragh Chartered Professional Accountants<\/li>\n\n\n\n<li>MBF CPAs<\/li>\n\n\n\n<li>MDD Forensic Accountants<\/li>\n\n\n\n<li>Membertou First Nation<\/li>\n\n\n\n<li>Miles T. Sweeney Limited<\/li>\n\n\n\n<li>MNP LLP<\/li>\n\n\n\n<li>Morse Brewster Lake Chartered Professional Accountants<\/li>\n\n\n\n<li>MUFG Investor Services (merger with Maitland)<\/li>\n\n\n\n<li>Municipal Group of Companies<\/li>\n\n\n\n<li>Nova Scotia Department of Finance and Treasury Board<\/li>\n\n\n\n<li>Nova Scotia Health Authority<\/li>\n\n\n\n<li>Office of the Auditor General of Canada<\/li>\n\n\n\n<li>Office of the Auditor General of Nova Scotia<\/li>\n\n\n\n<li>Owens MacFadyen Group<\/li>\n\n\n\n<li>Opus Fund Services<\/li>\n\n\n\n<li>PwC LLP<\/li>\n\n\n\n<li>RGH Inc.<\/li>\n\n\n\n<li>Roach Perry Anderson<\/li>\n\n\n\n<li>Sanford &amp; Associates Chartered Professional Accountants Inc.&nbsp;<\/li>\n\n\n\n<li>Shannex Incorporated<\/li>\n\n\n\n<li>Shupe &amp; Company Chartered Professional Accountants<\/li>\n\n\n\n<li>Strong &amp; Associates Chartered Professional Accountants Inc.<\/li>\n\n\n\n<li>Sobeys Inc.<\/li>\n\n\n\n<li>Sutherland &amp; Watt CPAs Inc.<\/li>\n\n\n\n<li>Wilde Timmons Michaud Inc.<\/li>\n<\/ul>\n\n\n\n<p>\u200b<\/p>\n\n\n\n<h2 class=\"wp-block-heading small-hl\" id=\"pei\">ILE-DU-PRINCE-\u00c9DOUARD<\/h2>\n\n\n\n<ul class=\"wp-block-list\">\n<li>Arsenault Best Cameron Ellis<\/li>\n\n\n\n<li>BDO Canada LLP<\/li>\n\n\n\n<li>Canada Revenue Agency<\/li>\n\n\n\n<li>Doane Grant Thornton LLP<\/li>\n\n\n\n<li>Fitzpatrick &amp; Co.<\/li>\n\n\n\n<li>MNP LLP<\/li>\n\n\n\n<li>MRSB Group<\/li>\n\n\n\n<li>Office of the Auditor General of Prince Edward Island<\/li>\n\n\n\n<li>PEI Department of Finance&nbsp;<\/li>\n\n\n\n<li>Veteran Affairs Canada<\/li>\n<\/ul>\n","protected":false},"excerpt":{"rendered":"<p>Entreprises et organismes o\u00f9 les futurs CPA pourront acqu\u00e9rir une exp\u00e9rience pertinente, dans des postes de formation pr\u00e9approuv\u00e9s par la profession.<\/p>\n","protected":false},"author":3,"featured_media":653,"parent":0,"menu_order":0,"comment_status":"closed","ping_status":"closed","template":"","meta":{"_acf_changed":false,"footnotes":""},"class_list":["post-393","page","type-page","status-publish","has-post-thumbnail","hentry"],"acf":[],"yoast_head":"<!-- This site is optimized with the Yoast SEO plugin v27.4 - https:\/\/yoast.com\/product\/yoast-seo-wordpress\/ -->\n<title>Organismes participant au programme avec cheminement pr\u00e9approuv\u00e9<\/title>\n<meta name=\"description\" content=\"Entreprises et organismes o\u00f9 les futurs CPA pourront acqu\u00e9rir une exp\u00e9rience pertinente, dans des postes de formation pr\u00e9approuv\u00e9s par la profession.\" \/>\n<meta name=\"robots\" content=\"index, follow, max-snippet:-1, max-image-preview:large, max-video-preview:-1\" \/>\n<link rel=\"canonical\" href=\"https:\/\/cpaatlantic.ca\/fr\/pre-approved-program-route-offices\/\" \/>\n<meta property=\"og:locale\" content=\"en_US\" \/>\n<meta property=\"og:type\" content=\"article\" \/>\n<meta property=\"og:title\" content=\"Organismes participant au programme avec cheminement pr\u00e9approuv\u00e9\" \/>\n<meta property=\"og:description\" content=\"Entreprises et organismes o\u00f9 les futurs CPA pourront acqu\u00e9rir une exp\u00e9rience pertinente, dans des postes de formation pr\u00e9approuv\u00e9s par la profession.\" \/>\n<meta property=\"og:url\" content=\"https:\/\/cpaatlantic.ca\/fr\/pre-approved-program-route-offices\/\" \/>\n<meta property=\"og:site_name\" content=\"CPA Atlantique\" \/>\n<meta property=\"article:modified_time\" content=\"2026-04-16T12:23:13+00:00\" \/>\n<meta property=\"og:image\" content=\"https:\/\/cpaatlantic.ca\/fr\/wp-content\/uploads\/sites\/3\/2022\/08\/ppr.jpg\" \/>\n\t<meta property=\"og:image:width\" content=\"925\" \/>\n\t<meta property=\"og:image:height\" content=\"600\" \/>\n\t<meta property=\"og:image:type\" content=\"image\/jpeg\" \/>\n<meta name=\"twitter:card\" content=\"summary_large_image\" \/>\n<meta name=\"twitter:label1\" content=\"Est. reading time\" \/>\n\t<meta name=\"twitter:data1\" content=\"4 minutes\" \/>\n<script type=\"application\/ld+json\" class=\"yoast-schema-graph\">{\"@context\":\"https:\\\/\\\/schema.org\",\"@graph\":[{\"@type\":\"WebPage\",\"@id\":\"https:\\\/\\\/cpaatlantic.ca\\\/fr\\\/pre-approved-program-route-offices\\\/\",\"url\":\"https:\\\/\\\/cpaatlantic.ca\\\/fr\\\/pre-approved-program-route-offices\\\/\",\"name\":\"Organismes participant au programme avec cheminement pr\u00e9approuv\u00e9\",\"isPartOf\":{\"@id\":\"https:\\\/\\\/cpaatlantic.ca\\\/fr\\\/#website\"},\"primaryImageOfPage\":{\"@id\":\"https:\\\/\\\/cpaatlantic.ca\\\/fr\\\/pre-approved-program-route-offices\\\/#primaryimage\"},\"image\":{\"@id\":\"https:\\\/\\\/cpaatlantic.ca\\\/fr\\\/pre-approved-program-route-offices\\\/#primaryimage\"},\"thumbnailUrl\":\"https:\\\/\\\/cpaatlantic.ca\\\/fr\\\/wp-content\\\/uploads\\\/sites\\\/3\\\/2022\\\/08\\\/ppr.jpg\",\"datePublished\":\"2022-07-27T12:56:48+00:00\",\"dateModified\":\"2026-04-16T12:23:13+00:00\",\"description\":\"Entreprises et organismes o\u00f9 les futurs CPA pourront acqu\u00e9rir une exp\u00e9rience pertinente, dans des postes de formation pr\u00e9approuv\u00e9s par la profession.\",\"breadcrumb\":{\"@id\":\"https:\\\/\\\/cpaatlantic.ca\\\/fr\\\/pre-approved-program-route-offices\\\/#breadcrumb\"},\"inLanguage\":\"en-US\",\"potentialAction\":[{\"@type\":\"ReadAction\",\"target\":[\"https:\\\/\\\/cpaatlantic.ca\\\/fr\\\/pre-approved-program-route-offices\\\/\"]}]},{\"@type\":\"ImageObject\",\"inLanguage\":\"en-US\",\"@id\":\"https:\\\/\\\/cpaatlantic.ca\\\/fr\\\/pre-approved-program-route-offices\\\/#primaryimage\",\"url\":\"https:\\\/\\\/cpaatlantic.ca\\\/fr\\\/wp-content\\\/uploads\\\/sites\\\/3\\\/2022\\\/08\\\/ppr.jpg\",\"contentUrl\":\"https:\\\/\\\/cpaatlantic.ca\\\/fr\\\/wp-content\\\/uploads\\\/sites\\\/3\\\/2022\\\/08\\\/ppr.jpg\",\"width\":925,\"height\":600},{\"@type\":\"BreadcrumbList\",\"@id\":\"https:\\\/\\\/cpaatlantic.ca\\\/fr\\\/pre-approved-program-route-offices\\\/#breadcrumb\",\"itemListElement\":[{\"@type\":\"ListItem\",\"position\":1,\"name\":\"Home\",\"item\":\"https:\\\/\\\/cpaatlantic.ca\\\/fr\\\/\"},{\"@type\":\"ListItem\",\"position\":2,\"name\":\"Organismes participant au programme avec cheminement pr\u00e9approuv\u00e9\"}]},{\"@type\":\"WebSite\",\"@id\":\"https:\\\/\\\/cpaatlantic.ca\\\/fr\\\/#website\",\"url\":\"https:\\\/\\\/cpaatlantic.ca\\\/fr\\\/\",\"name\":\"CPA Atlantique\",\"description\":\"Devenir CPA\",\"potentialAction\":[{\"@type\":\"SearchAction\",\"target\":{\"@type\":\"EntryPoint\",\"urlTemplate\":\"https:\\\/\\\/cpaatlantic.ca\\\/fr\\\/?s={search_term_string}\"},\"query-input\":{\"@type\":\"PropertyValueSpecification\",\"valueRequired\":true,\"valueName\":\"search_term_string\"}}],\"inLanguage\":\"en-US\"}]}<\/script>\n<!-- \/ Yoast SEO plugin. -->","yoast_head_json":{"title":"Organismes participant au programme avec cheminement pr\u00e9approuv\u00e9","description":"Entreprises et organismes o\u00f9 les futurs CPA pourront acqu\u00e9rir une exp\u00e9rience pertinente, dans des postes de formation pr\u00e9approuv\u00e9s par la profession.","robots":{"index":"index","follow":"follow","max-snippet":"max-snippet:-1","max-image-preview":"max-image-preview:large","max-video-preview":"max-video-preview:-1"},"canonical":"https:\/\/cpaatlantic.ca\/fr\/pre-approved-program-route-offices\/","og_locale":"en_US","og_type":"article","og_title":"Organismes participant au programme avec cheminement pr\u00e9approuv\u00e9","og_description":"Entreprises et organismes o\u00f9 les futurs CPA pourront acqu\u00e9rir une exp\u00e9rience pertinente, dans des postes de formation pr\u00e9approuv\u00e9s par la profession.","og_url":"https:\/\/cpaatlantic.ca\/fr\/pre-approved-program-route-offices\/","og_site_name":"CPA Atlantique","article_modified_time":"2026-04-16T12:23:13+00:00","og_image":[{"width":925,"height":600,"url":"https:\/\/cpaatlantic.ca\/fr\/wp-content\/uploads\/sites\/3\/2022\/08\/ppr.jpg","type":"image\/jpeg"}],"twitter_card":"summary_large_image","twitter_misc":{"Est. reading time":"4 minutes"},"schema":{"@context":"https:\/\/schema.org","@graph":[{"@type":"WebPage","@id":"https:\/\/cpaatlantic.ca\/fr\/pre-approved-program-route-offices\/","url":"https:\/\/cpaatlantic.ca\/fr\/pre-approved-program-route-offices\/","name":"Organismes participant au programme avec cheminement pr\u00e9approuv\u00e9","isPartOf":{"@id":"https:\/\/cpaatlantic.ca\/fr\/#website"},"primaryImageOfPage":{"@id":"https:\/\/cpaatlantic.ca\/fr\/pre-approved-program-route-offices\/#primaryimage"},"image":{"@id":"https:\/\/cpaatlantic.ca\/fr\/pre-approved-program-route-offices\/#primaryimage"},"thumbnailUrl":"https:\/\/cpaatlantic.ca\/fr\/wp-content\/uploads\/sites\/3\/2022\/08\/ppr.jpg","datePublished":"2022-07-27T12:56:48+00:00","dateModified":"2026-04-16T12:23:13+00:00","description":"Entreprises et organismes o\u00f9 les futurs CPA pourront acqu\u00e9rir une exp\u00e9rience pertinente, dans des postes de formation pr\u00e9approuv\u00e9s par la profession.","breadcrumb":{"@id":"https:\/\/cpaatlantic.ca\/fr\/pre-approved-program-route-offices\/#breadcrumb"},"inLanguage":"en-US","potentialAction":[{"@type":"ReadAction","target":["https:\/\/cpaatlantic.ca\/fr\/pre-approved-program-route-offices\/"]}]},{"@type":"ImageObject","inLanguage":"en-US","@id":"https:\/\/cpaatlantic.ca\/fr\/pre-approved-program-route-offices\/#primaryimage","url":"https:\/\/cpaatlantic.ca\/fr\/wp-content\/uploads\/sites\/3\/2022\/08\/ppr.jpg","contentUrl":"https:\/\/cpaatlantic.ca\/fr\/wp-content\/uploads\/sites\/3\/2022\/08\/ppr.jpg","width":925,"height":600},{"@type":"BreadcrumbList","@id":"https:\/\/cpaatlantic.ca\/fr\/pre-approved-program-route-offices\/#breadcrumb","itemListElement":[{"@type":"ListItem","position":1,"name":"Home","item":"https:\/\/cpaatlantic.ca\/fr\/"},{"@type":"ListItem","position":2,"name":"Organismes participant au programme avec cheminement pr\u00e9approuv\u00e9"}]},{"@type":"WebSite","@id":"https:\/\/cpaatlantic.ca\/fr\/#website","url":"https:\/\/cpaatlantic.ca\/fr\/","name":"CPA Atlantique","description":"Devenir CPA","potentialAction":[{"@type":"SearchAction","target":{"@type":"EntryPoint","urlTemplate":"https:\/\/cpaatlantic.ca\/fr\/?s={search_term_string}"},"query-input":{"@type":"PropertyValueSpecification","valueRequired":true,"valueName":"search_term_string"}}],"inLanguage":"en-US"}]}},"_links":{"self":[{"href":"https:\/\/cpaatlantic.ca\/fr\/wp-json\/wp\/v2\/pages\/393","targetHints":{"allow":["GET"]}}],"collection":[{"href":"https:\/\/cpaatlantic.ca\/fr\/wp-json\/wp\/v2\/pages"}],"about":[{"href":"https:\/\/cpaatlantic.ca\/fr\/wp-json\/wp\/v2\/types\/page"}],"author":[{"embeddable":true,"href":"https:\/\/cpaatlantic.ca\/fr\/wp-json\/wp\/v2\/users\/3"}],"replies":[{"embeddable":true,"href":"https:\/\/cpaatlantic.ca\/fr\/wp-json\/wp\/v2\/comments?post=393"}],"version-history":[{"count":37,"href":"https:\/\/cpaatlantic.ca\/fr\/wp-json\/wp\/v2\/pages\/393\/revisions"}],"predecessor-version":[{"id":3087,"href":"https:\/\/cpaatlantic.ca\/fr\/wp-json\/wp\/v2\/pages\/393\/revisions\/3087"}],"wp:featuredmedia":[{"embeddable":true,"href":"https:\/\/cpaatlantic.ca\/fr\/wp-json\/wp\/v2\/media\/653"}],"wp:attachment":[{"href":"https:\/\/cpaatlantic.ca\/fr\/wp-json\/wp\/v2\/media?parent=393"}],"curies":[{"name":"wp","href":"https:\/\/api.w.org\/{rel}","templated":true}]}}