{"id":443,"date":"2022-07-28T10:29:39","date_gmt":"2022-07-28T13:29:39","guid":{"rendered":"https:\/\/cpaa.careercolleges.ca\/fr\/?page_id=443"},"modified":"2024-08-23T14:56:28","modified_gmt":"2024-08-23T17:56:28","slug":"become-a-cpa-mentor","status":"publish","type":"page","link":"https:\/\/cpaatlantic.ca\/fr\/become-a-cpa-mentor\/","title":{"rendered":"Devenir mentor"},"content":{"rendered":"\n<p>Le mentorat est un volet crucial du stage pratique du candidat et de son parcours en vue de devenir CPA et de pouvoir conna\u00eetre la r\u00e9ussite dans la profession.<\/p>\n\n\n\n<p>Vous aurez, en tant que mentor, pour r\u00f4le d\u2019apporter du soutien \u00e0 vos candidats et de leur donner des conseils sur leur d\u00e9veloppement et leurs progr\u00e8s tout au long du programme de CPA.<\/p>\n\n\n\n<p>Les mentors combinent leur exp\u00e9rience professionnelle et leur savoir pour aider leurs candidats \u00e0 se concentrer sur l\u2019acquisition des comp\u00e9tences essentielles en mati\u00e8re de d\u00e9ontologie, de prise de d\u00e9cisions, de r\u00e9solution de probl\u00e8mes, de communication et de leadership.&nbsp;&nbsp;<\/p>\n\n\n\n<h2 class=\"wp-block-heading small-hl\"><strong>Ce que le mentorat de futurs CPA vous apportera<\/strong><\/h2>\n\n\n\n<p>Vous pouvez, en tant que mentor de candidats \u00e0 la profession de CPA, vous attendre \u00e0 b\u00e9n\u00e9ficier des avantages suivants\u00a0:<\/p>\n\n\n\n<ul class=\"wp-block-list\">\n<li>Vous aurez une occasion unique en son genre d\u2019offrir votre soutien et vos \u00e9clairages afin d\u2019\u00e9largir les horizons des futurs CPA.<\/li>\n\n\n\n<li>Vous pourrez faire profiter la profession de votre propre r\u00e9ussite et investir dans son avenir, en influen\u00e7ant les candidats qui constitueront demain la prochaine g\u00e9n\u00e9ration de CPA.<\/li>\n\n\n\n<li>Vous pouvez approfondir votre propre \u00e9panouissement et votre propre perfectionnement professionnel, ainsi que vos comp\u00e9tences en leadership.<\/li>\n<\/ul>\n\n\n\n<h2 class=\"wp-block-heading small-hl\"><strong>Trois fa\u00e7ons de s\u2019impliquer dans le programme de mentorat pour les CPA<\/strong><\/h2>\n\n\n\n<ul class=\"wp-block-list\">\n<li>Portez-vous volontaire pour rejoindre la r\u00e9serve de mentors pour les CPA.\n<ul class=\"wp-block-list\">\n<li>Lors de votre inscription, nous vous invitons \u00e0 choisir l\u2019option d\u2019ajouter votre nom au portail de jumelage avec les candidats.<\/li>\n\n\n\n<li>Pour en savoir plus sur le portail, cliquez ici.<\/li>\n<\/ul>\n<\/li>\n\n\n\n<li>Participez en tant que mentor au programme pr\u00e9approuv\u00e9 de votre organisme (s\u2019il existe).<\/li>\n\n\n\n<li>Acceptez la demande que vous a adress\u00e9e un candidat \u00e0 la profession de CPA qui souhaite que vous vous inscriviez en tant que mentor.<\/li>\n<\/ul>\n\n\n\n<div style=\"height:20px\" aria-hidden=\"true\" class=\"wp-block-spacer\"><\/div>\n\n\n\n<h2 class=\"wp-block-heading small-hl\"><strong>Processus pour devenir mentor<\/strong>\u00a0<\/h2>\n\n\n\n<figure class=\"wp-block-image size-full\"><img decoding=\"async\" src=\"\/wp-content\/uploads\/2022\/08\/progressiongraphic_CPAmentor_FR.webp\" alt=\"\" class=\"wp-image-454\"\/><\/figure>\n\n\n\n<div style=\"height:20px\" aria-hidden=\"true\" class=\"wp-block-spacer\"><\/div>\n\n\n\n<ul class=\"wp-block-list\">\n<li>Regardez la br\u00e8ve <a href=\"https:\/\/www.cpacanada.ca\/fr\/devenir-cpa\/titre-de-cpa-apercu-des-exigences-en-matiere-dexperience-pratique\/le-programme-de-mentorat-cpa\/devenez-mentor-cpa-exigences\" target=\"_blank\" rel=\"noreferrer noopener\">vid\u00e9o d\u2019initiation des mentors<\/a> riche en informations pour les mentors des candidats \u00e0 la profession de CPA, pour mieux comprendre les attentes et les exigences du mentorat.\u00a0<\/li>\n\n\n\n<li>S\u2019inscrire aupr\u00e8s de l\u2019\u00c9cole de gestion CPA Atlantique pour <a href=\"https:\/\/mentorship.cpa-services.org\/Mentor\/Register\" target=\"_blank\" rel=\"noreferrer noopener\">devenir mentor de CPA<\/a>.\u00a0<\/li>\n\n\n\n<li>Attendre l\u2019approbation de votre demande avant d\u2019entamer officiellement votre relation de mentorat.\u00a0\n<ul class=\"wp-block-list\">\n<li>Pour pouvoir \u00eatre le mentor d\u2019un candidat \u00e0 la profession de CPA, il faut que vous soyez vous-m\u00eame un CPA en r\u00e8gle aupr\u00e8s de l\u2019organisme des CPA de votre province. L\u2019\u00c9cole de gestion CPA Atlantique communiquera avec votre organisme provincial pour v\u00e9rifier que vous \u00eates en r\u00e8gle.<\/li>\n<\/ul>\n<\/li>\n<\/ul>\n\n\n\n<a href=\"https:\/\/mentorship.cpa-services.org\/Mentor\/Register\" target=\"_blank\" rel=\"noreferrer noopener\" class=\"cpaa-btn cpaa-btn-border-small\" style=\"display:block;margin-bottom:.5rem\">INSCRIVEZ-VOUS D\u00c8S MAINTENANT POUR DEVENIR MENTOR DE CPA<\/a>\n\n\n\n<p>Une fois que votre demande aura \u00e9t\u00e9 approuv\u00e9e, vous pourrez entamer votre travail de mentor en entrant en contact avec les candidats de l\u2019une des trois fa\u00e7ons suivantes\u00a0:<\/p>\n\n\n\n<ul class=\"wp-block-list\">\n<li>Un candidat entre en relation avec vous par l\u2019interm\u00e9diaire du <a href=\"#portail-mentors\">portail de jumelage avec les candidats \u00e0 la profession de CPA<\/a>.<\/li>\n\n\n\n<li>Un \u00e9tudiant ou candidat \u00e0 la profession de CPA vous identifie directement comme \u00e9tant son mentor.<\/li>\n\n\n\n<li>Vous communiquez avec nous <a>\u00e0 l\u2019adresse <\/a><a href=\"mailto:practicalexperience@cpaatlantic.ca\" target=\"_blank\" rel=\"noreferrer noopener\">practicalexperience@cpaatlantic.ca<\/a> et nous nous ferons un plaisir de trouver un candidat \u00e0 la recherche d\u2019un mentor.<\/li>\n<\/ul>\n\n\n\n<p>Si vous voulez en savoir plus sur la marche \u00e0 suivre pour devenir mentor de CPA, nous vous encourageons \u00e0 passer en revue la <a href=\"https:\/\/www.cpacanada.ca\/fr\/devenir-cpa\/titre-de-cpa-apercu-des-exigences-en-matiere-dexperience-pratique\/le-programme-de-mentorat-cpa\/devenez-mentor-cpa-exigences\" target=\"_blank\" rel=\"noreferrer noopener\">foire aux questions pour les mentors de CPA Canada<\/a> ou \u00e0 entrer en contact avec l\u2019\u00e9quipe de CPA Atlantique responsable des stages pratiques \u00e0 l\u2019adresse <a href=\"mailto:practicalexperience@cpaatlantic.ca\" target=\"_blank\" rel=\"noreferrer noopener\">practicalexperience@cpaatlantic.ca<\/a>.<\/p>\n\n\n\n<h2 class=\"wp-block-heading small-hl\" id=\"portail-mentors\">Portail de jumelage pour les mentors<\/h2>\n\n\n\n<p>Les candidats en stage avec v\u00e9rification de l\u2019exp\u00e9rience (SVE) ont pour responsabilit\u00e9 de trouver eux-m\u00eames leur propre mentor. C\u2019est parfois difficile pour certains candidats.<\/p>\n\n\n\n<p>Le portail de jumelage est un site o\u00f9 les candidats en SVE qui n\u2019ont pas acc\u00e8s \u00e0 un CPA dans leur organisme ou qui ne connaissent aucun CPA peuvent se trouver un CPA mentor. L\u2019\u00e9quipe de CPA Atlantique responsable des stages pratiques utilise \u00e9galement ce portail pour dresser des listes des mentors afin d\u2019aider les candidats en SVE \u00e0 se trouver un mentor.\u202f<\/p>\n","protected":false},"excerpt":{"rendered":"<p>Informations et ressources \u00e0 la disposition des professionnels en comptabilit\u00e9 qui souhaitent devenir mentors pour la g\u00e9n\u00e9ration suivante.<\/p>\n","protected":false},"author":3,"featured_media":652,"parent":0,"menu_order":0,"comment_status":"closed","ping_status":"closed","template":"","meta":{"_acf_changed":false,"footnotes":""},"class_list":["post-443","page","type-page","status-publish","has-post-thumbnail","hentry"],"acf":[],"yoast_head":"<!-- This site is optimized with the Yoast SEO plugin v27.4 - https:\/\/yoast.com\/product\/yoast-seo-wordpress\/ -->\n<title>Devenir mentor - CPA Atlantique<\/title>\n<meta name=\"description\" content=\"Become a CPA mentor to provide guidance to aspiring CPAs and help them achieve their CPA designation.\" \/>\n<meta name=\"robots\" content=\"index, follow, max-snippet:-1, max-image-preview:large, max-video-preview:-1\" \/>\n<link rel=\"canonical\" href=\"https:\/\/cpaatlantic.ca\/fr\/become-a-cpa-mentor\/\" \/>\n<meta property=\"og:locale\" content=\"en_US\" \/>\n<meta property=\"og:type\" content=\"article\" \/>\n<meta property=\"og:title\" content=\"Devenir mentor - CPA Atlantique\" \/>\n<meta property=\"og:description\" content=\"Become a CPA mentor to provide guidance to aspiring CPAs and help them achieve their CPA designation.\" \/>\n<meta property=\"og:url\" content=\"https:\/\/cpaatlantic.ca\/fr\/become-a-cpa-mentor\/\" \/>\n<meta property=\"og:site_name\" content=\"CPA Atlantique\" \/>\n<meta property=\"article:modified_time\" content=\"2024-08-23T17:56:28+00:00\" \/>\n<meta property=\"og:image\" content=\"https:\/\/cpaatlantic.ca\/fr\/wp-content\/uploads\/sites\/3\/2022\/08\/become-a-mentor.jpg\" \/>\n\t<meta property=\"og:image:width\" content=\"925\" \/>\n\t<meta property=\"og:image:height\" content=\"600\" \/>\n\t<meta property=\"og:image:type\" content=\"image\/jpeg\" \/>\n<meta name=\"twitter:card\" content=\"summary_large_image\" \/>\n<meta name=\"twitter:label1\" content=\"Est. reading time\" \/>\n\t<meta name=\"twitter:data1\" content=\"4 minutes\" \/>\n<script type=\"application\/ld+json\" class=\"yoast-schema-graph\">{\"@context\":\"https:\\\/\\\/schema.org\",\"@graph\":[{\"@type\":\"WebPage\",\"@id\":\"https:\\\/\\\/cpaatlantic.ca\\\/fr\\\/become-a-cpa-mentor\\\/\",\"url\":\"https:\\\/\\\/cpaatlantic.ca\\\/fr\\\/become-a-cpa-mentor\\\/\",\"name\":\"Devenir mentor - CPA Atlantique\",\"isPartOf\":{\"@id\":\"https:\\\/\\\/cpaatlantic.ca\\\/fr\\\/#website\"},\"primaryImageOfPage\":{\"@id\":\"https:\\\/\\\/cpaatlantic.ca\\\/fr\\\/become-a-cpa-mentor\\\/#primaryimage\"},\"image\":{\"@id\":\"https:\\\/\\\/cpaatlantic.ca\\\/fr\\\/become-a-cpa-mentor\\\/#primaryimage\"},\"thumbnailUrl\":\"https:\\\/\\\/cpaatlantic.ca\\\/fr\\\/wp-content\\\/uploads\\\/sites\\\/3\\\/2022\\\/08\\\/become-a-mentor.jpg\",\"datePublished\":\"2022-07-28T13:29:39+00:00\",\"dateModified\":\"2024-08-23T17:56:28+00:00\",\"description\":\"Become a CPA mentor to provide guidance to aspiring CPAs and help them achieve their CPA designation.\",\"breadcrumb\":{\"@id\":\"https:\\\/\\\/cpaatlantic.ca\\\/fr\\\/become-a-cpa-mentor\\\/#breadcrumb\"},\"inLanguage\":\"en-US\",\"potentialAction\":[{\"@type\":\"ReadAction\",\"target\":[\"https:\\\/\\\/cpaatlantic.ca\\\/fr\\\/become-a-cpa-mentor\\\/\"]}]},{\"@type\":\"ImageObject\",\"inLanguage\":\"en-US\",\"@id\":\"https:\\\/\\\/cpaatlantic.ca\\\/fr\\\/become-a-cpa-mentor\\\/#primaryimage\",\"url\":\"https:\\\/\\\/cpaatlantic.ca\\\/fr\\\/wp-content\\\/uploads\\\/sites\\\/3\\\/2022\\\/08\\\/become-a-mentor.jpg\",\"contentUrl\":\"https:\\\/\\\/cpaatlantic.ca\\\/fr\\\/wp-content\\\/uploads\\\/sites\\\/3\\\/2022\\\/08\\\/become-a-mentor.jpg\",\"width\":925,\"height\":600},{\"@type\":\"BreadcrumbList\",\"@id\":\"https:\\\/\\\/cpaatlantic.ca\\\/fr\\\/become-a-cpa-mentor\\\/#breadcrumb\",\"itemListElement\":[{\"@type\":\"ListItem\",\"position\":1,\"name\":\"Home\",\"item\":\"https:\\\/\\\/cpaatlantic.ca\\\/fr\\\/\"},{\"@type\":\"ListItem\",\"position\":2,\"name\":\"Devenir mentor\"}]},{\"@type\":\"WebSite\",\"@id\":\"https:\\\/\\\/cpaatlantic.ca\\\/fr\\\/#website\",\"url\":\"https:\\\/\\\/cpaatlantic.ca\\\/fr\\\/\",\"name\":\"CPA Atlantique\",\"description\":\"Devenir CPA\",\"potentialAction\":[{\"@type\":\"SearchAction\",\"target\":{\"@type\":\"EntryPoint\",\"urlTemplate\":\"https:\\\/\\\/cpaatlantic.ca\\\/fr\\\/?s={search_term_string}\"},\"query-input\":{\"@type\":\"PropertyValueSpecification\",\"valueRequired\":true,\"valueName\":\"search_term_string\"}}],\"inLanguage\":\"en-US\"}]}<\/script>\n<!-- \/ Yoast SEO plugin. -->","yoast_head_json":{"title":"Devenir mentor - CPA Atlantique","description":"Become a CPA mentor to provide guidance to aspiring CPAs and help them achieve their CPA designation.","robots":{"index":"index","follow":"follow","max-snippet":"max-snippet:-1","max-image-preview":"max-image-preview:large","max-video-preview":"max-video-preview:-1"},"canonical":"https:\/\/cpaatlantic.ca\/fr\/become-a-cpa-mentor\/","og_locale":"en_US","og_type":"article","og_title":"Devenir mentor - CPA Atlantique","og_description":"Become a CPA mentor to provide guidance to aspiring CPAs and help them achieve their CPA designation.","og_url":"https:\/\/cpaatlantic.ca\/fr\/become-a-cpa-mentor\/","og_site_name":"CPA Atlantique","article_modified_time":"2024-08-23T17:56:28+00:00","og_image":[{"width":925,"height":600,"url":"https:\/\/cpaatlantic.ca\/fr\/wp-content\/uploads\/sites\/3\/2022\/08\/become-a-mentor.jpg","type":"image\/jpeg"}],"twitter_card":"summary_large_image","twitter_misc":{"Est. reading time":"4 minutes"},"schema":{"@context":"https:\/\/schema.org","@graph":[{"@type":"WebPage","@id":"https:\/\/cpaatlantic.ca\/fr\/become-a-cpa-mentor\/","url":"https:\/\/cpaatlantic.ca\/fr\/become-a-cpa-mentor\/","name":"Devenir mentor - CPA Atlantique","isPartOf":{"@id":"https:\/\/cpaatlantic.ca\/fr\/#website"},"primaryImageOfPage":{"@id":"https:\/\/cpaatlantic.ca\/fr\/become-a-cpa-mentor\/#primaryimage"},"image":{"@id":"https:\/\/cpaatlantic.ca\/fr\/become-a-cpa-mentor\/#primaryimage"},"thumbnailUrl":"https:\/\/cpaatlantic.ca\/fr\/wp-content\/uploads\/sites\/3\/2022\/08\/become-a-mentor.jpg","datePublished":"2022-07-28T13:29:39+00:00","dateModified":"2024-08-23T17:56:28+00:00","description":"Become a CPA mentor to provide guidance to aspiring CPAs and help them achieve their CPA designation.","breadcrumb":{"@id":"https:\/\/cpaatlantic.ca\/fr\/become-a-cpa-mentor\/#breadcrumb"},"inLanguage":"en-US","potentialAction":[{"@type":"ReadAction","target":["https:\/\/cpaatlantic.ca\/fr\/become-a-cpa-mentor\/"]}]},{"@type":"ImageObject","inLanguage":"en-US","@id":"https:\/\/cpaatlantic.ca\/fr\/become-a-cpa-mentor\/#primaryimage","url":"https:\/\/cpaatlantic.ca\/fr\/wp-content\/uploads\/sites\/3\/2022\/08\/become-a-mentor.jpg","contentUrl":"https:\/\/cpaatlantic.ca\/fr\/wp-content\/uploads\/sites\/3\/2022\/08\/become-a-mentor.jpg","width":925,"height":600},{"@type":"BreadcrumbList","@id":"https:\/\/cpaatlantic.ca\/fr\/become-a-cpa-mentor\/#breadcrumb","itemListElement":[{"@type":"ListItem","position":1,"name":"Home","item":"https:\/\/cpaatlantic.ca\/fr\/"},{"@type":"ListItem","position":2,"name":"Devenir mentor"}]},{"@type":"WebSite","@id":"https:\/\/cpaatlantic.ca\/fr\/#website","url":"https:\/\/cpaatlantic.ca\/fr\/","name":"CPA Atlantique","description":"Devenir CPA","potentialAction":[{"@type":"SearchAction","target":{"@type":"EntryPoint","urlTemplate":"https:\/\/cpaatlantic.ca\/fr\/?s={search_term_string}"},"query-input":{"@type":"PropertyValueSpecification","valueRequired":true,"valueName":"search_term_string"}}],"inLanguage":"en-US"}]}},"_links":{"self":[{"href":"https:\/\/cpaatlantic.ca\/fr\/wp-json\/wp\/v2\/pages\/443","targetHints":{"allow":["GET"]}}],"collection":[{"href":"https:\/\/cpaatlantic.ca\/fr\/wp-json\/wp\/v2\/pages"}],"about":[{"href":"https:\/\/cpaatlantic.ca\/fr\/wp-json\/wp\/v2\/types\/page"}],"author":[{"embeddable":true,"href":"https:\/\/cpaatlantic.ca\/fr\/wp-json\/wp\/v2\/users\/3"}],"replies":[{"embeddable":true,"href":"https:\/\/cpaatlantic.ca\/fr\/wp-json\/wp\/v2\/comments?post=443"}],"version-history":[{"count":31,"href":"https:\/\/cpaatlantic.ca\/fr\/wp-json\/wp\/v2\/pages\/443\/revisions"}],"predecessor-version":[{"id":2360,"href":"https:\/\/cpaatlantic.ca\/fr\/wp-json\/wp\/v2\/pages\/443\/revisions\/2360"}],"wp:featuredmedia":[{"embeddable":true,"href":"https:\/\/cpaatlantic.ca\/fr\/wp-json\/wp\/v2\/media\/652"}],"wp:attachment":[{"href":"https:\/\/cpaatlantic.ca\/fr\/wp-json\/wp\/v2\/media?parent=443"}],"curies":[{"name":"wp","href":"https:\/\/api.w.org\/{rel}","templated":true}]}}