{"id":497,"date":"2022-07-29T01:00:32","date_gmt":"2022-07-29T04:00:32","guid":{"rendered":"https:\/\/cpaa.careercolleges.ca\/fr\/?page_id=497"},"modified":"2024-02-09T13:36:50","modified_gmt":"2024-02-09T17:36:50","slug":"so-you-want-to-be-a-cpa","status":"publish","type":"page","link":"https:\/\/cpaatlantic.ca\/fr\/so-you-want-to-be-a-cpa\/","title":{"rendered":"Vous voulez devenir CPA?"},"content":{"rendered":"\n<h2 class=\"wp-block-heading\">Quelle est la particularit\u00e9 de votre parcours CPA?<\/h2>\n\n\n\n<p>D\u00e9couvrez ce qui rend votre parcours CPA sp\u00e9cial ! L\u2019\u00c9cole de gestion CPA Atlantique pr\u00e9sente la micro-s\u00e9rie \u00ab Vous voulez devenir CPA? \u00bb, qui couvre un parcours CPA unique.<\/p>\n\n\n\n<ul class=\"wp-block-list\">\n<li>Un parcours diff\u00e9rent expliqu\u00e9 <\/li>\n\n\n\n<li>Anim\u00e9 par un conseiller en recrutement des \u00e9tudiants de l\u2019\u00c9cole de gestion CPA Atlantic<\/li>\n\n\n\n<li>Con\u00e7u pour toute personne int\u00e9ress\u00e9e par le cheminement CPA<\/li>\n<\/ul>\n\n\n\n<p><\/p>\n","protected":false},"excerpt":{"rendered":"<p>Quelle est la particularit\u00e9 de votre parcours CPA? D\u00e9couvrez ce qui rend votre parcours CPA sp\u00e9cial ! L\u2019\u00c9cole de gestion CPA Atlantique pr\u00e9sente la &#8230;<\/p>\n","protected":false},"author":1,"featured_media":498,"parent":0,"menu_order":0,"comment_status":"closed","ping_status":"closed","template":"","meta":{"_acf_changed":false,"footnotes":""},"class_list":["post-497","page","type-page","status-publish","has-post-thumbnail","hentry"],"acf":[],"yoast_head":"<!-- This site is optimized with the Yoast SEO plugin v27.4 - https:\/\/yoast.com\/product\/yoast-seo-wordpress\/ -->\n<title>Vous voulez devenir CPA? - CPA Atlantique<\/title>\n<meta name=\"description\" content=\"Consultez notre petite s\u00e9rie d\u2019\u00e9pisodes \u00ab Vous voulez devenir CPA? \u00bb, qui s\u2019applique \u00e0 votre cheminement bien particulier.\" \/>\n<meta name=\"robots\" content=\"index, follow, max-snippet:-1, max-image-preview:large, max-video-preview:-1\" \/>\n<link rel=\"canonical\" href=\"https:\/\/cpaatlantic.ca\/fr\/so-you-want-to-be-a-cpa\/\" \/>\n<meta property=\"og:locale\" content=\"en_US\" \/>\n<meta property=\"og:type\" content=\"article\" \/>\n<meta property=\"og:title\" content=\"Vous voulez devenir CPA? - CPA Atlantique\" \/>\n<meta property=\"og:description\" content=\"Consultez notre petite s\u00e9rie d\u2019\u00e9pisodes \u00ab Vous voulez devenir CPA? \u00bb, qui s\u2019applique \u00e0 votre cheminement bien particulier.\" \/>\n<meta property=\"og:url\" content=\"https:\/\/cpaatlantic.ca\/fr\/so-you-want-to-be-a-cpa\/\" \/>\n<meta property=\"og:site_name\" content=\"CPA Atlantique\" \/>\n<meta property=\"article:modified_time\" content=\"2024-02-09T17:36:50+00:00\" \/>\n<meta property=\"og:image\" content=\"https:\/\/cpaatlantic.ca\/fr\/wp-content\/uploads\/sites\/3\/2022\/07\/cpa-hero-sywtbac.jpg\" \/>\n\t<meta property=\"og:image:width\" content=\"600\" \/>\n\t<meta property=\"og:image:height\" content=\"600\" \/>\n\t<meta property=\"og:image:type\" content=\"image\/jpeg\" \/>\n<meta name=\"twitter:card\" content=\"summary_large_image\" \/>\n<meta name=\"twitter:label1\" content=\"Est. reading time\" \/>\n\t<meta name=\"twitter:data1\" content=\"4 minutes\" \/>\n<script type=\"application\/ld+json\" class=\"yoast-schema-graph\">{\"@context\":\"https:\\\/\\\/schema.org\",\"@graph\":[{\"@type\":\"WebPage\",\"@id\":\"https:\\\/\\\/cpaatlantic.ca\\\/fr\\\/so-you-want-to-be-a-cpa\\\/\",\"url\":\"https:\\\/\\\/cpaatlantic.ca\\\/fr\\\/so-you-want-to-be-a-cpa\\\/\",\"name\":\"Vous voulez devenir CPA? - CPA Atlantique\",\"isPartOf\":{\"@id\":\"https:\\\/\\\/cpaatlantic.ca\\\/fr\\\/#website\"},\"primaryImageOfPage\":{\"@id\":\"https:\\\/\\\/cpaatlantic.ca\\\/fr\\\/so-you-want-to-be-a-cpa\\\/#primaryimage\"},\"image\":{\"@id\":\"https:\\\/\\\/cpaatlantic.ca\\\/fr\\\/so-you-want-to-be-a-cpa\\\/#primaryimage\"},\"thumbnailUrl\":\"https:\\\/\\\/cpaatlantic.ca\\\/fr\\\/wp-content\\\/uploads\\\/sites\\\/3\\\/2022\\\/07\\\/cpa-hero-sywtbac.jpg\",\"datePublished\":\"2022-07-29T04:00:32+00:00\",\"dateModified\":\"2024-02-09T17:36:50+00:00\",\"description\":\"Consultez notre petite s\u00e9rie d\u2019\u00e9pisodes \u00ab Vous voulez devenir CPA? \u00bb, qui s\u2019applique \u00e0 votre cheminement bien particulier.\",\"breadcrumb\":{\"@id\":\"https:\\\/\\\/cpaatlantic.ca\\\/fr\\\/so-you-want-to-be-a-cpa\\\/#breadcrumb\"},\"inLanguage\":\"en-US\",\"potentialAction\":[{\"@type\":\"ReadAction\",\"target\":[\"https:\\\/\\\/cpaatlantic.ca\\\/fr\\\/so-you-want-to-be-a-cpa\\\/\"]}]},{\"@type\":\"ImageObject\",\"inLanguage\":\"en-US\",\"@id\":\"https:\\\/\\\/cpaatlantic.ca\\\/fr\\\/so-you-want-to-be-a-cpa\\\/#primaryimage\",\"url\":\"https:\\\/\\\/cpaatlantic.ca\\\/fr\\\/wp-content\\\/uploads\\\/sites\\\/3\\\/2022\\\/07\\\/cpa-hero-sywtbac.jpg\",\"contentUrl\":\"https:\\\/\\\/cpaatlantic.ca\\\/fr\\\/wp-content\\\/uploads\\\/sites\\\/3\\\/2022\\\/07\\\/cpa-hero-sywtbac.jpg\",\"width\":600,\"height\":600},{\"@type\":\"BreadcrumbList\",\"@id\":\"https:\\\/\\\/cpaatlantic.ca\\\/fr\\\/so-you-want-to-be-a-cpa\\\/#breadcrumb\",\"itemListElement\":[{\"@type\":\"ListItem\",\"position\":1,\"name\":\"Home\",\"item\":\"https:\\\/\\\/cpaatlantic.ca\\\/fr\\\/\"},{\"@type\":\"ListItem\",\"position\":2,\"name\":\"Vous voulez devenir CPA?\"}]},{\"@type\":\"WebSite\",\"@id\":\"https:\\\/\\\/cpaatlantic.ca\\\/fr\\\/#website\",\"url\":\"https:\\\/\\\/cpaatlantic.ca\\\/fr\\\/\",\"name\":\"CPA Atlantique\",\"description\":\"Devenir CPA\",\"potentialAction\":[{\"@type\":\"SearchAction\",\"target\":{\"@type\":\"EntryPoint\",\"urlTemplate\":\"https:\\\/\\\/cpaatlantic.ca\\\/fr\\\/?s={search_term_string}\"},\"query-input\":{\"@type\":\"PropertyValueSpecification\",\"valueRequired\":true,\"valueName\":\"search_term_string\"}}],\"inLanguage\":\"en-US\"}]}<\/script>\n<!-- \/ Yoast SEO plugin. -->","yoast_head_json":{"title":"Vous voulez devenir CPA? - CPA Atlantique","description":"Consultez notre petite s\u00e9rie d\u2019\u00e9pisodes \u00ab Vous voulez devenir CPA? \u00bb, qui s\u2019applique \u00e0 votre cheminement bien particulier.","robots":{"index":"index","follow":"follow","max-snippet":"max-snippet:-1","max-image-preview":"max-image-preview:large","max-video-preview":"max-video-preview:-1"},"canonical":"https:\/\/cpaatlantic.ca\/fr\/so-you-want-to-be-a-cpa\/","og_locale":"en_US","og_type":"article","og_title":"Vous voulez devenir CPA? - CPA Atlantique","og_description":"Consultez notre petite s\u00e9rie d\u2019\u00e9pisodes \u00ab Vous voulez devenir CPA? \u00bb, qui s\u2019applique \u00e0 votre cheminement bien particulier.","og_url":"https:\/\/cpaatlantic.ca\/fr\/so-you-want-to-be-a-cpa\/","og_site_name":"CPA Atlantique","article_modified_time":"2024-02-09T17:36:50+00:00","og_image":[{"width":600,"height":600,"url":"https:\/\/cpaatlantic.ca\/fr\/wp-content\/uploads\/sites\/3\/2022\/07\/cpa-hero-sywtbac.jpg","type":"image\/jpeg"}],"twitter_card":"summary_large_image","twitter_misc":{"Est. reading time":"4 minutes"},"schema":{"@context":"https:\/\/schema.org","@graph":[{"@type":"WebPage","@id":"https:\/\/cpaatlantic.ca\/fr\/so-you-want-to-be-a-cpa\/","url":"https:\/\/cpaatlantic.ca\/fr\/so-you-want-to-be-a-cpa\/","name":"Vous voulez devenir CPA? - CPA Atlantique","isPartOf":{"@id":"https:\/\/cpaatlantic.ca\/fr\/#website"},"primaryImageOfPage":{"@id":"https:\/\/cpaatlantic.ca\/fr\/so-you-want-to-be-a-cpa\/#primaryimage"},"image":{"@id":"https:\/\/cpaatlantic.ca\/fr\/so-you-want-to-be-a-cpa\/#primaryimage"},"thumbnailUrl":"https:\/\/cpaatlantic.ca\/fr\/wp-content\/uploads\/sites\/3\/2022\/07\/cpa-hero-sywtbac.jpg","datePublished":"2022-07-29T04:00:32+00:00","dateModified":"2024-02-09T17:36:50+00:00","description":"Consultez notre petite s\u00e9rie d\u2019\u00e9pisodes \u00ab Vous voulez devenir CPA? \u00bb, qui s\u2019applique \u00e0 votre cheminement bien particulier.","breadcrumb":{"@id":"https:\/\/cpaatlantic.ca\/fr\/so-you-want-to-be-a-cpa\/#breadcrumb"},"inLanguage":"en-US","potentialAction":[{"@type":"ReadAction","target":["https:\/\/cpaatlantic.ca\/fr\/so-you-want-to-be-a-cpa\/"]}]},{"@type":"ImageObject","inLanguage":"en-US","@id":"https:\/\/cpaatlantic.ca\/fr\/so-you-want-to-be-a-cpa\/#primaryimage","url":"https:\/\/cpaatlantic.ca\/fr\/wp-content\/uploads\/sites\/3\/2022\/07\/cpa-hero-sywtbac.jpg","contentUrl":"https:\/\/cpaatlantic.ca\/fr\/wp-content\/uploads\/sites\/3\/2022\/07\/cpa-hero-sywtbac.jpg","width":600,"height":600},{"@type":"BreadcrumbList","@id":"https:\/\/cpaatlantic.ca\/fr\/so-you-want-to-be-a-cpa\/#breadcrumb","itemListElement":[{"@type":"ListItem","position":1,"name":"Home","item":"https:\/\/cpaatlantic.ca\/fr\/"},{"@type":"ListItem","position":2,"name":"Vous voulez devenir CPA?"}]},{"@type":"WebSite","@id":"https:\/\/cpaatlantic.ca\/fr\/#website","url":"https:\/\/cpaatlantic.ca\/fr\/","name":"CPA Atlantique","description":"Devenir CPA","potentialAction":[{"@type":"SearchAction","target":{"@type":"EntryPoint","urlTemplate":"https:\/\/cpaatlantic.ca\/fr\/?s={search_term_string}"},"query-input":{"@type":"PropertyValueSpecification","valueRequired":true,"valueName":"search_term_string"}}],"inLanguage":"en-US"}]}},"_links":{"self":[{"href":"https:\/\/cpaatlantic.ca\/fr\/wp-json\/wp\/v2\/pages\/497","targetHints":{"allow":["GET"]}}],"collection":[{"href":"https:\/\/cpaatlantic.ca\/fr\/wp-json\/wp\/v2\/pages"}],"about":[{"href":"https:\/\/cpaatlantic.ca\/fr\/wp-json\/wp\/v2\/types\/page"}],"author":[{"embeddable":true,"href":"https:\/\/cpaatlantic.ca\/fr\/wp-json\/wp\/v2\/users\/1"}],"replies":[{"embeddable":true,"href":"https:\/\/cpaatlantic.ca\/fr\/wp-json\/wp\/v2\/comments?post=497"}],"version-history":[{"count":60,"href":"https:\/\/cpaatlantic.ca\/fr\/wp-json\/wp\/v2\/pages\/497\/revisions"}],"predecessor-version":[{"id":2128,"href":"https:\/\/cpaatlantic.ca\/fr\/wp-json\/wp\/v2\/pages\/497\/revisions\/2128"}],"wp:featuredmedia":[{"embeddable":true,"href":"https:\/\/cpaatlantic.ca\/fr\/wp-json\/wp\/v2\/media\/498"}],"wp:attachment":[{"href":"https:\/\/cpaatlantic.ca\/fr\/wp-json\/wp\/v2\/media?parent=497"}],"curies":[{"name":"wp","href":"https:\/\/api.w.org\/{rel}","templated":true}]}}