{"id":507,"date":"2022-08-02T10:09:47","date_gmt":"2022-08-02T13:09:47","guid":{"rendered":"https:\/\/cpaa.careercolleges.ca\/fr\/?page_id=507"},"modified":"2026-04-14T15:16:00","modified_gmt":"2026-04-14T18:16:00","slug":"board-of-directors-and-staff","status":"publish","type":"page","link":"https:\/\/cpaatlantic.ca\/fr\/board-of-directors-and-staff\/","title":{"rendered":"Conseil d\u2019administration et personnel de CPA Atlantique"},"content":{"rendered":"\n<p><strong>L\u2019\u00c9cole de gestion CPA Atlantique est dirig\u00e9e par un groupe divers de sp\u00e9cialistes professionnels du Canada atlantique et des Bermudes.<\/strong><\/p>\n\n\n\n<p>\u200b<\/p>\n\n\n\n<h2 class=\"wp-block-heading small-hl\">Conseil d\u2019administration<\/h2>\n\n\n\n<p><\/p>\n\n\n\n<ul class=\"wp-block-list\">\n<li><strong>Jason Hillyard, CPA,<strong> CGA<\/strong>, <\/strong>Pr\u00e9sidente <\/li>\n\n\n\n<li><strong>Heather Thomas, CPA, CFE, CGMA<\/strong>, Vice-Pr\u00e9sidente<\/li>\n\n\n\n<li><strong>Tanya O&#8217;Brien, CPA, CA<\/strong>, Tr\u00e9sori\u00e8r<\/li>\n\n\n\n<li><strong>Patricia Towler, BA, JD, LLM, CIC<\/strong><\/li>\n\n\n\n<li><strong>Tania Morris, D.Sc., CPA<\/strong><\/li>\n\n\n\n<li><strong>Jozelle Opoku,<\/strong>&nbsp;<strong>CPA, CA<\/strong><\/li>\n\n\n\n<li><strong>Myl\u00e8ne Lapierre, CPA, CA, CFE, EMBA, FCG, Pro.Dir., PLC<\/strong><\/li>\n\n\n\n<li><strong>Katie Hoskins,<\/strong>&nbsp;<strong>CPA, CA<\/strong><\/li>\n\n\n\n<li><strong>Amy MacFarlane,<\/strong>&nbsp;<strong>CPA, CA, ICD.D<\/strong><\/li>\n\n\n\n<li><strong>Theresa Donaldson, CPA<\/strong><\/li>\n<\/ul>\n\n\n\n<p>\u200b<\/p>\n\n\n\n<h2 class=\"wp-block-heading small-hl\">\u200b\u00c9quipe de gestion<\/h2>\n\n\n\n<ul class=\"wp-block-list\">\n<li><strong><strong>Andr\u00e9 Bellefeuille, CPA, CMA,<\/strong><\/strong> Pr\u00e9sident et Directeur G\u00e9n\u00e9ral<\/li>\n\n\n\n<li><strong>Kathleen Brown,<\/strong> <strong>RISIA,<\/strong> Directeur principal, Performance d\u2019entreprise et innovation<\/li>\n\n\n\n<li><strong>Matthew Colavecchia, CPA, CA,&nbsp;<\/strong>Directeur, Services corporatifs<\/li>\n\n\n\n<li><strong>Heather Brewer, MBA, PMP,<\/strong> Directrice, Croissance et relations avec les parties prenantes<\/li>\n\n\n\n<li><strong>Paul Cantelo<\/strong>,<strong> M.Ed.,<\/strong> Directeur des programmes et registraire<\/li>\n<\/ul>\n\n\n\n<p>\u200b<\/p>\n\n\n\n<h2 class=\"wp-block-heading small-hl\">Marketing, d\u00e9veloppement des affaires et recrutement<\/h2>\n\n\n\n<ul class=\"wp-block-list\">\n<li><strong><strong>Heather Gillis,<\/strong> CM,<\/strong> gestionnaire du marketing<\/li>\n\n\n\n<li><strong>Camille Ferland, <\/strong>conseill\u00e8re principale au recrutement des \u00e9tudiants (Nouveau-Brunswick et \u00cele-du-Prince-\u00c9douard)<\/li>\n\n\n\n<li><strong><strong><strong>Ruth Shelton,<\/strong><\/strong> <\/strong>conseill\u00e8re au recrutement des \u00e9tudiants (Nouvelle-\u00c9cosse) \u200b<\/li>\n\n\n\n<li><strong>Elizabeth Allen, MBA,<\/strong> conseill\u00e8re au recrutement des \u00e9tudiants (Terre-Neuve-et-Labrador et les Bermudes)<\/li>\n<\/ul>\n\n\n\n<p>\u200b<\/p>\n\n\n\n<h2 class=\"wp-block-heading small-hl\">Inscriptions et services pr\u00e9alables \u00e0 l\u2019obtention du titre<\/h2>\n\n\n\n<ul class=\"wp-block-list\">\n<li><strong>Leslie Murphy, M.Ed.<\/strong>, gestionnaire des services aux \u00e9tudiants<\/li>\n\n\n\n<li><strong>Carolyn St-Amand<\/strong>,&nbsp;<strong>M.Ed.<\/strong>&nbsp;gestionnaire, Strat\u00e9gies et soutien aux apprenants<\/li>\n\n\n\n<li>\u200b<strong>Britt Hannon,<\/strong> gestionnaire, prestation de programmes<\/li>\n\n\n\n<li><strong>Michelle Johnson,<\/strong> gestionnaire, examens<\/li>\n\n\n\n<li><strong>Krystyn Bauld<\/strong>, gestionnaire, analyses de la performance et projets strat\u00e9giques (Actuellement en cong\u00e9)<\/li>\n\n\n\n<li><strong>Matthew Hiltz<\/strong>, chef, technologies et systems de donn\u00e9es<\/li>\n\n\n\n<li><strong>Kylie Connors, <\/strong>adjointe au registraire, Admissions<\/li>\n\n\n\n<li><strong><strong>Farhana Rahman, MBA,<\/strong> <\/strong>coordinatrice d\u2019inscription<\/li>\n<\/ul>\n\n\n\n<p>\u200b<\/p>\n\n\n\n<h2 class=\"wp-block-heading small-hl\">\u200bD\u2019exp\u00e9rience pratique<\/h2>\n\n\n\n<ul class=\"wp-block-list\">\n<li>\u200b<strong>Wenjing Zhang-Farrell, CPA<\/strong>, gestionnaire, exp\u00e9rience pratique<\/li>\n\n\n\n<li><strong>Theresa Theriault<\/strong>, conseill\u00e8re principale en exp\u00e9rience pratique<\/li>\n<\/ul>\n\n\n\n<p>\u200b<\/p>\n\n\n\n<h2 class=\"wp-block-heading small-hl\">Services g\u00e9n\u00e9raux<\/h2>\n\n\n\n<ul class=\"wp-block-list\">\n<li><strong>Leah Warner,<\/strong> assistante services corporatifs<\/li>\n<\/ul>\n","protected":false},"excerpt":{"rendered":"<p>L\u2019\u00c9cole de gestion CPA Atlantique est dirig\u00e9e par un groupe divers de sp\u00e9cialistes professionnels du Canada atlantique et des Bermudes. \u200b Conseil d\u2019administration \u200b &#8230;<\/p>\n","protected":false},"author":3,"featured_media":657,"parent":0,"menu_order":0,"comment_status":"closed","ping_status":"closed","template":"","meta":{"_acf_changed":false,"footnotes":""},"class_list":["post-507","page","type-page","status-publish","has-post-thumbnail","hentry"],"acf":[],"yoast_head":"<!-- This site is optimized with the Yoast SEO plugin v27.4 - https:\/\/yoast.com\/product\/yoast-seo-wordpress\/ -->\n<title>Conseil d\u2019administration et personnel de CPA Atlantique - CPA Atlantique<\/title>\n<meta name=\"description\" content=\"Le conseil d\u2019administration de l\u2019\u00c9cole de gestion CPA Atlantique et le personnel de CPA Atlantique.\" \/>\n<meta name=\"robots\" content=\"index, follow, max-snippet:-1, max-image-preview:large, max-video-preview:-1\" \/>\n<link rel=\"canonical\" href=\"https:\/\/cpaatlantic.ca\/fr\/board-of-directors-and-staff\/\" \/>\n<meta property=\"og:locale\" content=\"en_US\" \/>\n<meta property=\"og:type\" content=\"article\" \/>\n<meta property=\"og:title\" content=\"Conseil d\u2019administration et personnel de CPA Atlantique - CPA Atlantique\" \/>\n<meta property=\"og:description\" content=\"Le conseil d\u2019administration de l\u2019\u00c9cole de gestion CPA Atlantique et le personnel de CPA Atlantique.\" \/>\n<meta property=\"og:url\" content=\"https:\/\/cpaatlantic.ca\/fr\/board-of-directors-and-staff\/\" \/>\n<meta property=\"og:site_name\" content=\"CPA Atlantique\" \/>\n<meta property=\"article:modified_time\" content=\"2026-04-14T18:16:00+00:00\" \/>\n<meta property=\"og:image\" content=\"https:\/\/cpaatlantic.ca\/fr\/wp-content\/uploads\/sites\/3\/2022\/08\/members-2.jpg\" \/>\n\t<meta property=\"og:image:width\" content=\"925\" \/>\n\t<meta property=\"og:image:height\" content=\"600\" \/>\n\t<meta property=\"og:image:type\" content=\"image\/jpeg\" \/>\n<meta name=\"twitter:card\" content=\"summary_large_image\" \/>\n<meta name=\"twitter:label1\" content=\"Est. reading time\" \/>\n\t<meta name=\"twitter:data1\" content=\"2 minutes\" \/>\n<script type=\"application\/ld+json\" class=\"yoast-schema-graph\">{\"@context\":\"https:\\\/\\\/schema.org\",\"@graph\":[{\"@type\":\"WebPage\",\"@id\":\"https:\\\/\\\/cpaatlantic.ca\\\/fr\\\/board-of-directors-and-staff\\\/\",\"url\":\"https:\\\/\\\/cpaatlantic.ca\\\/fr\\\/board-of-directors-and-staff\\\/\",\"name\":\"Conseil d\u2019administration et personnel de CPA Atlantique - CPA Atlantique\",\"isPartOf\":{\"@id\":\"https:\\\/\\\/cpaatlantic.ca\\\/fr\\\/#website\"},\"primaryImageOfPage\":{\"@id\":\"https:\\\/\\\/cpaatlantic.ca\\\/fr\\\/board-of-directors-and-staff\\\/#primaryimage\"},\"image\":{\"@id\":\"https:\\\/\\\/cpaatlantic.ca\\\/fr\\\/board-of-directors-and-staff\\\/#primaryimage\"},\"thumbnailUrl\":\"https:\\\/\\\/cpaatlantic.ca\\\/fr\\\/wp-content\\\/uploads\\\/sites\\\/3\\\/2022\\\/08\\\/members-2.jpg\",\"datePublished\":\"2022-08-02T13:09:47+00:00\",\"dateModified\":\"2026-04-14T18:16:00+00:00\",\"description\":\"Le conseil d\u2019administration de l\u2019\u00c9cole de gestion CPA Atlantique et le personnel de CPA Atlantique.\",\"breadcrumb\":{\"@id\":\"https:\\\/\\\/cpaatlantic.ca\\\/fr\\\/board-of-directors-and-staff\\\/#breadcrumb\"},\"inLanguage\":\"en-US\",\"potentialAction\":[{\"@type\":\"ReadAction\",\"target\":[\"https:\\\/\\\/cpaatlantic.ca\\\/fr\\\/board-of-directors-and-staff\\\/\"]}]},{\"@type\":\"ImageObject\",\"inLanguage\":\"en-US\",\"@id\":\"https:\\\/\\\/cpaatlantic.ca\\\/fr\\\/board-of-directors-and-staff\\\/#primaryimage\",\"url\":\"https:\\\/\\\/cpaatlantic.ca\\\/fr\\\/wp-content\\\/uploads\\\/sites\\\/3\\\/2022\\\/08\\\/members-2.jpg\",\"contentUrl\":\"https:\\\/\\\/cpaatlantic.ca\\\/fr\\\/wp-content\\\/uploads\\\/sites\\\/3\\\/2022\\\/08\\\/members-2.jpg\",\"width\":925,\"height\":600},{\"@type\":\"BreadcrumbList\",\"@id\":\"https:\\\/\\\/cpaatlantic.ca\\\/fr\\\/board-of-directors-and-staff\\\/#breadcrumb\",\"itemListElement\":[{\"@type\":\"ListItem\",\"position\":1,\"name\":\"Home\",\"item\":\"https:\\\/\\\/cpaatlantic.ca\\\/fr\\\/\"},{\"@type\":\"ListItem\",\"position\":2,\"name\":\"Conseil d\u2019administration et personnel de CPA Atlantique\"}]},{\"@type\":\"WebSite\",\"@id\":\"https:\\\/\\\/cpaatlantic.ca\\\/fr\\\/#website\",\"url\":\"https:\\\/\\\/cpaatlantic.ca\\\/fr\\\/\",\"name\":\"CPA Atlantique\",\"description\":\"Devenir CPA\",\"potentialAction\":[{\"@type\":\"SearchAction\",\"target\":{\"@type\":\"EntryPoint\",\"urlTemplate\":\"https:\\\/\\\/cpaatlantic.ca\\\/fr\\\/?s={search_term_string}\"},\"query-input\":{\"@type\":\"PropertyValueSpecification\",\"valueRequired\":true,\"valueName\":\"search_term_string\"}}],\"inLanguage\":\"en-US\"}]}<\/script>\n<!-- \/ Yoast SEO plugin. -->","yoast_head_json":{"title":"Conseil d\u2019administration et personnel de CPA Atlantique - CPA Atlantique","description":"Le conseil d\u2019administration de l\u2019\u00c9cole de gestion CPA Atlantique et le personnel de CPA Atlantique.","robots":{"index":"index","follow":"follow","max-snippet":"max-snippet:-1","max-image-preview":"max-image-preview:large","max-video-preview":"max-video-preview:-1"},"canonical":"https:\/\/cpaatlantic.ca\/fr\/board-of-directors-and-staff\/","og_locale":"en_US","og_type":"article","og_title":"Conseil d\u2019administration et personnel de CPA Atlantique - CPA Atlantique","og_description":"Le conseil d\u2019administration de l\u2019\u00c9cole de gestion CPA Atlantique et le personnel de CPA Atlantique.","og_url":"https:\/\/cpaatlantic.ca\/fr\/board-of-directors-and-staff\/","og_site_name":"CPA Atlantique","article_modified_time":"2026-04-14T18:16:00+00:00","og_image":[{"width":925,"height":600,"url":"https:\/\/cpaatlantic.ca\/fr\/wp-content\/uploads\/sites\/3\/2022\/08\/members-2.jpg","type":"image\/jpeg"}],"twitter_card":"summary_large_image","twitter_misc":{"Est. reading time":"2 minutes"},"schema":{"@context":"https:\/\/schema.org","@graph":[{"@type":"WebPage","@id":"https:\/\/cpaatlantic.ca\/fr\/board-of-directors-and-staff\/","url":"https:\/\/cpaatlantic.ca\/fr\/board-of-directors-and-staff\/","name":"Conseil d\u2019administration et personnel de CPA Atlantique - CPA Atlantique","isPartOf":{"@id":"https:\/\/cpaatlantic.ca\/fr\/#website"},"primaryImageOfPage":{"@id":"https:\/\/cpaatlantic.ca\/fr\/board-of-directors-and-staff\/#primaryimage"},"image":{"@id":"https:\/\/cpaatlantic.ca\/fr\/board-of-directors-and-staff\/#primaryimage"},"thumbnailUrl":"https:\/\/cpaatlantic.ca\/fr\/wp-content\/uploads\/sites\/3\/2022\/08\/members-2.jpg","datePublished":"2022-08-02T13:09:47+00:00","dateModified":"2026-04-14T18:16:00+00:00","description":"Le conseil d\u2019administration de l\u2019\u00c9cole de gestion CPA Atlantique et le personnel de CPA Atlantique.","breadcrumb":{"@id":"https:\/\/cpaatlantic.ca\/fr\/board-of-directors-and-staff\/#breadcrumb"},"inLanguage":"en-US","potentialAction":[{"@type":"ReadAction","target":["https:\/\/cpaatlantic.ca\/fr\/board-of-directors-and-staff\/"]}]},{"@type":"ImageObject","inLanguage":"en-US","@id":"https:\/\/cpaatlantic.ca\/fr\/board-of-directors-and-staff\/#primaryimage","url":"https:\/\/cpaatlantic.ca\/fr\/wp-content\/uploads\/sites\/3\/2022\/08\/members-2.jpg","contentUrl":"https:\/\/cpaatlantic.ca\/fr\/wp-content\/uploads\/sites\/3\/2022\/08\/members-2.jpg","width":925,"height":600},{"@type":"BreadcrumbList","@id":"https:\/\/cpaatlantic.ca\/fr\/board-of-directors-and-staff\/#breadcrumb","itemListElement":[{"@type":"ListItem","position":1,"name":"Home","item":"https:\/\/cpaatlantic.ca\/fr\/"},{"@type":"ListItem","position":2,"name":"Conseil d\u2019administration et personnel de CPA Atlantique"}]},{"@type":"WebSite","@id":"https:\/\/cpaatlantic.ca\/fr\/#website","url":"https:\/\/cpaatlantic.ca\/fr\/","name":"CPA Atlantique","description":"Devenir CPA","potentialAction":[{"@type":"SearchAction","target":{"@type":"EntryPoint","urlTemplate":"https:\/\/cpaatlantic.ca\/fr\/?s={search_term_string}"},"query-input":{"@type":"PropertyValueSpecification","valueRequired":true,"valueName":"search_term_string"}}],"inLanguage":"en-US"}]}},"_links":{"self":[{"href":"https:\/\/cpaatlantic.ca\/fr\/wp-json\/wp\/v2\/pages\/507","targetHints":{"allow":["GET"]}}],"collection":[{"href":"https:\/\/cpaatlantic.ca\/fr\/wp-json\/wp\/v2\/pages"}],"about":[{"href":"https:\/\/cpaatlantic.ca\/fr\/wp-json\/wp\/v2\/types\/page"}],"author":[{"embeddable":true,"href":"https:\/\/cpaatlantic.ca\/fr\/wp-json\/wp\/v2\/users\/3"}],"replies":[{"embeddable":true,"href":"https:\/\/cpaatlantic.ca\/fr\/wp-json\/wp\/v2\/comments?post=507"}],"version-history":[{"count":56,"href":"https:\/\/cpaatlantic.ca\/fr\/wp-json\/wp\/v2\/pages\/507\/revisions"}],"predecessor-version":[{"id":3085,"href":"https:\/\/cpaatlantic.ca\/fr\/wp-json\/wp\/v2\/pages\/507\/revisions\/3085"}],"wp:featuredmedia":[{"embeddable":true,"href":"https:\/\/cpaatlantic.ca\/fr\/wp-json\/wp\/v2\/media\/657"}],"wp:attachment":[{"href":"https:\/\/cpaatlantic.ca\/fr\/wp-json\/wp\/v2\/media?parent=507"}],"curies":[{"name":"wp","href":"https:\/\/api.w.org\/{rel}","templated":true}]}}