{"id":670,"date":"2022-08-03T17:44:42","date_gmt":"2022-08-03T20:44:42","guid":{"rendered":"https:\/\/cpaa.careercolleges.ca\/fr\/?page_id=670"},"modified":"2022-10-31T11:42:58","modified_gmt":"2022-10-31T14:42:58","slug":"privacy-policy","status":"publish","type":"page","link":"https:\/\/cpaatlantic.ca\/fr\/privacy-policy\/","title":{"rendered":"D\u00e9claration de confidentialit\u00e9"},"content":{"rendered":"\n<h2 class=\"wp-block-heading\">Politique sur la protection de la vie priv\u00e9e<\/h2>\n\n\n\n<p>1.0 D\u00e9claration de confidentialit\u00e9<\/p>\n\n\n\n<p><strong>1.1<\/strong>&nbsp;L&#8217;Association CPA Atlantic School of Business (\u00abCPA Atlantic School\u00bb ou \u00abCPA ASB\u00bb) s&#8217;engage \u00e0 prot\u00e9ger votre vie priv\u00e9e car les renseignements personnels sont recueillis aupr\u00e8s de ses \u00e9tudiants, candidats, employ\u00e9s et autres dans le cours normal des affaires. Cette d\u00e9claration de confidentialit\u00e9 (ou \u00abd\u00e9claration\u00bb) s&#8217;applique \u00e0 l&#8217;\u00e9cole CPA Atlantic et r\u00e9git la collecte et l&#8217;utilisation des donn\u00e9es.<\/p>\n\n\n\n<p><strong>1.2<\/strong>&nbsp;En acceptant d&#8217;utiliser le site Web de l&#8217;\u00c9cole CPA Atlantique pour acc\u00e9der \u00e0 de l&#8217;information ou t\u00e9l\u00e9charger des formulaires tels que, mais sans s&#8217;y limiter, une \u00e9valuation de relev\u00e9 de notes ou un formulaire d&#8217;inscription, vous consentez aux pratiques de donn\u00e9es d\u00e9crites dans la pr\u00e9sente d\u00e9claration.<\/p>\n\n\n\n<p>2.0 Quelles informations personnelles collectez-vous \u00e0 mon sujet?<\/p>\n\n\n\n<p><strong>2.1<\/strong>&nbsp;L&#8217;\u00c9cole CPA Atlantique recueille les renseignements personnels suivants: votre adresse \u00e9lectronique, votre nom, votre adresse personnelle ou professionnelle ou votre num\u00e9ro de t\u00e9l\u00e9phone et votre code postal. CPA Atlantic School recueille \u00e9galement d&#8217;autres informations d\u00e9mographiques telles que votre \u00e2ge et votre sexe, les informations soumises dans votre candidature et des informations sur votre travail et vos performances pendant votre inscription \u00e0 CPA ASB.<\/p>\n\n\n\n<p><strong>2.2<\/strong>&nbsp;Lorsque vous visitez le site Web de l\u2019\u00c9cole CPA Atlantique, des informations sur votre mat\u00e9riel informatique et vos logiciels sont automatiquement recueillies par l\u2019\u00c9cole CPA Atlantique.<\/p>\n\n\n\n<p><strong>2.3<\/strong>&nbsp;Le serveur Web collecte et stocke automatiquement certaines informations dans les journaux du serveur et, en outre, des cookies sont \u00e9galement utilis\u00e9s pour suivre la session de votre site Web. Cela comprend les informations sur les \u00e9v\u00e9nements de l&#8217;appareil telles que les pannes, l&#8217;activit\u00e9 du syst\u00e8me, le syst\u00e8me d&#8217;exploitation utilis\u00e9 et le type et la version du navigateur utilis\u00e9, l&#8217;adresse IP et le domaine que vous avez utilis\u00e9s pour acc\u00e9der \u00e0 notre site Web, le nombre, la dur\u00e9e et la fr\u00e9quence des visites sur notre site Web et le site Web d&#8217;o\u00f9 vous venez et toutes les pages que vous avez consult\u00e9es. Aucune information personnelle identifiable n&#8217;est stock\u00e9e.<\/p>\n\n\n\n<p><strong>2.4<\/strong>&nbsp;Cette information est utilis\u00e9e par l&#8217;\u00c9cole CPA Atlantique pour le fonctionnement du service, pour maintenir la qualit\u00e9 du service et pour fournir des statistiques g\u00e9n\u00e9rales sur l&#8217;utilisation du site Web de l&#8217;\u00c9cole CPA Atlantique.<\/p>\n\n\n\n<p>\u200b<\/p>\n\n\n\n<p>3.0 Comment utilisez-vous ces informations?<\/p>\n\n\n\n<p><strong>3.1<\/strong>&nbsp;L&#8217;\u00c9cole CPA Atlantique recueille et utilise vos renseignements personnels pour fournir les services que vous avez demand\u00e9s. Votre consentement est obtenu au moment de la collecte des informations personnelles. Ces utilisations incluent, mais sans s&#8217;y limiter, les suivantes:<\/p>\n\n\n\n<p>\u2022 fournir des services aux \u00e9tudiants et aux candidats,<\/p>\n\n\n\n<p>\u2022 d&#8217;employer des employ\u00e9s ou des entrepreneurs potentiels,<\/p>\n\n\n\n<p>\u2022 pour l&#8217;achat de produits ou services,<\/p>\n\n\n\n<p>\u2022 \u00e0 des fins de marketing et de promotion, informer sur les produits ou services de l&#8217;\u00c9cole CPA Atlantique,<\/p>\n\n\n\n<p>\u2022 r\u00e9pondre aux demandes de renseignements et communiquer avec les \u00e9tudiants, les candidats et autres.<\/p>\n\n\n\n<p>CPA ASB fournit certains services au nom des associations CPA du Canada atlantique et des Bermudes, et recueillera des renseignements personnels aupr\u00e8s de ces associations ou divulguera des renseignements personnels limit\u00e9s \u00e0 ces associations pour l&#8217;ex\u00e9cution de ces services. Les \u00e9tudiants et les candidats doivent consulter la politique de confidentialit\u00e9 de leur association concern\u00e9e. De m\u00eame, CPA ASB fournit certains services pour CPA Canada et utilise CPA Canada comme fournisseur de services. Par cons\u00e9quent, nous pouvons transf\u00e9rer des renseignements personnels \u00e0 CPA Canada pour l\u2019ex\u00e9cution de ces services ou divulguer des renseignements personnels \u00e0 CPA Canada pour soutenir la relation des \u00e9tudiants et des candidats avec CPA Canada. Les \u00e9tudiants et les candidats doivent consulter la politique de confidentialit\u00e9 de CPA Canada.<\/p>\n\n\n\n<p>CPA Atlantic School ne vend pas, ne loue ni ne loue ses listes de prospects, d&#8217;\u00e9tudiants ou de candidats \u00e0 des tiers. L&#8217;\u00c9cole CPA Atlantique peut, de temps \u00e0 autre, vous contacter au nom de partenaires commerciaux externes au sujet d&#8217;une offre particuli\u00e8re qui pourrait vous int\u00e9resser. Dans ces cas, vos informations personnellement identifiables (e-mail, nom, adresse, num\u00e9ro de t\u00e9l\u00e9phone) ne sont pas transf\u00e9r\u00e9es au tiers.<\/p>\n\n\n\n<p>De plus, CPA Atlantic School peut partager des donn\u00e9es avec des partenaires de confiance pour l&#8217;aider \u00e0 effectuer des analyses statistiques, vous envoyer des courriels ou des courriers postaux, fournir un soutien \u00e0 la client\u00e8le ou organiser les livraisons. Il est interdit \u00e0 tous ces tiers d&#8217;utiliser vos renseignements personnels, sauf pour fournir ces services \u00e0 l&#8217;\u00c9cole CPA Atlantique et ils sont tenus de maintenir la confidentialit\u00e9 de vos renseignements.<\/p>\n\n\n\n<p>Si vous r\u00e9pondez aux opportunit\u00e9s de carri\u00e8re affich\u00e9es sur le site Web de l\u2019\u00c9cole CPA Atlantique, l\u2019\u00c9cole CPA Atlantique peut utiliser et divulguer vos renseignements personnels pour administrer et traiter votre demande d\u2019emploi. L&#8217;\u00c9cole CPA Atlantique fait le suivi des sites Web et des pages que nos clients visitent sur notre site Web afin de d\u00e9terminer quels services sont les plus populaires. Ces donn\u00e9es sont utilis\u00e9es pour offrir du contenu et de la publicit\u00e9 personnalis\u00e9s au sein de l&#8217;\u00e9cole CPA Atlantic aux clients dont le comportement indique qu&#8217;ils sont int\u00e9ress\u00e9s par un domaine particulier.<\/p>\n\n\n\n<p>L&#8217;\u00c9cole CPA Atlantique divulguera vos renseignements personnels, sans pr\u00e9avis, uniquement si la loi l&#8217;exige.<\/p>\n\n\n\n<p>CPA Atlantic School conservera vos renseignements personnels pendant la dur\u00e9e n\u00e9cessaire pour atteindre les objectifs d\u00e9crits dans la pr\u00e9sente d\u00e9claration de confidentialit\u00e9 ou pendant toute p\u00e9riode de conservation plus longue qui peut \u00eatre requise ou autoris\u00e9e par la loi applicable.<\/p>\n\n\n\n<p>Vous pouvez demander l\u2019acc\u00e8s \u00e0 vos renseignements personnels et aux renseignements sur la collecte, l\u2019utilisation, la divulgation et la conservation de ces renseignements par l\u2019\u00c9cole CPA Atlantique en envoyant votre demande au responsable de la protection de la vie priv\u00e9e de l\u2019\u00c9cole CPA Atlantique en utilisant les coordonn\u00e9es ci-dessous. Sous r\u00e9serve des exceptions et limitations applicables prescrites par la loi, vous aurez un acc\u00e8s raisonnable \u00e0 vos informations personnelles et serez en droit de contester l&#8217;exactitude et l&#8217;exhaustivit\u00e9 des informations et de les faire modifier le cas \u00e9ch\u00e9ant.<\/p>\n\n\n\n<p>\u200b<\/p>\n\n\n\n<p>4.0 Comment obtenez-vous mon consentement?<\/p>\n\n\n\n<p><strong>4.1<\/strong>&nbsp;Au moment ou avant le moment o\u00f9 les renseignements personnels sont recueillis, CPA ASB vous informera des fins \u00e0 moins que ces fins ne soient \u00e9videntes dans les circonstances. Lorsque vous fournissez \u00e0 l&#8217;\u00c9cole CPA Atlantique des renseignements personnels pour initier ou terminer une transaction commerciale, l&#8217;\u00c9cole CPA Atlantique suppose que vous consentez \u00e0 ce qu&#8217;elle recueille et utilise les renseignements personnels uniquement pour cette raison pr\u00e9cise.<\/p>\n\n\n\n<p><strong>4.2<\/strong>&nbsp;Si l&#8217;\u00c9cole CPA Atlantique vous demande des renseignements personnels pour une raison secondaire, comme le marketing, elle vous demandera directement votre consentement ou vous donnera l&#8217;occasion de dire non. Dire non s&#8217;appelle se d\u00e9sinscrire. En vous d\u00e9sinscrivant, vous pouvez dire \u00e0 l&#8217;\u00c9cole CPA Atlantique de ne pas collecter l&#8217;information et \/ ou de ne pas la partager avec d&#8217;autres organisations.<\/p>\n\n\n\n<p>5.0 Communications \u00e9lectroniques<\/p>\n\n\n\n<p><strong>5.1<\/strong>&nbsp;Le courrier \u00e9lectronique est le principal moyen de communication entre le CPA ASB et les \u00e9tudiants. Vous ne pouvez pas d\u00e9sactiver les messages obligatoires li\u00e9s au programme. Vous pourrez peut-\u00eatre vous d\u00e9sinscrire des communications facultatives de l&#8217;\u00c9cole CPA Atlantique en s\u00e9lectionnant l&#8217;option \u00abd\u00e9sabonnement\u00bb au bas de tous les envois \u00e9lectroniques. De m\u00eame, vous pouvez nous envoyer un e-mail directement ou simplement ajuster les pr\u00e9f\u00e9rences de votre navigateur Web.<\/p>\n\n\n\n<p>6.0 Comment prot\u00e9geons-nous les informations personnelles?<\/p>\n\n\n\n<p><strong>6.1<\/strong>&nbsp;L&#8217;\u00c9cole CPA Atlantique fait tous les efforts raisonnables pour s&#8217;assurer que les renseignements personnels sont exacts et complets. L&#8217;\u00c9cole CPA Atlantique se fie aux individus pour l&#8217;aviser en cas de modification de leurs renseignements personnels pouvant affecter leur relation avec l&#8217;organisation. Si vous \u00eates au courant d\u2019une erreur dans les informations de CPA Atlantic School vous concernant, veuillez en informer l\u2019\u00e9cole CPA Atlantic et elle sera corrig\u00e9e sur demande dans la mesure du possible. Dans certains cas, CPA Atlantic School peut demander une demande \u00e9crite de correction.<\/p>\n\n\n\n<p>\u200b<\/p>\n\n\n\n<p><strong>6.2<\/strong>&nbsp;L&#8217;\u00c9cole CPA Atlantique prot\u00e9gera les renseignements personnels d&#8217;une mani\u00e8re appropri\u00e9e \u00e0 la sensibilit\u00e9 de l&#8217;information. L&#8217;\u00c9cole CPA Atlantic d\u00e9ploie tous les efforts raisonnables pour emp\u00eacher toute perte, utilisation abusive, divulgation ou modification de renseignements personnels, ainsi que tout acc\u00e8s non autoris\u00e9 aux renseignements personnels. L&#8217;\u00c9cole CPA Atlantic utilise des mesures de s\u00e9curit\u00e9 appropri\u00e9es lors de la destruction des renseignements personnels, y compris le d\u00e9chiquetage des dossiers papier et la suppression d\u00e9finitive des dossiers \u00e9lectroniques.<\/p>\n\n\n\n<p><strong>6.3<\/strong>&nbsp;Dans leurs diverses capacit\u00e9s de travail, tous les employ\u00e9s de l\u2019\u00c9cole CPA Atlantique peuvent avoir acc\u00e8s au dossier de l\u2019\u00e9tudiant. Tous les employ\u00e9s de l\u2019\u00e9cole CPA Atlantique sont tenus de signer le code de conduite et l\u2019entente sur les droits de propri\u00e9t\u00e9 intellectuelle de l\u2019\u00e9cole CPA Atlantique qui, entre autres principes, couvre la confidentialit\u00e9 et la confidentialit\u00e9 des informations.<\/p>\n\n\n\n<p>7.0 Modifications de cette d\u00e9claration<\/p>\n\n\n\n<p><strong>7.1<\/strong>&nbsp;L\u2019\u00c9cole CPA Atlantique peut mettre \u00e0 jour cette d\u00e9claration de confidentialit\u00e9 de temps \u00e0 autre en affichant une nouvelle version de cette d\u00e9claration sur le site Web de l\u2019\u00c9cole CPA Atlantique \u00e0&nbsp;<a href=\"http:\/\/www.cpaatlantic.ca\/\" target=\"_blank\" rel=\"noreferrer noopener\">www.cpaatlantic.ca<\/a>. La collecte, l\u2019utilisation, la divulgation et la conservation de vos renseignements personnels par l\u2019\u00c9cole CPA Atlantic seront r\u00e9gies par la version de la pr\u00e9sente d\u00e9claration de confidentialit\u00e9 en vigueur \u00e0 ce moment-l\u00e0. Votre association continue avec l&#8217;\u00c9cole CPA Atlantique \u00e0 la suite de tout changement \u00e0 la pr\u00e9sente d\u00e9claration de confidentialit\u00e9 signifiera votre consentement \u00e0 la collecte, \u00e0 l&#8217;utilisation, \u00e0 la divulgation et \u00e0 la conservation de vos renseignements personnels conform\u00e9ment \u00e0 la nouvelle d\u00e9claration de confidentialit\u00e9. En cons\u00e9quence, vous devriez v\u00e9rifier la date de \u00abderni\u00e8re mise \u00e0 jour\u00bb de cette d\u00e9claration de confidentialit\u00e9 (au bas de la page) et examiner les changements depuis la derni\u00e8re version.<\/p>\n\n\n\n<p>8.0 Comment obtenir plus d&#8217;informations?<\/p>\n\n\n\n<p><strong>8.1<\/strong>&nbsp;Le personnel de l&#8217;\u00c9cole CPA Atlantique se fera un plaisir de r\u00e9pondre \u00e0 toutes vos questions concernant vos renseignements personnels. Si vous souhaitez plus d&#8217;informations sur les politiques de l&#8217;\u00c9cole CPA Atlantique, ou si vous souhaitez voir exactement quelles informations personnelles l&#8217;\u00c9cole CPA Atlantique d\u00e9tient dans ses dossiers, ou si vous souhaitez d\u00e9poser une plainte, veuillez contacter:<\/p>\n\n\n\n<p>Responsable de la confidentialit\u00e9<\/p>\n\n\n\n<p>\u00c9cole de gestion CPA Atlantique<\/p>\n\n\n\n<p>Bureau 5005, 7071 Bayers Road Halifax NS B3L 2C2 CANADA<\/p>\n\n\n\n<p>Courriel:&nbsp;<a href=\"mailto:privacyofficer@cpaatlantic.ca\">privacyofficer@cpaatlantic.ca<\/a><\/p>\n\n\n\n<p>Le document est \u00e0 jour au 24 septembre 2020<\/p>\n","protected":false},"excerpt":{"rendered":"<p>Politique sur la protection de la vie priv\u00e9e 1.0 D\u00e9claration de confidentialit\u00e9 1.1&nbsp;L&#8217;Association CPA Atlantic School of Business (\u00abCPA Atlantic School\u00bb ou \u00abCPA ASB\u00bb) &#8230;<\/p>\n","protected":false},"author":3,"featured_media":0,"parent":0,"menu_order":0,"comment_status":"closed","ping_status":"closed","template":"","meta":{"_acf_changed":false,"footnotes":""},"class_list":["post-670","page","type-page","status-publish","hentry"],"acf":[],"yoast_head":"<!-- This site is optimized with the Yoast SEO plugin v27.4 - https:\/\/yoast.com\/product\/yoast-seo-wordpress\/ -->\n<title>D\u00e9claration de confidentialit\u00e9 - CPA Atlantique<\/title>\n<meta name=\"robots\" content=\"index, follow, max-snippet:-1, max-image-preview:large, max-video-preview:-1\" \/>\n<link rel=\"canonical\" href=\"https:\/\/cpaatlantic.ca\/fr\/privacy-policy\/\" \/>\n<meta property=\"og:locale\" content=\"en_US\" \/>\n<meta property=\"og:type\" content=\"article\" \/>\n<meta property=\"og:title\" content=\"D\u00e9claration de confidentialit\u00e9 - CPA Atlantique\" \/>\n<meta property=\"og:description\" content=\"Politique sur la protection de la vie priv\u00e9e 1.0 D\u00e9claration de confidentialit\u00e9 1.1&nbsp;L&#8217;Association CPA Atlantic School of Business (\u00abCPA Atlantic School\u00bb ou \u00abCPA ASB\u00bb) ...\" \/>\n<meta property=\"og:url\" content=\"https:\/\/cpaatlantic.ca\/fr\/privacy-policy\/\" \/>\n<meta property=\"og:site_name\" content=\"CPA Atlantique\" \/>\n<meta property=\"article:modified_time\" content=\"2022-10-31T14:42:58+00:00\" \/>\n<meta name=\"twitter:card\" content=\"summary_large_image\" \/>\n<meta name=\"twitter:label1\" content=\"Est. reading time\" \/>\n\t<meta name=\"twitter:data1\" content=\"8 minutes\" \/>\n<script type=\"application\/ld+json\" class=\"yoast-schema-graph\">{\"@context\":\"https:\\\/\\\/schema.org\",\"@graph\":[{\"@type\":\"WebPage\",\"@id\":\"https:\\\/\\\/cpaatlantic.ca\\\/fr\\\/privacy-policy\\\/\",\"url\":\"https:\\\/\\\/cpaatlantic.ca\\\/fr\\\/privacy-policy\\\/\",\"name\":\"D\u00e9claration de confidentialit\u00e9 - CPA Atlantique\",\"isPartOf\":{\"@id\":\"https:\\\/\\\/cpaatlantic.ca\\\/fr\\\/#website\"},\"datePublished\":\"2022-08-03T20:44:42+00:00\",\"dateModified\":\"2022-10-31T14:42:58+00:00\",\"breadcrumb\":{\"@id\":\"https:\\\/\\\/cpaatlantic.ca\\\/fr\\\/privacy-policy\\\/#breadcrumb\"},\"inLanguage\":\"en-US\",\"potentialAction\":[{\"@type\":\"ReadAction\",\"target\":[\"https:\\\/\\\/cpaatlantic.ca\\\/fr\\\/privacy-policy\\\/\"]}]},{\"@type\":\"BreadcrumbList\",\"@id\":\"https:\\\/\\\/cpaatlantic.ca\\\/fr\\\/privacy-policy\\\/#breadcrumb\",\"itemListElement\":[{\"@type\":\"ListItem\",\"position\":1,\"name\":\"Home\",\"item\":\"https:\\\/\\\/cpaatlantic.ca\\\/fr\\\/\"},{\"@type\":\"ListItem\",\"position\":2,\"name\":\"D\u00e9claration de confidentialit\u00e9\"}]},{\"@type\":\"WebSite\",\"@id\":\"https:\\\/\\\/cpaatlantic.ca\\\/fr\\\/#website\",\"url\":\"https:\\\/\\\/cpaatlantic.ca\\\/fr\\\/\",\"name\":\"CPA Atlantique\",\"description\":\"Devenir CPA\",\"potentialAction\":[{\"@type\":\"SearchAction\",\"target\":{\"@type\":\"EntryPoint\",\"urlTemplate\":\"https:\\\/\\\/cpaatlantic.ca\\\/fr\\\/?s={search_term_string}\"},\"query-input\":{\"@type\":\"PropertyValueSpecification\",\"valueRequired\":true,\"valueName\":\"search_term_string\"}}],\"inLanguage\":\"en-US\"}]}<\/script>\n<!-- \/ Yoast SEO plugin. -->","yoast_head_json":{"title":"D\u00e9claration de confidentialit\u00e9 - CPA Atlantique","robots":{"index":"index","follow":"follow","max-snippet":"max-snippet:-1","max-image-preview":"max-image-preview:large","max-video-preview":"max-video-preview:-1"},"canonical":"https:\/\/cpaatlantic.ca\/fr\/privacy-policy\/","og_locale":"en_US","og_type":"article","og_title":"D\u00e9claration de confidentialit\u00e9 - CPA Atlantique","og_description":"Politique sur la protection de la vie priv\u00e9e 1.0 D\u00e9claration de confidentialit\u00e9 1.1&nbsp;L&#8217;Association CPA Atlantic School of Business (\u00abCPA Atlantic School\u00bb ou \u00abCPA ASB\u00bb) ...","og_url":"https:\/\/cpaatlantic.ca\/fr\/privacy-policy\/","og_site_name":"CPA Atlantique","article_modified_time":"2022-10-31T14:42:58+00:00","twitter_card":"summary_large_image","twitter_misc":{"Est. reading time":"8 minutes"},"schema":{"@context":"https:\/\/schema.org","@graph":[{"@type":"WebPage","@id":"https:\/\/cpaatlantic.ca\/fr\/privacy-policy\/","url":"https:\/\/cpaatlantic.ca\/fr\/privacy-policy\/","name":"D\u00e9claration de confidentialit\u00e9 - CPA Atlantique","isPartOf":{"@id":"https:\/\/cpaatlantic.ca\/fr\/#website"},"datePublished":"2022-08-03T20:44:42+00:00","dateModified":"2022-10-31T14:42:58+00:00","breadcrumb":{"@id":"https:\/\/cpaatlantic.ca\/fr\/privacy-policy\/#breadcrumb"},"inLanguage":"en-US","potentialAction":[{"@type":"ReadAction","target":["https:\/\/cpaatlantic.ca\/fr\/privacy-policy\/"]}]},{"@type":"BreadcrumbList","@id":"https:\/\/cpaatlantic.ca\/fr\/privacy-policy\/#breadcrumb","itemListElement":[{"@type":"ListItem","position":1,"name":"Home","item":"https:\/\/cpaatlantic.ca\/fr\/"},{"@type":"ListItem","position":2,"name":"D\u00e9claration de confidentialit\u00e9"}]},{"@type":"WebSite","@id":"https:\/\/cpaatlantic.ca\/fr\/#website","url":"https:\/\/cpaatlantic.ca\/fr\/","name":"CPA Atlantique","description":"Devenir CPA","potentialAction":[{"@type":"SearchAction","target":{"@type":"EntryPoint","urlTemplate":"https:\/\/cpaatlantic.ca\/fr\/?s={search_term_string}"},"query-input":{"@type":"PropertyValueSpecification","valueRequired":true,"valueName":"search_term_string"}}],"inLanguage":"en-US"}]}},"_links":{"self":[{"href":"https:\/\/cpaatlantic.ca\/fr\/wp-json\/wp\/v2\/pages\/670","targetHints":{"allow":["GET"]}}],"collection":[{"href":"https:\/\/cpaatlantic.ca\/fr\/wp-json\/wp\/v2\/pages"}],"about":[{"href":"https:\/\/cpaatlantic.ca\/fr\/wp-json\/wp\/v2\/types\/page"}],"author":[{"embeddable":true,"href":"https:\/\/cpaatlantic.ca\/fr\/wp-json\/wp\/v2\/users\/3"}],"replies":[{"embeddable":true,"href":"https:\/\/cpaatlantic.ca\/fr\/wp-json\/wp\/v2\/comments?post=670"}],"version-history":[{"count":4,"href":"https:\/\/cpaatlantic.ca\/fr\/wp-json\/wp\/v2\/pages\/670\/revisions"}],"predecessor-version":[{"id":1167,"href":"https:\/\/cpaatlantic.ca\/fr\/wp-json\/wp\/v2\/pages\/670\/revisions\/1167"}],"wp:attachment":[{"href":"https:\/\/cpaatlantic.ca\/fr\/wp-json\/wp\/v2\/media?parent=670"}],"curies":[{"name":"wp","href":"https:\/\/api.w.org\/{rel}","templated":true}]}}