{"id":918,"date":"2022-09-12T11:59:39","date_gmt":"2022-09-12T14:59:39","guid":{"rendered":"https:\/\/cpaa.careercolleges.ca\/fr\/?page_id=918"},"modified":"2026-02-06T09:38:44","modified_gmt":"2026-02-06T13:38:44","slug":"contact-us","status":"publish","type":"page","link":"https:\/\/cpaatlantic.ca\/fr\/contact-us\/","title":{"rendered":"Coordonn\u00e9es"},"content":{"rendered":"\n<p><strong>Renseignements g\u00e9n\u00e9raux<\/strong><\/p>\n\n\n\n<p>E.\u00a0<a href=\"mailto:info@cpaatlantic.ca\"><\/a><a href=\"mailto:renseignements@cpaatlantique.ca\" target=\"_blank\" rel=\"noreferrer noopener\">renseignements@cpaatlantique.ca<\/a><br>T. 902-334-1176<\/p>\n\n\n\n<p><\/p>\n\n\n\n<p>Adresse postale :<\/p>\n\n\n\n<p><strong>\u00c9cole de gestion CPA Atlantique<\/strong><br>Bureau 5005<br>7071 Bayers Road<br>Halifax (N.-\u00c9.) B3L 2C2<br>Canada<\/p>\n\n\n\n<p>Heures d&#8217;ouverture* &#8211; Du lundi au vendredi de 8h30 \u00e0 16h30<\/p>\n\n\n\n<p>*Veuillez prendre rendez-vous avant de vous rendre au bureau. Le bureau sera ferm\u00e9 aux visiteurs en personne le vendredi, car le personnel travaille \u00e0 distance et est disponible par t\u00e9l\u00e9phone et par courrier \u00e9lectronique. Cet horaire n&#8217;affecte pas les examens, les ateliers ou les s\u00e9ances d&#8217;information.<\/p>\n\n\n<div id=\"accordion-block_a1b168004f80794a7303884c796cd65a\" class=\"accordion page-block-area\">\n\n    <div class=\"accordion-blockquote\">\n            <div class=\"accordion block-accordion page-small-section-bottom\" id=\"block-accordion-block_a1b168004f80794a7303884c796cd65a\">\n              <div class=\"card\">\n          <div class=\"card-header\" id=\"heading-accordion-block_a1b168004f80794a7303884c796cd65a-1\">\n            <h2 class=\"mb-0\">\n              <div class=\"btn-link collapsed\" data-toggle=\"collapse\" data-target=\"#collapse-accordion-block_a1b168004f80794a7303884c796cd65a-1\" aria-expanded=\"true\" aria-controls=\"collapse-accordion-block_a1b168004f80794a7303884c796cd65a-1\">\n              Conseill\u00e8res au recrutement des \u00e9tudiants            <\/div>\n            <\/h2>\n          <\/div>\n          <div id=\"collapse-accordion-block_a1b168004f80794a7303884c796cd65a-1\" class=\"collapse\" aria-labelledby=\"heading-accordion-block_a1b168004f80794a7303884c796cd65a-1\" data-parent=\"#block-accordion-block_a1b168004f80794a7303884c796cd65a\">\n            <div class=\"card-body\">\n              <p><!-- wp:paragraph --><\/p>\n<p><!-- wp:paragraph --><\/p>\n<p>Communiquer directement avec votre conseiller au recrutement des \u00e9tudiants pour la planification du cheminement du programme et la pr\u00e9paration \u00e0 l\u2019adh\u00e9sion au CPA en tant qu\u2019\u00e9tudiant\/candidat : <a class=\"link-external\" title=\"Link opens in a new Window \/ tab\" href=\"mailto:renseignements@cpaatlantique.ca\" target=\"_blank\" rel=\"noreferrer noopener\">renseignements@cpaatlantique.ca<\/a>.<\/p>\n<p class=\"font_3\"><strong>\u200bCamille Ferland<\/strong>, conseill\u00e8re principale au recrutement des \u00e9tudiants<br \/>\npour le Nouveau-Brunswick et l\u2019\u00cele-du-Prince-\u00c9douard<br \/>\n<a href=\"mailto:pe-advisor@cpaatlantic.ca?subject=Contact%20us%20-%20PEI%20Advisor\" target=\"_self\">e. <\/a><a href=\"mailto:nb-advisor@cpaatlantic.ca\">nb-advisor@cpaatlantic.ca<\/a><a href=\"mailto:pe-advisor@cpaatlantic.ca?subject=Contact%20us%20-%20PEI%20Advisor\" target=\"_self\"><br \/>\n<\/a><a href=\"mailto:pe-advisor@cpaatlantic.ca\">pe-advisor@cpaatlantic.ca<\/a><\/p>\n<p class=\"font_3\"><strong>Danielle Wisen<\/strong>,\u00a0 conseill\u00e8re au recrutement des \u00e9tudiants<br \/>\npour la Nouvelle-\u00c9cosse et les Bermudes<br \/>\ne. <a href=\"mailto:ns-advisor@cpaatlantic.ca\">ns-advisor@cpaatlantic.ca<\/a><br \/>\n<a href=\"mailto:bm-advisor@cpaatlantic.ca\">bm-advisor@cpaatlantic.ca<\/a><\/p>\n<p class=\"font_8\"><strong>Mallory Basha<\/strong>, conseill\u00e8re au recrutement des \u00e9tudiants pour Terre-Neuve-et-Labrador<br \/>\ne. <a href=\"mailto:nl-advisor@cpaatlantic.ca\">nl-advisor@cpaatlantic.ca<\/a><\/p>\n<p><!-- \/wp:paragraph --><\/p>\n<p><!-- \/wp:paragraph --><\/p>\n            <\/div>\n          <\/div>\n        <\/div>\n                <div class=\"card\">\n          <div class=\"card-header\" id=\"heading-accordion-block_a1b168004f80794a7303884c796cd65a-2\">\n            <h2 class=\"mb-0\">\n              <div class=\"btn-link collapsed\" data-toggle=\"collapse\" data-target=\"#collapse-accordion-block_a1b168004f80794a7303884c796cd65a-2\" aria-expanded=\"true\" aria-controls=\"collapse-accordion-block_a1b168004f80794a7303884c796cd65a-2\">\n              Inscription aux programmes            <\/div>\n            <\/h2>\n          <\/div>\n          <div id=\"collapse-accordion-block_a1b168004f80794a7303884c796cd65a-2\" class=\"collapse\" aria-labelledby=\"heading-accordion-block_a1b168004f80794a7303884c796cd65a-2\" data-parent=\"#block-accordion-block_a1b168004f80794a7303884c796cd65a\">\n            <div class=\"card-body\">\n              <p><!-- wp:paragraph --><\/p>\n<p><!-- wp:paragraph --><\/p>\n<p><!-- wp:paragraph --><\/p>\n<p class=\"font_3\"><strong>Inscription :<\/strong><br \/>\n<strong>Farhana Rahman, MBA, <\/strong>coordinatrice d\u2019inscription<br \/>\nCourriel :\u00a0registrations@cpaatlantic.ca<\/p>\n<p class=\"font_3\">Registraire :<br \/>\n<a href=\"mailto:registrar@cpaatlantic.ca?subject=Contact%20us%20-%20Registrar\" target=\"_self\">registrar<\/a><a href=\"mailto:registrar@cpaatlantic.ca?subject=Contact%20us%20-%20Registrar\">@cpaatlantic.ca<\/a><\/p>\n<p class=\"font_3\">\n<p><!-- \/wp:paragraph --><\/p>\n<p><!-- \/wp:paragraph --><!-- \/wp:paragraph --><\/p>\n            <\/div>\n          <\/div>\n        <\/div>\n                <div class=\"card\">\n          <div class=\"card-header\" id=\"heading-accordion-block_a1b168004f80794a7303884c796cd65a-3\">\n            <h2 class=\"mb-0\">\n              <div class=\"btn-link collapsed\" data-toggle=\"collapse\" data-target=\"#collapse-accordion-block_a1b168004f80794a7303884c796cd65a-3\" aria-expanded=\"true\" aria-controls=\"collapse-accordion-block_a1b168004f80794a7303884c796cd65a-3\">\n              Programmes de CPA Atlantique            <\/div>\n            <\/h2>\n          <\/div>\n          <div id=\"collapse-accordion-block_a1b168004f80794a7303884c796cd65a-3\" class=\"collapse\" aria-labelledby=\"heading-accordion-block_a1b168004f80794a7303884c796cd65a-3\" data-parent=\"#block-accordion-block_a1b168004f80794a7303884c796cd65a\">\n            <div class=\"card-body\">\n              <p><!-- wp:paragraph --><\/p>\n<p><!-- wp:paragraph --><\/p>\n<p><!-- wp:paragraph --><\/p>\n<p class=\"font_3\"><strong>Britt Fernandes,<\/strong> gestionnaire, Prestation de programmes<br \/>\nCourriel :\u00a0<a href=\"mailto:programs@cpaatlantic.ca?subject=Contact%20Us%20-%20Programs\" target=\"_self\">programs@cpaatlantic.ca<\/a><\/p>\n<p class=\"font_3\"><strong>Leslie Murphy<\/strong>, M.Ed., gestionnaire principale des services aux \u00e9tudiants<br \/>\nCourriel : <a href=\"mailto:pep@cpaatlantic.ca\">pep@cpaatlantic.ca<\/a><\/p>\n<p class=\"font_3\">\n<p><!-- \/wp:paragraph --><\/p>\n<p><!-- \/wp:paragraph --><!-- \/wp:paragraph --><\/p>\n            <\/div>\n          <\/div>\n        <\/div>\n                <div class=\"card\">\n          <div class=\"card-header\" id=\"heading-accordion-block_a1b168004f80794a7303884c796cd65a-4\">\n            <h2 class=\"mb-0\">\n              <div class=\"btn-link collapsed\" data-toggle=\"collapse\" data-target=\"#collapse-accordion-block_a1b168004f80794a7303884c796cd65a-4\" aria-expanded=\"true\" aria-controls=\"collapse-accordion-block_a1b168004f80794a7303884c796cd65a-4\">\n              Examens de CPA Atlantique            <\/div>\n            <\/h2>\n          <\/div>\n          <div id=\"collapse-accordion-block_a1b168004f80794a7303884c796cd65a-4\" class=\"collapse\" aria-labelledby=\"heading-accordion-block_a1b168004f80794a7303884c796cd65a-4\" data-parent=\"#block-accordion-block_a1b168004f80794a7303884c796cd65a\">\n            <div class=\"card-body\">\n              <p><strong>Michelle Johnson,<\/strong> gestionnaire, Examens<\/p>\n<p>Courriel : <a href=\"mailto:exams@cpaatlantic.ca\">exams@cpaatlantic.ca<\/a><\/p>\n            <\/div>\n          <\/div>\n        <\/div>\n                <div class=\"card\">\n          <div class=\"card-header\" id=\"heading-accordion-block_a1b168004f80794a7303884c796cd65a-5\">\n            <h2 class=\"mb-0\">\n              <div class=\"btn-link collapsed\" data-toggle=\"collapse\" data-target=\"#collapse-accordion-block_a1b168004f80794a7303884c796cd65a-5\" aria-expanded=\"true\" aria-controls=\"collapse-accordion-block_a1b168004f80794a7303884c796cd65a-5\">\n              Am\u00e9nagements sp\u00e9ciaux pour les examens            <\/div>\n            <\/h2>\n          <\/div>\n          <div id=\"collapse-accordion-block_a1b168004f80794a7303884c796cd65a-5\" class=\"collapse\" aria-labelledby=\"heading-accordion-block_a1b168004f80794a7303884c796cd65a-5\" data-parent=\"#block-accordion-block_a1b168004f80794a7303884c796cd65a\">\n            <div class=\"card-body\">\n              <p class=\"font_8\">Afin de soumettre une demande d&#8217;am\u00e9nagement sp\u00e9cial pour passer un examen des cours pr\u00e9paratoires CPA ou des modules du programme de formation professionnelle CPA, veuillez visiter le site Web de CPA Canada :\u00a0<a href=\"https:\/\/www.cpacanada.ca\/fr\/devenir-cpa\/accessibilite-demandes-amenagements\" target=\"_blank\" rel=\"noreferrer noopener\">https:\/\/www.cpacanada.ca\/fr\/devenir-cpa\/accessibilite-demandes-amenagements <\/a><\/p>\n<p class=\"font_8\"><span class=\"wixGuard\">\u200b<\/span>Pour plus d&#8217;informations sur les h\u00e9bergements sp\u00e9ciaux, veuillez contacter :<br \/>\n<a href=\"mailto:cpaaccommodations@cpaatlantic.ca?subject=Contact%20us%20-%20Accommodations\" target=\"_self\">cpaaccommodations@cpaatlantic.ca<\/a><\/p>\n<p class=\"font_3\"><span class=\"wixGuard\">\u200b<\/span><\/p>\n            <\/div>\n          <\/div>\n        <\/div>\n                <div class=\"card\">\n          <div class=\"card-header\" id=\"heading-accordion-block_a1b168004f80794a7303884c796cd65a-6\">\n            <h2 class=\"mb-0\">\n              <div class=\"btn-link collapsed\" data-toggle=\"collapse\" data-target=\"#collapse-accordion-block_a1b168004f80794a7303884c796cd65a-6\" aria-expanded=\"true\" aria-controls=\"collapse-accordion-block_a1b168004f80794a7303884c796cd65a-6\">\n              Exigences en mati\u00e8re d\u2019exp\u00e9rience pratique            <\/div>\n            <\/h2>\n          <\/div>\n          <div id=\"collapse-accordion-block_a1b168004f80794a7303884c796cd65a-6\" class=\"collapse\" aria-labelledby=\"heading-accordion-block_a1b168004f80794a7303884c796cd65a-6\" data-parent=\"#block-accordion-block_a1b168004f80794a7303884c796cd65a\">\n            <div class=\"card-body\">\n              <p class=\"font_3\"><strong>Wenjing (Wen) Zhang-Farrell<\/strong>, CPA,\u00a0 gestionnaire principale des stages pratiques<\/p>\n<p>Courriel :\u00a0<a href=\"mailto:practicalexperience@cpaatlantic.ca?subject=Contact%20us%20-%20Practical%20Experience\" target=\"_self\">practicalexperience@cpaatlantic.ca<\/a><\/p>\n<p class=\"font_3\"><strong>Theresa Th\u00e9riault<\/strong>, coordonnatrice des stages pratiques<\/p>\n<p>Courriel :\u00a0<a href=\"mailto:practicalexperience@cpaatlantic.ca?subject=Contact%20us%20-%20Practical%20Experience\" target=\"_self\">practicalexperience@cpaatlantic.ca<\/a><\/p>\n            <\/div>\n          <\/div>\n        <\/div>\n                <div class=\"card\">\n          <div class=\"card-header\" id=\"heading-accordion-block_a1b168004f80794a7303884c796cd65a-7\">\n            <h2 class=\"mb-0\">\n              <div class=\"btn-link collapsed\" data-toggle=\"collapse\" data-target=\"#collapse-accordion-block_a1b168004f80794a7303884c796cd65a-7\" aria-expanded=\"true\" aria-controls=\"collapse-accordion-block_a1b168004f80794a7303884c796cd65a-7\">\n              Marketing et communication            <\/div>\n            <\/h2>\n          <\/div>\n          <div id=\"collapse-accordion-block_a1b168004f80794a7303884c796cd65a-7\" class=\"collapse\" aria-labelledby=\"heading-accordion-block_a1b168004f80794a7303884c796cd65a-7\" data-parent=\"#block-accordion-block_a1b168004f80794a7303884c796cd65a\">\n            <div class=\"card-body\">\n              <p class=\"font_3\"><strong>Heather Gillis<\/strong>, gestionnaire du marketing<\/p>\n<p>Courriel : <a href=\"mailto:marketing@cpaatlantic.ca\" target=\"_self\">marketing@cpaatlantic.ca<\/a><\/p>\n            <\/div>\n          <\/div>\n        <\/div>\n              <\/div>\n        <\/div>\n<\/div>\n","protected":false},"excerpt":{"rendered":"<p>Votre admissibilit\u00e9 au programme d\u00e9pendra de votre formation. <\/p>\n","protected":false},"author":3,"featured_media":676,"parent":0,"menu_order":0,"comment_status":"closed","ping_status":"closed","template":"","meta":{"_acf_changed":false,"footnotes":""},"class_list":["post-918","page","type-page","status-publish","has-post-thumbnail","hentry"],"acf":[],"yoast_head":"<!-- This site is optimized with the Yoast SEO plugin v27.4 - https:\/\/yoast.com\/product\/yoast-seo-wordpress\/ -->\n<title>Coordonn\u00e9es - CPA Atlantique<\/title>\n<meta name=\"description\" content=\"Contactez-nous pour savoir comment devenir comptable professionnel agr\u00e9\u00e9 (CPA) en Nouvelle-\u00c9cosse, au Nouveau-Brunswick, \u00e0 l&#039;\u00cele-du-Prince-\u00c9douard, \u00e0 Terre-Neuve-et-Labrador et aux Bermudes.\" \/>\n<meta name=\"robots\" content=\"index, follow, max-snippet:-1, max-image-preview:large, max-video-preview:-1\" \/>\n<link rel=\"canonical\" href=\"https:\/\/cpaatlantic.ca\/fr\/contact-us\/\" \/>\n<meta property=\"og:locale\" content=\"en_US\" \/>\n<meta property=\"og:type\" content=\"article\" \/>\n<meta property=\"og:title\" content=\"Coordonn\u00e9es - CPA Atlantique\" \/>\n<meta property=\"og:description\" content=\"Contactez-nous pour savoir comment devenir comptable professionnel agr\u00e9\u00e9 (CPA) en Nouvelle-\u00c9cosse, au Nouveau-Brunswick, \u00e0 l&#039;\u00cele-du-Prince-\u00c9douard, \u00e0 Terre-Neuve-et-Labrador et aux Bermudes.\" \/>\n<meta property=\"og:url\" content=\"https:\/\/cpaatlantic.ca\/fr\/contact-us\/\" \/>\n<meta property=\"og:site_name\" content=\"CPA Atlantique\" \/>\n<meta property=\"article:modified_time\" content=\"2026-02-06T13:38:44+00:00\" \/>\n<meta property=\"og:image\" content=\"https:\/\/cpaatlantic.ca\/fr\/wp-content\/uploads\/sites\/3\/2022\/08\/career.jpg\" \/>\n\t<meta property=\"og:image:width\" content=\"925\" \/>\n\t<meta property=\"og:image:height\" content=\"600\" \/>\n\t<meta property=\"og:image:type\" content=\"image\/jpeg\" \/>\n<meta name=\"twitter:card\" content=\"summary_large_image\" \/>\n<meta name=\"twitter:label1\" content=\"Est. reading time\" \/>\n\t<meta name=\"twitter:data1\" content=\"2 minutes\" \/>\n<script type=\"application\/ld+json\" class=\"yoast-schema-graph\">{\"@context\":\"https:\\\/\\\/schema.org\",\"@graph\":[{\"@type\":\"WebPage\",\"@id\":\"https:\\\/\\\/cpaatlantic.ca\\\/fr\\\/contact-us\\\/\",\"url\":\"https:\\\/\\\/cpaatlantic.ca\\\/fr\\\/contact-us\\\/\",\"name\":\"Coordonn\u00e9es - CPA Atlantique\",\"isPartOf\":{\"@id\":\"https:\\\/\\\/cpaatlantic.ca\\\/fr\\\/#website\"},\"primaryImageOfPage\":{\"@id\":\"https:\\\/\\\/cpaatlantic.ca\\\/fr\\\/contact-us\\\/#primaryimage\"},\"image\":{\"@id\":\"https:\\\/\\\/cpaatlantic.ca\\\/fr\\\/contact-us\\\/#primaryimage\"},\"thumbnailUrl\":\"https:\\\/\\\/cpaatlantic.ca\\\/fr\\\/wp-content\\\/uploads\\\/sites\\\/3\\\/2022\\\/08\\\/career.jpg\",\"datePublished\":\"2022-09-12T14:59:39+00:00\",\"dateModified\":\"2026-02-06T13:38:44+00:00\",\"description\":\"Contactez-nous pour savoir comment devenir comptable professionnel agr\u00e9\u00e9 (CPA) en Nouvelle-\u00c9cosse, au Nouveau-Brunswick, \u00e0 l'\u00cele-du-Prince-\u00c9douard, \u00e0 Terre-Neuve-et-Labrador et aux Bermudes.\",\"breadcrumb\":{\"@id\":\"https:\\\/\\\/cpaatlantic.ca\\\/fr\\\/contact-us\\\/#breadcrumb\"},\"inLanguage\":\"en-US\",\"potentialAction\":[{\"@type\":\"ReadAction\",\"target\":[\"https:\\\/\\\/cpaatlantic.ca\\\/fr\\\/contact-us\\\/\"]}]},{\"@type\":\"ImageObject\",\"inLanguage\":\"en-US\",\"@id\":\"https:\\\/\\\/cpaatlantic.ca\\\/fr\\\/contact-us\\\/#primaryimage\",\"url\":\"https:\\\/\\\/cpaatlantic.ca\\\/fr\\\/wp-content\\\/uploads\\\/sites\\\/3\\\/2022\\\/08\\\/career.jpg\",\"contentUrl\":\"https:\\\/\\\/cpaatlantic.ca\\\/fr\\\/wp-content\\\/uploads\\\/sites\\\/3\\\/2022\\\/08\\\/career.jpg\",\"width\":925,\"height\":600},{\"@type\":\"BreadcrumbList\",\"@id\":\"https:\\\/\\\/cpaatlantic.ca\\\/fr\\\/contact-us\\\/#breadcrumb\",\"itemListElement\":[{\"@type\":\"ListItem\",\"position\":1,\"name\":\"Home\",\"item\":\"https:\\\/\\\/cpaatlantic.ca\\\/fr\\\/\"},{\"@type\":\"ListItem\",\"position\":2,\"name\":\"Coordonn\u00e9es\"}]},{\"@type\":\"WebSite\",\"@id\":\"https:\\\/\\\/cpaatlantic.ca\\\/fr\\\/#website\",\"url\":\"https:\\\/\\\/cpaatlantic.ca\\\/fr\\\/\",\"name\":\"CPA Atlantique\",\"description\":\"Devenir CPA\",\"potentialAction\":[{\"@type\":\"SearchAction\",\"target\":{\"@type\":\"EntryPoint\",\"urlTemplate\":\"https:\\\/\\\/cpaatlantic.ca\\\/fr\\\/?s={search_term_string}\"},\"query-input\":{\"@type\":\"PropertyValueSpecification\",\"valueRequired\":true,\"valueName\":\"search_term_string\"}}],\"inLanguage\":\"en-US\"}]}<\/script>\n<!-- \/ Yoast SEO plugin. -->","yoast_head_json":{"title":"Coordonn\u00e9es - CPA Atlantique","description":"Contactez-nous pour savoir comment devenir comptable professionnel agr\u00e9\u00e9 (CPA) en Nouvelle-\u00c9cosse, au Nouveau-Brunswick, \u00e0 l'\u00cele-du-Prince-\u00c9douard, \u00e0 Terre-Neuve-et-Labrador et aux Bermudes.","robots":{"index":"index","follow":"follow","max-snippet":"max-snippet:-1","max-image-preview":"max-image-preview:large","max-video-preview":"max-video-preview:-1"},"canonical":"https:\/\/cpaatlantic.ca\/fr\/contact-us\/","og_locale":"en_US","og_type":"article","og_title":"Coordonn\u00e9es - CPA Atlantique","og_description":"Contactez-nous pour savoir comment devenir comptable professionnel agr\u00e9\u00e9 (CPA) en Nouvelle-\u00c9cosse, au Nouveau-Brunswick, \u00e0 l'\u00cele-du-Prince-\u00c9douard, \u00e0 Terre-Neuve-et-Labrador et aux Bermudes.","og_url":"https:\/\/cpaatlantic.ca\/fr\/contact-us\/","og_site_name":"CPA Atlantique","article_modified_time":"2026-02-06T13:38:44+00:00","og_image":[{"width":925,"height":600,"url":"https:\/\/cpaatlantic.ca\/fr\/wp-content\/uploads\/sites\/3\/2022\/08\/career.jpg","type":"image\/jpeg"}],"twitter_card":"summary_large_image","twitter_misc":{"Est. reading time":"2 minutes"},"schema":{"@context":"https:\/\/schema.org","@graph":[{"@type":"WebPage","@id":"https:\/\/cpaatlantic.ca\/fr\/contact-us\/","url":"https:\/\/cpaatlantic.ca\/fr\/contact-us\/","name":"Coordonn\u00e9es - CPA Atlantique","isPartOf":{"@id":"https:\/\/cpaatlantic.ca\/fr\/#website"},"primaryImageOfPage":{"@id":"https:\/\/cpaatlantic.ca\/fr\/contact-us\/#primaryimage"},"image":{"@id":"https:\/\/cpaatlantic.ca\/fr\/contact-us\/#primaryimage"},"thumbnailUrl":"https:\/\/cpaatlantic.ca\/fr\/wp-content\/uploads\/sites\/3\/2022\/08\/career.jpg","datePublished":"2022-09-12T14:59:39+00:00","dateModified":"2026-02-06T13:38:44+00:00","description":"Contactez-nous pour savoir comment devenir comptable professionnel agr\u00e9\u00e9 (CPA) en Nouvelle-\u00c9cosse, au Nouveau-Brunswick, \u00e0 l'\u00cele-du-Prince-\u00c9douard, \u00e0 Terre-Neuve-et-Labrador et aux Bermudes.","breadcrumb":{"@id":"https:\/\/cpaatlantic.ca\/fr\/contact-us\/#breadcrumb"},"inLanguage":"en-US","potentialAction":[{"@type":"ReadAction","target":["https:\/\/cpaatlantic.ca\/fr\/contact-us\/"]}]},{"@type":"ImageObject","inLanguage":"en-US","@id":"https:\/\/cpaatlantic.ca\/fr\/contact-us\/#primaryimage","url":"https:\/\/cpaatlantic.ca\/fr\/wp-content\/uploads\/sites\/3\/2022\/08\/career.jpg","contentUrl":"https:\/\/cpaatlantic.ca\/fr\/wp-content\/uploads\/sites\/3\/2022\/08\/career.jpg","width":925,"height":600},{"@type":"BreadcrumbList","@id":"https:\/\/cpaatlantic.ca\/fr\/contact-us\/#breadcrumb","itemListElement":[{"@type":"ListItem","position":1,"name":"Home","item":"https:\/\/cpaatlantic.ca\/fr\/"},{"@type":"ListItem","position":2,"name":"Coordonn\u00e9es"}]},{"@type":"WebSite","@id":"https:\/\/cpaatlantic.ca\/fr\/#website","url":"https:\/\/cpaatlantic.ca\/fr\/","name":"CPA Atlantique","description":"Devenir CPA","potentialAction":[{"@type":"SearchAction","target":{"@type":"EntryPoint","urlTemplate":"https:\/\/cpaatlantic.ca\/fr\/?s={search_term_string}"},"query-input":{"@type":"PropertyValueSpecification","valueRequired":true,"valueName":"search_term_string"}}],"inLanguage":"en-US"}]}},"_links":{"self":[{"href":"https:\/\/cpaatlantic.ca\/fr\/wp-json\/wp\/v2\/pages\/918","targetHints":{"allow":["GET"]}}],"collection":[{"href":"https:\/\/cpaatlantic.ca\/fr\/wp-json\/wp\/v2\/pages"}],"about":[{"href":"https:\/\/cpaatlantic.ca\/fr\/wp-json\/wp\/v2\/types\/page"}],"author":[{"embeddable":true,"href":"https:\/\/cpaatlantic.ca\/fr\/wp-json\/wp\/v2\/users\/3"}],"replies":[{"embeddable":true,"href":"https:\/\/cpaatlantic.ca\/fr\/wp-json\/wp\/v2\/comments?post=918"}],"version-history":[{"count":35,"href":"https:\/\/cpaatlantic.ca\/fr\/wp-json\/wp\/v2\/pages\/918\/revisions"}],"predecessor-version":[{"id":2371,"href":"https:\/\/cpaatlantic.ca\/fr\/wp-json\/wp\/v2\/pages\/918\/revisions\/2371"}],"wp:featuredmedia":[{"embeddable":true,"href":"https:\/\/cpaatlantic.ca\/fr\/wp-json\/wp\/v2\/media\/676"}],"wp:attachment":[{"href":"https:\/\/cpaatlantic.ca\/fr\/wp-json\/wp\/v2\/media?parent=918"}],"curies":[{"name":"wp","href":"https:\/\/api.w.org\/{rel}","templated":true}]}}