{"id":950,"date":"2022-09-21T14:25:10","date_gmt":"2022-09-21T17:25:10","guid":{"rendered":"https:\/\/cpaa.careercolleges.ca\/?page_id=929"},"modified":"2026-04-02T12:35:58","modified_gmt":"2026-04-02T15:35:58","slug":"transfer-credit-guides","status":"publish","type":"page","link":"https:\/\/cpaatlantic.ca\/fr\/transfer-credit-guides\/","title":{"rendered":"Guide de Cr\u00e9dit de Transfert"},"content":{"rendered":"\n<p><strong>MATI\u00c8RES EXIG\u00c9ES AU PR\u00c9ALABLE PAR L\u2019\u00c9COLE DE GESTION CPA ATLANTIQUE ET \u00c9QUIVALENCES<\/strong><\/p>\n\n\n\n<p>Les \u00e9tudiants et candidats int\u00e9ress\u00e9s par la formation de CPA peuvent suivre des cours sur les mati\u00e8res exig\u00e9es en guise de pr\u00e9alables par le PFP des CPA dans des \u00e9tablissements reconnus au Canada ou \u00e0 l\u2019\u00e9tranger. Ils peuvent \u00e9galement suivre les&nbsp;<a href=\"https:\/\/cpaatlantic.ca\/fr\/program\/cpa-preparatory-courses\/\">cours pr\u00e9paratoires des CPA offerts par l\u2019\u00e9cole.<\/a><\/p>\n\n\n\n<p><\/p>\n","protected":false},"excerpt":{"rendered":"<p>Liste des \u00e9quivalences pour les cours pr\u00e9alables au PFP des CPA dans les universit\u00e9s et coll\u00e8ges du Canada atlantique et des Bermudes.<\/p>\n","protected":false},"author":1,"featured_media":0,"parent":0,"menu_order":0,"comment_status":"closed","ping_status":"closed","template":"page-accordion-tables.php","meta":{"_acf_changed":false,"footnotes":""},"class_list":["post-950","page","type-page","status-publish","hentry"],"acf":[],"yoast_head":"<!-- This site is optimized with the Yoast SEO plugin v27.4 - https:\/\/yoast.com\/product\/yoast-seo-wordpress\/ -->\n<title>Guide de Cr\u00e9dit de Transfert - CPA Atlantique<\/title>\n<meta name=\"description\" content=\"Liste des \u00e9quivalences pour les cours pr\u00e9alables au PFP des CPA dans les universit\u00e9s et coll\u00e8ges du Canada atlantique et des Bermudes.\" \/>\n<meta name=\"robots\" content=\"index, follow, max-snippet:-1, max-image-preview:large, max-video-preview:-1\" \/>\n<link rel=\"canonical\" href=\"https:\/\/cpaatlantic.ca\/fr\/transfer-credit-guides\/\" \/>\n<meta property=\"og:locale\" content=\"en_US\" \/>\n<meta property=\"og:type\" content=\"article\" \/>\n<meta property=\"og:title\" content=\"Guide de Cr\u00e9dit de Transfert - CPA Atlantique\" \/>\n<meta property=\"og:description\" content=\"Liste des \u00e9quivalences pour les cours pr\u00e9alables au PFP des CPA dans les universit\u00e9s et coll\u00e8ges du Canada atlantique et des Bermudes.\" \/>\n<meta property=\"og:url\" content=\"https:\/\/cpaatlantic.ca\/fr\/transfer-credit-guides\/\" \/>\n<meta property=\"og:site_name\" content=\"CPA Atlantique\" \/>\n<meta property=\"article:modified_time\" content=\"2026-04-02T15:35:58+00:00\" \/>\n<meta name=\"twitter:card\" content=\"summary_large_image\" \/>\n<meta name=\"twitter:label1\" content=\"Est. reading time\" \/>\n\t<meta name=\"twitter:data1\" content=\"12 minutes\" \/>\n<script type=\"application\/ld+json\" class=\"yoast-schema-graph\">{\"@context\":\"https:\\\/\\\/schema.org\",\"@graph\":[{\"@type\":\"WebPage\",\"@id\":\"https:\\\/\\\/cpaatlantic.ca\\\/fr\\\/transfer-credit-guides\\\/\",\"url\":\"https:\\\/\\\/cpaatlantic.ca\\\/fr\\\/transfer-credit-guides\\\/\",\"name\":\"Guide de Cr\u00e9dit de Transfert - CPA Atlantique\",\"isPartOf\":{\"@id\":\"https:\\\/\\\/cpaatlantic.ca\\\/fr\\\/#website\"},\"datePublished\":\"2022-09-21T17:25:10+00:00\",\"dateModified\":\"2026-04-02T15:35:58+00:00\",\"description\":\"Liste des \u00e9quivalences pour les cours pr\u00e9alables au PFP des CPA dans les universit\u00e9s et coll\u00e8ges du Canada atlantique et des Bermudes.\",\"breadcrumb\":{\"@id\":\"https:\\\/\\\/cpaatlantic.ca\\\/fr\\\/transfer-credit-guides\\\/#breadcrumb\"},\"inLanguage\":\"en-US\",\"potentialAction\":[{\"@type\":\"ReadAction\",\"target\":[\"https:\\\/\\\/cpaatlantic.ca\\\/fr\\\/transfer-credit-guides\\\/\"]}]},{\"@type\":\"BreadcrumbList\",\"@id\":\"https:\\\/\\\/cpaatlantic.ca\\\/fr\\\/transfer-credit-guides\\\/#breadcrumb\",\"itemListElement\":[{\"@type\":\"ListItem\",\"position\":1,\"name\":\"Home\",\"item\":\"https:\\\/\\\/cpaatlantic.ca\\\/fr\\\/\"},{\"@type\":\"ListItem\",\"position\":2,\"name\":\"Guide de Cr\u00e9dit de Transfert\"}]},{\"@type\":\"WebSite\",\"@id\":\"https:\\\/\\\/cpaatlantic.ca\\\/fr\\\/#website\",\"url\":\"https:\\\/\\\/cpaatlantic.ca\\\/fr\\\/\",\"name\":\"CPA Atlantique\",\"description\":\"Devenir CPA\",\"potentialAction\":[{\"@type\":\"SearchAction\",\"target\":{\"@type\":\"EntryPoint\",\"urlTemplate\":\"https:\\\/\\\/cpaatlantic.ca\\\/fr\\\/?s={search_term_string}\"},\"query-input\":{\"@type\":\"PropertyValueSpecification\",\"valueRequired\":true,\"valueName\":\"search_term_string\"}}],\"inLanguage\":\"en-US\"}]}<\/script>\n<!-- \/ Yoast SEO plugin. -->","yoast_head_json":{"title":"Guide de Cr\u00e9dit de Transfert - CPA Atlantique","description":"Liste des \u00e9quivalences pour les cours pr\u00e9alables au PFP des CPA dans les universit\u00e9s et coll\u00e8ges du Canada atlantique et des Bermudes.","robots":{"index":"index","follow":"follow","max-snippet":"max-snippet:-1","max-image-preview":"max-image-preview:large","max-video-preview":"max-video-preview:-1"},"canonical":"https:\/\/cpaatlantic.ca\/fr\/transfer-credit-guides\/","og_locale":"en_US","og_type":"article","og_title":"Guide de Cr\u00e9dit de Transfert - CPA Atlantique","og_description":"Liste des \u00e9quivalences pour les cours pr\u00e9alables au PFP des CPA dans les universit\u00e9s et coll\u00e8ges du Canada atlantique et des Bermudes.","og_url":"https:\/\/cpaatlantic.ca\/fr\/transfer-credit-guides\/","og_site_name":"CPA Atlantique","article_modified_time":"2026-04-02T15:35:58+00:00","twitter_card":"summary_large_image","twitter_misc":{"Est. reading time":"12 minutes"},"schema":{"@context":"https:\/\/schema.org","@graph":[{"@type":"WebPage","@id":"https:\/\/cpaatlantic.ca\/fr\/transfer-credit-guides\/","url":"https:\/\/cpaatlantic.ca\/fr\/transfer-credit-guides\/","name":"Guide de Cr\u00e9dit de Transfert - CPA Atlantique","isPartOf":{"@id":"https:\/\/cpaatlantic.ca\/fr\/#website"},"datePublished":"2022-09-21T17:25:10+00:00","dateModified":"2026-04-02T15:35:58+00:00","description":"Liste des \u00e9quivalences pour les cours pr\u00e9alables au PFP des CPA dans les universit\u00e9s et coll\u00e8ges du Canada atlantique et des Bermudes.","breadcrumb":{"@id":"https:\/\/cpaatlantic.ca\/fr\/transfer-credit-guides\/#breadcrumb"},"inLanguage":"en-US","potentialAction":[{"@type":"ReadAction","target":["https:\/\/cpaatlantic.ca\/fr\/transfer-credit-guides\/"]}]},{"@type":"BreadcrumbList","@id":"https:\/\/cpaatlantic.ca\/fr\/transfer-credit-guides\/#breadcrumb","itemListElement":[{"@type":"ListItem","position":1,"name":"Home","item":"https:\/\/cpaatlantic.ca\/fr\/"},{"@type":"ListItem","position":2,"name":"Guide de Cr\u00e9dit de Transfert"}]},{"@type":"WebSite","@id":"https:\/\/cpaatlantic.ca\/fr\/#website","url":"https:\/\/cpaatlantic.ca\/fr\/","name":"CPA Atlantique","description":"Devenir CPA","potentialAction":[{"@type":"SearchAction","target":{"@type":"EntryPoint","urlTemplate":"https:\/\/cpaatlantic.ca\/fr\/?s={search_term_string}"},"query-input":{"@type":"PropertyValueSpecification","valueRequired":true,"valueName":"search_term_string"}}],"inLanguage":"en-US"}]}},"_links":{"self":[{"href":"https:\/\/cpaatlantic.ca\/fr\/wp-json\/wp\/v2\/pages\/950","targetHints":{"allow":["GET"]}}],"collection":[{"href":"https:\/\/cpaatlantic.ca\/fr\/wp-json\/wp\/v2\/pages"}],"about":[{"href":"https:\/\/cpaatlantic.ca\/fr\/wp-json\/wp\/v2\/types\/page"}],"author":[{"embeddable":true,"href":"https:\/\/cpaatlantic.ca\/fr\/wp-json\/wp\/v2\/users\/1"}],"replies":[{"embeddable":true,"href":"https:\/\/cpaatlantic.ca\/fr\/wp-json\/wp\/v2\/comments?post=950"}],"version-history":[{"count":75,"href":"https:\/\/cpaatlantic.ca\/fr\/wp-json\/wp\/v2\/pages\/950\/revisions"}],"predecessor-version":[{"id":3064,"href":"https:\/\/cpaatlantic.ca\/fr\/wp-json\/wp\/v2\/pages\/950\/revisions\/3064"}],"wp:attachment":[{"href":"https:\/\/cpaatlantic.ca\/fr\/wp-json\/wp\/v2\/media?parent=950"}],"curies":[{"name":"wp","href":"https:\/\/api.w.org\/{rel}","templated":true}]}}